{"id":1502,"date":"2023-09-03T21:14:28","date_gmt":"2023-09-03T21:14:28","guid":{"rendered":"https\/\/cadicap.rs\/?page_id=1502"},"modified":"2023-09-03T21:16:48","modified_gmt":"2023-09-03T21:16:48","slug":"2-mag","status":"publish","type":"page","link":"https:\/\/sr.cadicap.rs\/sr\/2-mag\/","title":{"rendered":"2 Mag"},"content":{"rendered":"<div data-elementor-type=\"wp-page\" data-elementor-id=\"1502\" class=\"elementor elementor-1502\" data-elementor-post-type=\"page\">\n\t\t\t\t\t\t<section class=\"elementor-section elementor-top-section elementor-element elementor-element-2368a601 elementor-section-boxed elementor-section-height-default elementor-section-height-default\" data-id=\"2368a601\" data-element_type=\"section\" data-e-type=\"section\">\n\t\t\t\t\t\t<div class=\"elementor-container elementor-column-gap-default\">\n\t\t\t\t\t<div class=\"elementor-column elementor-col-100 elementor-top-column elementor-element elementor-element-62088ee1\" data-id=\"62088ee1\" data-element_type=\"column\" data-e-type=\"column\">\n\t\t\t<div class=\"elementor-widget-wrap elementor-element-populated\">\n\t\t\t\t\t\t<div class=\"elementor-element elementor-element-794e75e3 elementor-widget elementor-widget-image\" data-id=\"794e75e3\" data-element_type=\"widget\" data-e-type=\"widget\" data-widget_type=\"image.default\">\n\t\t\t\t<div class=\"elementor-widget-container\">\n\t\t\t\t\t\t\t\t\t\t\t\t\t\t\t<img fetchpriority=\"high\" decoding=\"async\" width=\"298\" height=\"169\" src=\"https:\/\/sr.cadicap.rs\/wp-content\/uploads\/2023\/09\/3.-2-MAG.png\" class=\"attachment-2048x2048 size-2048x2048 wp-image-1505\" alt=\"Cadicap Aleksinac firme MAG\" \/>\t\t\t\t\t\t\t\t\t\t\t\t\t\t\t<\/div>\n\t\t\t\t<\/div>\n\t\t\t\t<div class=\"elementor-element elementor-element-7bbedf9e elementor-widget elementor-widget-heading\" data-id=\"7bbedf9e\" data-element_type=\"widget\" data-e-type=\"widget\" data-widget_type=\"heading.default\">\n\t\t\t\t<div class=\"elementor-widget-container\">\n\t\t\t\t\t<h2 class=\"elementor-heading-title elementor-size-default\">PROIZVODI<\/h2>\t\t\t\t<\/div>\n\t\t\t\t<\/div>\n\t\t\t\t<div class=\"elementor-element elementor-element-3e2b981d elementor-widget elementor-widget-ucaddon_woocommerce_category_grid\" data-id=\"3e2b981d\" data-element_type=\"widget\" data-e-type=\"widget\" data-widget_type=\"ucaddon_woocommerce_category_grid.default\">\n\t\t\t\t<div class=\"elementor-widget-container\">\n\t\t\t\t\t<!-- start WooCommerce Category Grid -->\n\t\t\t<style type=\"text\/css\">\/* widget: WooCommerce Category Grid *\/\n\n\n\n#uc_woocommerce_category_grid_elementor_3e2b981d * {\n\tbox-sizing: border-box;\t\n}\n.uc_post_grid_style_one .uc_post_grid_style_one_item {\n\toverflow: hidden;\n  \tposition: relative;\n}\n.uc_post_grid_style_one .uc_post_grid_style_one_image {\n\twidth: 100%;\n\toverflow: hidden;\n\tdisplay: block;\n}\n.uc_post_grid_style_one .uc_post_image {\n\tbackground-position: center center;\n\tbackground-repeat: no-repeat;\n\tdisplay: block;\n\ttransition: all 0.25s ease-in-out;\n}\n\n.uc_post_grid_style_one .uc_title {\n    font-size: 21px;\n}\n#uc_woocommerce_category_grid_elementor_3e2b981d a.uc_btn {\n\ttext-decoration: none;\n    display:block;\n}\n\n\n#uc_woocommerce_category_grid_elementor_3e2b981d.uc_post_grid_style_one .uc_post_grid_style_one_wrap {\n    display: grid;\n}\n\n\n\n\n\n\n\n\n\n\n\n<\/style>\n\n\t\t\t<div class=\"uc_post_grid_style_one\" id=\"uc_woocommerce_category_grid_elementor_3e2b981d\" style=\"direction:ltr;text-align:center;\">\n\t\t<div class=\"uc_post_grid_style_one_wrap\">\n\t\t\t<!-- start item -->\n                    \t\t<div class=\"uc_post_grid_style_one_item ue-grid-item-woo\">\n                    <div>\n                      <a class=\"uc_post_grid_style_one_image\" href=\"https:\/\/sr.cadicap.rs\/sr\/kategorija-proizvoda\/mag\/2mag-svi-proizvodi\/\" target=\"_self\">\n                        \n                                                \n                        \t<div class=\"uc_post_image\" style=\"background-image: url(https:\/\/sr.cadicap.rs\/wp-content\/uploads\/2023\/10\/MAG-Laboratorijski-inkubatori-Ultrazvucno-ciscenje-1024x1024.jpg);\"><\/div>\n                        \n\t\t\t\t\t\t                        \n                      <\/a>\n                    <\/div>\n                    <div class=\"uc_content\">\n                       <div>  \n                          <div class=\"uc_title\"><a href=\"https:\/\/sr.cadicap.rs\/sr\/kategorija-proizvoda\/mag\/2mag-svi-proizvodi\/\">2MAG - Svi proizvodi<\/a><\/div>                          <div class=\"uc_description\"><\/div>                         <div class=\"uc_post_grid_style_one_button\"><a class=\"uc_btn\" href=\"https:\/\/sr.cadicap.rs\/sr\/kategorija-proizvoda\/mag\/2mag-svi-proizvodi\/\" style=\"\" target=\"_self\">Vidi Proizvode<\/a><\/div>                      <\/div>\n                    <\/div>\n                  <\/div>\n                    \t\t<div class=\"uc_post_grid_style_one_item ue-grid-item-woo\">\n                    <div>\n                      <a class=\"uc_post_grid_style_one_image\" href=\"https:\/\/sr.cadicap.rs\/sr\/kategorija-proizvoda\/mag\/magnetni-mesaci-sa-jednom-tackom-mesanja\/\" target=\"_self\">\n                        \n                                                \n                        \t<div class=\"uc_post_image\" style=\"background-image: url(https:\/\/sr.cadicap.rs\/wp-content\/uploads\/2023\/09\/1.Mesaci-sa-jednom-tackom-mesanja.jpg);\"><\/div>\n                        \n\t\t\t\t\t\t                        \n                      <\/a>\n                    <\/div>\n                    <div class=\"uc_content\">\n                       <div>  \n                          <div class=\"uc_title\"><a href=\"https:\/\/sr.cadicap.rs\/sr\/kategorija-proizvoda\/mag\/magnetni-mesaci-sa-jednom-tackom-mesanja\/\">MAGNETNI ME\u0160A\u010cI SA JEDNOM TA\u010cKOM ME\u0160ANJA<\/a><\/div>                          <div class=\"uc_description\"><\/div>                         <div class=\"uc_post_grid_style_one_button\"><a class=\"uc_btn\" href=\"https:\/\/sr.cadicap.rs\/sr\/kategorija-proizvoda\/mag\/magnetni-mesaci-sa-jednom-tackom-mesanja\/\" style=\"\" target=\"_self\">Vidi Proizvode<\/a><\/div>                      <\/div>\n                    <\/div>\n                  <\/div>\n                    \t\t<div class=\"uc_post_grid_style_one_item ue-grid-item-woo\">\n                    <div>\n                      <a class=\"uc_post_grid_style_one_image\" href=\"https:\/\/sr.cadicap.rs\/sr\/kategorija-proizvoda\/mag\/visetruki-mesaci\/\" target=\"_self\">\n                        \n                                                \n                        \t<div class=\"uc_post_image\" style=\"background-image: url(https:\/\/sr.cadicap.rs\/wp-content\/uploads\/2023\/09\/2.Visestruki-mesaci.jpg);\"><\/div>\n                        \n\t\t\t\t\t\t                        \n                      <\/a>\n                    <\/div>\n                    <div class=\"uc_content\">\n                       <div>  \n                          <div class=\"uc_title\"><a href=\"https:\/\/sr.cadicap.rs\/sr\/kategorija-proizvoda\/mag\/visetruki-mesaci\/\">VI\u0160ESTRUKI ME\u0160A\u010cI<\/a><\/div>                          <div class=\"uc_description\"><\/div>                         <div class=\"uc_post_grid_style_one_button\"><a class=\"uc_btn\" href=\"https:\/\/sr.cadicap.rs\/sr\/kategorija-proizvoda\/mag\/visetruki-mesaci\/\" style=\"\" target=\"_self\">Vidi Proizvode<\/a><\/div>                      <\/div>\n                    <\/div>\n                  <\/div>\n                    \t\t<div class=\"uc_post_grid_style_one_item ue-grid-item-woo\">\n                    <div>\n                      <a class=\"uc_post_grid_style_one_image\" href=\"https:\/\/sr.cadicap.rs\/sr\/kategorija-proizvoda\/mag\/magnetni-mesaci-mesanje-i-zagrevanje\/\" target=\"_self\">\n                        \n                                                \n                        \t<div class=\"uc_post_image\" style=\"background-image: url(https:\/\/sr.cadicap.rs\/wp-content\/uploads\/2023\/09\/3.-Mesanje-i-zagrevanje.jpg);\"><\/div>\n                        \n\t\t\t\t\t\t                        \n                      <\/a>\n                    <\/div>\n                    <div class=\"uc_content\">\n                       <div>  \n                          <div class=\"uc_title\"><a href=\"https:\/\/sr.cadicap.rs\/sr\/kategorija-proizvoda\/mag\/magnetni-mesaci-mesanje-i-zagrevanje\/\">MAGNETNI ME\u0160A\u010cI (ME\u0160ANJE I ZAGREVANJE)<\/a><\/div>                          <div class=\"uc_description\"><\/div>                         <div class=\"uc_post_grid_style_one_button\"><a class=\"uc_btn\" href=\"https:\/\/sr.cadicap.rs\/sr\/kategorija-proizvoda\/mag\/magnetni-mesaci-mesanje-i-zagrevanje\/\" style=\"\" target=\"_self\">Vidi Proizvode<\/a><\/div>                      <\/div>\n                    <\/div>\n                  <\/div>\n                    \t\t<div class=\"uc_post_grid_style_one_item ue-grid-item-woo\">\n                    <div>\n                      <a class=\"uc_post_grid_style_one_image\" href=\"https:\/\/sr.cadicap.rs\/sr\/kategorija-proizvoda\/mag\/mesaci-za-celijske-kulture\/\" target=\"_self\">\n                        \n                                                \n                        \t<div class=\"uc_post_image\" style=\"background-image: url(https:\/\/sr.cadicap.rs\/wp-content\/uploads\/2023\/09\/5.-Mesaci-za-celijske-strukture.jpg);\"><\/div>\n                        \n\t\t\t\t\t\t                        \n                      <\/a>\n                    <\/div>\n                    <div class=\"uc_content\">\n                       <div>  \n                          <div class=\"uc_title\"><a href=\"https:\/\/sr.cadicap.rs\/sr\/kategorija-proizvoda\/mag\/mesaci-za-celijske-kulture\/\">ME\u0160A\u010cI ZA \u0106ELIJSKE KULTURE<\/a><\/div>                          <div class=\"uc_description\"><\/div>                         <div class=\"uc_post_grid_style_one_button\"><a class=\"uc_btn\" href=\"https:\/\/sr.cadicap.rs\/sr\/kategorija-proizvoda\/mag\/mesaci-za-celijske-kulture\/\" style=\"\" target=\"_self\">Vidi Proizvode<\/a><\/div>                      <\/div>\n                    <\/div>\n                  <\/div>\n                    \t\t<div class=\"uc_post_grid_style_one_item ue-grid-item-woo\">\n                    <div>\n                      <a class=\"uc_post_grid_style_one_image\" href=\"https:\/\/sr.cadicap.rs\/sr\/kategorija-proizvoda\/mag\/mesaci-za-mikrotitarske-plocice\/\" target=\"_self\">\n                        \n                                                \n                        \t<div class=\"uc_post_image\" style=\"background-image: url(https:\/\/sr.cadicap.rs\/wp-content\/uploads\/2023\/09\/4.-Mesaci-za-mikrotitarske-ploce.jpg);\"><\/div>\n                        \n\t\t\t\t\t\t                        \n                      <\/a>\n                    <\/div>\n                    <div class=\"uc_content\">\n                       <div>  \n                          <div class=\"uc_title\"><a href=\"https:\/\/sr.cadicap.rs\/sr\/kategorija-proizvoda\/mag\/mesaci-za-mikrotitarske-plocice\/\">ME\u0160A\u010cI ZA MIKROTITARSKE PLO\u010cICE<\/a><\/div>                          <div class=\"uc_description\"><\/div>                         <div class=\"uc_post_grid_style_one_button\"><a class=\"uc_btn\" href=\"https:\/\/sr.cadicap.rs\/sr\/kategorija-proizvoda\/mag\/mesaci-za-mikrotitarske-plocice\/\" style=\"\" target=\"_self\">Vidi Proizvode<\/a><\/div>                      <\/div>\n                    <\/div>\n                  <\/div>\n                    \t\t<div class=\"uc_post_grid_style_one_item ue-grid-item-woo\">\n                    <div>\n                      <a class=\"uc_post_grid_style_one_image\" href=\"https:\/\/sr.cadicap.rs\/sr\/kategorija-proizvoda\/mag\/industrijski-mesaci\/\" target=\"_self\">\n                        \n                                                \n                        \t<div class=\"uc_post_image\" style=\"background-image: url(https:\/\/sr.cadicap.rs\/wp-content\/uploads\/2023\/09\/6.-Industrijski-mesaci.jpg);\"><\/div>\n                        \n\t\t\t\t\t\t                        \n                      <\/a>\n                    <\/div>\n                    <div class=\"uc_content\">\n                       <div>  \n                          <div class=\"uc_title\"><a href=\"https:\/\/sr.cadicap.rs\/sr\/kategorija-proizvoda\/mag\/industrijski-mesaci\/\">INDUSTRIJSKI ME\u0160A\u010cI<\/a><\/div>                          <div class=\"uc_description\"><\/div>                         <div class=\"uc_post_grid_style_one_button\"><a class=\"uc_btn\" href=\"https:\/\/sr.cadicap.rs\/sr\/kategorija-proizvoda\/mag\/industrijski-mesaci\/\" style=\"\" target=\"_self\">Vidi Proizvode<\/a><\/div>                      <\/div>\n                    <\/div>\n                  <\/div>\n                    \t\t<div class=\"uc_post_grid_style_one_item ue-grid-item-woo\">\n                    <div>\n                      <a class=\"uc_post_grid_style_one_image\" href=\"https:\/\/sr.cadicap.rs\/sr\/kategorija-proizvoda\/mag\/kontrolne-jedinice\/\" target=\"_self\">\n                        \n                                                \n                        \t<div class=\"uc_post_image\" style=\"background-image: url(https:\/\/sr.cadicap.rs\/wp-content\/uploads\/2023\/09\/Kontrolne-jedinice-cadicap-Aleksinac.jpg);\"><\/div>\n                        \n\t\t\t\t\t\t                        \n                      <\/a>\n                    <\/div>\n                    <div class=\"uc_content\">\n                       <div>  \n                          <div class=\"uc_title\"><a href=\"https:\/\/sr.cadicap.rs\/sr\/kategorija-proizvoda\/mag\/kontrolne-jedinice\/\">KONTROLNE JEDINICE<\/a><\/div>                          <div class=\"uc_description\"><\/div>                         <div class=\"uc_post_grid_style_one_button\"><a class=\"uc_btn\" href=\"https:\/\/sr.cadicap.rs\/sr\/kategorija-proizvoda\/mag\/kontrolne-jedinice\/\" style=\"\" target=\"_self\">Vidi Proizvode<\/a><\/div>                      <\/div>\n                    <\/div>\n                  <\/div>\n                    \t\t<div class=\"uc_post_grid_style_one_item ue-grid-item-woo\">\n                    <div>\n                      <a class=\"uc_post_grid_style_one_image\" href=\"https:\/\/sr.cadicap.rs\/sr\/kategorija-proizvoda\/mag\/dodatna-oprema\/\" target=\"_self\">\n                        \n                                                \n                        \t<div class=\"uc_post_image\" style=\"background-image: url(https:\/\/sr.cadicap.rs\/wp-content\/uploads\/2023\/09\/DODATNA-OPREMA-cadicap-Alekinac.jpg);\"><\/div>\n                        \n\t\t\t\t\t\t                        \n                      <\/a>\n                    <\/div>\n                    <div class=\"uc_content\">\n                       <div>  \n                          <div class=\"uc_title\"><a href=\"https:\/\/sr.cadicap.rs\/sr\/kategorija-proizvoda\/mag\/dodatna-oprema\/\">DODATNA OPREMA<\/a><\/div>                          <div class=\"uc_description\"><\/div>                         <div class=\"uc_post_grid_style_one_button\"><a class=\"uc_btn\" href=\"https:\/\/sr.cadicap.rs\/sr\/kategorija-proizvoda\/mag\/dodatna-oprema\/\" style=\"\" target=\"_self\">Vidi Proizvode<\/a><\/div>                      <\/div>\n                    <\/div>\n                  <\/div>\n                    \t\t<div class=\"uc_post_grid_style_one_item ue-grid-item-woo\">\n                    <div>\n                      <a class=\"uc_post_grid_style_one_image\" href=\"https:\/\/sr.cadicap.rs\/sr\/kategorija-proizvoda\/mag\/bio-reactor\/\" target=\"_self\">\n                        \n                                                \n                        \t<div class=\"uc_post_image\" style=\"background-image: url(https:\/\/sr.cadicap.rs\/wp-content\/uploads\/2023\/09\/7.Bioreaktori.jpg);\"><\/div>\n                        \n\t\t\t\t\t\t                        \n                      <\/a>\n                    <\/div>\n                    <div class=\"uc_content\">\n                       <div>  \n                          <div class=\"uc_title\"><a href=\"https:\/\/sr.cadicap.rs\/sr\/kategorija-proizvoda\/mag\/bio-reactor\/\">BIO REACTOR<\/a><\/div>                          <div class=\"uc_description\"><\/div>                         <div class=\"uc_post_grid_style_one_button\"><a class=\"uc_btn\" href=\"https:\/\/sr.cadicap.rs\/sr\/kategorija-proizvoda\/mag\/bio-reactor\/\" style=\"\" target=\"_self\">Vidi Proizvode<\/a><\/div>                      <\/div>\n                    <\/div>\n                  <\/div>\n                 \n            <!-- end item -->\n\t\t<\/div>\n\t<\/div>\n\t\t\t<!-- end WooCommerce Category Grid -->\t\t\t\t<\/div>\n\t\t\t\t<\/div>\n\t\t\t\t\t<\/div>\n\t\t<\/div>\n\t\t\t\t\t<\/div>\n\t\t<\/section>\n\t\t\t\t<\/div>","protected":false},"excerpt":{"rendered":"<p>PROIZVODI BIO REACTOR Vidi Proizvode Bio Reactor 48 Vidi Proizvode Bio Reactor 8 Vidi Proizvode INDUSTRIJSKE ME\u0160ALICE Vidi Proizvode FAB DRIVE Vidi Proizvode MAX DRIVE Vidi Proizvode MAX MIX Vidi Proizvode MIX 1 XL Vidi Proizvode MIX DRIVE 1XL Vidi Proizvode KONTROLNE JEDINICE Vidi Proizvode ATEX MIX CONTROL Vidi Proizvode ATEX MIX CONTROL CLEAN ROOM [&hellip;]<\/p>\n","protected":false},"author":1,"featured_media":0,"parent":0,"menu_order":8,"comment_status":"closed","ping_status":"closed","template":"","meta":{"site-sidebar-layout":"no-sidebar","site-content-layout":"page-builder","ast-site-content-layout":"full-width-container","site-content-style":"default","site-sidebar-style":"default","ast-global-header-display":"","ast-banner-title-visibility":"","ast-main-header-display":"","ast-hfb-above-header-display":"","ast-hfb-below-header-display":"","ast-hfb-mobile-header-display":"","site-post-title":"disabled","ast-breadcrumbs-content":"","ast-featured-img":"disabled","footer-sml-layout":"","ast-disable-related-posts":"","theme-transparent-header-meta":"default","adv-header-id-meta":"","stick-header-meta":"","header-above-stick-meta":"","header-main-stick-meta":"","header-below-stick-meta":"","astra-migrate-meta-layouts":"set","ast-page-background-enabled":"default","ast-page-background-meta":{"desktop":{"background-color":"var(--ast-global-color-4)","background-image":"","background-repeat":"repeat","background-position":"center center","background-size":"auto","background-attachment":"scroll","background-type":"","background-media":"","overlay-type":"","overlay-color":"","overlay-opacity":"","overlay-gradient":""},"tablet":{"background-color":"","background-image":"","background-repeat":"repeat","background-position":"center center","background-size":"auto","background-attachment":"scroll","background-type":"","background-media":"","overlay-type":"","overlay-color":"","overlay-opacity":"","overlay-gradient":""},"mobile":{"background-color":"","background-image":"","background-repeat":"repeat","background-position":"center center","background-size":"auto","background-attachment":"scroll","background-type":"","background-media":"","overlay-type":"","overlay-color":"","overlay-opacity":"","overlay-gradient":""}},"ast-content-background-meta":{"desktop":{"background-color":"var(--ast-global-color-5)","background-image":"","background-repeat":"repeat","background-position":"center center","background-size":"auto","background-attachment":"scroll","background-type":"","background-media":"","overlay-type":"","overlay-color":"","overlay-opacity":"","overlay-gradient":""},"tablet":{"background-color":"var(--ast-global-color-5)","background-image":"","background-repeat":"repeat","background-position":"center center","background-size":"auto","background-attachment":"scroll","background-type":"","background-media":"","overlay-type":"","overlay-color":"","overlay-opacity":"","overlay-gradient":""},"mobile":{"background-color":"var(--ast-global-color-5)","background-image":"","background-repeat":"repeat","background-position":"center center","background-size":"auto","background-attachment":"scroll","background-type":"","background-media":"","overlay-type":"","overlay-color":"","overlay-opacity":"","overlay-gradient":""}},"footnotes":""},"class_list":["post-1502","page","type-page","status-publish","hentry"],"_links":{"self":[{"href":"https:\/\/sr.cadicap.rs\/sr\/wp-json\/wp\/v2\/pages\/1502","targetHints":{"allow":["GET"]}}],"collection":[{"href":"https:\/\/sr.cadicap.rs\/sr\/wp-json\/wp\/v2\/pages"}],"about":[{"href":"https:\/\/sr.cadicap.rs\/sr\/wp-json\/wp\/v2\/types\/page"}],"author":[{"embeddable":true,"href":"https:\/\/sr.cadicap.rs\/sr\/wp-json\/wp\/v2\/users\/1"}],"replies":[{"embeddable":true,"href":"https:\/\/sr.cadicap.rs\/sr\/wp-json\/wp\/v2\/comments?post=1502"}],"version-history":[{"count":0,"href":"https:\/\/sr.cadicap.rs\/sr\/wp-json\/wp\/v2\/pages\/1502\/revisions"}],"wp:attachment":[{"href":"https:\/\/sr.cadicap.rs\/sr\/wp-json\/wp\/v2\/media?parent=1502"}],"curies":[{"name":"wp","href":"https:\/\/api.w.org\/{rel}","templated":true}]}}