{"id":1794,"date":"2023-09-13T10:07:26","date_gmt":"2023-09-13T10:07:26","guid":{"rendered":"https\/\/cadicap.rs\/?page_id=1794"},"modified":"2023-10-27T18:36:16","modified_gmt":"2023-10-27T18:36:16","slug":"bandelin","status":"publish","type":"page","link":"https:\/\/sr.cadicap.rs\/sr\/bandelin\/","title":{"rendered":"Bandelin"},"content":{"rendered":"<div data-elementor-type=\"wp-page\" data-elementor-id=\"1794\" class=\"elementor elementor-1794\" data-elementor-post-type=\"page\">\n\t\t\t\t\t\t<section class=\"elementor-section elementor-top-section elementor-element elementor-element-6f88607b elementor-section-boxed elementor-section-height-default elementor-section-height-default\" data-id=\"6f88607b\" data-element_type=\"section\" data-e-type=\"section\">\n\t\t\t\t\t\t<div class=\"elementor-container elementor-column-gap-default\">\n\t\t\t\t\t<div class=\"elementor-column elementor-col-100 elementor-top-column elementor-element elementor-element-47c146b3\" data-id=\"47c146b3\" data-element_type=\"column\" data-e-type=\"column\">\n\t\t\t<div class=\"elementor-widget-wrap elementor-element-populated\">\n\t\t\t\t\t\t<div class=\"elementor-element elementor-element-39efabc0 elementor-widget elementor-widget-image\" data-id=\"39efabc0\" data-element_type=\"widget\" data-e-type=\"widget\" data-widget_type=\"image.default\">\n\t\t\t\t<div class=\"elementor-widget-container\">\n\t\t\t\t\t\t\t\t\t\t\t\t\t\t\t<img fetchpriority=\"high\" decoding=\"async\" width=\"364\" height=\"138\" src=\"https:\/\/sr.cadicap.rs\/wp-content\/uploads\/2023\/09\/LOGO-2.png\" class=\"attachment-2048x2048 size-2048x2048 wp-image-1797\" alt=\"Bandelin proizvodi Cadicap\" srcset=\"https:\/\/sr.cadicap.rs\/wp-content\/uploads\/2023\/09\/LOGO-2.png 364w, https:\/\/sr.cadicap.rs\/wp-content\/uploads\/2023\/09\/LOGO-2-300x114.png 300w\" sizes=\"(max-width: 364px) 100vw, 364px\" \/>\t\t\t\t\t\t\t\t\t\t\t\t\t\t\t<\/div>\n\t\t\t\t<\/div>\n\t\t\t\t<div class=\"elementor-element elementor-element-7b5f7177 elementor-widget elementor-widget-heading\" data-id=\"7b5f7177\" data-element_type=\"widget\" data-e-type=\"widget\" data-widget_type=\"heading.default\">\n\t\t\t\t<div class=\"elementor-widget-container\">\n\t\t\t\t\t<h2 class=\"elementor-heading-title elementor-size-default\">PROIZVODI<\/h2>\t\t\t\t<\/div>\n\t\t\t\t<\/div>\n\t\t\t\t<div class=\"elementor-element elementor-element-3771c3c elementor-widget elementor-widget-ucaddon_woocommerce_category_grid\" data-id=\"3771c3c\" data-element_type=\"widget\" data-e-type=\"widget\" data-widget_type=\"ucaddon_woocommerce_category_grid.default\">\n\t\t\t\t<div class=\"elementor-widget-container\">\n\t\t\t\t\t<!-- start WooCommerce Category Grid -->\n\t\t\t<style type=\"text\/css\">\/* widget: WooCommerce Category Grid *\/\n\n\n\n#uc_woocommerce_category_grid_elementor_3771c3c * {\n\tbox-sizing: border-box;\t\n}\n.uc_post_grid_style_one .uc_post_grid_style_one_item {\n\toverflow: hidden;\n  \tposition: relative;\n}\n.uc_post_grid_style_one .uc_post_grid_style_one_image {\n\twidth: 100%;\n\toverflow: hidden;\n\tdisplay: block;\n}\n.uc_post_grid_style_one .uc_post_image {\n\tbackground-position: center center;\n\tbackground-repeat: no-repeat;\n\tdisplay: block;\n\ttransition: all 0.25s ease-in-out;\n}\n\n.uc_post_grid_style_one .uc_title {\n    font-size: 21px;\n}\n#uc_woocommerce_category_grid_elementor_3771c3c a.uc_btn {\n\ttext-decoration: none;\n    display:block;\n}\n\n\n#uc_woocommerce_category_grid_elementor_3771c3c.uc_post_grid_style_one .uc_post_grid_style_one_wrap {\n    display: grid;\n}\n\n\n\n\n\n\n\n\n\n\n\n<\/style>\n\n\t\t\t<div class=\"uc_post_grid_style_one\" id=\"uc_woocommerce_category_grid_elementor_3771c3c\" style=\"direction:ltr;text-align:center;\">\n\t\t<div class=\"uc_post_grid_style_one_wrap\">\n\t\t\t<!-- start item -->\n                    \t\t<div class=\"uc_post_grid_style_one_item ue-grid-item-woo\">\n                    <div>\n                      <a class=\"uc_post_grid_style_one_image\" href=\"https:\/\/sr.cadicap.rs\/sr\/kategorija-proizvoda\/bandelin\/bandelin-svi-proizvodi\/\" target=\"_self\">\n                        \n                                                \n                        \t<div class=\"uc_post_image\" style=\"background-image: url(https:\/\/sr.cadicap.rs\/wp-content\/uploads\/2023\/10\/Bandelin-Laboratorijski-blender-1024x1024.jpg);\"><\/div>\n                        \n\t\t\t\t\t\t                        \n                      <\/a>\n                    <\/div>\n                    <div class=\"uc_content\">\n                       <div>  \n                          <div class=\"uc_title\"><a href=\"https:\/\/sr.cadicap.rs\/sr\/kategorija-proizvoda\/bandelin\/bandelin-svi-proizvodi\/\">BANDELIN - Svi proizvodi<\/a><\/div>                          <div class=\"uc_description\"><\/div>                         <div class=\"uc_post_grid_style_one_button\"><a class=\"uc_btn\" href=\"https:\/\/sr.cadicap.rs\/sr\/kategorija-proizvoda\/bandelin\/bandelin-svi-proizvodi\/\" style=\"\" target=\"_self\">Vidi Proizvode<\/a><\/div>                      <\/div>\n                    <\/div>\n                  <\/div>\n                    \t\t<div class=\"uc_post_grid_style_one_item ue-grid-item-woo\">\n                    <div>\n                      <a class=\"uc_post_grid_style_one_image\" href=\"https:\/\/sr.cadicap.rs\/sr\/kategorija-proizvoda\/bandelin\/ultrazvucna-kupatila\/\" target=\"_self\">\n                        \n                                                \n                        \t<div class=\"uc_post_image\" style=\"background-image: url(https:\/\/sr.cadicap.rs\/wp-content\/uploads\/2023\/09\/67724-11246618.jpg);\"><\/div>\n                        \n\t\t\t\t\t\t                        \n                      <\/a>\n                    <\/div>\n                    <div class=\"uc_content\">\n                       <div>  \n                          <div class=\"uc_title\"><a href=\"https:\/\/sr.cadicap.rs\/sr\/kategorija-proizvoda\/bandelin\/ultrazvucna-kupatila\/\">ULTRAZVU\u010cNA KUPATILA<\/a><\/div>                          <div class=\"uc_description\"><\/div>                         <div class=\"uc_post_grid_style_one_button\"><a class=\"uc_btn\" href=\"https:\/\/sr.cadicap.rs\/sr\/kategorija-proizvoda\/bandelin\/ultrazvucna-kupatila\/\" style=\"\" target=\"_self\">Vidi Proizvode<\/a><\/div>                      <\/div>\n                    <\/div>\n                  <\/div>\n                    \t\t<div class=\"uc_post_grid_style_one_item ue-grid-item-woo\">\n                    <div>\n                      <a class=\"uc_post_grid_style_one_image\" href=\"https:\/\/sr.cadicap.rs\/sr\/kategorija-proizvoda\/bandelin\/ultrazvucni-homogenizatori\/\" target=\"_self\">\n                        \n                                                \n                        \t<div class=\"uc_post_image\" style=\"background-image: url(https:\/\/sr.cadicap.rs\/wp-content\/uploads\/2023\/09\/2.-Ultrazvucni-homogenizatori.jpg);\"><\/div>\n                        \n\t\t\t\t\t\t                        \n                      <\/a>\n                    <\/div>\n                    <div class=\"uc_content\">\n                       <div>  \n                          <div class=\"uc_title\"><a href=\"https:\/\/sr.cadicap.rs\/sr\/kategorija-proizvoda\/bandelin\/ultrazvucni-homogenizatori\/\">ULTRAZVU\u010cNI HOMOGENIZATORI<\/a><\/div>                          <div class=\"uc_description\"><\/div>                         <div class=\"uc_post_grid_style_one_button\"><a class=\"uc_btn\" href=\"https:\/\/sr.cadicap.rs\/sr\/kategorija-proizvoda\/bandelin\/ultrazvucni-homogenizatori\/\" style=\"\" target=\"_self\">Vidi Proizvode<\/a><\/div>                      <\/div>\n                    <\/div>\n                  <\/div>\n                    \t\t<div class=\"uc_post_grid_style_one_item ue-grid-item-woo\">\n                    <div>\n                      <a class=\"uc_post_grid_style_one_image\" href=\"https:\/\/sr.cadicap.rs\/sr\/kategorija-proizvoda\/bandelin\/ormani-sa-ugradenim-vodenim-kadama\/\" target=\"_self\">\n                        \n                                                \n                        \t<div class=\"uc_post_image\" style=\"background-image: url(https:\/\/sr.cadicap.rs\/wp-content\/uploads\/2023\/09\/002.jpg);\"><\/div>\n                        \n\t\t\t\t\t\t                        \n                      <\/a>\n                    <\/div>\n                    <div class=\"uc_content\">\n                       <div>  \n                          <div class=\"uc_title\"><a href=\"https:\/\/sr.cadicap.rs\/sr\/kategorija-proizvoda\/bandelin\/ormani-sa-ugradenim-vodenim-kadama\/\">ORMANI SA UGRA\u0110ENIM VODENIM KADAMA<\/a><\/div>                          <div class=\"uc_description\"><\/div>                         <div class=\"uc_post_grid_style_one_button\"><a class=\"uc_btn\" href=\"https:\/\/sr.cadicap.rs\/sr\/kategorija-proizvoda\/bandelin\/ormani-sa-ugradenim-vodenim-kadama\/\" style=\"\" target=\"_self\">Vidi Proizvode<\/a><\/div>                      <\/div>\n                    <\/div>\n                  <\/div>\n                    \t\t<div class=\"uc_post_grid_style_one_item ue-grid-item-woo\">\n                    <div>\n                      <a class=\"uc_post_grid_style_one_image\" href=\"https:\/\/sr.cadicap.rs\/sr\/kategorija-proizvoda\/bandelin\/ultrazvucna-kupatila-za-robotske-instrumente\/\" target=\"_self\">\n                        \n                                                \n                        \t<div class=\"uc_post_image\" style=\"background-image: url(https:\/\/sr.cadicap.rs\/wp-content\/uploads\/2023\/09\/3.Ultrazvucna-kupatila-za-rob.instrumente-Trison.jpg);\"><\/div>\n                        \n\t\t\t\t\t\t                        \n                      <\/a>\n                    <\/div>\n                    <div class=\"uc_content\">\n                       <div>  \n                          <div class=\"uc_title\"><a href=\"https:\/\/sr.cadicap.rs\/sr\/kategorija-proizvoda\/bandelin\/ultrazvucna-kupatila-za-robotske-instrumente\/\">ULTRAZVU\u010cNA KUPATILA ZA ROBOTSKE INSTRUMENTE<\/a><\/div>                          <div class=\"uc_description\"><\/div>                         <div class=\"uc_post_grid_style_one_button\"><a class=\"uc_btn\" href=\"https:\/\/sr.cadicap.rs\/sr\/kategorija-proizvoda\/bandelin\/ultrazvucna-kupatila-za-robotske-instrumente\/\" style=\"\" target=\"_self\">Vidi Proizvode<\/a><\/div>                      <\/div>\n                    <\/div>\n                  <\/div>\n                    \t\t<div class=\"uc_post_grid_style_one_item ue-grid-item-woo\">\n                    <div>\n                      <a class=\"uc_post_grid_style_one_image\" href=\"https:\/\/sr.cadicap.rs\/sr\/kategorija-proizvoda\/bandelin\/generatori\/\" target=\"_self\">\n                        \n                                                \n                        \t<div class=\"uc_post_image\" style=\"background-image: url(https:\/\/sr.cadicap.rs\/wp-content\/uploads\/2023\/09\/M_10031.jpg);\"><\/div>\n                        \n\t\t\t\t\t\t                        \n                      <\/a>\n                    <\/div>\n                    <div class=\"uc_content\">\n                       <div>  \n                          <div class=\"uc_title\"><a href=\"https:\/\/sr.cadicap.rs\/sr\/kategorija-proizvoda\/bandelin\/generatori\/\">GENERATORI<\/a><\/div>                          <div class=\"uc_description\"><\/div>                         <div class=\"uc_post_grid_style_one_button\"><a class=\"uc_btn\" href=\"https:\/\/sr.cadicap.rs\/sr\/kategorija-proizvoda\/bandelin\/generatori\/\" style=\"\" target=\"_self\">Vidi Proizvode<\/a><\/div>                      <\/div>\n                    <\/div>\n                  <\/div>\n                    \t\t<div class=\"uc_post_grid_style_one_item ue-grid-item-woo\">\n                    <div>\n                      <a class=\"uc_post_grid_style_one_image\" href=\"https:\/\/sr.cadicap.rs\/sr\/kategorija-proizvoda\/bandelin\/cistac-pipeta\/\" target=\"_self\">\n                        \n                                                \n                        \t<div class=\"uc_post_image\" style=\"background-image: url(https:\/\/sr.cadicap.rs\/wp-content\/uploads\/2023\/09\/de-labor-ultraschall-bandelin-sonorex-pr-140-pipettenreiniger-1.jpg);\"><\/div>\n                        \n\t\t\t\t\t\t                        \n                      <\/a>\n                    <\/div>\n                    <div class=\"uc_content\">\n                       <div>  \n                          <div class=\"uc_title\"><a href=\"https:\/\/sr.cadicap.rs\/sr\/kategorija-proizvoda\/bandelin\/cistac-pipeta\/\">\u010cISTA\u010c PIPETA<\/a><\/div>                          <div class=\"uc_description\"><\/div>                         <div class=\"uc_post_grid_style_one_button\"><a class=\"uc_btn\" href=\"https:\/\/sr.cadicap.rs\/sr\/kategorija-proizvoda\/bandelin\/cistac-pipeta\/\" style=\"\" target=\"_self\">Vidi Proizvode<\/a><\/div>                      <\/div>\n                    <\/div>\n                  <\/div>\n                    \t\t<div class=\"uc_post_grid_style_one_item ue-grid-item-woo\">\n                    <div>\n                      <a class=\"uc_post_grid_style_one_image\" href=\"https:\/\/sr.cadicap.rs\/sr\/kategorija-proizvoda\/bandelin\/sredstva-za-ciscenje-i-dezinfekciju\/\" target=\"_self\">\n                        \n                                                \n                        \t<div class=\"uc_post_image\" style=\"background-image: url(https:\/\/sr.cadicap.rs\/wp-content\/uploads\/2023\/09\/Gruppe_STAMMOPUR-1.jpg);\"><\/div>\n                        \n\t\t\t\t\t\t                        \n                      <\/a>\n                    <\/div>\n                    <div class=\"uc_content\">\n                       <div>  \n                          <div class=\"uc_title\"><a href=\"https:\/\/sr.cadicap.rs\/sr\/kategorija-proizvoda\/bandelin\/sredstva-za-ciscenje-i-dezinfekciju\/\">SREDSTVA ZA \u010cI\u0160\u0106ENJE I DEZINFEKCIJU<\/a><\/div>                          <div class=\"uc_description\"><\/div>                         <div class=\"uc_post_grid_style_one_button\"><a class=\"uc_btn\" href=\"https:\/\/sr.cadicap.rs\/sr\/kategorija-proizvoda\/bandelin\/sredstva-za-ciscenje-i-dezinfekciju\/\" style=\"\" target=\"_self\">Vidi Proizvode<\/a><\/div>                      <\/div>\n                    <\/div>\n                  <\/div>\n                 \n            <!-- end item -->\n\t\t<\/div>\n\t<\/div>\n\t\t\t<!-- end WooCommerce Category Grid -->\t\t\t\t<\/div>\n\t\t\t\t<\/div>\n\t\t\t\t\t<\/div>\n\t\t<\/div>\n\t\t\t\t\t<\/div>\n\t\t<\/section>\n\t\t\t\t<\/div>","protected":false},"excerpt":{"rendered":"<p>PROIZVODI BANDELIN &#8211; Svi proizvodi Vidi Proizvode ULTRAZVU\u010cNA KUPATILA Vidi Proizvode ULTRAZVU\u010cNI HOMOGENIZATORI ULTRAZVU\u010cNI HOMOGENIZATORI Vidi Proizvode ORMANI SA UGRA\u0110ENIM VODENIM KADAMA Vidi Proizvode ULTRAZVU\u010cNA KUPATILA ZA ROBOTSKE INSTRUMENTE Vidi Proizvode GENERATORI Vidi Proizvode \u010cISTA\u010c PIPETA Vidi Proizvode SREDSTVA ZA \u010cI\u0160\u0106ENJE I DEZINFEKCIJU Vidi Proizvode<\/p>","protected":false},"author":1,"featured_media":0,"parent":0,"menu_order":9,"comment_status":"closed","ping_status":"closed","template":"","meta":{"site-sidebar-layout":"no-sidebar","site-content-layout":"page-builder","ast-site-content-layout":"full-width-container","site-content-style":"default","site-sidebar-style":"default","ast-global-header-display":"","ast-banner-title-visibility":"","ast-main-header-display":"","ast-hfb-above-header-display":"","ast-hfb-below-header-display":"","ast-hfb-mobile-header-display":"","site-post-title":"disabled","ast-breadcrumbs-content":"","ast-featured-img":"disabled","footer-sml-layout":"","ast-disable-related-posts":"","theme-transparent-header-meta":"default","adv-header-id-meta":"","stick-header-meta":"","header-above-stick-meta":"","header-main-stick-meta":"","header-below-stick-meta":"","astra-migrate-meta-layouts":"set","ast-page-background-enabled":"default","ast-page-background-meta":{"desktop":{"background-color":"var(--ast-global-color-4)","background-image":"","background-repeat":"repeat","background-position":"center center","background-size":"auto","background-attachment":"scroll","background-type":"","background-media":"","overlay-type":"","overlay-color":"","overlay-opacity":"","overlay-gradient":""},"tablet":{"background-color":"","background-image":"","background-repeat":"repeat","background-position":"center center","background-size":"auto","background-attachment":"scroll","background-type":"","background-media":"","overlay-type":"","overlay-color":"","overlay-opacity":"","overlay-gradient":""},"mobile":{"background-color":"","background-image":"","background-repeat":"repeat","background-position":"center center","background-size":"auto","background-attachment":"scroll","background-type":"","background-media":"","overlay-type":"","overlay-color":"","overlay-opacity":"","overlay-gradient":""}},"ast-content-background-meta":{"desktop":{"background-color":"var(--ast-global-color-5)","background-image":"","background-repeat":"repeat","background-position":"center center","background-size":"auto","background-attachment":"scroll","background-type":"","background-media":"","overlay-type":"","overlay-color":"","overlay-opacity":"","overlay-gradient":""},"tablet":{"background-color":"var(--ast-global-color-5)","background-image":"","background-repeat":"repeat","background-position":"center center","background-size":"auto","background-attachment":"scroll","background-type":"","background-media":"","overlay-type":"","overlay-color":"","overlay-opacity":"","overlay-gradient":""},"mobile":{"background-color":"var(--ast-global-color-5)","background-image":"","background-repeat":"repeat","background-position":"center center","background-size":"auto","background-attachment":"scroll","background-type":"","background-media":"","overlay-type":"","overlay-color":"","overlay-opacity":"","overlay-gradient":""}},"footnotes":""},"class_list":["post-1794","page","type-page","status-publish","hentry"],"_links":{"self":[{"href":"https:\/\/sr.cadicap.rs\/sr\/wp-json\/wp\/v2\/pages\/1794","targetHints":{"allow":["GET"]}}],"collection":[{"href":"https:\/\/sr.cadicap.rs\/sr\/wp-json\/wp\/v2\/pages"}],"about":[{"href":"https:\/\/sr.cadicap.rs\/sr\/wp-json\/wp\/v2\/types\/page"}],"author":[{"embeddable":true,"href":"https:\/\/sr.cadicap.rs\/sr\/wp-json\/wp\/v2\/users\/1"}],"replies":[{"embeddable":true,"href":"https:\/\/sr.cadicap.rs\/sr\/wp-json\/wp\/v2\/comments?post=1794"}],"version-history":[{"count":0,"href":"https:\/\/sr.cadicap.rs\/sr\/wp-json\/wp\/v2\/pages\/1794\/revisions"}],"wp:attachment":[{"href":"https:\/\/sr.cadicap.rs\/sr\/wp-json\/wp\/v2\/media?parent=1794"}],"curies":[{"name":"wp","href":"https:\/\/api.w.org\/{rel}","templated":true}]}}