{"id":1015,"date":"2023-08-12T19:21:04","date_gmt":"2023-08-12T19:21:04","guid":{"rendered":"https\/\/cadicap.rs\/?post_type=product&#038;p=1015"},"modified":"2023-10-06T22:11:10","modified_gmt":"2023-10-06T22:11:10","slug":"pt-da-50-2mg-f250","status":"publish","type":"product","link":"https:\/\/sr.cadicap.rs\/sr\/proizvod\/pt-da-50-2mg-f250\/","title":{"rendered":"Disperzioni agregat PT-DA 50 \/ 2MG-F250"},"content":{"rendered":"<p><strong>M &#8211; Spolja\u0161na se\u010diva \/ M-dizajn agregat\u00a0<\/strong><\/p>\n<p>&#8211; Kinematica AG agregati re\u0161avaju sve probleme sa kojima se svakodnevno susrec\u0301ete u laboratoriji.<\/p>\n<p>&#8211; Kori\u0161tenjem na\u0161eg brzog izdanja Click &amp; Go olak\u0161ava promenu agregata.<\/p>\n<p><strong>Prednosti<\/strong><\/p>\n<p><strong>Dizajn<\/strong><\/p>\n<p>&#8211; Spolja\u0161na se\u010diva prethodno drobe uzorke koji su vec\u0301i od pre\u010dnika rotora,nakon toga, oni se mogu raspr\u0161iti unutar generatora.<\/p>\n<p>&#8211; M-dizajn agregat u nepropusnom modelu.<\/p>\n<p><strong>Izbor i aplikacije<\/strong><\/p>\n<p>&#8211; Jednostavno rasipanje velikih uzoraka<\/p>\n<p>&#8211; Sve standardne aplikacije za raspr\u0161ivanje su sli\u010dne<\/p>\n<p><strong>Tehni\u010dke informacije<\/strong><\/p>\n<p>&#8211; Minimalna zapremina (ml): 300<br \/>\n&#8211; Maksimalna zapremina (ml): 10 000<br \/>\n&#8211; Du\u017eina (mm): 250<br \/>\n&#8211; Pre\u010dnik (\u00f8 mm): 50<br \/>\n&#8211; Maksimalna brzina vrha m\/s: 44<\/p>","protected":false},"excerpt":{"rendered":"<p>M &#8211; Spolja\u0161na se\u010diva \/ M-dizajn agregat\u00a0 &#8211; Kinematica AG agregati re\u0161avaju sve probleme sa kojima se svakodnevno susrec\u0301ete u laboratoriji. &#8211; Kori\u0161tenjem na\u0161eg brzog izdanja Click &amp; Go olak\u0161ava promenu agregata. Prednosti Dizajn &#8211; Spolja\u0161na se\u010diva prethodno drobe uzorke koji su vec\u0301i od pre\u010dnika rotora,nakon toga, oni se mogu raspr\u0161iti unutar generatora. &#8211; M-dizajn [&hellip;]<\/p>\n","protected":false},"featured_media":1064,"template":"","meta":{"site-sidebar-layout":"default","site-content-layout":"","ast-site-content-layout":"default","site-content-style":"default","site-sidebar-style":"default","ast-global-header-display":"","ast-banner-title-visibility":"","ast-main-header-display":"","ast-hfb-above-header-display":"","ast-hfb-below-header-display":"","ast-hfb-mobile-header-display":"","site-post-title":"","ast-breadcrumbs-content":"","ast-featured-img":"","footer-sml-layout":"","ast-disable-related-posts":"","theme-transparent-header-meta":"default","adv-header-id-meta":"","stick-header-meta":"","header-above-stick-meta":"","header-main-stick-meta":"","header-below-stick-meta":"","astra-migrate-meta-layouts":"set","ast-page-background-enabled":"default","ast-page-background-meta":{"desktop":{"background-color":"var(--ast-global-color-4)","background-image":"","background-repeat":"repeat","background-position":"center center","background-size":"auto","background-attachment":"scroll","background-type":"","background-media":"","overlay-type":"","overlay-color":"","overlay-opacity":"","overlay-gradient":""},"tablet":{"background-color":"","background-image":"","background-repeat":"repeat","background-position":"center center","background-size":"auto","background-attachment":"scroll","background-type":"","background-media":"","overlay-type":"","overlay-color":"","overlay-opacity":"","overlay-gradient":""},"mobile":{"background-color":"","background-image":"","background-repeat":"repeat","background-position":"center center","background-size":"auto","background-attachment":"scroll","background-type":"","background-media":"","overlay-type":"","overlay-color":"","overlay-opacity":"","overlay-gradient":""}},"ast-content-background-meta":{"desktop":{"background-color":"var(--ast-global-color-5)","background-image":"","background-repeat":"repeat","background-position":"center center","background-size":"auto","background-attachment":"scroll","background-type":"","background-media":"","overlay-type":"","overlay-color":"","overlay-opacity":"","overlay-gradient":""},"tablet":{"background-color":"var(--ast-global-color-5)","background-image":"","background-repeat":"repeat","background-position":"center center","background-size":"auto","background-attachment":"scroll","background-type":"","background-media":"","overlay-type":"","overlay-color":"","overlay-opacity":"","overlay-gradient":""},"mobile":{"background-color":"var(--ast-global-color-5)","background-image":"","background-repeat":"repeat","background-position":"center center","background-size":"auto","background-attachment":"scroll","background-type":"","background-media":"","overlay-type":"","overlay-color":"","overlay-opacity":"","overlay-gradient":""}}},"product_brand":[],"product_cat":[233,21,286,293],"product_tag":[],"class_list":{"0":"post-1015","1":"product","2":"type-product","3":"status-publish","4":"has-post-thumbnail","6":"product_cat-brendovi-kinematica-ag","7":"product_cat-cadicap","8":"product_cat-disperzioni-agregati","9":"product_cat-kinematica-svi-proizvodi","10":"desktop-align-left","11":"tablet-align-left","12":"mobile-align-left","14":"first","15":"instock","16":"shipping-taxable","17":"product-type-simple"},"_links":{"self":[{"href":"https:\/\/sr.cadicap.rs\/sr\/wp-json\/wp\/v2\/product\/1015","targetHints":{"allow":["GET"]}}],"collection":[{"href":"https:\/\/sr.cadicap.rs\/sr\/wp-json\/wp\/v2\/product"}],"about":[{"href":"https:\/\/sr.cadicap.rs\/sr\/wp-json\/wp\/v2\/types\/product"}],"version-history":[{"count":0,"href":"https:\/\/sr.cadicap.rs\/sr\/wp-json\/wp\/v2\/product\/1015\/revisions"}],"wp:featuredmedia":[{"embeddable":true,"href":"https:\/\/sr.cadicap.rs\/sr\/wp-json\/wp\/v2\/media\/1064"}],"wp:attachment":[{"href":"https:\/\/sr.cadicap.rs\/sr\/wp-json\/wp\/v2\/media?parent=1015"}],"wp:term":[{"taxonomy":"product_brand","embeddable":true,"href":"https:\/\/sr.cadicap.rs\/sr\/wp-json\/wp\/v2\/product_brand?post=1015"},{"taxonomy":"product_cat","embeddable":true,"href":"https:\/\/sr.cadicap.rs\/sr\/wp-json\/wp\/v2\/product_cat?post=1015"},{"taxonomy":"product_tag","embeddable":true,"href":"https:\/\/sr.cadicap.rs\/sr\/wp-json\/wp\/v2\/product_tag?post=1015"}],"curies":[{"name":"wp","href":"https:\/\/api.w.org\/{rel}","templated":true}]}}