{"id":1024,"date":"2023-08-12T19:21:05","date_gmt":"2023-08-12T19:21:05","guid":{"rendered":"http:\/\/https\/\/cadicap.rs\/?post_type=product&#038;p=1024"},"modified":"2025-04-22T10:49:56","modified_gmt":"2025-04-22T10:49:56","slug":"pt-da-50-6g-f273","status":"publish","type":"product","link":"https:\/\/sr.cadicap.rs\/sr\/proizvod\/pt-da-50-6g-f273\/","title":{"rendered":"Disperzioni agregat PT-DA 50 \/ 6G-F273"},"content":{"rendered":"<p><strong>G &#8211; Gas Tight &#8211; sa \u0161est redova zuba<\/strong><\/p>\n<p>&#8211; Kinematica AG agregati re\u0161avaju sve probleme sa kojima se svakodnevno susrec\u0301ete u laboratoriji.<\/p>\n<p>-Kori\u0161tenjem na\u0161eg brzog izdanja Click &amp; Go olak\u0161ava promenu agregata.<\/p>\n<p><strong>Prednosti<\/strong><\/p>\n<p><strong>Dizajn<\/strong><\/p>\n<p>&#8211; Integrisani mehani\u010dki zaptiva\u010di.<\/p>\n<p>&#8211; \u0160est redova zuba.<\/p>\n<p><strong>Izbor i aplikacije<\/strong><\/p>\n<p>-Pod pritiskom ili pod vakumom<\/p>\n<p>&#8211; Spre\u010davanje dodavanja vazduha emulzijama<\/p>\n<p>&#8211; Sme\u0161e agresivnih kiselina<\/p>\n<p><strong>Tehni\u010dke informacije<\/strong><\/p>\n<p>&#8211; Minimalna zapremina (ml): 300<br \/>\n&#8211; Maksimalna zapremina (ml): 10 000<br \/>\n&#8211; Du\u017eina (mm): 273<br \/>\n&#8211; Pre\u010dnik (\u00f8 mm): 50<br \/>\n&#8211; Maksimalna brzina vrha m\/s: 44<\/p>","protected":false},"excerpt":{"rendered":"<p>G &#8211; Gas Tight &#8211; sa \u0161est redova zuba &#8211; Kinematica AG agregati re\u0161avaju sve probleme sa kojima se svakodnevno susrec\u0301ete u laboratoriji. -Kori\u0161tenjem na\u0161eg brzog izdanja Click &amp; Go olak\u0161ava promenu agregata. Prednosti Dizajn &#8211; Integrisani mehani\u010dki zaptiva\u010di. &#8211; \u0160est redova zuba. Izbor i aplikacije -Pod pritiskom ili pod vakumom &#8211; Spre\u010davanje dodavanja vazduha [&hellip;]<\/p>\n","protected":false},"featured_media":1073,"template":"","meta":{"site-sidebar-layout":"default","site-content-layout":"","ast-site-content-layout":"default","site-content-style":"default","site-sidebar-style":"default","ast-global-header-display":"","ast-banner-title-visibility":"","ast-main-header-display":"","ast-hfb-above-header-display":"","ast-hfb-below-header-display":"","ast-hfb-mobile-header-display":"","site-post-title":"","ast-breadcrumbs-content":"","ast-featured-img":"","footer-sml-layout":"","ast-disable-related-posts":"","theme-transparent-header-meta":"default","adv-header-id-meta":"","stick-header-meta":"","header-above-stick-meta":"","header-main-stick-meta":"","header-below-stick-meta":"","astra-migrate-meta-layouts":"set","ast-page-background-enabled":"default","ast-page-background-meta":{"desktop":{"background-color":"var(--ast-global-color-4)","background-image":"","background-repeat":"repeat","background-position":"center center","background-size":"auto","background-attachment":"scroll","background-type":"","background-media":"","overlay-type":"","overlay-color":"","overlay-opacity":"","overlay-gradient":""},"tablet":{"background-color":"","background-image":"","background-repeat":"repeat","background-position":"center center","background-size":"auto","background-attachment":"scroll","background-type":"","background-media":"","overlay-type":"","overlay-color":"","overlay-opacity":"","overlay-gradient":""},"mobile":{"background-color":"","background-image":"","background-repeat":"repeat","background-position":"center center","background-size":"auto","background-attachment":"scroll","background-type":"","background-media":"","overlay-type":"","overlay-color":"","overlay-opacity":"","overlay-gradient":""}},"ast-content-background-meta":{"desktop":{"background-color":"var(--ast-global-color-5)","background-image":"","background-repeat":"repeat","background-position":"center center","background-size":"auto","background-attachment":"scroll","background-type":"","background-media":"","overlay-type":"","overlay-color":"","overlay-opacity":"","overlay-gradient":""},"tablet":{"background-color":"var(--ast-global-color-5)","background-image":"","background-repeat":"repeat","background-position":"center center","background-size":"auto","background-attachment":"scroll","background-type":"","background-media":"","overlay-type":"","overlay-color":"","overlay-opacity":"","overlay-gradient":""},"mobile":{"background-color":"var(--ast-global-color-5)","background-image":"","background-repeat":"repeat","background-position":"center center","background-size":"auto","background-attachment":"scroll","background-type":"","background-media":"","overlay-type":"","overlay-color":"","overlay-opacity":"","overlay-gradient":""}}},"product_brand":[],"product_cat":[233,286,293],"product_tag":[],"class_list":{"0":"post-1024","1":"product","2":"type-product","3":"status-publish","4":"has-post-thumbnail","6":"product_cat-brendovi-kinematica-ag","7":"product_cat-disperzioni-agregati","8":"product_cat-kinematica-svi-proizvodi","9":"desktop-align-left","10":"tablet-align-left","11":"mobile-align-left","13":"first","14":"instock","15":"shipping-taxable","16":"purchasable","17":"product-type-simple"},"_links":{"self":[{"href":"https:\/\/sr.cadicap.rs\/sr\/wp-json\/wp\/v2\/product\/1024","targetHints":{"allow":["GET"]}}],"collection":[{"href":"https:\/\/sr.cadicap.rs\/sr\/wp-json\/wp\/v2\/product"}],"about":[{"href":"https:\/\/sr.cadicap.rs\/sr\/wp-json\/wp\/v2\/types\/product"}],"version-history":[{"count":0,"href":"https:\/\/sr.cadicap.rs\/sr\/wp-json\/wp\/v2\/product\/1024\/revisions"}],"wp:featuredmedia":[{"embeddable":true,"href":"https:\/\/sr.cadicap.rs\/sr\/wp-json\/wp\/v2\/media\/1073"}],"wp:attachment":[{"href":"https:\/\/sr.cadicap.rs\/sr\/wp-json\/wp\/v2\/media?parent=1024"}],"wp:term":[{"taxonomy":"product_brand","embeddable":true,"href":"https:\/\/sr.cadicap.rs\/sr\/wp-json\/wp\/v2\/product_brand?post=1024"},{"taxonomy":"product_cat","embeddable":true,"href":"https:\/\/sr.cadicap.rs\/sr\/wp-json\/wp\/v2\/product_cat?post=1024"},{"taxonomy":"product_tag","embeddable":true,"href":"https:\/\/sr.cadicap.rs\/sr\/wp-json\/wp\/v2\/product_tag?post=1024"}],"curies":[{"name":"wp","href":"https:\/\/api.w.org\/{rel}","templated":true}]}}