{"id":1471,"date":"2023-09-03T20:31:49","date_gmt":"2023-09-03T20:31:49","guid":{"rendered":"http:\/\/https\/\/cadicap.rs\/?post_type=product&#038;p=1471"},"modified":"2024-03-13T11:38:56","modified_gmt":"2024-03-13T11:38:56","slug":"dxs-pro-oprema-za-dezimfikaciju","status":"publish","type":"product","link":"https:\/\/sr.cadicap.rs\/sr\/proizvod\/dxs-pro-oprema-za-dezimfikaciju\/","title":{"rendered":"Ure\u0111aj za dezinfekciju DCX Pro"},"content":{"rendered":"<p>&#8211; DCX pro je najjednostavniji i najmobilniji sistem za rutinsku dekontaminaciju, \u010dak iu naju\u017eem prostoru.<\/p>\n<p>&#8211; Sa DCX pro, \u0161tetne gljivice, multirezistentne klice, virusi, budji i bakterije se neutrali\u0161u i inaktiviraju nakon samo 30 minuta.<\/p>\n<p>&#8211; Paraziti kao \u0161to su stenice i va\u0161ke se efikasno ubijaju i na taj na\u010din spre\u010davaju da se razmno\u017eavaju.<\/p>\n<p>&#8211; Inaktivirane multirezistentne klice: MRSA (S.aureus otporan na meticilin), humani norovirus, Clostridium Diffilice, P. aeruginosa, E. coli, C. albicans.<\/p>\n<p>&#8211; Proverljiva dezinfekcija protiv multirezistentnih klica, virusa, bakterija, spora i parazita do 16 DCX pro se mo\u017ee kontrolisati preko VLAN-a sa tabletom ili smartfon<\/p>\n<p>&#8211; Testirano prema EN17272 i univerzalno primenljivo<\/p>\n<p><strong>Dezinfekcija i kontrola<\/strong><\/p>\n<p>&#8211; Proverljiva rutinska dezinfekcija ne mo\u017ee biti lak\u0161a i br\u017ea.<\/p>\n<p>&#8211; Do 16 DCX sistema se mo\u017ee kontrolisati sa bilo kog mesta pomoc\u0301u pametnog telefona ili tableta preko WiFi mre\u017ee, pru\u017eajuc\u0301i uvid u status procesa u svakom trenutku.<\/p>\n<p>&#8211; Rad na baterije vam omoguc\u0301ava da brzo i efikasno izvr\u0161ite dezinfekciju.<\/p>\n<p>&#8211; DCX pro je tako\u0111e dostupan bez displeja i rada na baterije (DCKS pro LC\/ LovCost verzija).<\/p>\n<p>&#8211; Ova tehnologija je testirana prema EN 17272.<\/p>\n<p>&#8211; Dokazano: bez klica za 30 minuta* Geobacillus stearothermophilus je veoma otporan oblik vegetativne bakterije, koju RKI* koristi za mikrobiolo\u0161ki proces<\/p>\n<p>sterilizacije parom i za 30 minuta sa LOG-6<\/p>\n<p>&#8211; Najbr\u017ea dezinfekcija u vazduhu<\/p>\n<p>&#8211; Povr\u0161ine i prostorije koje koriste hladno zamagljivanje<\/p>\n<p>* RKI, Institut Robert Koh<\/p>\n<p>* Probna soba od 40m3<\/p>\n<p><strong>Tehni\u010dki podaci<\/strong><\/p>\n<p>&#8211; Dimenzije u mm (\u0160 \/ D \/ V): 950*450*920<\/p>\n<p>&#8211; Te\u017eina: 50kg<\/p>\n<p>&#8211; Napon: 230V \/ 50Hz<\/p>\n<p>&#8211; Snaga: max 400 W<\/p>\n<p>&#8211; Zapremina prostorije: do 1500 m\u00b3<\/p>\n<p>&#8211; Stepen za\u0161tite: IP10<\/p>\n<p>&#8211; Komunikacija: USB, WiFi<\/p>\n<p>&#8211; Klasa izolacije: Klasa I + Klasa II<\/p>\n<p>&nbsp;<\/p>","protected":false},"excerpt":{"rendered":"<p>&#8211; DCX pro je najjednostavniji i najmobilniji sistem za rutinsku dekontaminaciju, \u010dak iu naju\u017eem prostoru. &#8211; Sa DCX pro, \u0161tetne gljivice, multirezistentne klice, virusi, budji i bakterije se neutrali\u0161u i inaktiviraju nakon samo 30 minuta. &#8211; Paraziti kao \u0161to su stenice i va\u0161ke se efikasno ubijaju i na taj na\u010din spre\u010davaju da se razmno\u017eavaju. &#8211; [&hellip;]<\/p>\n","protected":false},"featured_media":1899,"template":"","meta":{"site-sidebar-layout":"default","site-content-layout":"","ast-site-content-layout":"default","site-content-style":"default","site-sidebar-style":"default","ast-global-header-display":"","ast-banner-title-visibility":"","ast-main-header-display":"","ast-hfb-above-header-display":"","ast-hfb-below-header-display":"","ast-hfb-mobile-header-display":"","site-post-title":"","ast-breadcrumbs-content":"","ast-featured-img":"","footer-sml-layout":"","ast-disable-related-posts":"","theme-transparent-header-meta":"default","adv-header-id-meta":"","stick-header-meta":"","header-above-stick-meta":"","header-main-stick-meta":"","header-below-stick-meta":"","astra-migrate-meta-layouts":"set","ast-page-background-enabled":"default","ast-page-background-meta":{"desktop":{"background-color":"var(--ast-global-color-4)","background-image":"","background-repeat":"repeat","background-position":"center center","background-size":"auto","background-attachment":"scroll","background-type":"","background-media":"","overlay-type":"","overlay-color":"","overlay-opacity":"","overlay-gradient":""},"tablet":{"background-color":"","background-image":"","background-repeat":"repeat","background-position":"center center","background-size":"auto","background-attachment":"scroll","background-type":"","background-media":"","overlay-type":"","overlay-color":"","overlay-opacity":"","overlay-gradient":""},"mobile":{"background-color":"","background-image":"","background-repeat":"repeat","background-position":"center center","background-size":"auto","background-attachment":"scroll","background-type":"","background-media":"","overlay-type":"","overlay-color":"","overlay-opacity":"","overlay-gradient":""}},"ast-content-background-meta":{"desktop":{"background-color":"var(--ast-global-color-5)","background-image":"","background-repeat":"repeat","background-position":"center center","background-size":"auto","background-attachment":"scroll","background-type":"","background-media":"","overlay-type":"","overlay-color":"","overlay-opacity":"","overlay-gradient":""},"tablet":{"background-color":"var(--ast-global-color-5)","background-image":"","background-repeat":"repeat","background-position":"center center","background-size":"auto","background-attachment":"scroll","background-type":"","background-media":"","overlay-type":"","overlay-color":"","overlay-opacity":"","overlay-gradient":""},"mobile":{"background-color":"var(--ast-global-color-5)","background-image":"","background-repeat":"repeat","background-position":"center center","background-size":"auto","background-attachment":"scroll","background-type":"","background-media":"","overlay-type":"","overlay-color":"","overlay-opacity":"","overlay-gradient":""}}},"product_brand":[],"product_cat":[261,291,269],"product_tag":[],"class_list":{"0":"post-1471","1":"product","2":"type-product","3":"status-publish","4":"has-post-thumbnail","6":"product_cat-hp-labortechnik","7":"product_cat-hp-labortechnik-svi-proizvodi","8":"product_cat-oprema-za-dezinfikaciju","9":"desktop-align-left","10":"tablet-align-left","11":"mobile-align-left","13":"first","14":"instock","15":"shipping-taxable","16":"product-type-simple"},"_links":{"self":[{"href":"https:\/\/sr.cadicap.rs\/sr\/wp-json\/wp\/v2\/product\/1471","targetHints":{"allow":["GET"]}}],"collection":[{"href":"https:\/\/sr.cadicap.rs\/sr\/wp-json\/wp\/v2\/product"}],"about":[{"href":"https:\/\/sr.cadicap.rs\/sr\/wp-json\/wp\/v2\/types\/product"}],"version-history":[{"count":0,"href":"https:\/\/sr.cadicap.rs\/sr\/wp-json\/wp\/v2\/product\/1471\/revisions"}],"wp:featuredmedia":[{"embeddable":true,"href":"https:\/\/sr.cadicap.rs\/sr\/wp-json\/wp\/v2\/media\/1899"}],"wp:attachment":[{"href":"https:\/\/sr.cadicap.rs\/sr\/wp-json\/wp\/v2\/media?parent=1471"}],"wp:term":[{"taxonomy":"product_brand","embeddable":true,"href":"https:\/\/sr.cadicap.rs\/sr\/wp-json\/wp\/v2\/product_brand?post=1471"},{"taxonomy":"product_cat","embeddable":true,"href":"https:\/\/sr.cadicap.rs\/sr\/wp-json\/wp\/v2\/product_cat?post=1471"},{"taxonomy":"product_tag","embeddable":true,"href":"https:\/\/sr.cadicap.rs\/sr\/wp-json\/wp\/v2\/product_tag?post=1471"}],"curies":[{"name":"wp","href":"https:\/\/api.w.org\/{rel}","templated":true}]}}