{"id":1749,"date":"2023-09-11T20:31:41","date_gmt":"2023-09-11T20:31:41","guid":{"rendered":"https\/\/cadicap.rs\/?post_type=product&#038;p=1749"},"modified":"2023-10-26T11:16:21","modified_gmt":"2023-10-26T11:16:21","slug":"hospiklav-25","status":"publish","type":"product","link":"https:\/\/sr.cadicap.rs\/sr\/proizvod\/hospiklav-25\/","title":{"rendered":"Parni sterilizatori Hospiklav 25"},"content":{"rendered":"<p><strong>Sterilizacija u oblasti medicine<\/strong><\/p>\n<p>&#8211; Jedinstven i dokazan dizajn\u00a0 laboratorijskog autoklava Laboklav 25 u kombinaciji sa funkcijama parnog sterilizatora sa ciklusima tipa B.<\/p>\n<p>&#8211; Proces frakcionog vakuuma smanjuje sadr\u017eaj vazduha u komori za sterilizaciju ponovljenom evakuacijom i naknadnim ulazom pare.<\/p>\n<p>&#8211; Ovaj proces ne samo da omoguc\u0301ava sterilizaciju \u010dvrstih i poroznih proizvoda, vec\u0301 i instrumenata sa \u0161upljim telom uskog lumena.<\/p>\n<p><strong>Oblasti primene<\/strong><\/p>\n<p>&#8211; Hospiklav 25 je za upotrebu u medicinskom sektoru, npr. B. u op\u0161toj medicinskoj praksi i stomatolo\u0161koj praksi.<\/p>\n<p>&#8211; Koristi se za sterilizaciju instrumenata i materijala prvenstveno u medicinske svrhe. I upakovani i neupakovani instrumenti i materijali se mogu sterilisati sve dok su odobreni za kori\u0161c\u0301eni temperaturni opseg.<\/p>\n<p>&#8211; Mogu se uvesti \u010dvrsti materijali (npr. instrumenti), \u0161uplja tela (npr. cevi) i porozni materijali (npr. tekstil)<\/p>\n<p><strong>Karakteristike proizvoda<\/strong><\/p>\n<p>&#8211; Jedinstveni dizajn susrec\u0301e inovativna tehni\u010dka re\u0161enja uz optimalno kori\u0161c\u0301enje zapremine komore.<\/p>\n<p>&#8211; Poklopac komore od sigurnosnog stakla otpornog na temperaturu i prednji poklopac od sigurnosnog stakla omoguc\u0301avaju prac\u0301enje procesa u komori.<\/p>\n<p>&#8211; LED diode osvetljavaju unutra\u0161njost komore, a LED svetla u boji pokazuju trenutni status ure\u0111aja.<\/p>\n<p>&#8211; Hospiklav karakteri\u0161e lako rukovanje i rukovanje.<\/p>\n<p>&#8211; Nakon punjenja, vrata komore se lagano pritiskaju i zatvaraju motorom pritiskom na dugme.<\/p>\n<p>&#8211; Rezervoar integrisan u ure\u0111aj, podeljen u 2 oblasti sa senzorima nivoa, slu\u017ei kao rezervoar za napojnu vodu i kao sabirno mesto za kondenzat.<\/p>\n<p>&#8211; Oba se mogu prazniti odvojeno.<\/p>\n<p>&#8211; Sa samostalnom verzijom ostajete nezavisni od lokacije.<\/p>\n<p>&#8211; Potrebno je samo napajanje.<\/p>\n<p>&#8211; Napor instalacije je minimalan.<\/p>\n<p>&#8211; Snabdevanje vodom je demineralizovanom vodom, koja se jednostavno mo\u017ee napuniti u kontejner za skladi\u0161tenje u autoklavu.<\/p>\n<p>&#8211; Ostale karakteristike specifi\u010dne za proizvod uklju\u010duju:<\/p>\n<p>&#8211; Prethodno zagrevanje komore za sterilizaciju pomoc\u0301u elektri\u010dnog greja\u010da da bi se izbegla prekomerna kondenzacija kada je ure\u0111aj hladan<\/p>\n<p>&#8211; Odzra\u010divanje komore za sterilizaciju i predmeta koji se sterili\u0161u, kao i smanjenje pritiska pare u komori za sterilizaciju pomoc\u0301u frakcionog vakuuma, koji stvara ugra\u0111ena vakuum pumpa<\/p>\n<p>&#8211; Su\u0161enje sterilnih predmeta u vakuumu<\/p>\n<p>&#8211; Mikroprocesorska kontrola za sterilizaciju bez nadzora<\/p>\n<p><strong>Tehni\u010dki podaci<\/strong><\/p>\n<p>&#8211; Svi procesi su potpuno automatski i kontrolisani mikroprocesorom.<\/p>\n<p>&#8211; Jasna i logi\u010dno strukturisana kontrolna tabla olak\u0161ava rad sa ure\u0111ajem.<\/p>\n<p>&#8211; Interni memorijski \u010dip od 4 MB omoguc\u0301ava brzo i lako arhiviranje podataka va\u0161eg ciklusa.<\/p>\n<p>&#8211; Integrisani matri\u010dni \u0161tampa\u010d omoguc\u0301ava \u0161tampanje svih relevantnih parametara procesa tokom ciklusa ili nakon njega.<\/p>\n<p>&#8211; Segosoft softver se nudi kao dodatak za potpuno automatsku i digitalnu dokumentaciju serije i procesa.<\/p>\n<p>&#8211; Zapremina komore 25 l<\/p>\n<p>&#8211; Dimenzije komore (\u00d8 * d) 265 * 450 mm<\/p>\n<p>&#8211; Korisne dimenzije komore (\u0161*v*d) pribli\u017eno 200*200*430 mm<\/p>\n<p>&#8211; Spolja\u0161ne dimenzije (\u0161*v*d) 435*560*680 mm<\/p>\n<p>&#8211; Potreban prostor na radnoj povr\u0161ini (\u0161*d) 500 * 570 mm (plus 110 mm prepust vrata)<\/p>\n<p>&#8211; Te\u017eina: oko 65 kg<\/p>\n<p>&#8211; Maksimalni dozvoljeni pritisak (HP) 2,8 bara<\/p>\n<p>&#8211; Maksimalna dozvoljena temperatura (TS) 138\u00b0C<\/p>\n<p>&#8211; Grejna snaga generatora pare 2 KW<\/p>\n<p>&#8211; Elektri\u010dni priklju\u010dak 230V~, 50 Hz, 13 A, naizmeni\u010dna struja<\/p>\n<p>&#8211; Nosivost maksimalno opterec\u0301enje je definisano na sledec\u0301i na\u010din:<\/p>\n<p>5 kg za instrumente\/stakleno posu\u0111e<\/p>\n<p>2 kg za tekstil<\/p>\n<p><strong>Pribor<\/strong><\/p>\n<p>&#8211; Pribor: Posude za sito (do 4 komada)<\/p>\n<p>&#8211; Umetnuti okvir za posude za sito<\/p>\n<p>&#8211; Kontejner za sakupljanje kondenzata<\/p>\n<p>&#8211; Dokumentacioni softver Segosoft<\/p>\n<p>&nbsp;<\/p>","protected":false},"excerpt":{"rendered":"<p>Sterilizacija u oblasti medicine &#8211; Jedinstven i dokazan dizajn\u00a0 laboratorijskog autoklava Laboklav 25 u kombinaciji sa funkcijama parnog sterilizatora sa ciklusima tipa B. &#8211; Proces frakcionog vakuuma smanjuje sadr\u017eaj vazduha u komori za sterilizaciju ponovljenom evakuacijom i naknadnim ulazom pare. &#8211; Ovaj proces ne samo da omoguc\u0301ava sterilizaciju \u010dvrstih i poroznih proizvoda, vec\u0301 i instrumenata [&hellip;]<\/p>\n","protected":false},"featured_media":1738,"template":"","meta":{"site-sidebar-layout":"default","site-content-layout":"","ast-site-content-layout":"default","site-content-style":"default","site-sidebar-style":"default","ast-global-header-display":"","ast-banner-title-visibility":"","ast-main-header-display":"","ast-hfb-above-header-display":"","ast-hfb-below-header-display":"","ast-hfb-mobile-header-display":"","site-post-title":"","ast-breadcrumbs-content":"","ast-featured-img":"","footer-sml-layout":"","ast-disable-related-posts":"","theme-transparent-header-meta":"default","adv-header-id-meta":"","stick-header-meta":"","header-above-stick-meta":"","header-main-stick-meta":"","header-below-stick-meta":"","astra-migrate-meta-layouts":"set","ast-page-background-enabled":"default","ast-page-background-meta":{"desktop":{"background-color":"var(--ast-global-color-4)","background-image":"","background-repeat":"repeat","background-position":"center center","background-size":"auto","background-attachment":"scroll","background-type":"","background-media":"","overlay-type":"","overlay-color":"","overlay-opacity":"","overlay-gradient":""},"tablet":{"background-color":"","background-image":"","background-repeat":"repeat","background-position":"center center","background-size":"auto","background-attachment":"scroll","background-type":"","background-media":"","overlay-type":"","overlay-color":"","overlay-opacity":"","overlay-gradient":""},"mobile":{"background-color":"","background-image":"","background-repeat":"repeat","background-position":"center center","background-size":"auto","background-attachment":"scroll","background-type":"","background-media":"","overlay-type":"","overlay-color":"","overlay-opacity":"","overlay-gradient":""}},"ast-content-background-meta":{"desktop":{"background-color":"var(--ast-global-color-5)","background-image":"","background-repeat":"repeat","background-position":"center center","background-size":"auto","background-attachment":"scroll","background-type":"","background-media":"","overlay-type":"","overlay-color":"","overlay-opacity":"","overlay-gradient":""},"tablet":{"background-color":"var(--ast-global-color-5)","background-image":"","background-repeat":"repeat","background-position":"center center","background-size":"auto","background-attachment":"scroll","background-type":"","background-media":"","overlay-type":"","overlay-color":"","overlay-opacity":"","overlay-gradient":""},"mobile":{"background-color":"var(--ast-global-color-5)","background-image":"","background-repeat":"repeat","background-position":"center center","background-size":"auto","background-attachment":"scroll","background-type":"","background-media":"","overlay-type":"","overlay-color":"","overlay-opacity":"","overlay-gradient":""}}},"product_brand":[],"product_cat":[275,274,288],"product_tag":[],"class_list":{"0":"post-1749","1":"product","2":"type-product","3":"status-publish","4":"has-post-thumbnail","6":"product_cat-autoklav-parni-sterilizatori","7":"product_cat-shp-steriltechnik","8":"product_cat-shp-svi-proizvodi","9":"desktop-align-left","10":"tablet-align-left","11":"mobile-align-left","13":"first","14":"instock","15":"shipping-taxable","16":"product-type-simple"},"_links":{"self":[{"href":"https:\/\/sr.cadicap.rs\/sr\/wp-json\/wp\/v2\/product\/1749","targetHints":{"allow":["GET"]}}],"collection":[{"href":"https:\/\/sr.cadicap.rs\/sr\/wp-json\/wp\/v2\/product"}],"about":[{"href":"https:\/\/sr.cadicap.rs\/sr\/wp-json\/wp\/v2\/types\/product"}],"version-history":[{"count":0,"href":"https:\/\/sr.cadicap.rs\/sr\/wp-json\/wp\/v2\/product\/1749\/revisions"}],"wp:featuredmedia":[{"embeddable":true,"href":"https:\/\/sr.cadicap.rs\/sr\/wp-json\/wp\/v2\/media\/1738"}],"wp:attachment":[{"href":"https:\/\/sr.cadicap.rs\/sr\/wp-json\/wp\/v2\/media?parent=1749"}],"wp:term":[{"taxonomy":"product_brand","embeddable":true,"href":"https:\/\/sr.cadicap.rs\/sr\/wp-json\/wp\/v2\/product_brand?post=1749"},{"taxonomy":"product_cat","embeddable":true,"href":"https:\/\/sr.cadicap.rs\/sr\/wp-json\/wp\/v2\/product_cat?post=1749"},{"taxonomy":"product_tag","embeddable":true,"href":"https:\/\/sr.cadicap.rs\/sr\/wp-json\/wp\/v2\/product_tag?post=1749"}],"curies":[{"name":"wp","href":"https:\/\/api.w.org\/{rel}","templated":true}]}}