{"id":1750,"date":"2023-09-11T20:32:40","date_gmt":"2023-09-11T20:32:40","guid":{"rendered":"https\/\/cadicap.rs\/?post_type=product&#038;p=1750"},"modified":"2023-10-26T11:17:07","modified_gmt":"2023-10-26T11:17:07","slug":"laboklav-25","status":"publish","type":"product","link":"https:\/\/sr.cadicap.rs\/sr\/proizvod\/laboklav-25\/","title":{"rendered":"Parni sterilizatori Laboklav 25"},"content":{"rendered":"<p>&#8211; Sterilizacija te\u010dnosti u otvorenim i blago zatvorenim sudovima, tako\u0111e sa sistemom za hla\u0111enje vazduha.<\/p>\n<p>&#8211; Sterilizacija instrumenata, tako\u0111e sa predvakumom i vakuumom za su\u0161enje.<\/p>\n<p>&#8211; Destruktivna sterilizacija na 134 \u00b0C (termalna inaktivacija) opciono filtriranje izduvnog vazduha.<\/p>\n<p>&#8211; Jedinstveni dizajn susrec\u0301e inovativna tehni\u010dka re\u0161enja uz optimalno kori\u0161c\u0301enje zapremine komore.<\/p>\n<p>&#8211; Na\u0161 autoklav nudi vam prostor za do pet standardnih laboratorijskih boca od 1 l uklju\u010dujuc\u0301i poklopce.<\/p>\n<p>&#8211; Poklopac komore od sigurnosnog stakla otpornog na temperaturu i prednji poklopac od sigurnosnog stakla omoguc\u0301avaju prac\u0301enje procesa u komori.<\/p>\n<p>&#8211; LED diode osvetljavaju unutra\u0161njost komore, a LED lampice radnog statusa u boji pokazuju trenutni status ure\u0111aja.<\/p>\n<p>&#8211; Autoklavi serije Laboklav 25 su laki za rukovanje i rukovanje.<\/p>\n<p>&#8211; Nakon punjenja, vrata komore se lagano pritiskaju i zatvaraju motorom pritiskom na dugme.<\/p>\n<p>&#8211; Rezervoar integrisan u ure\u0111aj, podeljen u 2 oblasti sa senzorima nivoa, slu\u017ei kao rezervoar za napojnu vodu i kao sabirno mesto za kondenzat.<\/p>\n<p>&#8211; Oba se mogu prazniti odvojeno.<\/p>\n<p>&#8211; U svim programima za te\u010dnost, temperaturu u te\u010dnosti kontroli\u0161e integrisani fleksibilni referentni senzor PT100 i spre\u010dava otvaranje vrata komore ako je temperatura medija previsoka (termi\u010dka brava prema IEC 61010-2-43).<\/p>\n<p><strong>Faze ekspanzije<\/strong><\/p>\n<p>&#8211; Laboklav 25 B &#8211; osnovni ure\u0111aj<\/p>\n<p>&#8211; Laboklav 25 M &#8211; sa brzim hla\u0111enjem<\/p>\n<p>&#8211; Laboklav 25 V &#8211; sa vakuum ure\u0111ajem<\/p>\n<p>&#8211; Laboklav 25 MV &#8211; sa ure\u0111ajem za brzo hla\u0111enje i vakuum<\/p>\n<p><strong>Pribor<\/strong><\/p>\n<p>&#8211; Umetni okvir<\/p>\n<p>&#8211; \u0160tampa\u010d<\/p>\n<p>Kontejner za sakupljanje kondenzat<\/p>\n<p><strong>Tehni\u010dki podaci<\/strong><\/p>\n<p>&#8211; Svi procesi su potpuno automatski i kontrolisani mikroprocesorom.<\/p>\n<p>&#8211; Jasna i logi\u010dno strukturisana kontrolna tabla olak\u0161ava rad sa ure\u0111ajem.<\/p>\n<p>&#8211; Interni memorijski \u010dip od 4 MB omoguc\u0301ava brzo i lako arhiviranje podataka va\u0161eg ciklusa.<\/p>\n<p>&#8211; Matri\u010dni \u0161tampa\u010d je opciono dostupan kao jo\u0161 jedna opcija za automatsku dokumentaciju ciklusa.<\/p>\n<p>&#8211; Zapremina komore 25 l<\/p>\n<p>&#8211; Dimenzije komore (\u00d8*D): 265*465 mm<\/p>\n<p>&#8211; Spolja\u0161ne dimenzije (\u0160*V*D): 440*540*660 mm<\/p>\n<p>&#8211; Potreban prostor na radnoj povr\u0161ini (\u0160*D): 440*550 mm (plus 110 mm prepust vrata)<\/p>\n<p>&#8211; Te\u017eina oko 65 kg<\/p>\n<p>&#8211; Maksimalni dozvoljeni pritisak (HP) 2,8 bara<\/p>\n<p>&#8211; Maksimalna dozvoljena temperatura (TS) 143\u00b0C<\/p>\n<p>&#8211; Grejna snaga generatora pare: 2 KW<\/p>\n<p>&#8211; Elektri\u010dni priklju\u010dak: 230V~, 50 Hz, 16 A, naizmeni\u010dna struja<\/p>\n<p>&#8211; Temperatura sterilizacije: 98 &#8211; 135\u00b0C, podesiva<\/p>\n<p>&#8211; Kapacitet punjenja laboratorijskih standardnih boca \/ broj tipa boce:<\/p>\n<p>250ml\u00a0 \u00a0\u00a0\u00a0\/\u00a0 \u00a0\u00a012<\/p>\n<p>500 ml\u00a0 \u00a0\u00a0\/\u00a0 \u00a0\u00a0\u00a09<\/p>\n<p>1000 ml \u00a0\u00a0\/\u00a0 \u00a0\u00a05<\/p>\n<p>&nbsp;<\/p>\n<p>&nbsp;<\/p>\n<p>&nbsp;<\/p>\n<p>&nbsp;<\/p>\n<p>&nbsp;<\/p>\n<p>&nbsp;<\/p>","protected":false},"excerpt":{"rendered":"<p>&#8211; Sterilizacija te\u010dnosti u otvorenim i blago zatvorenim sudovima, tako\u0111e sa sistemom za hla\u0111enje vazduha. &#8211; Sterilizacija instrumenata, tako\u0111e sa predvakumom i vakuumom za su\u0161enje. &#8211; Destruktivna sterilizacija na 134 \u00b0C (termalna inaktivacija) opciono filtriranje izduvnog vazduha. &#8211; Jedinstveni dizajn susrec\u0301e inovativna tehni\u010dka re\u0161enja uz optimalno kori\u0161c\u0301enje zapremine komore. &#8211; Na\u0161 autoklav nudi vam prostor [&hellip;]<\/p>\n","protected":false},"featured_media":1740,"template":"","meta":{"site-sidebar-layout":"default","site-content-layout":"","ast-site-content-layout":"default","site-content-style":"default","site-sidebar-style":"default","ast-global-header-display":"","ast-banner-title-visibility":"","ast-main-header-display":"","ast-hfb-above-header-display":"","ast-hfb-below-header-display":"","ast-hfb-mobile-header-display":"","site-post-title":"","ast-breadcrumbs-content":"","ast-featured-img":"","footer-sml-layout":"","ast-disable-related-posts":"","theme-transparent-header-meta":"default","adv-header-id-meta":"","stick-header-meta":"","header-above-stick-meta":"","header-main-stick-meta":"","header-below-stick-meta":"","astra-migrate-meta-layouts":"set","ast-page-background-enabled":"default","ast-page-background-meta":{"desktop":{"background-color":"var(--ast-global-color-4)","background-image":"","background-repeat":"repeat","background-position":"center center","background-size":"auto","background-attachment":"scroll","background-type":"","background-media":"","overlay-type":"","overlay-color":"","overlay-opacity":"","overlay-gradient":""},"tablet":{"background-color":"","background-image":"","background-repeat":"repeat","background-position":"center center","background-size":"auto","background-attachment":"scroll","background-type":"","background-media":"","overlay-type":"","overlay-color":"","overlay-opacity":"","overlay-gradient":""},"mobile":{"background-color":"","background-image":"","background-repeat":"repeat","background-position":"center center","background-size":"auto","background-attachment":"scroll","background-type":"","background-media":"","overlay-type":"","overlay-color":"","overlay-opacity":"","overlay-gradient":""}},"ast-content-background-meta":{"desktop":{"background-color":"var(--ast-global-color-5)","background-image":"","background-repeat":"repeat","background-position":"center center","background-size":"auto","background-attachment":"scroll","background-type":"","background-media":"","overlay-type":"","overlay-color":"","overlay-opacity":"","overlay-gradient":""},"tablet":{"background-color":"var(--ast-global-color-5)","background-image":"","background-repeat":"repeat","background-position":"center center","background-size":"auto","background-attachment":"scroll","background-type":"","background-media":"","overlay-type":"","overlay-color":"","overlay-opacity":"","overlay-gradient":""},"mobile":{"background-color":"var(--ast-global-color-5)","background-image":"","background-repeat":"repeat","background-position":"center center","background-size":"auto","background-attachment":"scroll","background-type":"","background-media":"","overlay-type":"","overlay-color":"","overlay-opacity":"","overlay-gradient":""}}},"product_brand":[],"product_cat":[275,274,288],"product_tag":[],"class_list":{"0":"post-1750","1":"product","2":"type-product","3":"status-publish","4":"has-post-thumbnail","6":"product_cat-autoklav-parni-sterilizatori","7":"product_cat-shp-steriltechnik","8":"product_cat-shp-svi-proizvodi","9":"desktop-align-left","10":"tablet-align-left","11":"mobile-align-left","13":"first","14":"instock","15":"shipping-taxable","16":"product-type-simple"},"_links":{"self":[{"href":"https:\/\/sr.cadicap.rs\/sr\/wp-json\/wp\/v2\/product\/1750","targetHints":{"allow":["GET"]}}],"collection":[{"href":"https:\/\/sr.cadicap.rs\/sr\/wp-json\/wp\/v2\/product"}],"about":[{"href":"https:\/\/sr.cadicap.rs\/sr\/wp-json\/wp\/v2\/types\/product"}],"version-history":[{"count":0,"href":"https:\/\/sr.cadicap.rs\/sr\/wp-json\/wp\/v2\/product\/1750\/revisions"}],"wp:featuredmedia":[{"embeddable":true,"href":"https:\/\/sr.cadicap.rs\/sr\/wp-json\/wp\/v2\/media\/1740"}],"wp:attachment":[{"href":"https:\/\/sr.cadicap.rs\/sr\/wp-json\/wp\/v2\/media?parent=1750"}],"wp:term":[{"taxonomy":"product_brand","embeddable":true,"href":"https:\/\/sr.cadicap.rs\/sr\/wp-json\/wp\/v2\/product_brand?post=1750"},{"taxonomy":"product_cat","embeddable":true,"href":"https:\/\/sr.cadicap.rs\/sr\/wp-json\/wp\/v2\/product_cat?post=1750"},{"taxonomy":"product_tag","embeddable":true,"href":"https:\/\/sr.cadicap.rs\/sr\/wp-json\/wp\/v2\/product_tag?post=1750"}],"curies":[{"name":"wp","href":"https:\/\/api.w.org\/{rel}","templated":true}]}}