{"id":1752,"date":"2023-09-11T20:34:42","date_gmt":"2023-09-11T20:34:42","guid":{"rendered":"https\/\/cadicap.rs\/?post_type=product&#038;p=1752"},"modified":"2023-10-26T11:23:53","modified_gmt":"2023-10-26T11:23:53","slug":"laboklav-eco","status":"publish","type":"product","link":"https:\/\/sr.cadicap.rs\/sr\/proizvod\/laboklav-eco\/","title":{"rendered":"Parni sterilizatori Laboklav ECO"},"content":{"rendered":"<p>&#8211; Omoguc\u0301avaju jednostavne laboratorijske aplikacije kao \u0161to su:<\/p>\n<p>&#8211; Sterilizacija te\u010dnosti u otvorenim i blago zatvorenim sudovima, tako\u0111e sa sistemom za hla\u0111enje vazduha<\/p>\n<p>&#8211; Sterilizacija instrumenata<\/p>\n<p>&#8211; Destruktivna sterilizacija na 134 \u00b0C (termalna inaktivacija) opciono filtriranje izduvnog vazduha<\/p>\n<p>&#8211; Ure\u0111aji su dostupni u veli\u010dinama komora od 80 l i 135 l i uvek su konfigurisani kao samostalni ure\u0111aji.<\/p>\n<p>&#8211; Mala visina utovara olak\u0161ava utovar, a opcione korpe omoguc\u0301avaju optimalno kori\u0161c\u0301enje autoklava.<\/p>\n<p>&#8211; Poklopac se zatvara motorom pritiskom na dugme iu dva laka koraka.<\/p>\n<p>&#8211; Komora se mo\u017ee otvoriti samo u sigurnim uslovima nakon zavr\u0161etka procesa sterilizacije.<\/p>\n<p>&#8211; Para se stvara kori\u0161c\u0301enjem potpuno desalinizovane vode koja se sipa direktno u komoru.<\/p>\n<p>&#8211; Komora se zagreva spolja pomoc\u0301u greja\u010da koji le\u017ee na podu.<\/p>\n<p>&#8211; Ovo produ\u017eava vek trajanja grejnih elemenata i olak\u0161ava \u010di\u0161c\u0301enje unutra\u0161njosti.<\/p>\n<p>&#8211; Integrisani fleksibilni referentni senzor PT 100 kontroli\u0161e temperaturu u te\u010dnosti u svim te\u010dnim programima i spre\u010dava otvaranje vrata komore ako je temperatura medija previsoka (termi\u010dka brava prema IEC 61010-2-43).<\/p>\n<p>&#8211; Da bi se skratilo vreme ciklusa te\u010dne sterilizacije, ure\u0111aj mo\u017ee biti opremljen sistemom za hla\u0111enje vazduha.<\/p>\n<p><strong>Faze ekspanzije<\/strong><\/p>\n<p>&#8211; Laboklav ECO 80-B &#8211; osnovni ure\u0111aj<\/p>\n<p>&#8211; Laboklav ECO 80-M &#8211; sa integrisanim brzim hla\u0111enjem<\/p>\n<p>&#8211; Laboklav ECO 135-B &#8211; osnovni ure\u0111aj<\/p>\n<p>&#8211; Laboklav ECIO 135-M &#8211; sa integrisanim brzim hla\u0111enjem<\/p>\n<p><strong>Pribor<\/strong><\/p>\n<p>&#8211; Korpe razli\u010dite visine<\/p>\n<p>&#8211; \u0160tampa\u010d<\/p>\n<p>&#8211; Ure\u0111aj za podizanje te\u0161kih terete<\/p>\n<p>&nbsp;<\/p>\n<p><strong>LABOKLAV ECO 80 serije<\/strong><\/p>\n<p>&#8211; Zapremina komore 80 litara.<\/p>\n<p>&#8211; Dimenzije komore (\u00d8*D): 410*610 mm<\/p>\n<p>&#8211; Spoljne dimenzije (\u0160*V*D): 740*915*600 mm<\/p>\n<p>&#8211; Te\u017eina: pribl. 155kg<\/p>\n<p>&#8211; Maksimalni dozvoljeni pritisak (PS): 2,8 bara<\/p>\n<p>&#8211; Maksimalna dozvoljena temperatura (TS): 143 \u00b0C<\/p>\n<p>&#8211; Grejna snaga parogeneratora: 3 KW<\/p>\n<p>&#8211; Elektri\u010dni priklju\u010dak 230 V ~, 50 Hz, 16 A, naizmeni\u010dna struja<\/p>\n<p>&#8211; Temperatura sterilizacije 98 -135 \u00b0C, podesiva<\/p>\n<p>&#8211; Kapacitet opterec\u0301enja laboratorijskih standardnih boca:<\/p>\n<p>250 ml \u00a0\u00a0\u00a0\u00a0\u00a0\u00a0\u00a084 komada<\/p>\n<p>500 ml \u00a0\u00a0\u00a0\u00a0\u00a0\u00a0\u00a028 komada<\/p>\n<p>1000 ml \u00a0\u00a0\u00a0\u00a0\u00a018 komada<\/p>\n<p>2000 ml \u00a0\u00a0\u00a0\u00a0\u00a010 komada<\/p>\n<p>&#8211; LABOKLAV ECO 80 B Osnovna jedinica za sterilizaciju te\u010dnosti u otvorenim sudovima i \u010dvrstih materija<\/p>\n<p>&#8211; LABOKLAV ECO 80 M Osnovna jedinica sa brzim hla\u0111enjem, bez potpornog pritiska, za otvorene sudove<\/p>\n<p>&nbsp;<\/p>\n<p><strong>LABOKLAV ECO 135-serije<\/strong><\/p>\n<p>&#8211; Zapremina komore 135 litara.<\/p>\n<p>&#8211; Dimenzije komore (\u00d8*D) 500*660 mm<\/p>\n<p>&#8211; Spolja\u0161ne dimenzije (\u0160 k V k D) 840 k 965 k 700 mm<\/p>\n<p>&#8211; Te\u017eina pribl. 195kg<\/p>\n<p>&#8211; Maksimalni dozvoljeni pritisak (PS) 2,8 bara<\/p>\n<p>&#8211; Maksimalna dozvoljena temperatura (TS) 143 \u00b0C<\/p>\n<p>&#8211; Grejna snaga parogeneratora 6 KV<\/p>\n<p>&#8211; Elektri\u010dni priklju\u010dak 3N 400 V ~, 50 Hz, 16 A<\/p>\n<p>&#8211; Temperatura sterilizacije 98 -135 \u00b0C, podesiva<\/p>\n<p>&#8211; Kapacitet opterec\u0301enja laboratorijskih standardnih boca<\/p>\n<p>250 ml\u00a0\u00a0\u00a0 124 komada<\/p>\n<p>500 ml\u00a0\u00a0\u00a0\u00a0 42 komada<\/p>\n<p>1000 ml\u00a0\u00a0 30 komada<\/p>\n<p>2000 ml\u00a0\u00a0 16 komada<\/p>\n<p>&#8211; LABOKLAV ECO 135 B &#8211; osnovna jedinica za sterilizaciju te\u010dnosti u otvorenim sudovima i \u010dvrstih materija<\/p>\n<p>&#8211; LABOKLAV ECO 135 M &#8211; osnovna jedinica sa brzim hla\u0111enjem, bez potpornog pritiska, za otvorene sudove<\/p>\n<p><em>\u00a0<\/em><\/p>\n<p>&nbsp;<\/p>\n<p>&nbsp;<\/p>\n<p>&nbsp;<\/p>\n<p>&nbsp;<\/p>\n<p>&nbsp;<\/p>\n<p>&nbsp;<\/p>\n<p>&nbsp;<\/p>\n<p>&nbsp;<\/p>\n<p>&nbsp;<\/p>\n<p>&nbsp;<\/p>\n<p>&nbsp;<\/p>\n<p>&nbsp;<\/p>","protected":false},"excerpt":{"rendered":"<p>&#8211; Omoguc\u0301avaju jednostavne laboratorijske aplikacije kao \u0161to su: &#8211; Sterilizacija te\u010dnosti u otvorenim i blago zatvorenim sudovima, tako\u0111e sa sistemom za hla\u0111enje vazduha &#8211; Sterilizacija instrumenata &#8211; Destruktivna sterilizacija na 134 \u00b0C (termalna inaktivacija) opciono filtriranje izduvnog vazduha &#8211; Ure\u0111aji su dostupni u veli\u010dinama komora od 80 l i 135 l i uvek su konfigurisani [&hellip;]<\/p>\n","protected":false},"featured_media":1747,"template":"","meta":{"site-sidebar-layout":"default","site-content-layout":"","ast-site-content-layout":"default","site-content-style":"default","site-sidebar-style":"default","ast-global-header-display":"","ast-banner-title-visibility":"","ast-main-header-display":"","ast-hfb-above-header-display":"","ast-hfb-below-header-display":"","ast-hfb-mobile-header-display":"","site-post-title":"","ast-breadcrumbs-content":"","ast-featured-img":"","footer-sml-layout":"","ast-disable-related-posts":"","theme-transparent-header-meta":"default","adv-header-id-meta":"","stick-header-meta":"","header-above-stick-meta":"","header-main-stick-meta":"","header-below-stick-meta":"","astra-migrate-meta-layouts":"set","ast-page-background-enabled":"default","ast-page-background-meta":{"desktop":{"background-color":"var(--ast-global-color-4)","background-image":"","background-repeat":"repeat","background-position":"center center","background-size":"auto","background-attachment":"scroll","background-type":"","background-media":"","overlay-type":"","overlay-color":"","overlay-opacity":"","overlay-gradient":""},"tablet":{"background-color":"","background-image":"","background-repeat":"repeat","background-position":"center center","background-size":"auto","background-attachment":"scroll","background-type":"","background-media":"","overlay-type":"","overlay-color":"","overlay-opacity":"","overlay-gradient":""},"mobile":{"background-color":"","background-image":"","background-repeat":"repeat","background-position":"center center","background-size":"auto","background-attachment":"scroll","background-type":"","background-media":"","overlay-type":"","overlay-color":"","overlay-opacity":"","overlay-gradient":""}},"ast-content-background-meta":{"desktop":{"background-color":"var(--ast-global-color-5)","background-image":"","background-repeat":"repeat","background-position":"center center","background-size":"auto","background-attachment":"scroll","background-type":"","background-media":"","overlay-type":"","overlay-color":"","overlay-opacity":"","overlay-gradient":""},"tablet":{"background-color":"var(--ast-global-color-5)","background-image":"","background-repeat":"repeat","background-position":"center center","background-size":"auto","background-attachment":"scroll","background-type":"","background-media":"","overlay-type":"","overlay-color":"","overlay-opacity":"","overlay-gradient":""},"mobile":{"background-color":"var(--ast-global-color-5)","background-image":"","background-repeat":"repeat","background-position":"center center","background-size":"auto","background-attachment":"scroll","background-type":"","background-media":"","overlay-type":"","overlay-color":"","overlay-opacity":"","overlay-gradient":""}}},"product_brand":[],"product_cat":[275,274,288],"product_tag":[],"class_list":{"0":"post-1752","1":"product","2":"type-product","3":"status-publish","4":"has-post-thumbnail","6":"product_cat-autoklav-parni-sterilizatori","7":"product_cat-shp-steriltechnik","8":"product_cat-shp-svi-proizvodi","9":"desktop-align-left","10":"tablet-align-left","11":"mobile-align-left","13":"first","14":"instock","15":"shipping-taxable","16":"product-type-simple"},"_links":{"self":[{"href":"https:\/\/sr.cadicap.rs\/sr\/wp-json\/wp\/v2\/product\/1752","targetHints":{"allow":["GET"]}}],"collection":[{"href":"https:\/\/sr.cadicap.rs\/sr\/wp-json\/wp\/v2\/product"}],"about":[{"href":"https:\/\/sr.cadicap.rs\/sr\/wp-json\/wp\/v2\/types\/product"}],"version-history":[{"count":0,"href":"https:\/\/sr.cadicap.rs\/sr\/wp-json\/wp\/v2\/product\/1752\/revisions"}],"wp:featuredmedia":[{"embeddable":true,"href":"https:\/\/sr.cadicap.rs\/sr\/wp-json\/wp\/v2\/media\/1747"}],"wp:attachment":[{"href":"https:\/\/sr.cadicap.rs\/sr\/wp-json\/wp\/v2\/media?parent=1752"}],"wp:term":[{"taxonomy":"product_brand","embeddable":true,"href":"https:\/\/sr.cadicap.rs\/sr\/wp-json\/wp\/v2\/product_brand?post=1752"},{"taxonomy":"product_cat","embeddable":true,"href":"https:\/\/sr.cadicap.rs\/sr\/wp-json\/wp\/v2\/product_cat?post=1752"},{"taxonomy":"product_tag","embeddable":true,"href":"https:\/\/sr.cadicap.rs\/sr\/wp-json\/wp\/v2\/product_tag?post=1752"}],"curies":[{"name":"wp","href":"https:\/\/api.w.org\/{rel}","templated":true}]}}