{"id":1767,"date":"2023-09-11T20:44:32","date_gmt":"2023-09-11T20:44:32","guid":{"rendered":"https\/\/cadicap.rs\/?post_type=product&#038;p=1767"},"modified":"2023-10-06T20:33:02","modified_gmt":"2023-10-06T20:33:02","slug":"labomag-magnetni-mesaci","status":"publish","type":"product","link":"https:\/\/sr.cadicap.rs\/sr\/proizvod\/labomag-magnetni-mesaci\/","title":{"rendered":"Labomag &#8211; magnetni me\u0161a\u010di"},"content":{"rendered":"<p><strong>Magnetni me\u0161a\u010di sa jednim i vi\u0161e polo\u017eaja me\u0161anja<\/strong><\/p>\n<p>&#8211; \u0160irok asortiman me\u0161a\u010da sa jednom i vi\u0161e ta\u010daka sa do 32 ta\u010dke me\u0161anja omoguc\u0301ava fleksibilnu upotrebu u razli\u010ditim oblastima primene u medicinskim, biotehnolo\u0161kim i hemijskim laboratorijama.<\/p>\n<p>&#8211; Sve Labomag magnetne me\u0161a\u010de karakteri\u0161e atraktivan dizajn, prakti\u010dnost i funkcionalnost:<\/p>\n<p>&#8211; 12 razli\u010ditih kombinacija ta\u010daka me\u0161anja<\/p>\n<p>&#8211; Dostupan u 3 razli\u010dite povr\u0161inske obrade<\/p>\n<p>&#8211; Sa 2 razdaljine ta\u010dke me\u0161anja koje se mogu izabrati<\/p>\n<p>&#8211; Lako rukovanje<\/p>\n<p>&#8211; Posebnom i prakti\u010dnom kontrolnom plo\u010dom mo\u017ee se upravljati intuitivno.<\/p>\n<p>&#8211; Integrisane LED diode vizualizuju trenutnu brzinu me\u0161anja.<\/p>\n<p>&#8211; Memorija \u010duva poslednje kori\u0161c\u0301eno pode\u0161avanje. USB interfejs je integrisan kao standard.<\/p>\n<p>&#8211; Kontrolna tabla je uklju\u010dena u cenu za sve Labomag jednostruke i vi\u0161epozicijske me\u0161alice.<\/p>\n<p>&#8211; Lako \u010di\u0161\u0107enje i odr\u017eavanje<\/p>\n<p>&#8211; Proizvedeni u Nema\u010dkoj uzimajuc\u0301i u obzir nema\u010dke standarde kvaliteta<\/p>\n<p>&#8211; Kompaktan dizajn i presavijene bo\u010dne povr\u0161ine \u010dine podizanje magnetnih me\u0161a\u010da mnogo lak\u0161im.<\/p>\n<p>&#8211; Istovremeno, ure\u0111aji su bezbedni i stabilni na laboratorijskom stolu.<\/p>\n<p>&#8211;\u00a0 Magnetni me\u0161a\u010di maju potpuno zatvorenu\u00a0 unutra\u0161njost.<\/p>\n<p>&#8211; Dostupne su u 3 razli\u010dite povr\u0161inske obrade:<\/p>\n<p><strong>Industrijski standard<\/strong><\/p>\n<p>&#8211; Kuc\u0301i\u0161te od bru\u0161enog ner\u0111ajuc\u0301eg \u010delika<\/p>\n<p>&#8211; Potopiti u vodeno kupatilo do 60\u00b0C<\/p>\n<p><strong>Laboratorijski standard<\/strong><\/p>\n<p>&#8211; Kuc\u0301i\u0161te od ner\u0111ajuc\u0301eg \u010delika oblo\u017eeno prahom u svetlo sivoj boji<\/p>\n<p><strong>Farmaceutski standard<\/strong><\/p>\n<p>&#8211; Elektropolirano kuc\u0301i\u0161te od ner\u0111ajuc\u0301eg \u010delika<\/p>\n<p>&#8211; Potopiti u vodeno kupatilo do 60\u00b0C<\/p>\n<p>&nbsp;<\/p>\n<p>&nbsp;<\/p>\n<p>&nbsp;<\/p>\n<p>&nbsp;<\/p>","protected":false},"excerpt":{"rendered":"<p>Magnetni me\u0161a\u010di sa jednim i vi\u0161e polo\u017eaja me\u0161anja &#8211; \u0160irok asortiman me\u0161a\u010da sa jednom i vi\u0161e ta\u010daka sa do 32 ta\u010dke me\u0161anja omoguc\u0301ava fleksibilnu upotrebu u razli\u010ditim oblastima primene u medicinskim, biotehnolo\u0161kim i hemijskim laboratorijama. &#8211; Sve Labomag magnetne me\u0161a\u010de karakteri\u0161e atraktivan dizajn, prakti\u010dnost i funkcionalnost: &#8211; 12 razli\u010ditih kombinacija ta\u010daka me\u0161anja &#8211; Dostupan u [&hellip;]<\/p>\n","protected":false},"featured_media":1845,"template":"","meta":{"site-sidebar-layout":"default","site-content-layout":"","ast-site-content-layout":"default","site-content-style":"default","site-sidebar-style":"default","ast-global-header-display":"","ast-banner-title-visibility":"","ast-main-header-display":"","ast-hfb-above-header-display":"","ast-hfb-below-header-display":"","ast-hfb-mobile-header-display":"","site-post-title":"","ast-breadcrumbs-content":"","ast-featured-img":"","footer-sml-layout":"","ast-disable-related-posts":"","theme-transparent-header-meta":"default","adv-header-id-meta":"","stick-header-meta":"","header-above-stick-meta":"","header-main-stick-meta":"","header-below-stick-meta":"","astra-migrate-meta-layouts":"set","ast-page-background-enabled":"default","ast-page-background-meta":{"desktop":{"background-color":"var(--ast-global-color-4)","background-image":"","background-repeat":"repeat","background-position":"center center","background-size":"auto","background-attachment":"scroll","background-type":"","background-media":"","overlay-type":"","overlay-color":"","overlay-opacity":"","overlay-gradient":""},"tablet":{"background-color":"","background-image":"","background-repeat":"repeat","background-position":"center center","background-size":"auto","background-attachment":"scroll","background-type":"","background-media":"","overlay-type":"","overlay-color":"","overlay-opacity":"","overlay-gradient":""},"mobile":{"background-color":"","background-image":"","background-repeat":"repeat","background-position":"center center","background-size":"auto","background-attachment":"scroll","background-type":"","background-media":"","overlay-type":"","overlay-color":"","overlay-opacity":"","overlay-gradient":""}},"ast-content-background-meta":{"desktop":{"background-color":"var(--ast-global-color-5)","background-image":"","background-repeat":"repeat","background-position":"center center","background-size":"auto","background-attachment":"scroll","background-type":"","background-media":"","overlay-type":"","overlay-color":"","overlay-opacity":"","overlay-gradient":""},"tablet":{"background-color":"var(--ast-global-color-5)","background-image":"","background-repeat":"repeat","background-position":"center center","background-size":"auto","background-attachment":"scroll","background-type":"","background-media":"","overlay-type":"","overlay-color":"","overlay-opacity":"","overlay-gradient":""},"mobile":{"background-color":"var(--ast-global-color-5)","background-image":"","background-repeat":"repeat","background-position":"center center","background-size":"auto","background-attachment":"scroll","background-type":"","background-media":"","overlay-type":"","overlay-color":"","overlay-opacity":"","overlay-gradient":""}}},"product_brand":[],"product_cat":[276,274,288],"product_tag":[],"class_list":{"0":"post-1767","1":"product","2":"type-product","3":"status-publish","4":"has-post-thumbnail","6":"product_cat-magnetni-mesaci","7":"product_cat-shp-steriltechnik","8":"product_cat-shp-svi-proizvodi","9":"desktop-align-left","10":"tablet-align-left","11":"mobile-align-left","13":"first","14":"instock","15":"shipping-taxable","16":"product-type-simple"},"_links":{"self":[{"href":"https:\/\/sr.cadicap.rs\/sr\/wp-json\/wp\/v2\/product\/1767","targetHints":{"allow":["GET"]}}],"collection":[{"href":"https:\/\/sr.cadicap.rs\/sr\/wp-json\/wp\/v2\/product"}],"about":[{"href":"https:\/\/sr.cadicap.rs\/sr\/wp-json\/wp\/v2\/types\/product"}],"version-history":[{"count":0,"href":"https:\/\/sr.cadicap.rs\/sr\/wp-json\/wp\/v2\/product\/1767\/revisions"}],"wp:featuredmedia":[{"embeddable":true,"href":"https:\/\/sr.cadicap.rs\/sr\/wp-json\/wp\/v2\/media\/1845"}],"wp:attachment":[{"href":"https:\/\/sr.cadicap.rs\/sr\/wp-json\/wp\/v2\/media?parent=1767"}],"wp:term":[{"taxonomy":"product_brand","embeddable":true,"href":"https:\/\/sr.cadicap.rs\/sr\/wp-json\/wp\/v2\/product_brand?post=1767"},{"taxonomy":"product_cat","embeddable":true,"href":"https:\/\/sr.cadicap.rs\/sr\/wp-json\/wp\/v2\/product_cat?post=1767"},{"taxonomy":"product_tag","embeddable":true,"href":"https:\/\/sr.cadicap.rs\/sr\/wp-json\/wp\/v2\/product_tag?post=1767"}],"curies":[{"name":"wp","href":"https:\/\/api.w.org\/{rel}","templated":true}]}}