{"id":1769,"date":"2023-09-11T20:47:02","date_gmt":"2023-09-11T20:47:02","guid":{"rendered":"https\/\/cadicap.rs\/?post_type=product&#038;p=1769"},"modified":"2023-10-06T20:33:01","modified_gmt":"2023-10-06T20:33:01","slug":"labomag-be-9","status":"publish","type":"product","link":"https:\/\/sr.cadicap.rs\/sr\/proizvod\/labomag-be-9\/","title":{"rendered":"Labomag BE 9 &#8211; magnetni me\u0161a\u010di"},"content":{"rendered":"<p>&#8211; Induktivni pogon bez habanja obezbe\u0111uje ravnomerno me\u0161anje do 1 litra te\u010dnosti:<\/p>\n<p>&#8211; Jednostavan i intuitivan rad<\/p>\n<p>&#8211; Dostupan u 4 boje: plava, zelena, magenta i \u017euta<\/p>\n<p>&#8211; Brzina me\u0161anja i pravac me\u0161anja su vizuelizovani okolnim LED diodama<\/p>\n<p>&#8211; Funkcija mekog starta za ravnomeran i centriran start magnetne \u0161ipke za me\u0161anje integrisana promena smera me\u0161anja obezbe\u0111uje jo\u0161 homogenije me\u0161anje te\u010dnosti<\/p>\n<p>&#8211; Proizvedeno u Nema\u010dkoj u skladu sa nema\u010dkim standardima kvaliteta sa eksternim mre\u017enim adapterom<\/p>\n<p>&#8211; Jasni simboli na integrisanoj kontrolnoj plo\u010di<\/p>\n<p>&#8211; Memorija uvek \u010duva poslednju postavku brzine i pravca<\/p>\n<p>&#8211; Tanka magnetni me\u0161a\u010di za svakodnevni laboratorijsku upotrebu<\/p>\n<p>&#8211; Pouzdana snaga me\u0161anja u neprekidnom radu zahvaljujuc\u0301i induktivnom pogonu bez pokretnih delova.<\/p>\n<p><strong>Operacija prilago\u0111ena korisniku<\/strong><\/p>\n<p>&#8211; Posebna kontrolna jedinica je jednostavna za upotrebu.<\/p>\n<p>&#8211; Integrisane LED diode vizualizuju nedavnu brzinu me\u0161anja.<\/p>\n<p>&#8211; Memorija \u010duva poslednju postavku brzine me\u0161anja i smera me\u0161anja.<\/p>\n<p>&#8211; USB interfejs je integrisan kao serijska funkcija.<\/p>\n<p>&#8211; Kontrolna jedinica je uvek uklju\u010dena u cenu za sve LABOMAG magnetne me\u0161a\u010de.<\/p>\n<p>&#8211; Obojite svakodnevnu laboratorijsku praksu pomoc\u0301u tanke jednopozicijske magnetne me\u0161alice LABOMAG Be9.<\/p>\n<p>&nbsp;<\/p>","protected":false},"excerpt":{"rendered":"<p>&#8211; Induktivni pogon bez habanja obezbe\u0111uje ravnomerno me\u0161anje do 1 litra te\u010dnosti: &#8211; Jednostavan i intuitivan rad &#8211; Dostupan u 4 boje: plava, zelena, magenta i \u017euta &#8211; Brzina me\u0161anja i pravac me\u0161anja su vizuelizovani okolnim LED diodama &#8211; Funkcija mekog starta za ravnomeran i centriran start magnetne \u0161ipke za me\u0161anje integrisana promena smera me\u0161anja [&hellip;]<\/p>\n","protected":false},"featured_media":1840,"template":"","meta":{"site-sidebar-layout":"default","site-content-layout":"","ast-site-content-layout":"default","site-content-style":"default","site-sidebar-style":"default","ast-global-header-display":"","ast-banner-title-visibility":"","ast-main-header-display":"","ast-hfb-above-header-display":"","ast-hfb-below-header-display":"","ast-hfb-mobile-header-display":"","site-post-title":"","ast-breadcrumbs-content":"","ast-featured-img":"","footer-sml-layout":"","ast-disable-related-posts":"","theme-transparent-header-meta":"default","adv-header-id-meta":"","stick-header-meta":"","header-above-stick-meta":"","header-main-stick-meta":"","header-below-stick-meta":"","astra-migrate-meta-layouts":"set","ast-page-background-enabled":"default","ast-page-background-meta":{"desktop":{"background-color":"var(--ast-global-color-4)","background-image":"","background-repeat":"repeat","background-position":"center center","background-size":"auto","background-attachment":"scroll","background-type":"","background-media":"","overlay-type":"","overlay-color":"","overlay-opacity":"","overlay-gradient":""},"tablet":{"background-color":"","background-image":"","background-repeat":"repeat","background-position":"center center","background-size":"auto","background-attachment":"scroll","background-type":"","background-media":"","overlay-type":"","overlay-color":"","overlay-opacity":"","overlay-gradient":""},"mobile":{"background-color":"","background-image":"","background-repeat":"repeat","background-position":"center center","background-size":"auto","background-attachment":"scroll","background-type":"","background-media":"","overlay-type":"","overlay-color":"","overlay-opacity":"","overlay-gradient":""}},"ast-content-background-meta":{"desktop":{"background-color":"var(--ast-global-color-5)","background-image":"","background-repeat":"repeat","background-position":"center center","background-size":"auto","background-attachment":"scroll","background-type":"","background-media":"","overlay-type":"","overlay-color":"","overlay-opacity":"","overlay-gradient":""},"tablet":{"background-color":"var(--ast-global-color-5)","background-image":"","background-repeat":"repeat","background-position":"center center","background-size":"auto","background-attachment":"scroll","background-type":"","background-media":"","overlay-type":"","overlay-color":"","overlay-opacity":"","overlay-gradient":""},"mobile":{"background-color":"var(--ast-global-color-5)","background-image":"","background-repeat":"repeat","background-position":"center center","background-size":"auto","background-attachment":"scroll","background-type":"","background-media":"","overlay-type":"","overlay-color":"","overlay-opacity":"","overlay-gradient":""}}},"product_brand":[],"product_cat":[276,274,288],"product_tag":[],"class_list":{"0":"post-1769","1":"product","2":"type-product","3":"status-publish","4":"has-post-thumbnail","6":"product_cat-magnetni-mesaci","7":"product_cat-shp-steriltechnik","8":"product_cat-shp-svi-proizvodi","9":"desktop-align-left","10":"tablet-align-left","11":"mobile-align-left","13":"first","14":"instock","15":"shipping-taxable","16":"product-type-simple"},"_links":{"self":[{"href":"https:\/\/sr.cadicap.rs\/sr\/wp-json\/wp\/v2\/product\/1769","targetHints":{"allow":["GET"]}}],"collection":[{"href":"https:\/\/sr.cadicap.rs\/sr\/wp-json\/wp\/v2\/product"}],"about":[{"href":"https:\/\/sr.cadicap.rs\/sr\/wp-json\/wp\/v2\/types\/product"}],"version-history":[{"count":0,"href":"https:\/\/sr.cadicap.rs\/sr\/wp-json\/wp\/v2\/product\/1769\/revisions"}],"wp:featuredmedia":[{"embeddable":true,"href":"https:\/\/sr.cadicap.rs\/sr\/wp-json\/wp\/v2\/media\/1840"}],"wp:attachment":[{"href":"https:\/\/sr.cadicap.rs\/sr\/wp-json\/wp\/v2\/media?parent=1769"}],"wp:term":[{"taxonomy":"product_brand","embeddable":true,"href":"https:\/\/sr.cadicap.rs\/sr\/wp-json\/wp\/v2\/product_brand?post=1769"},{"taxonomy":"product_cat","embeddable":true,"href":"https:\/\/sr.cadicap.rs\/sr\/wp-json\/wp\/v2\/product_cat?post=1769"},{"taxonomy":"product_tag","embeddable":true,"href":"https:\/\/sr.cadicap.rs\/sr\/wp-json\/wp\/v2\/product_tag?post=1769"}],"curies":[{"name":"wp","href":"https:\/\/api.w.org\/{rel}","templated":true}]}}