{"id":1929,"date":"2023-09-15T10:30:21","date_gmt":"2023-09-15T10:30:21","guid":{"rendered":"http:\/\/https\/\/cadicap.rs\/?post_type=product&#038;p=1929"},"modified":"2025-01-24T11:54:28","modified_gmt":"2025-01-24T11:54:28","slug":"sonorex-super-rk-ultrazvucna-kupatila","status":"publish","type":"product","link":"https:\/\/sr.cadicap.rs\/sr\/proizvod\/sonorex-super-rk-ultrazvucna-kupatila\/","title":{"rendered":"SONOREX SUPER RK &#8211; ultrazvu\u010dna kupatila"},"content":{"rendered":"<p>&#8211; SONOREX SUPER ultrazvu\u010dna kupatila sa sadr\u017eajem od 0,9 do 90 litara.<\/p>\n<p>&#8211; Kvalitetna i kompaktna ultrazvu\u010dna kupatila \u00a0SONOREX SUPER odlikuju se lakoc\u0301om upotrebe.<\/p>\n<p>&#8211; Veli\u010dina i broj predmeta za \u010di\u0161c\u0301enje ili posuda za uzorkovanje odre\u0111uju izbor odgovarajuc\u0301eg kupatila za ultrazvu\u010dno \u010di\u0161c\u0301enje.<\/p>\n<p><strong>Ultrazvu\u010dni \u010dista\u010d za raznovrsne primene<\/strong><\/p>\n<p>&#8211; Ultrazvu\u010dni \u010dista\u010d visokih performansi za upotrebu u praksi, laboratorijama i radionicama.<\/p>\n<p>&#8211; Proverene i posebno robusne SONOREX ultrazvu\u010dne kupke \u010diste temeljno i ne\u017eno koristec\u0301i intenzivne mehuric\u0301e kavitacije, \u010dak i na te\u0161ko dostupnim delovima predmeta za \u010di\u0161c\u0301enje.<\/p>\n<p>&#8211; Okretna ru\u010dka koja je laka za kori\u0161c\u0301enje omoguc\u0301ava vam da lako podesite vreme ili temperaturu \u010di\u0161c\u0301enja.<\/p>\n<p>&#8211; Potpuno automatska funkcija Sweep Tec spre\u010dava stajac\u0301e talase u ultrazvu\u010dnom polju i posti\u017ee posebno ravnomerno \u010di\u0161c\u0301enje.<\/p>\n<p>&#8211; Dostupne su odgovarajuc\u0301e korpe, poklopci i koncentrati za \u010di\u0161c\u0301enje i dezinfekciju za optimalno koordinisano ultrazvu\u010dno \u010di\u0161c\u0301enje.<\/p>\n<p>&nbsp;<\/p>\n<p>Vi\u0161e tehni\u010dkih detalja mo\u017eete pogledati na :<\/p>\n<blockquote class=\"wp-embedded-content\" data-secret=\"nmQmGK3vK7\"><p><a href=\"https:\/\/bandelin.com\/produkte\/ultraschallbaeder\/sonorex-rk\/\">Sonorex Super RK<\/a><\/p><\/blockquote>\n<p><iframe class=\"wp-embedded-content\" sandbox=\"allow-scripts\" security=\"restricted\" style=\"position: absolute; visibility: hidden;\" title=\"&#8222;Sonorex Super RK&#8220; &#8212; BANDELIN electronic GmbH &amp; Co. KG\" src=\"https:\/\/bandelin.com\/produkte\/ultraschallbaeder\/sonorex-rk\/embed\/#?secret=1laUARrnQF#?secret=nmQmGK3vK7\" data-secret=\"nmQmGK3vK7\" width=\"500\" height=\"282\" frameborder=\"0\" marginwidth=\"0\" marginheight=\"0\" scrolling=\"no\"><\/iframe><\/p>\n<p>&nbsp;<\/p>\n<p>&nbsp;<\/p>\n<p>&nbsp;<\/p>\n<p>&nbsp;<\/p>","protected":false},"excerpt":{"rendered":"<p>&#8211; SONOREX SUPER ultrazvu\u010dna kupatila sa sadr\u017eajem od 0,9 do 90 litara. &#8211; Kvalitetna i kompaktna ultrazvu\u010dna kupatila \u00a0SONOREX SUPER odlikuju se lakoc\u0301om upotrebe. &#8211; Veli\u010dina i broj predmeta za \u010di\u0161c\u0301enje ili posuda za uzorkovanje odre\u0111uju izbor odgovarajuc\u0301eg kupatila za ultrazvu\u010dno \u010di\u0161c\u0301enje. Ultrazvu\u010dni \u010dista\u010d za raznovrsne primene &#8211; Ultrazvu\u010dni \u010dista\u010d visokih performansi za upotrebu u [&hellip;]<\/p>\n","protected":false},"featured_media":1936,"template":"","meta":{"site-sidebar-layout":"default","site-content-layout":"","ast-site-content-layout":"default","site-content-style":"default","site-sidebar-style":"default","ast-global-header-display":"","ast-banner-title-visibility":"","ast-main-header-display":"","ast-hfb-above-header-display":"","ast-hfb-below-header-display":"","ast-hfb-mobile-header-display":"","site-post-title":"","ast-breadcrumbs-content":"","ast-featured-img":"","footer-sml-layout":"","ast-disable-related-posts":"","theme-transparent-header-meta":"default","adv-header-id-meta":"","stick-header-meta":"","header-above-stick-meta":"","header-main-stick-meta":"","header-below-stick-meta":"","astra-migrate-meta-layouts":"set","ast-page-background-enabled":"default","ast-page-background-meta":{"desktop":{"background-color":"var(--ast-global-color-4)","background-image":"","background-repeat":"repeat","background-position":"center center","background-size":"auto","background-attachment":"scroll","background-type":"","background-media":"","overlay-type":"","overlay-color":"","overlay-opacity":"","overlay-gradient":""},"tablet":{"background-color":"","background-image":"","background-repeat":"repeat","background-position":"center center","background-size":"auto","background-attachment":"scroll","background-type":"","background-media":"","overlay-type":"","overlay-color":"","overlay-opacity":"","overlay-gradient":""},"mobile":{"background-color":"","background-image":"","background-repeat":"repeat","background-position":"center center","background-size":"auto","background-attachment":"scroll","background-type":"","background-media":"","overlay-type":"","overlay-color":"","overlay-opacity":"","overlay-gradient":""}},"ast-content-background-meta":{"desktop":{"background-color":"var(--ast-global-color-5)","background-image":"","background-repeat":"repeat","background-position":"center center","background-size":"auto","background-attachment":"scroll","background-type":"","background-media":"","overlay-type":"","overlay-color":"","overlay-opacity":"","overlay-gradient":""},"tablet":{"background-color":"var(--ast-global-color-5)","background-image":"","background-repeat":"repeat","background-position":"center center","background-size":"auto","background-attachment":"scroll","background-type":"","background-media":"","overlay-type":"","overlay-color":"","overlay-opacity":"","overlay-gradient":""},"mobile":{"background-color":"var(--ast-global-color-5)","background-image":"","background-repeat":"repeat","background-position":"center center","background-size":"auto","background-attachment":"scroll","background-type":"","background-media":"","overlay-type":"","overlay-color":"","overlay-opacity":"","overlay-gradient":""}}},"product_brand":[],"product_cat":[17,289,278],"product_tag":[],"class_list":{"0":"post-1929","1":"product","2":"type-product","3":"status-publish","4":"has-post-thumbnail","6":"product_cat-bandelin","7":"product_cat-bandelin-svi-proizvodi","8":"product_cat-ultrazvucna-kupatila","9":"desktop-align-left","10":"tablet-align-left","11":"mobile-align-left","13":"first","14":"instock","15":"shipping-taxable","16":"product-type-simple"},"_links":{"self":[{"href":"https:\/\/sr.cadicap.rs\/sr\/wp-json\/wp\/v2\/product\/1929","targetHints":{"allow":["GET"]}}],"collection":[{"href":"https:\/\/sr.cadicap.rs\/sr\/wp-json\/wp\/v2\/product"}],"about":[{"href":"https:\/\/sr.cadicap.rs\/sr\/wp-json\/wp\/v2\/types\/product"}],"version-history":[{"count":0,"href":"https:\/\/sr.cadicap.rs\/sr\/wp-json\/wp\/v2\/product\/1929\/revisions"}],"wp:featuredmedia":[{"embeddable":true,"href":"https:\/\/sr.cadicap.rs\/sr\/wp-json\/wp\/v2\/media\/1936"}],"wp:attachment":[{"href":"https:\/\/sr.cadicap.rs\/sr\/wp-json\/wp\/v2\/media?parent=1929"}],"wp:term":[{"taxonomy":"product_brand","embeddable":true,"href":"https:\/\/sr.cadicap.rs\/sr\/wp-json\/wp\/v2\/product_brand?post=1929"},{"taxonomy":"product_cat","embeddable":true,"href":"https:\/\/sr.cadicap.rs\/sr\/wp-json\/wp\/v2\/product_cat?post=1929"},{"taxonomy":"product_tag","embeddable":true,"href":"https:\/\/sr.cadicap.rs\/sr\/wp-json\/wp\/v2\/product_tag?post=1929"}],"curies":[{"name":"wp","href":"https:\/\/api.w.org\/{rel}","templated":true}]}}