{"id":1997,"date":"2023-09-19T07:44:25","date_gmt":"2023-09-19T07:44:25","guid":{"rendered":"https\/\/cadicap.rs\/?post_type=product&#038;p=1997"},"modified":"2023-10-06T21:18:37","modified_gmt":"2023-10-06T21:18:37","slug":"sonoshake-dt-1028-f-ultrazvucna-kupatila","status":"publish","type":"product","link":"https:\/\/sr.cadicap.rs\/sr\/proizvod\/sonoshake-dt-1028-f-ultrazvucna-kupatila\/","title":{"rendered":"SONOSHAKE DT 1028 F &#8211; ultrazvu\u010dna kupatila"},"content":{"rendered":"<p>&#8211; SONOSHAKE nudi \u0161irok spektar moguc\u0301ih upotreba za pripremu uzoraka u mnogim oblastima analize, npr. B. u analizi \u017eivotne sredine i hrane, kao i u medicinskoj dijagnostici.<\/p>\n<p>&#8211; Svaki sediment u uzorku mo\u017ee se rastvoriti definisanim muc\u0301kanjem.<\/p>\n<p>&#8211; Dodatni ultrazvuk dovodi do homogenizacije.<\/p>\n<p><strong>Ultrazvu\u010dna kupatila DT 1028 F<\/strong><\/p>\n<p>&#8211; Svako ko vec\u0301 ima SONOREX DIGITEC DT 1028 F ultrazvu\u010dna kupatila mo\u017ee lako da je naknadno ugradi sa SA 1028 nastavkom za tresenje.<\/p>\n<p>&#8211; Uzorci se mogu obra\u0111ivati ultrazvukom i unutar definisanog vremena iu kontinuiranom radu.<\/p>\n<p>&#8211; Moguc\u0301a je i brza degazacija pomoc\u0301u funkcije DEGAS.<\/p>\n<p>&#8211; Dodatak za tresenje omoguc\u0301ava ne\u017eno do sna\u017eno horizontalno kretanje do maksimalno 20 mm koristec\u0301i \u010detiri razli\u010dite frekvencije tresanja.<\/p>\n<p>&#8211; Oba procesa se mogu odvijati istovremeno ili odvojeno.<\/p>\n<p>&#8211; Na primer, sa definisanom frekvencijom muc\u0301kanja, prethomogenizacija i kona\u010dna homogenizacija ultrazvukom se posti\u017eu za znatno krac\u0301e vreme.<\/p>\n<p><strong>SONOSHAKE dodatak za tre\u0161enje SA 1028<\/strong><\/p>\n<p>&#8211; Analogno pode\u0161avanje vremena i frekvencije podrhtavanja<\/p>\n<p>&#8211; Horizontalno kretanje: podesivo u 4 nivoa<\/p>\n<p>&#8211; Konstantna amplituda 20 mm, bez obzira na opterec\u0301enje<\/p>\n<p>&#8211; Lako uklanjanje valjkastog nosa\u010da<\/p>\n<p>&#8211; Brza monta\u017ea monta\u017enih nosa\u010da<\/p>\n<p>&#8211; EK 10 \u2013 250 za laboratorijske bo\u010dice (naru\u010dite posebno)<\/p>\n<p>&#8211; Prostor za laboratorijske boce pribli\u017eno \u00a0(D\u00d7\u0160):\u00a0410 * 280 mm<\/p>\n<p><strong>Boce<\/strong><\/p>\n<p>&#8211; 36 \u00d7 10 ml<\/p>\n<p>&#8211; 36 \u00d7 25 ml<\/p>\n<p>&#8211; 18 \u00d7 50 ml<\/p>\n<p>&#8211; 12 \u00d7 100 ml<\/p>\n<p>&#8211; 10 \u00d7 250 ml<\/p>\n<p>&#8211; Ukupni otisak pribli\u017eno (D \u00d7 \u0160): \u00a0850 * 360 mm<\/p>\n<p>&nbsp;<\/p>\n<p>Vi\u0161e tehni\u010dkih detalja mo\u017eete pogledati na :<\/p>\n<blockquote class=\"wp-embedded-content\" data-secret=\"Bn58WzxNxO\"><p><a href=\"https:\/\/bandelin.com\/produkte\/labor\/sonoshake\/\">Sonoshake<\/a><\/p><\/blockquote>\n<p><iframe class=\"wp-embedded-content\" sandbox=\"allow-scripts\" security=\"restricted\" style=\"position: absolute; clip: rect(1px, 1px, 1px, 1px);\" title=\"&#8222;Sonoshake&#8220; &#8212; BANDELIN electronic GmbH &amp; Co. KG\" src=\"https:\/\/bandelin.com\/produkte\/labor\/sonoshake\/embed\/#?secret=m04LEkhJKB#?secret=Bn58WzxNxO\" data-secret=\"Bn58WzxNxO\" width=\"500\" height=\"282\" frameborder=\"0\" marginwidth=\"0\" marginheight=\"0\" scrolling=\"no\"><\/iframe><\/p>\n<p>&nbsp;<\/p>\n<p>&nbsp;<\/p>\n<p>&nbsp;<\/p>","protected":false},"excerpt":{"rendered":"<p>&#8211; SONOSHAKE nudi \u0161irok spektar moguc\u0301ih upotreba za pripremu uzoraka u mnogim oblastima analize, npr. B. u analizi \u017eivotne sredine i hrane, kao i u medicinskoj dijagnostici. &#8211; Svaki sediment u uzorku mo\u017ee se rastvoriti definisanim muc\u0301kanjem. &#8211; Dodatni ultrazvuk dovodi do homogenizacije. Ultrazvu\u010dna kupatila DT 1028 F &#8211; Svako ko vec\u0301 ima SONOREX DIGITEC [&hellip;]<\/p>\n","protected":false},"featured_media":2032,"template":"","meta":{"site-sidebar-layout":"default","site-content-layout":"","ast-site-content-layout":"default","site-content-style":"default","site-sidebar-style":"default","ast-global-header-display":"","ast-banner-title-visibility":"","ast-main-header-display":"","ast-hfb-above-header-display":"","ast-hfb-below-header-display":"","ast-hfb-mobile-header-display":"","site-post-title":"","ast-breadcrumbs-content":"","ast-featured-img":"","footer-sml-layout":"","ast-disable-related-posts":"","theme-transparent-header-meta":"default","adv-header-id-meta":"","stick-header-meta":"","header-above-stick-meta":"","header-main-stick-meta":"","header-below-stick-meta":"","astra-migrate-meta-layouts":"set","ast-page-background-enabled":"default","ast-page-background-meta":{"desktop":{"background-color":"var(--ast-global-color-4)","background-image":"","background-repeat":"repeat","background-position":"center center","background-size":"auto","background-attachment":"scroll","background-type":"","background-media":"","overlay-type":"","overlay-color":"","overlay-opacity":"","overlay-gradient":""},"tablet":{"background-color":"","background-image":"","background-repeat":"repeat","background-position":"center center","background-size":"auto","background-attachment":"scroll","background-type":"","background-media":"","overlay-type":"","overlay-color":"","overlay-opacity":"","overlay-gradient":""},"mobile":{"background-color":"","background-image":"","background-repeat":"repeat","background-position":"center center","background-size":"auto","background-attachment":"scroll","background-type":"","background-media":"","overlay-type":"","overlay-color":"","overlay-opacity":"","overlay-gradient":""}},"ast-content-background-meta":{"desktop":{"background-color":"var(--ast-global-color-5)","background-image":"","background-repeat":"repeat","background-position":"center center","background-size":"auto","background-attachment":"scroll","background-type":"","background-media":"","overlay-type":"","overlay-color":"","overlay-opacity":"","overlay-gradient":""},"tablet":{"background-color":"var(--ast-global-color-5)","background-image":"","background-repeat":"repeat","background-position":"center center","background-size":"auto","background-attachment":"scroll","background-type":"","background-media":"","overlay-type":"","overlay-color":"","overlay-opacity":"","overlay-gradient":""},"mobile":{"background-color":"var(--ast-global-color-5)","background-image":"","background-repeat":"repeat","background-position":"center center","background-size":"auto","background-attachment":"scroll","background-type":"","background-media":"","overlay-type":"","overlay-color":"","overlay-opacity":"","overlay-gradient":""}}},"product_brand":[],"product_cat":[17,289,278],"product_tag":[],"class_list":{"0":"post-1997","1":"product","2":"type-product","3":"status-publish","4":"has-post-thumbnail","6":"product_cat-bandelin","7":"product_cat-bandelin-svi-proizvodi","8":"product_cat-ultrazvucna-kupatila","9":"desktop-align-left","10":"tablet-align-left","11":"mobile-align-left","13":"first","14":"instock","15":"shipping-taxable","16":"product-type-simple"},"_links":{"self":[{"href":"https:\/\/sr.cadicap.rs\/sr\/wp-json\/wp\/v2\/product\/1997","targetHints":{"allow":["GET"]}}],"collection":[{"href":"https:\/\/sr.cadicap.rs\/sr\/wp-json\/wp\/v2\/product"}],"about":[{"href":"https:\/\/sr.cadicap.rs\/sr\/wp-json\/wp\/v2\/types\/product"}],"version-history":[{"count":0,"href":"https:\/\/sr.cadicap.rs\/sr\/wp-json\/wp\/v2\/product\/1997\/revisions"}],"wp:featuredmedia":[{"embeddable":true,"href":"https:\/\/sr.cadicap.rs\/sr\/wp-json\/wp\/v2\/media\/2032"}],"wp:attachment":[{"href":"https:\/\/sr.cadicap.rs\/sr\/wp-json\/wp\/v2\/media?parent=1997"}],"wp:term":[{"taxonomy":"product_brand","embeddable":true,"href":"https:\/\/sr.cadicap.rs\/sr\/wp-json\/wp\/v2\/product_brand?post=1997"},{"taxonomy":"product_cat","embeddable":true,"href":"https:\/\/sr.cadicap.rs\/sr\/wp-json\/wp\/v2\/product_cat?post=1997"},{"taxonomy":"product_tag","embeddable":true,"href":"https:\/\/sr.cadicap.rs\/sr\/wp-json\/wp\/v2\/product_tag?post=1997"}],"curies":[{"name":"wp","href":"https:\/\/api.w.org\/{rel}","templated":true}]}}