{"id":1999,"date":"2023-09-19T08:21:38","date_gmt":"2023-09-19T08:21:38","guid":{"rendered":"http:\/\/https\/\/cadicap.rs\/?post_type=product&#038;p=1999"},"modified":"2025-10-16T10:31:28","modified_gmt":"2025-10-16T10:31:28","slug":"sonorex-technik-rm-zm-ultrazvucna-kupatila","status":"publish","type":"product","link":"https:\/\/sr.cadicap.rs\/sr\/proizvod\/sonorex-technik-rm-zm-ultrazvucna-kupatila\/","title":{"rendered":"SONOREX TECHNIK RM \/ ZM \u2013 ultrazvu\u010dna kupatila"},"content":{"rendered":"<p>&#8211; Na\u0161i profesionalni ultrazvu\u010dni \u010dista\u010di iz programa SONOREX TECHNIK koriste se u industriji i servisu za efikasno \u010di\u0161c\u0301enje delova.<\/p>\n<p>&#8211; Oblasti primene uklju\u010duju \u010di\u0161c\u0301enje filtera, ventila, mlaznica za ubrizgavanje, karburatora, tokovanih delova, alata, svec\u0301ica i jo\u0161 mnogo toga.<\/p>\n<p>&#8211; Za optimalne rezultate \u010di\u0161c\u0301enja nudimo vam \u0161irok spektar odgovarajuc\u0301ih proizvoda za \u010di\u0161c\u0301enje.<\/p>\n<p>&#8211; Ultrazvu\u010dni \u010dista\u010d visokih performansi za raznovrsne primene<\/p>\n<p>&#8211; Proverene i posebno robusne SONOREX ultrazvu\u010dna kupatila \u010diste temeljno i ne\u017eno koristec\u0301i intenzivne mehuric\u0301e kavitacije, \u010dak i na te\u0161ko dostupnim mestima predmeta za \u010di\u0161c\u0301enje.<\/p>\n<p>&#8211; Okretna ru\u010dka koja je jednostavna za kori\u0161c\u0301enje omoguc\u0301ava vam da lako podesite trajanje \u010di\u0161c\u0301enja.<\/p>\n<p>&#8211; Za optimalno koordinisano ultrazvu\u010dno \u010di\u0161c\u0301enje, odgovarajuc\u0301e korpe, poklopci i koncentrati za \u010di\u0161c\u0301enje i dezinfekciju dostupni su kao dodatna oprema.<\/p>\n<p>Lako pu\u0161tanje u rad<\/p>\n<p>&#8211; Uklju\u010dite ga, pove\u017eite priklju\u010dak za otpadnu vodu<\/p>\n<p>Level marking<\/p>\n<p>&#8211; za bezbedno i ta\u010dno punjenje ure\u0111aja<\/p>\n<p>\u0160tede energiju<\/p>\n<p>&#8211; Tako\u0111e za male koli\u010dine \u010di\u0161c\u0301enja<\/p>\n<p>Dodatna oprema<\/p>\n<p>&#8211; Za optimalno koordinisano ultrazvu\u010dno \u010di\u0161c\u0301enje, kao dodatna oprema su dostupne odgovarajuc\u0301e korpe, poklopci i koncentrati za \u010di\u0161c\u0301enje i dezinfekciju.<\/p>\n<p>Za\u0161tita vode IP 33<\/p>\n<p>&#8211; Zahvaljujuc\u0301i stalno priklju\u010denom kablu za napajanje i prednjem delu kuc\u0301i\u0161ta nepropusnog za te\u010dnost<\/p>\n<p>Temperatura<\/p>\n<p>&#8211; Sa podesivim temperaturnim opsegom od: 30 &#8211; 80 \u00b0C<\/p>\n<p>&nbsp;<\/p>\n<p>Vi\u0161e tehni\u010dkih detalja mo\u017eete pogledati na :<\/p>\n<p>&nbsp;<\/p>\n<blockquote class=\"wp-embedded-content\" data-secret=\"nr6ZwFa1sr\"><p><a href=\"https:\/\/bandelin.com\/produkte\/industrie\/sonorex-technik-rm-zm\/\">SONOREX TECHNIK RM \/ ZM<\/a><\/p><\/blockquote>\n<p><iframe class=\"wp-embedded-content\" sandbox=\"allow-scripts\" security=\"restricted\" style=\"position: absolute; visibility: hidden;\" title=\"&#8222;SONOREX TECHNIK RM \/ ZM&#8220; &#8212; BANDELIN electronic GmbH &amp; Co. KG\" src=\"https:\/\/bandelin.com\/produkte\/industrie\/sonorex-technik-rm-zm\/embed\/#?secret=hg78n9xmPz#?secret=nr6ZwFa1sr\" data-secret=\"nr6ZwFa1sr\" width=\"500\" height=\"282\" frameborder=\"0\" marginwidth=\"0\" marginheight=\"0\" scrolling=\"no\"><\/iframe><\/p>\n<p>&nbsp;<\/p>\n<p>&nbsp;<\/p>\n<p>&nbsp;<\/p>\n<p>&nbsp;<\/p>\n<p>&nbsp;<\/p>","protected":false},"excerpt":{"rendered":"<p>&#8211; Na\u0161i profesionalni ultrazvu\u010dni \u010dista\u010di iz programa SONOREX TECHNIK koriste se u industriji i servisu za efikasno \u010di\u0161c\u0301enje delova. &#8211; Oblasti primene uklju\u010duju \u010di\u0161c\u0301enje filtera, ventila, mlaznica za ubrizgavanje, karburatora, tokovanih delova, alata, svec\u0301ica i jo\u0161 mnogo toga. &#8211; Za optimalne rezultate \u010di\u0161c\u0301enja nudimo vam \u0161irok spektar odgovarajuc\u0301ih proizvoda za \u010di\u0161c\u0301enje. &#8211; Ultrazvu\u010dni \u010dista\u010d visokih [&hellip;]<\/p>\n","protected":false},"featured_media":2036,"template":"","meta":{"site-sidebar-layout":"default","site-content-layout":"","ast-site-content-layout":"default","site-content-style":"default","site-sidebar-style":"default","ast-global-header-display":"","ast-banner-title-visibility":"","ast-main-header-display":"","ast-hfb-above-header-display":"","ast-hfb-below-header-display":"","ast-hfb-mobile-header-display":"","site-post-title":"","ast-breadcrumbs-content":"","ast-featured-img":"","footer-sml-layout":"","ast-disable-related-posts":"","theme-transparent-header-meta":"default","adv-header-id-meta":"","stick-header-meta":"","header-above-stick-meta":"","header-main-stick-meta":"","header-below-stick-meta":"","astra-migrate-meta-layouts":"set","ast-page-background-enabled":"default","ast-page-background-meta":{"desktop":{"background-color":"var(--ast-global-color-4)","background-image":"","background-repeat":"repeat","background-position":"center center","background-size":"auto","background-attachment":"scroll","background-type":"","background-media":"","overlay-type":"","overlay-color":"","overlay-opacity":"","overlay-gradient":""},"tablet":{"background-color":"","background-image":"","background-repeat":"repeat","background-position":"center center","background-size":"auto","background-attachment":"scroll","background-type":"","background-media":"","overlay-type":"","overlay-color":"","overlay-opacity":"","overlay-gradient":""},"mobile":{"background-color":"","background-image":"","background-repeat":"repeat","background-position":"center center","background-size":"auto","background-attachment":"scroll","background-type":"","background-media":"","overlay-type":"","overlay-color":"","overlay-opacity":"","overlay-gradient":""}},"ast-content-background-meta":{"desktop":{"background-color":"var(--ast-global-color-5)","background-image":"","background-repeat":"repeat","background-position":"center center","background-size":"auto","background-attachment":"scroll","background-type":"","background-media":"","overlay-type":"","overlay-color":"","overlay-opacity":"","overlay-gradient":""},"tablet":{"background-color":"var(--ast-global-color-5)","background-image":"","background-repeat":"repeat","background-position":"center center","background-size":"auto","background-attachment":"scroll","background-type":"","background-media":"","overlay-type":"","overlay-color":"","overlay-opacity":"","overlay-gradient":""},"mobile":{"background-color":"var(--ast-global-color-5)","background-image":"","background-repeat":"repeat","background-position":"center center","background-size":"auto","background-attachment":"scroll","background-type":"","background-media":"","overlay-type":"","overlay-color":"","overlay-opacity":"","overlay-gradient":""}}},"product_brand":[],"product_cat":[17,289,21,278],"product_tag":[],"class_list":{"0":"post-1999","1":"product","2":"type-product","3":"status-publish","4":"has-post-thumbnail","6":"product_cat-bandelin","7":"product_cat-bandelin-svi-proizvodi","8":"product_cat-cadicap","9":"product_cat-ultrazvucna-kupatila","10":"desktop-align-left","11":"tablet-align-left","12":"mobile-align-left","14":"first","15":"instock","16":"shipping-taxable","17":"product-type-simple"},"_links":{"self":[{"href":"https:\/\/sr.cadicap.rs\/sr\/wp-json\/wp\/v2\/product\/1999","targetHints":{"allow":["GET"]}}],"collection":[{"href":"https:\/\/sr.cadicap.rs\/sr\/wp-json\/wp\/v2\/product"}],"about":[{"href":"https:\/\/sr.cadicap.rs\/sr\/wp-json\/wp\/v2\/types\/product"}],"version-history":[{"count":0,"href":"https:\/\/sr.cadicap.rs\/sr\/wp-json\/wp\/v2\/product\/1999\/revisions"}],"wp:featuredmedia":[{"embeddable":true,"href":"https:\/\/sr.cadicap.rs\/sr\/wp-json\/wp\/v2\/media\/2036"}],"wp:attachment":[{"href":"https:\/\/sr.cadicap.rs\/sr\/wp-json\/wp\/v2\/media?parent=1999"}],"wp:term":[{"taxonomy":"product_brand","embeddable":true,"href":"https:\/\/sr.cadicap.rs\/sr\/wp-json\/wp\/v2\/product_brand?post=1999"},{"taxonomy":"product_cat","embeddable":true,"href":"https:\/\/sr.cadicap.rs\/sr\/wp-json\/wp\/v2\/product_cat?post=1999"},{"taxonomy":"product_tag","embeddable":true,"href":"https:\/\/sr.cadicap.rs\/sr\/wp-json\/wp\/v2\/product_tag?post=1999"}],"curies":[{"name":"wp","href":"https:\/\/api.w.org\/{rel}","templated":true}]}}