{"id":200,"date":"2023-08-12T19:08:59","date_gmt":"2023-08-12T19:08:59","guid":{"rendered":"https\/\/cadicap.rs\/?post_type=product&#038;p=200"},"modified":"2023-10-06T21:47:31","modified_gmt":"2023-10-06T21:47:31","slug":"distri-box-4-prenosnik","status":"publish","type":"product","link":"https:\/\/sr.cadicap.rs\/sr\/proizvod\/distri-box-4-prenosnik\/","title":{"rendered":"Distri BOX 4 &#8211; prenosnik"},"content":{"rendered":"<p>&#8216;- \u010cetvorostruki prenosnik<\/p>\n<p>&#8211; \u010cetvorostruki prenosnik za sinhronizovani rad 4 pogona za me\u0161anje sa jednim MIX control 20 ili MIX control 40.<\/p>\n<p>&#8211; Identi\u010dni uslovi rada, sinhrone brzine, ista snaga me\u0161anja, za\u0161tic\u0301eno kuc\u0301i\u0161te od ner\u0111ajuc\u0301eg \u010delika koje \u0161tedi prostor.<\/p>\n<h6>Tehni\u010dki podaci<\/h6>\n<p><strong>TIP\u00a0 \u00a0 Prenosnik distri BOX 4<\/strong><\/p>\n<p>&#8211; Veze: 4<br \/>\n&#8211; Dimenzije (\u0160*D*V): 48*48*25 mm<br \/>\n&#8211; Te\u017eina (bruto): pribli\u017eno 0,19 kg<br \/>\n&#8211; Narud\u017ebina br.: 49004<\/p>","protected":false},"excerpt":{"rendered":"<p>&#8216;- \u010cetvorostruki prenosnik &#8211; \u010cetvorostruki prenosnik za sinhronizovani rad 4 pogona za me\u0161anje sa jednim MIX control 20 ili MIX control 40. &#8211; Identi\u010dni uslovi rada, sinhrone brzine, ista snaga me\u0161anja, za\u0161tic\u0301eno kuc\u0301i\u0161te od ner\u0111ajuc\u0301eg \u010delika koje \u0161tedi prostor. Tehni\u010dki podaci TIP\u00a0 \u00a0 Prenosnik distri BOX 4 &#8211; Veze: 4 &#8211; Dimenzije (\u0160*D*V): 48*48*25 mm [&hellip;]<\/p>\n","protected":false},"featured_media":276,"template":"","meta":{"site-sidebar-layout":"default","site-content-layout":"","ast-site-content-layout":"default","site-content-style":"default","site-sidebar-style":"default","ast-global-header-display":"","ast-banner-title-visibility":"","ast-main-header-display":"","ast-hfb-above-header-display":"","ast-hfb-below-header-display":"","ast-hfb-mobile-header-display":"","site-post-title":"","ast-breadcrumbs-content":"","ast-featured-img":"","footer-sml-layout":"","ast-disable-related-posts":"","theme-transparent-header-meta":"","adv-header-id-meta":"","stick-header-meta":"","header-above-stick-meta":"","header-main-stick-meta":"","header-below-stick-meta":"","astra-migrate-meta-layouts":"default","ast-page-background-enabled":"default","ast-page-background-meta":{"desktop":{"background-color":"var(--ast-global-color-4)","background-image":"","background-repeat":"repeat","background-position":"center center","background-size":"auto","background-attachment":"scroll","background-type":"","background-media":"","overlay-type":"","overlay-color":"","overlay-opacity":"","overlay-gradient":""},"tablet":{"background-color":"","background-image":"","background-repeat":"repeat","background-position":"center center","background-size":"auto","background-attachment":"scroll","background-type":"","background-media":"","overlay-type":"","overlay-color":"","overlay-opacity":"","overlay-gradient":""},"mobile":{"background-color":"","background-image":"","background-repeat":"repeat","background-position":"center center","background-size":"auto","background-attachment":"scroll","background-type":"","background-media":"","overlay-type":"","overlay-color":"","overlay-opacity":"","overlay-gradient":""}},"ast-content-background-meta":{"desktop":{"background-color":"var(--ast-global-color-5)","background-image":"","background-repeat":"repeat","background-position":"center center","background-size":"auto","background-attachment":"scroll","background-type":"","background-media":"","overlay-type":"","overlay-color":"","overlay-opacity":"","overlay-gradient":""},"tablet":{"background-color":"var(--ast-global-color-5)","background-image":"","background-repeat":"repeat","background-position":"center center","background-size":"auto","background-attachment":"scroll","background-type":"","background-media":"","overlay-type":"","overlay-color":"","overlay-opacity":"","overlay-gradient":""},"mobile":{"background-color":"var(--ast-global-color-5)","background-image":"","background-repeat":"repeat","background-position":"center center","background-size":"auto","background-attachment":"scroll","background-type":"","background-media":"","overlay-type":"","overlay-color":"","overlay-opacity":"","overlay-gradient":""}}},"product_brand":[],"product_cat":[290,103,27],"product_tag":[],"class_list":{"0":"post-200","1":"product","2":"type-product","3":"status-publish","4":"has-post-thumbnail","6":"product_cat-2mag-svi-proizvodi","7":"product_cat-dodatna-oprema","8":"product_cat-mag","9":"desktop-align-left","10":"tablet-align-left","11":"mobile-align-left","13":"first","14":"instock","15":"shipping-taxable","16":"product-type-simple"},"_links":{"self":[{"href":"https:\/\/sr.cadicap.rs\/sr\/wp-json\/wp\/v2\/product\/200","targetHints":{"allow":["GET"]}}],"collection":[{"href":"https:\/\/sr.cadicap.rs\/sr\/wp-json\/wp\/v2\/product"}],"about":[{"href":"https:\/\/sr.cadicap.rs\/sr\/wp-json\/wp\/v2\/types\/product"}],"version-history":[{"count":0,"href":"https:\/\/sr.cadicap.rs\/sr\/wp-json\/wp\/v2\/product\/200\/revisions"}],"wp:featuredmedia":[{"embeddable":true,"href":"https:\/\/sr.cadicap.rs\/sr\/wp-json\/wp\/v2\/media\/276"}],"wp:attachment":[{"href":"https:\/\/sr.cadicap.rs\/sr\/wp-json\/wp\/v2\/media?parent=200"}],"wp:term":[{"taxonomy":"product_brand","embeddable":true,"href":"https:\/\/sr.cadicap.rs\/sr\/wp-json\/wp\/v2\/product_brand?post=200"},{"taxonomy":"product_cat","embeddable":true,"href":"https:\/\/sr.cadicap.rs\/sr\/wp-json\/wp\/v2\/product_cat?post=200"},{"taxonomy":"product_tag","embeddable":true,"href":"https:\/\/sr.cadicap.rs\/sr\/wp-json\/wp\/v2\/product_tag?post=200"}],"curies":[{"name":"wp","href":"https:\/\/api.w.org\/{rel}","templated":true}]}}