{"id":2002,"date":"2023-09-19T08:55:56","date_gmt":"2023-09-19T08:55:56","guid":{"rendered":"http:\/\/https\/\/cadicap.rs\/?post_type=product&#038;p=2002"},"modified":"2024-04-09T10:12:18","modified_gmt":"2024-04-09T10:12:18","slug":"sonorex-cnp-28-2-ultrazvucna-kupatila","status":"publish","type":"product","link":"https:\/\/sr.cadicap.rs\/sr\/proizvod\/sonorex-cnp-28-2-ultrazvucna-kupatila\/","title":{"rendered":"SONOREX CNP 28-2 \u2013 ultrazvu\u010dna kupatila"},"content":{"rendered":"<p>&#8211; Efikasno \u010di\u0161c\u0301enje kori\u0161c\u0301enjem CNp procesa (Ciclic Nucleation Process), kombinacije ultrazvu\u010dnog i pulsnog usisavanja u kompaktnom ure\u0111aju.<\/p>\n<p>&#8211; Za \u010di\u0161c\u0301enje slo\u017eenih komponenti, kapilarnih \u0161upljina, creva ili rasutih tereta bez ostataka.<\/p>\n<p>&#8211; Ultrazvu\u010dna kupatila visokih performansi sa impulsnim vakuumom.<\/p>\n<p>&#8211; Nakon skoro tri godine razvoja, BANDELIN i LPV kreirali su prvi masovno proizveden ure\u0111aj za \u010di\u0161c\u0301enje koji kombinuje prednosti ultrazvu\u010dnog i pulsnog usisavanja<\/p>\n<p>u kompaktnom dizajnu.<\/p>\n<p>&#8211; To zna\u010di da se visoko efikasni procesi \u010di\u0161c\u0301enja mogu sprovesti ekonomi\u010dno \u010dak i pri niskim stopama protoka.<\/p>\n<p>&#8211; Nekomplikovano pode\u0161avanje, rad sa malim odr\u017eavanjem i rad prilago\u0111en korisniku \u010dine univerzalni kompaktni ure\u0111aj jo\u0161 efikasnijim.<\/p>\n<p>&#8211; Svestran za \u010di\u0161c\u0301enje u ma\u0161inskoj i aditivnoj proizvodnji, obradi slo\u017eene laboratorijske opreme, u proizvodnji medicinskih ure\u0111aja i elektronici.<em>\u00a0<\/em><\/p>\n<p><strong>Moderan ekran osetljiv na dodir<\/strong><\/p>\n<p>&#8211; Podeljeni ekran za individualni prikaz temperature i preostalog vremena programa doti\u010dne kade.<\/p>\n<p>&#8211; Kade se mogu aktivirati pojedina\u010dno ili istovremeno pomoc\u0301u dugmadi za brze funkcije, start i stop.<\/p>\n<p>&#8211; Za udobnu zamenu te\u010dnosti za kupanje, kade se mogu isprazniti pritiskom na dugme.<\/p>\n<p>&#8211; Nakon unosa lozinke, mogu se konfigurisati pojedina\u010dni parametri procesa kao \u0161to su temperatura kupatila i vreme rada programa.<\/p>\n<p>&#8211; Pored toga, funkcije vakuuma, ultrazvuka i grejanja mogu se deaktivirati za odre\u0111ene procese \u010di\u0161c\u0301enja.<\/p>\n<p><strong>Kade<\/strong><\/p>\n<p>&#8211; Nagnuto dno kade omoguc\u0301ava da se kade isprazne bez ostavljanja bilo kakvog ostatka za zamenu upotrebljene te\u010dnosti za \u010di\u0161c\u0301enje.<\/p>\n<p>&#8211; Zaobljeni uglovi kade spre\u010davaju talo\u017eenje \u010destica prljav\u0161tine i olak\u0161avaju \u010di\u0161c\u0301enje kada.<\/p>\n<p>&#8211; Dok se vr\u0161i proces \u010di\u0161c\u0301enja, kada se puni sa 28 litara rastvora za \u010di\u0161c\u0301enje do utisnute oznake punjenja.<\/p>\n<p>&#8211; Iznad oznake punjenja nalazi se usisni otvor za stvaranje vakuuma u \u200b\u200bprostoru komore.<\/p>\n<p>&#8211; Zbog veoma velikih mehani\u010dkih sila vakuuma, kade su opremljene i elementima za oja\u010danje spolja.<\/p>\n<p><strong>Gumirane valjkasti to\u010dki\u010di<\/strong><\/p>\n<p>&#8211; Stabilne valjkaste stopice koje se mogu zaklju\u010dati pre\u010dnika 10 cm omoguc\u0301avaju lak transport do mesta ugradnje ure\u0111aja.<\/p>\n<p>&#8211; Oni tako\u0111e obezbe\u0111uju sigurno postolje na velikom broju podnih obloga.<\/p>\n<p>&nbsp;<\/p>\n<p>Vi\u0161e tehni\u010dkih detalja mo\u017eete pogledati na :<\/p>\n<p>&nbsp;<\/p>\n<blockquote class=\"wp-embedded-content\" data-secret=\"piD5l1TNsV\"><p><a href=\"https:\/\/bandelin.com\/produkte\/industrie\/sonorex-cnp-28-2\/\">SONOREX CNp 28-2<\/a><\/p><\/blockquote>\n<p><iframe class=\"wp-embedded-content\" sandbox=\"allow-scripts\" security=\"restricted\" style=\"position: absolute; clip: rect(1px, 1px, 1px, 1px);\" title=\"&#8222;SONOREX CNp 28-2&#8220; &#8212; BANDELIN electronic GmbH &amp; Co. KG\" src=\"https:\/\/bandelin.com\/produkte\/industrie\/sonorex-cnp-28-2\/embed\/#?secret=Ae9IpQXNzC#?secret=piD5l1TNsV\" data-secret=\"piD5l1TNsV\" width=\"500\" height=\"282\" frameborder=\"0\" marginwidth=\"0\" marginheight=\"0\" scrolling=\"no\"><\/iframe><\/p>\n<p>&nbsp;<\/p>\n<p>&nbsp;<\/p>\n<p>&nbsp;<\/p>\n<p>&nbsp;<\/p>\n<p>&nbsp;<\/p>\n<p>&nbsp;<\/p>\n<p>&nbsp;<\/p>","protected":false},"excerpt":{"rendered":"<p>&#8211; Efikasno \u010di\u0161c\u0301enje kori\u0161c\u0301enjem CNp procesa (Ciclic Nucleation Process), kombinacije ultrazvu\u010dnog i pulsnog usisavanja u kompaktnom ure\u0111aju. &#8211; Za \u010di\u0161c\u0301enje slo\u017eenih komponenti, kapilarnih \u0161upljina, creva ili rasutih tereta bez ostataka. &#8211; Ultrazvu\u010dna kupatila visokih performansi sa impulsnim vakuumom. &#8211; Nakon skoro tri godine razvoja, BANDELIN i LPV kreirali su prvi masovno proizveden ure\u0111aj za \u010di\u0161c\u0301enje [&hellip;]<\/p>\n","protected":false},"featured_media":2029,"template":"","meta":{"site-sidebar-layout":"default","site-content-layout":"","ast-site-content-layout":"default","site-content-style":"default","site-sidebar-style":"default","ast-global-header-display":"","ast-banner-title-visibility":"","ast-main-header-display":"","ast-hfb-above-header-display":"","ast-hfb-below-header-display":"","ast-hfb-mobile-header-display":"","site-post-title":"","ast-breadcrumbs-content":"","ast-featured-img":"","footer-sml-layout":"","ast-disable-related-posts":"","theme-transparent-header-meta":"default","adv-header-id-meta":"","stick-header-meta":"","header-above-stick-meta":"","header-main-stick-meta":"","header-below-stick-meta":"","astra-migrate-meta-layouts":"set","ast-page-background-enabled":"default","ast-page-background-meta":{"desktop":{"background-color":"var(--ast-global-color-4)","background-image":"","background-repeat":"repeat","background-position":"center center","background-size":"auto","background-attachment":"scroll","background-type":"","background-media":"","overlay-type":"","overlay-color":"","overlay-opacity":"","overlay-gradient":""},"tablet":{"background-color":"","background-image":"","background-repeat":"repeat","background-position":"center center","background-size":"auto","background-attachment":"scroll","background-type":"","background-media":"","overlay-type":"","overlay-color":"","overlay-opacity":"","overlay-gradient":""},"mobile":{"background-color":"","background-image":"","background-repeat":"repeat","background-position":"center center","background-size":"auto","background-attachment":"scroll","background-type":"","background-media":"","overlay-type":"","overlay-color":"","overlay-opacity":"","overlay-gradient":""}},"ast-content-background-meta":{"desktop":{"background-color":"var(--ast-global-color-5)","background-image":"","background-repeat":"repeat","background-position":"center center","background-size":"auto","background-attachment":"scroll","background-type":"","background-media":"","overlay-type":"","overlay-color":"","overlay-opacity":"","overlay-gradient":""},"tablet":{"background-color":"var(--ast-global-color-5)","background-image":"","background-repeat":"repeat","background-position":"center center","background-size":"auto","background-attachment":"scroll","background-type":"","background-media":"","overlay-type":"","overlay-color":"","overlay-opacity":"","overlay-gradient":""},"mobile":{"background-color":"var(--ast-global-color-5)","background-image":"","background-repeat":"repeat","background-position":"center center","background-size":"auto","background-attachment":"scroll","background-type":"","background-media":"","overlay-type":"","overlay-color":"","overlay-opacity":"","overlay-gradient":""}}},"product_brand":[],"product_cat":[17,289,21,278],"product_tag":[],"class_list":{"0":"post-2002","1":"product","2":"type-product","3":"status-publish","4":"has-post-thumbnail","6":"product_cat-bandelin","7":"product_cat-bandelin-svi-proizvodi","8":"product_cat-cadicap","9":"product_cat-ultrazvucna-kupatila","10":"desktop-align-left","11":"tablet-align-left","12":"mobile-align-left","14":"first","15":"instock","16":"shipping-taxable","17":"product-type-simple"},"_links":{"self":[{"href":"https:\/\/sr.cadicap.rs\/sr\/wp-json\/wp\/v2\/product\/2002","targetHints":{"allow":["GET"]}}],"collection":[{"href":"https:\/\/sr.cadicap.rs\/sr\/wp-json\/wp\/v2\/product"}],"about":[{"href":"https:\/\/sr.cadicap.rs\/sr\/wp-json\/wp\/v2\/types\/product"}],"version-history":[{"count":0,"href":"https:\/\/sr.cadicap.rs\/sr\/wp-json\/wp\/v2\/product\/2002\/revisions"}],"wp:featuredmedia":[{"embeddable":true,"href":"https:\/\/sr.cadicap.rs\/sr\/wp-json\/wp\/v2\/media\/2029"}],"wp:attachment":[{"href":"https:\/\/sr.cadicap.rs\/sr\/wp-json\/wp\/v2\/media?parent=2002"}],"wp:term":[{"taxonomy":"product_brand","embeddable":true,"href":"https:\/\/sr.cadicap.rs\/sr\/wp-json\/wp\/v2\/product_brand?post=2002"},{"taxonomy":"product_cat","embeddable":true,"href":"https:\/\/sr.cadicap.rs\/sr\/wp-json\/wp\/v2\/product_cat?post=2002"},{"taxonomy":"product_tag","embeddable":true,"href":"https:\/\/sr.cadicap.rs\/sr\/wp-json\/wp\/v2\/product_tag?post=2002"}],"curies":[{"name":"wp","href":"https:\/\/api.w.org\/{rel}","templated":true}]}}