{"id":2005,"date":"2023-09-19T10:16:20","date_gmt":"2023-09-19T10:16:20","guid":{"rendered":"http:\/\/https\/\/cadicap.rs\/?post_type=product&#038;p=2005"},"modified":"2025-01-24T11:50:31","modified_gmt":"2025-01-24T11:50:31","slug":"labocool-ultrazvucna-kupatila","status":"publish","type":"product","link":"https:\/\/sr.cadicap.rs\/sr\/proizvod\/labocool-ultrazvucna-kupatila\/","title":{"rendered":"SONOCOOL \u2013 ultrazvu\u010dna kupatila"},"content":{"rendered":"<p><strong>Za hla\u0111enje uzoraka tokom ultrazvu\u010dne primene<\/strong><\/p>\n<p>&#8211; Ultrazvu\u010dna kupatila sa hla\u0111enjem za upotrebu u laboratorijama za analizu i patologijama<\/p>\n<p><strong>Primeri za upotrebu u laboratoriji<\/strong><\/p>\n<p>&#8211; Potrebni uslovi konstantne temperature<\/p>\n<p>&#8211; Priprema uzorka za naknadnu analizu<\/p>\n<p>&#8211; Odre\u0111ivanje hemijskih i biolo\u0161kih agenasa (naro\u010dito analiza hroma (VI))<\/p>\n<p>&#8211; Rastvaranje \u010dvrstih materija u rastvara\u010du i degazacija eluenta<\/p>\n<p>&#8211; Prednost: materijali osetljivi na temperaturu nisu uni\u0161teni\/ugro\u017eeni<\/p>\n<p><strong>Primeri za upotrebu u patologiji<\/strong><\/p>\n<p>&#8211; Ubrzanje dekalcifikacije preparata glave femura, preparata tibijalne osovine, osteosarkoma<\/p>\n<p>&#8211; Ubrzanje dekalcifikacije tvrdog zubnog tkiva za histopatolo\u0161ki preparat<\/p>\n<p>&#8211; Prednost: zna\u010dajno smanjenje vremena dekalcifikacije bez negativnog uticaja na kvalitet pripreme i pobolj\u0161anje kvaliteta se\u010denja<\/p>\n<p>&nbsp;<\/p>\n<p>Vi\u0161e tehni\u010dkih detalja mo\u017eete pogledati na:<\/p>\n<blockquote class=\"wp-embedded-content\" data-secret=\"NVRhxeG9ic\"><p><a href=\"https:\/\/bandelin.com\/produkte\/labor\/sonocool\/\">Sonocool<\/a><\/p><\/blockquote>\n<p><iframe class=\"wp-embedded-content\" sandbox=\"allow-scripts\" security=\"restricted\" style=\"position: absolute; clip: rect(1px, 1px, 1px, 1px);\" title=\"&#8222;Sonocool&#8220; &#8212; BANDELIN electronic GmbH &amp; Co. KG\" src=\"https:\/\/bandelin.com\/produkte\/labor\/sonocool\/embed\/#?secret=VjzEksLzLD#?secret=NVRhxeG9ic\" data-secret=\"NVRhxeG9ic\" width=\"500\" height=\"282\" frameborder=\"0\" marginwidth=\"0\" marginheight=\"0\" scrolling=\"no\"><\/iframe><\/p>\n<p>&nbsp;<\/p>","protected":false},"excerpt":{"rendered":"<p>Za hla\u0111enje uzoraka tokom ultrazvu\u010dne primene &#8211; Ultrazvu\u010dna kupatila sa hla\u0111enjem za upotrebu u laboratorijama za analizu i patologijama Primeri za upotrebu u laboratoriji &#8211; Potrebni uslovi konstantne temperature &#8211; Priprema uzorka za naknadnu analizu &#8211; Odre\u0111ivanje hemijskih i biolo\u0161kih agenasa (naro\u010dito analiza hroma (VI)) &#8211; Rastvaranje \u010dvrstih materija u rastvara\u010du i degazacija eluenta &#8211; [&hellip;]<\/p>\n","protected":false},"featured_media":2025,"template":"","meta":{"site-sidebar-layout":"default","site-content-layout":"","ast-site-content-layout":"default","site-content-style":"default","site-sidebar-style":"default","ast-global-header-display":"","ast-banner-title-visibility":"","ast-main-header-display":"","ast-hfb-above-header-display":"","ast-hfb-below-header-display":"","ast-hfb-mobile-header-display":"","site-post-title":"","ast-breadcrumbs-content":"","ast-featured-img":"","footer-sml-layout":"","ast-disable-related-posts":"","theme-transparent-header-meta":"default","adv-header-id-meta":"","stick-header-meta":"","header-above-stick-meta":"","header-main-stick-meta":"","header-below-stick-meta":"","astra-migrate-meta-layouts":"set","ast-page-background-enabled":"default","ast-page-background-meta":{"desktop":{"background-color":"var(--ast-global-color-4)","background-image":"","background-repeat":"repeat","background-position":"center center","background-size":"auto","background-attachment":"scroll","background-type":"","background-media":"","overlay-type":"","overlay-color":"","overlay-opacity":"","overlay-gradient":""},"tablet":{"background-color":"","background-image":"","background-repeat":"repeat","background-position":"center center","background-size":"auto","background-attachment":"scroll","background-type":"","background-media":"","overlay-type":"","overlay-color":"","overlay-opacity":"","overlay-gradient":""},"mobile":{"background-color":"","background-image":"","background-repeat":"repeat","background-position":"center center","background-size":"auto","background-attachment":"scroll","background-type":"","background-media":"","overlay-type":"","overlay-color":"","overlay-opacity":"","overlay-gradient":""}},"ast-content-background-meta":{"desktop":{"background-color":"var(--ast-global-color-5)","background-image":"","background-repeat":"repeat","background-position":"center center","background-size":"auto","background-attachment":"scroll","background-type":"","background-media":"","overlay-type":"","overlay-color":"","overlay-opacity":"","overlay-gradient":""},"tablet":{"background-color":"var(--ast-global-color-5)","background-image":"","background-repeat":"repeat","background-position":"center center","background-size":"auto","background-attachment":"scroll","background-type":"","background-media":"","overlay-type":"","overlay-color":"","overlay-opacity":"","overlay-gradient":""},"mobile":{"background-color":"var(--ast-global-color-5)","background-image":"","background-repeat":"repeat","background-position":"center center","background-size":"auto","background-attachment":"scroll","background-type":"","background-media":"","overlay-type":"","overlay-color":"","overlay-opacity":"","overlay-gradient":""}}},"product_brand":[],"product_cat":[17,289,21,278],"product_tag":[],"class_list":{"0":"post-2005","1":"product","2":"type-product","3":"status-publish","4":"has-post-thumbnail","6":"product_cat-bandelin","7":"product_cat-bandelin-svi-proizvodi","8":"product_cat-cadicap","9":"product_cat-ultrazvucna-kupatila","10":"desktop-align-left","11":"tablet-align-left","12":"mobile-align-left","14":"first","15":"instock","16":"shipping-taxable","17":"product-type-simple"},"_links":{"self":[{"href":"https:\/\/sr.cadicap.rs\/sr\/wp-json\/wp\/v2\/product\/2005","targetHints":{"allow":["GET"]}}],"collection":[{"href":"https:\/\/sr.cadicap.rs\/sr\/wp-json\/wp\/v2\/product"}],"about":[{"href":"https:\/\/sr.cadicap.rs\/sr\/wp-json\/wp\/v2\/types\/product"}],"version-history":[{"count":0,"href":"https:\/\/sr.cadicap.rs\/sr\/wp-json\/wp\/v2\/product\/2005\/revisions"}],"wp:featuredmedia":[{"embeddable":true,"href":"https:\/\/sr.cadicap.rs\/sr\/wp-json\/wp\/v2\/media\/2025"}],"wp:attachment":[{"href":"https:\/\/sr.cadicap.rs\/sr\/wp-json\/wp\/v2\/media?parent=2005"}],"wp:term":[{"taxonomy":"product_brand","embeddable":true,"href":"https:\/\/sr.cadicap.rs\/sr\/wp-json\/wp\/v2\/product_brand?post=2005"},{"taxonomy":"product_cat","embeddable":true,"href":"https:\/\/sr.cadicap.rs\/sr\/wp-json\/wp\/v2\/product_cat?post=2005"},{"taxonomy":"product_tag","embeddable":true,"href":"https:\/\/sr.cadicap.rs\/sr\/wp-json\/wp\/v2\/product_tag?post=2005"}],"curies":[{"name":"wp","href":"https:\/\/api.w.org\/{rel}","templated":true}]}}