{"id":2010,"date":"2023-09-19T10:39:11","date_gmt":"2023-09-19T10:39:11","guid":{"rendered":"https\/\/cadicap.rs\/?post_type=product&#038;p=2010"},"modified":"2023-10-06T21:18:35","modified_gmt":"2023-10-06T21:18:35","slug":"labocool-laboratorijski-hladnjak","status":"publish","type":"product","link":"https:\/\/sr.cadicap.rs\/sr\/proizvod\/labocool-laboratorijski-hladnjak\/","title":{"rendered":"LABOCOOL \u2013 laboratorijski hladnjak"},"content":{"rendered":"<p><strong>Za hla\u0111enje uzoraka tokom ultrazvu\u010dne primene<\/strong><\/p>\n<p>&#8211; Laboratorijski hladnjak LABOCOOL LC 200<\/p>\n<p>&#8211; Laboratorijski hladnjak LABOCOOL LC 200 se koristi za odvo\u0111enje toplote procesa ili za hla\u0111enje uzoraka u otvorenim sudovima tokom ultrazvu\u010dne obrade pomoc\u0301u ultrazvu\u010dnog<\/p>\n<p>homogenizatora SONOPULS.<\/p>\n<p>&#8211; U pore\u0111enju sa konvencionalnim laboratorijskim hladnjacima, LC 200 karakteri\u0161e zatvoreni krug vode bez rezervoara za izjedna\u010davanje.<\/p>\n<p>&#8211; Ovo obezbe\u0111uje konstantan nivo vode u posudi za sonikaciju i spre\u010dava prelivanje.<\/p>\n<p>&#8211; Zbog prirodnog rashladnog sredstva R-290, laboratorijski hladnjak je posebno efikasan i pogodan za klimu.<\/p>\n<p><strong>Laboratorijski hladnjak LABOCOOL LC 400<\/strong><\/p>\n<p>&#8211;\u00a0 LABOCOOL LC 400 laboratorijski hladnjak se koristi za odvo\u0111enje toplote procesa ili za hla\u0111enje uzoraka tokom ultrazvu\u010dne obrade u ultrazvu\u010dnom kupatilu.<\/p>\n<p>&#8211; U pore\u0111enju sa konvencionalnim cirkulacionim hladnjacima, LC 400 karakteri\u0161e zatvoreni vodeni krug bez rezervoara za izjedna\u010davanje.<\/p>\n<p>&#8211; Ovo spre\u010dava prelivanje ultrazvu\u010dnog kupatila.<\/p>\n<p>&#8211; Zbog prirodnog rashladnog sredstva R-290, LC 400 je posebno efikasan i pogodan za klimu.<\/p>\n<p><strong>Laboratorijski hladnjak LABOCOOL LC 400<\/strong><\/p>\n<p>&#8211; LABOCOOL LC 400 laboratorijski hladnjak se koristi za odvo\u0111enje toplote procesa ili za hla\u0111enje uzoraka tokom ultrazvu\u010dne obrade u ultrazvu\u010dnom kupatilu.<\/p>\n<p>&#8211; U pore\u0111enju sa konvencionalnim cirkulacionim hladnjacima, LC 400 karakteri\u0161e zatvoreni vodeni krug bez rezervoara za izjedna\u010davanje.<\/p>\n<p>&#8211; Ovo spre\u010dava prelivanje ultrazvu\u010dnog kupatila.<\/p>\n<p>&#8211; Zbog prirodnog rashladnog sredstva R-290, LC 400 je posebno efikasan i pogodan za klimu.<\/p>\n<p>&#8211; Konstantantan nivo vode u posudi kroz zatvoreni vodeni krug bez rezervoara za izjedna\u010davanje<\/p>\n<p>&#8211; Odvod vode na dnu Sonorex ultrazvu\u010dnog kupatila<\/p>\n<p><strong>Primena sa hla\u0111enjem<\/strong><\/p>\n<p>&#8211; Sonikacija biolo\u0161kih uzoraka skrac\u0301uje vreme analize i omoguc\u0301ava ponovljivije rezultate.<\/p>\n<p>&#8211; Zbog uvedene visoke ultrazvu\u010dne energije, te\u010dnost sonikacije se zagreva za kratko vreme.<\/p>\n<p>&#8211; Da bi se uzorak za\u0161titio od preteranog unosa toplote, stoga je u mnogim primenama neophodno povezati poseban sistem za hla\u0111enje.<\/p>\n<p>&#8211; LABOCOOL LC 200 i LABOCOOL 400 nude kompletno re\u0161enje spremno za povezivanje za ovu aplikaciju sa uvek pravim hla\u0111enjem pritiskom na dugme.<\/p>\n<p>&nbsp;<\/p>\n<p>Sve tehni\u010dke detalje mo\u017eete pogledati na :<\/p>\n<p>&nbsp;<\/p>\n<p>https:\/\/bandelin.com\/produkte\/labor\/labocool\/<\/p>\n<p>&nbsp;<\/p>\n<p><em>\u00a0<\/em><\/p>\n<p>&nbsp;<\/p>\n<p><em>\u00a0<\/em><\/p>\n<p>&nbsp;<\/p>","protected":false},"excerpt":{"rendered":"<p>Za hla\u0111enje uzoraka tokom ultrazvu\u010dne primene &#8211; Laboratorijski hladnjak LABOCOOL LC 200 &#8211; Laboratorijski hladnjak LABOCOOL LC 200 se koristi za odvo\u0111enje toplote procesa ili za hla\u0111enje uzoraka u otvorenim sudovima tokom ultrazvu\u010dne obrade pomoc\u0301u ultrazvu\u010dnog homogenizatora SONOPULS. &#8211; U pore\u0111enju sa konvencionalnim laboratorijskim hladnjacima, LC 200 karakteri\u0161e zatvoreni krug vode bez rezervoara za izjedna\u010davanje. [&hellip;]<\/p>\n","protected":false},"featured_media":2021,"template":"","meta":{"site-sidebar-layout":"default","site-content-layout":"","ast-site-content-layout":"default","site-content-style":"default","site-sidebar-style":"default","ast-global-header-display":"","ast-banner-title-visibility":"","ast-main-header-display":"","ast-hfb-above-header-display":"","ast-hfb-below-header-display":"","ast-hfb-mobile-header-display":"","site-post-title":"","ast-breadcrumbs-content":"","ast-featured-img":"","footer-sml-layout":"","ast-disable-related-posts":"","theme-transparent-header-meta":"default","adv-header-id-meta":"","stick-header-meta":"","header-above-stick-meta":"","header-main-stick-meta":"","header-below-stick-meta":"","astra-migrate-meta-layouts":"set","ast-page-background-enabled":"default","ast-page-background-meta":{"desktop":{"background-color":"var(--ast-global-color-4)","background-image":"","background-repeat":"repeat","background-position":"center center","background-size":"auto","background-attachment":"scroll","background-type":"","background-media":"","overlay-type":"","overlay-color":"","overlay-opacity":"","overlay-gradient":""},"tablet":{"background-color":"","background-image":"","background-repeat":"repeat","background-position":"center center","background-size":"auto","background-attachment":"scroll","background-type":"","background-media":"","overlay-type":"","overlay-color":"","overlay-opacity":"","overlay-gradient":""},"mobile":{"background-color":"","background-image":"","background-repeat":"repeat","background-position":"center center","background-size":"auto","background-attachment":"scroll","background-type":"","background-media":"","overlay-type":"","overlay-color":"","overlay-opacity":"","overlay-gradient":""}},"ast-content-background-meta":{"desktop":{"background-color":"var(--ast-global-color-5)","background-image":"","background-repeat":"repeat","background-position":"center center","background-size":"auto","background-attachment":"scroll","background-type":"","background-media":"","overlay-type":"","overlay-color":"","overlay-opacity":"","overlay-gradient":""},"tablet":{"background-color":"var(--ast-global-color-5)","background-image":"","background-repeat":"repeat","background-position":"center center","background-size":"auto","background-attachment":"scroll","background-type":"","background-media":"","overlay-type":"","overlay-color":"","overlay-opacity":"","overlay-gradient":""},"mobile":{"background-color":"var(--ast-global-color-5)","background-image":"","background-repeat":"repeat","background-position":"center center","background-size":"auto","background-attachment":"scroll","background-type":"","background-media":"","overlay-type":"","overlay-color":"","overlay-opacity":"","overlay-gradient":""}}},"product_brand":[],"product_cat":[17,289,21,278],"product_tag":[],"class_list":{"0":"post-2010","1":"product","2":"type-product","3":"status-publish","4":"has-post-thumbnail","6":"product_cat-bandelin","7":"product_cat-bandelin-svi-proizvodi","8":"product_cat-cadicap","9":"product_cat-ultrazvucna-kupatila","10":"desktop-align-left","11":"tablet-align-left","12":"mobile-align-left","14":"first","15":"instock","16":"shipping-taxable","17":"product-type-simple"},"_links":{"self":[{"href":"https:\/\/sr.cadicap.rs\/sr\/wp-json\/wp\/v2\/product\/2010","targetHints":{"allow":["GET"]}}],"collection":[{"href":"https:\/\/sr.cadicap.rs\/sr\/wp-json\/wp\/v2\/product"}],"about":[{"href":"https:\/\/sr.cadicap.rs\/sr\/wp-json\/wp\/v2\/types\/product"}],"version-history":[{"count":0,"href":"https:\/\/sr.cadicap.rs\/sr\/wp-json\/wp\/v2\/product\/2010\/revisions"}],"wp:featuredmedia":[{"embeddable":true,"href":"https:\/\/sr.cadicap.rs\/sr\/wp-json\/wp\/v2\/media\/2021"}],"wp:attachment":[{"href":"https:\/\/sr.cadicap.rs\/sr\/wp-json\/wp\/v2\/media?parent=2010"}],"wp:term":[{"taxonomy":"product_brand","embeddable":true,"href":"https:\/\/sr.cadicap.rs\/sr\/wp-json\/wp\/v2\/product_brand?post=2010"},{"taxonomy":"product_cat","embeddable":true,"href":"https:\/\/sr.cadicap.rs\/sr\/wp-json\/wp\/v2\/product_cat?post=2010"},{"taxonomy":"product_tag","embeddable":true,"href":"https:\/\/sr.cadicap.rs\/sr\/wp-json\/wp\/v2\/product_tag?post=2010"}],"curies":[{"name":"wp","href":"https:\/\/api.w.org\/{rel}","templated":true}]}}