{"id":2012,"date":"2023-09-19T11:00:16","date_gmt":"2023-09-19T11:00:16","guid":{"rendered":"https\/\/cadicap.rs\/?post_type=product&#038;p=2012"},"modified":"2023-10-06T21:18:35","modified_gmt":"2023-10-06T21:18:35","slug":"2012","status":"publish","type":"product","link":"https:\/\/sr.cadicap.rs\/sr\/proizvod\/2012\/","title":{"rendered":"SONOMIC &#8211; ultrazvu\u010dna kupatila"},"content":{"rendered":"<p>&#8211; Ultrazvu\u010dna kupatila SONOMIC je specijalno razvijena za pripremu do 12 MIC instrumenata koji se mogu ispirati i dostupna je kao ultrazvu\u010dna kupatila MC 1001 i kao ultrazvu\u010dna<\/p>\n<p>kupatila za ugradnju MC 1001 E.<\/p>\n<p><strong>Priprema MIS instrumenta ultrazvukom<\/strong><\/p>\n<p>&#8211; Ono \u0161to je novo u vezi sa SONOMIC-om je da svaki instrument mo\u017ee da se dezinfikuje, o\u010disti i testira odvojeno koristec\u0301i sopstveni adapter vi\u0161estrukim ispiranjem sa distalnog kraja.<\/p>\n<p>&#8211; Sa identi\u010dnim adapterima, MIS instrumenti koji se mogu ispirati sa pre\u010dnikom od 3 do 10 mm mogu se povezati bez promene zaptivke.<\/p>\n<p>&#8211; Uklju\u010divanjem ultrazvuka tokom procesa usisnog ispiranja i tokom spoljne dezinfekcije, efekat dezinfekcije i \u010di\u0161c\u0301enja je odr\u017eivo pobolj\u0161an.<\/p>\n<p>&#8211; Upravlja se preko ekrana osetljivog na dodir, koji pru\u017ea informacije o trenutnom radnom koraku i ukupnom rezultatu.<\/p>\n<p>&#8211; Korisnik dobija jasna uputstva koja ga vode kroz pojedina\u010dne radne korake u operativnom programu.<\/p>\n<p>&#8211; Test integrisan u operativni program proverava kontinuitet svakog pojedina\u010dnog instrumenta, instrumenti koji nisu dosledni se pouzdano identifikuju.<\/p>\n<p>&#8211; SONOMIC ima koso postolje kade i zavareni G \u00be izliv sa kuglastim ventilom za brzo ispu\u0161tanje upotrebljene te\u010dnosti za kupanje i potpuno je pra\u017enjenje.<\/p>\n<p>&#8211; Ultrazvuk kao dodatak se automatski isklju\u010duje prilikom zagrevanja da bi se izbeglo odlo\u017eeno klju\u010danje<\/p>\n<p>&#8211; Ergonomski dizajniran korisni\u010dki interfejs, higijenski rad sa ekranom osetljivim na dodir<\/p>\n<p>&#8211; Prac\u0301enje temperature i nivoa<\/p>\n<p>&#8211; Nadzor temperature sa funkcijom protokola upozorenja<\/p>\n<p>&#8211; Dostupan kao sto ili ugra\u0111eni ure\u0111aj<\/p>\n<p>&#8211; Raznovrsna upotreba: mo\u017ee se koristiti za robotske instrumente, ali i za MIC koji se mo\u017ee ispirati i standardne instrumente<\/p>\n<p>&#8211; Patentirani univerzalni adapter za povezivanje instrumenata pre\u010dnika do 10 mm<\/p>\n<p>&#8211; SONOMIC ima koso postolje kade i zavareni G \u00be izliv sa kugli\u010dnim ventilom<\/p>\n<p>Individualno testiranje instrumenata umesto ukupnog testiranja<\/p>\n<p>&#8211; Ako se razli\u010diti MIS instrumenti ispiru u isto vreme, rezultat ispiranja za pojedina\u010dne instrumente se ne mo\u017ee kontrolisati.<\/p>\n<p>&#8211; U SONOMIC-u, ovaj problem je re\u0161en inovativnim selektorom kanala (patent EP 19 20 797). On uvek aktivira samo jedan instrument za ispiranje, omoguc\u0301avajuc\u0301i tako individualnu<\/p>\n<p>kontrolu protoka.<\/p>\n<p>&#8211; Minimalna brzina protoka je 2 ml\/s pri negativnom pritisku od 0,8 bara, ina\u010de c\u0301e instrument biti identifikovan kao \u201enedosledan\u201c i prikazan na ekranu osetljivom na dodir.<\/p>\n<p>&#8211; Ovo prac\u0301enje procesa sa odre\u0111ivanjem, alokacijom i jasnim prikazom uspe\u0161nog ispiranja svakog pojedina\u010dnog instrumenta pru\u017ea vec\u0301u sigurnost tokom ponovne obrade.<\/p>\n<p>SONOMIC usisno ispiranje u pore\u0111enju sa ispiranjem pod pritiskom drugih dobavlja\u010da<\/p>\n<p>&#8211; Po pravilu, vec\u0301ina kontaminacije se akumulira na distalnom kraju MIS instrumenata.<\/p>\n<p>&#8211; U uporedivim ure\u0111ajima drugih proizvo\u0111a\u010da, svi MIS instrumenti se ispiru pritiskom sa distalnog kraja.<\/p>\n<p>&#8211; Zaga\u0111iva\u010di se transportuju kroz ceo lumen instrumenata, \u0161to predstavlja povec\u0301an rizik od ne\u017eeljenih naslaga, posebno u uskim delovima oko dr\u0161ki i drugim te\u0161kim<\/p>\n<p>delovima instrumenata.<\/p>\n<p>&#8211; Direktno uno\u0161enje rastvorenih zaga\u0111iva\u010da u te\u010dnost za kupanje mo\u017ee se posmatrati kao dalji negativan efekat.<\/p>\n<p>&#8211; Funkcija usisnog ispiranja (patent DE 20 2006 020 523) SONOMIC-a na distalnim krajevima instrumenata uklanja prljav\u0161tinu u suprotnom smeru prodiranja,<\/p>\n<p>dok u isto vreme ulazi sve\u017e rastvor za \u010di\u0161c\u0301enje.<\/p>\n<p>&#8211; Time se izbegava nepotrebna kontaminacija delova zadnjeg lumena instrumenata.<\/p>\n<p>&#8211; Odsisane ne\u010distoc\u0301e dospevaju do zamenljivog filtera preko adaptera i stoga se ne vrac\u0301aju u te\u010dnost za kupanje.<\/p>\n<p>&nbsp;<\/p>\n<p>Sve tehni\u010dke detalje mo\u017eete pogledati na:<\/p>\n<blockquote class=\"wp-embedded-content\" data-secret=\"Fxe4HXIm3I\"><p><a href=\"https:\/\/bandelin.com\/produkte\/medizin\/sonomic\/\">SONOMIC<\/a><\/p><\/blockquote>\n<p><iframe class=\"wp-embedded-content\" sandbox=\"allow-scripts\" security=\"restricted\" style=\"position: absolute; clip: rect(1px, 1px, 1px, 1px);\" title=\"&#8222;SONOMIC&#8220; &#8212; BANDELIN electronic GmbH &amp; Co. KG\" src=\"https:\/\/bandelin.com\/produkte\/medizin\/sonomic\/embed\/#?secret=kuAOOFlQzh#?secret=Fxe4HXIm3I\" data-secret=\"Fxe4HXIm3I\" width=\"500\" height=\"282\" frameborder=\"0\" marginwidth=\"0\" marginheight=\"0\" scrolling=\"no\"><\/iframe><\/p>\n<p>&nbsp;<\/p>\n<p><em>\u00a0<\/em><\/p>\n<p>&nbsp;<\/p>\n<p>&nbsp;<\/p>\n<p>&nbsp;<\/p>","protected":false},"excerpt":{"rendered":"<p>&#8211; Ultrazvu\u010dna kupatila SONOMIC je specijalno razvijena za pripremu do 12 MIC instrumenata koji se mogu ispirati i dostupna je kao ultrazvu\u010dna kupatila MC 1001 i kao ultrazvu\u010dna kupatila za ugradnju MC 1001 E. Priprema MIS instrumenta ultrazvukom &#8211; Ono \u0161to je novo u vezi sa SONOMIC-om je da svaki instrument mo\u017ee da se dezinfikuje, [&hellip;]<\/p>\n","protected":false},"featured_media":2016,"template":"","meta":{"site-sidebar-layout":"default","site-content-layout":"","ast-site-content-layout":"default","site-content-style":"default","site-sidebar-style":"default","ast-global-header-display":"","ast-banner-title-visibility":"","ast-main-header-display":"","ast-hfb-above-header-display":"","ast-hfb-below-header-display":"","ast-hfb-mobile-header-display":"","site-post-title":"","ast-breadcrumbs-content":"","ast-featured-img":"","footer-sml-layout":"","ast-disable-related-posts":"","theme-transparent-header-meta":"default","adv-header-id-meta":"","stick-header-meta":"","header-above-stick-meta":"","header-main-stick-meta":"","header-below-stick-meta":"","astra-migrate-meta-layouts":"set","ast-page-background-enabled":"default","ast-page-background-meta":{"desktop":{"background-color":"var(--ast-global-color-4)","background-image":"","background-repeat":"repeat","background-position":"center center","background-size":"auto","background-attachment":"scroll","background-type":"","background-media":"","overlay-type":"","overlay-color":"","overlay-opacity":"","overlay-gradient":""},"tablet":{"background-color":"","background-image":"","background-repeat":"repeat","background-position":"center center","background-size":"auto","background-attachment":"scroll","background-type":"","background-media":"","overlay-type":"","overlay-color":"","overlay-opacity":"","overlay-gradient":""},"mobile":{"background-color":"","background-image":"","background-repeat":"repeat","background-position":"center center","background-size":"auto","background-attachment":"scroll","background-type":"","background-media":"","overlay-type":"","overlay-color":"","overlay-opacity":"","overlay-gradient":""}},"ast-content-background-meta":{"desktop":{"background-color":"var(--ast-global-color-5)","background-image":"","background-repeat":"repeat","background-position":"center center","background-size":"auto","background-attachment":"scroll","background-type":"","background-media":"","overlay-type":"","overlay-color":"","overlay-opacity":"","overlay-gradient":""},"tablet":{"background-color":"var(--ast-global-color-5)","background-image":"","background-repeat":"repeat","background-position":"center center","background-size":"auto","background-attachment":"scroll","background-type":"","background-media":"","overlay-type":"","overlay-color":"","overlay-opacity":"","overlay-gradient":""},"mobile":{"background-color":"var(--ast-global-color-5)","background-image":"","background-repeat":"repeat","background-position":"center center","background-size":"auto","background-attachment":"scroll","background-type":"","background-media":"","overlay-type":"","overlay-color":"","overlay-opacity":"","overlay-gradient":""}}},"product_brand":[],"product_cat":[17,289,21,278],"product_tag":[],"class_list":{"0":"post-2012","1":"product","2":"type-product","3":"status-publish","4":"has-post-thumbnail","6":"product_cat-bandelin","7":"product_cat-bandelin-svi-proizvodi","8":"product_cat-cadicap","9":"product_cat-ultrazvucna-kupatila","10":"desktop-align-left","11":"tablet-align-left","12":"mobile-align-left","14":"first","15":"instock","16":"shipping-taxable","17":"product-type-simple"},"_links":{"self":[{"href":"https:\/\/sr.cadicap.rs\/sr\/wp-json\/wp\/v2\/product\/2012","targetHints":{"allow":["GET"]}}],"collection":[{"href":"https:\/\/sr.cadicap.rs\/sr\/wp-json\/wp\/v2\/product"}],"about":[{"href":"https:\/\/sr.cadicap.rs\/sr\/wp-json\/wp\/v2\/types\/product"}],"version-history":[{"count":0,"href":"https:\/\/sr.cadicap.rs\/sr\/wp-json\/wp\/v2\/product\/2012\/revisions"}],"wp:featuredmedia":[{"embeddable":true,"href":"https:\/\/sr.cadicap.rs\/sr\/wp-json\/wp\/v2\/media\/2016"}],"wp:attachment":[{"href":"https:\/\/sr.cadicap.rs\/sr\/wp-json\/wp\/v2\/media?parent=2012"}],"wp:term":[{"taxonomy":"product_brand","embeddable":true,"href":"https:\/\/sr.cadicap.rs\/sr\/wp-json\/wp\/v2\/product_brand?post=2012"},{"taxonomy":"product_cat","embeddable":true,"href":"https:\/\/sr.cadicap.rs\/sr\/wp-json\/wp\/v2\/product_cat?post=2012"},{"taxonomy":"product_tag","embeddable":true,"href":"https:\/\/sr.cadicap.rs\/sr\/wp-json\/wp\/v2\/product_tag?post=2012"}],"curies":[{"name":"wp","href":"https:\/\/api.w.org\/{rel}","templated":true}]}}