{"id":202,"date":"2023-08-12T19:08:59","date_gmt":"2023-08-12T19:08:59","guid":{"rendered":"https\/\/cadicap.rs\/?post_type=product&#038;p=202"},"modified":"2023-10-26T12:08:04","modified_gmt":"2023-10-26T12:08:04","slug":"bio-reactor-48","status":"publish","type":"product","link":"https:\/\/sr.cadicap.rs\/sr\/proizvod\/bio-reactor-48\/","title":{"rendered":"Blok za bioreakciju Bio REACTOR 48"},"content":{"rendered":"<p>&#8216;- 2mag bio REACTOR je novi razvijeni blok za bioreakciju koji \u0161tedi prostor i prilago\u0111ava korisniku, sa do 48 paralelnih mini reaktora.<\/p>\n<p>&#8211; Visoka paralelizacija omoguc\u0301ava laku realizaciju visokopropusnih fermentacija u biotehnolo\u0161kim, hemijskim ili farmaceutskim istra\u017eivanjima.<\/p>\n<p>&#8211; Ovo sna\u017eno smanjuje vreme razvoja i tro\u0161kove novih proizvodnih procesa.<\/p>\n<p>&#8211; Minijaturizacija u skali od malih mililitara (8-15 ml) pru\u017ea zna\u010dajnu u\u0161tedu materijala i tro\u0161kova procesa.<\/p>\n<p>&#8211; Bio Reactor od 2mag karakteri\u0161e ta\u010dno kontrolisana brzina me\u0161anja sa automatskim nadgledanjem me\u0161a\u010da, kao i precizno neinvazivno merenje pH i rastvorenog kiseonika u realnom vremenu.<\/p>\n<p>&#8211; Stvaranje plina i me\u0161anje posuda za kulturu obezbe\u0111eno je induktivnim elementima za me\u0161anje koji indukuju gas.<\/p>\n<p>&#8211; Sterilna aeracija u vazduhu spre\u010dava unakrsne i spoljne kontaminacije i omoguc\u0301ava uzgajanje aerobnih i anaerobnih mikroorganizama.<\/p>\n<p>&#8211; Precizno definisanim in\u017eenjerskim parametrima i uporedivim unosom snage i kiseonika (kLa&gt; 0,4 s-1) u dobro uspostavljene reaktore sa me\u0161anim rezervoarima mo\u017ee se obezbediti lako i sigurno uvec\u0301avanje rezultata u proizvodne razmere.<\/p>\n<p>&#8211; Bio REACTOR mo\u017ee da se koristi kao samostalni ili potpuno automatizovan integracijom u robota za pipetiranje.<\/p>\n<h6>Tehni\u010dki podaci<\/h6>\n<p><strong>Bio REACTOR 48<\/strong><\/p>\n<p>&#8211; Ta\u010dke me\u0161anja: 48<br \/>\n&#8211; Rastojanje ta\u010daka me\u0161anja: 35 mm<br \/>\n&#8211; Materijalni blok aluminijum, tvrdo presvu\u010den<br \/>\n&#8211; \u0160irina 240 mm<br \/>\n&#8211; Du\u017eina (sa Pre Sens senzorskim \u0161ipkama) 367 mm<br \/>\n&#8211; Visina 135,5 mm (sa gumenim nogama); 138,6 mm (bez gumenih nogu)<br \/>\n&#8211; Te\u017eina proizvoda: 12,0 kg<br \/>\n&#8211; Elektri\u010dni podaci: 230 V \/ 60 Hz ili 115 V \/ 50 &#8211; 60 Hz<br \/>\n&#8211; Kategorija za\u0161tite: IP 31<br \/>\n<strong>Posude za kulturu<\/strong><br \/>\n&#8211; Radna zapremina 8 &#8211; 15 ml<br \/>\n&#8211; Materijal polistiren (PS)<\/p>\n<p><strong>Raspon temperature<\/strong><br \/>\n&#8211; Uslovi rada (sa senzorima) +10 \u00b0 C do +50 \u00b0 C (pri 60% vla\u017enosti)<br \/>\n&#8211; Uslovi rada (bez senzora) 0 \u00b0 C do +65 \u00b0 C (pri 60% vla\u017enosti)<br \/>\n<strong>Me\u0161anje<\/strong><br \/>\n&#8211; Me\u0161ajuc\u0301i element: Me\u0161ajuc\u0301i elementi koji indukuju gas<br \/>\n&#8211; Brzina me\u0161anja: 100 &#8211; 4000 o\/min<br \/>\n<strong>Gasovanje<\/strong><br \/>\n&#8211; Brzina rasplinjavanja 4,8 l \/min<br \/>\n<strong>Merenje u realnom vremenu<\/strong><br \/>\n&#8211; Opseg pH 4,0 &#8211; 7,5<br \/>\n&#8211; DO opseg 0 &#8211; 50% O2<br \/>\n&#8211; Narud\u017ebina br.: 100730<\/p>\n<h6>Prednosti<\/h6>\n<p>&#8211; Visoka paralelizacija<br \/>\n&#8211; Automatizovano nadgledanje me\u0161alice<br \/>\n&#8211; Optimalna radna zapremina<br \/>\n&#8211; Inteligentni softver za paralelni rad<br \/>\n&#8211; Temperatura do 50 \u00b0C (sa senzorima) i do 65 \u00b0C (bez senzora)<br \/>\n&#8211; Jednostavno rukovanje kroz jednokratne ure\u0111aje<br \/>\n&#8211; Visoka paralelna i sekvencijalna ponovljivost<br \/>\n&#8211; Neinvazivno merenje pH u realnom vremenu i DO<br \/>\n&#8211; Easy Upscaling<br \/>\n&#8211; Visoke stope prenosa kiseonika<\/p>\n<h6>Paralelizacija<\/h6>\n<p>&#8211; Bioreactor 2mag dostupan je u dve varijante modela sa 8 ili 48 paralelnih reakcionih posuda.<\/p>\n<p>&#8211; Jo\u0161 vec\u0301a paralelizacija mo\u017ee se postic\u0301i istovremenom upotrebom nekoliko bioREACTOR jedinica.<\/p>\n<p>&#8211; Njima se mo\u017ee upravljati pomoc\u0301u inteligentnog centralnog softvera, a va\u017eni parametri procesa (pH i DO) mogu se pratiti u realnom vremenu.<\/p>\n<p>&#8211; Pored toga, istovremena upotreba nekoliko bio REACTOR jedinica omoguc\u0301ava varijaciju ostalih parametara npr. temperatura ili brzina me\u0161anja.<\/p>\n<p>Raspon temperature<\/p>\n<p>&#8211; Temperatura bloka bioreaktora meri se unutra\u0161njim Pt 100 senzorom i mo\u017ee se eksterno kontrolisati termostatom.<\/p>\n<p>&#8211; Da bi se izbegao gubitak isparavanja, nadzemni prostor reakcionih sudova mo\u017ee se ohladiti refluksnim hladnjakom.<\/p>\n<p>&#8211; Isparena voda se kondenzuje i odmara u reakcionoj posudi. BioREACTOR sa pH i DO senzorima mo\u017ee se koristiti na temperaturama od 10 \u00b0 C do 50 \u00b0C.<\/p>\n<p>&#8211; Temperature od 0 \u00b0C do 65 \u00b0C moguc\u0301e su bez senzora.<\/p>\n<h6>Radna zapremina<\/h6>\n<p>&#8211; Radni volumen posuda za kulturu krec\u0301e se izme\u0111u 8 i 15 mililitara. To omoguc\u0301ava ponovljeno uzimanje uzoraka bez jakog smanjenja zapreminske koli\u010dine fermentacije, ali i dovoljno kapaciteta za dodavanje sredstava za korekciju pH ili podloga.<\/p>\n<p>Merenje pH i DO u realnom vremenu<\/p>\n<p>&#8211; pH i rastvoreni kiseonik mogu se meriti u realnom vremenu neinvazivnim opti\u010dkim senzorskim sistemom tokom celog procesa.<\/p>\n<p>&#8211; Za to je dno posuda za kulturu opremljeno malim senzorskim mrljama (luminiscentne boje osetljive na pH i O2).<\/p>\n<p>&#8211; Fluorometrijsko merenje se obezbe\u0111uje stimulacijom svetlo\u0161c\u0301u i merenjem vremena propadanja. (DLR = Dvo\u017eivotni referentni princip, Pre Sens GmbH).<\/p>\n<p>&#8211; Opseg merenja je izme\u0111u 4,0 i 7,5 za pH i izme\u0111u 0 i 50% za rastvoreni kiseonik.<\/p>\n<p>Posude za kulturu (jednokratne)<\/p>\n<p>&#8211; Ta\u010dkaste posude za jednokratnu upotrebu napravljene su od polistirena i sterilno upakovane u komplet od dva.<\/p>\n<p>&#8211; Ovo omoguc\u0301ava u\u0161tedu vremena i lako opremanje bio REACTORA.<\/p>\n<p>&#8211; Posebna geometrija posuda za kulturu sa pregradama u kombinaciji sa kori\u0161c\u0301enim elementima za me\u0161anje dovodi do vrlo dobrog me\u0161anja medijuma i do visokih brzina prenosa kiseonika.<\/p>\n<h6>Gasovanje<\/h6>\n<p>&#8211; Kontinuirano stvaranje gasova bio REACTOR-a mo\u017ee se realizovati pomoc\u0301u stanice za me\u0161anje gasa.<\/p>\n<p>&#8211; U zavisnosti od upotrebljenih gasova (O2, N2, vazduh) moguc\u0301e su aerobne i anaerobne kultivacije.<\/p>\n<p>&#8211; Prenos gasa u medijum posuda za kulturu vr\u0161i se pasivno kroz magnetske elemente za indukovanje gasa koji indukuju gas.<br \/>\n&#8211; Brzina protoka gasa mo\u017ee se prilagoditi brzinom me\u0161anja.<\/p>\n<h6>Nadzor me\u0161a\u010da<\/h6>\n<p>&#8211; Kod veoma velike gustine c\u0301elija ili visokog procenta \u010dvrstih supstanci u medijumu, u manje slu\u010dajeva mo\u017ee doc\u0301i do zaustavljanja retkih me\u0161a\u010da.<\/p>\n<p>&#8211; To c\u0301e se otkriti za nekoliko sekundi i me\u0161alice c\u0301e se automatski ponovo pokrenuti.<\/p>\n<p>&#8211; Pritom nadzor me\u0161alice garantuje siguran eksperimentalni rad.<\/p>\n<h6>Inteligentan softver<\/h6>\n<p>&#8211; Samostalni softver omoguc\u0301ava paralelnu upotrebu nekoliko bio REACTOR 8 i \/ ili 48 jedinica.<\/p>\n<p>&#8211; Istovremeno, vec\u0301 zavr\u0161ena tr\u010danja mogu se uporediti sa novim eksperimentima u tr\u010danju.<\/p>\n<p>Autoklavabilnost i sterilnost<\/p>\n<p>&#8211; Svi delovi koji mogu biti u kontaktu sa medijumom mogu se autoklavirati ili sterilno upakovati.<\/p>\n<p>&#8211; Gasni ure\u0111aj sa fiksnim elementima za me\u0161anje je potpuno autoklaviran.<\/p>\n<p>&#8211; Pored toga, kompletan blok bioreaktora mo\u017ee se sterilisati etanolom.<\/p>\n<p>&#8211; Posude za kulturu za jednokratnu upotrebu su sterilno upakovane i odlo\u017eene su nakon eksperimenta.<\/p>\n<p>&#8211; Tokom eksperimenta, sterilno plinovanje iznad glave izbjegava ukr\u0161tanje i vanjske kontaminacije.<\/p>\n<p>&#8211; Pored toga, opcionalna jedinica izduvnih gasova mo\u017ee izbec\u0301i \u0161irenje spora u \u017eivotnu sredinu.<\/p>\n<h6>Prilagodljivost<\/h6>\n<p>&#8211; Ta\u010dno definisana geometrija elemenata za me\u0161anje, precizno okarakterisani parametri procesa, kao i standardni laboratorijski reaktori sa me\u0161avinom, uporediva snaga i unos kiseonika (kLa&gt; 0,4 s-1) kroz elemente za me\u0161anje omoguc\u0301avaju lako povec\u0301anje rezultata u litarsku skalu.<\/p>\n<h6>Automatizacija<\/h6>\n<p>&#8211; Bio REACTOR se mo\u017ee koristiti kao samostalni ili potpuno automatizovan integracijom u robota za pipetiranje.<\/p>\n<p>&#8211; Integracija omoguc\u0301ava kontrolu pH, dodavanje podloge i va\u0111enje uzoraka iz reakcionih sudova.<\/p>\n<p>&#8211; Pritom se mogu analizirati strategije hranjenja, mo\u017ee se izvr\u0161iti mre\u017eno merenje opti\u010dke gustine (OD) ili izvaditi uzorci za dodatna ispitivanja iz posuda.<\/p>\n<h6>Kontrolne jedinice<\/h6>\n<p>REACTOR 48<\/p>\n<p>&#8211; Bio REACTORcontrol 48<br \/>\n&#8211; Dodaci (alat za odr\u017eavanje, steri BOX)<br \/>\n&#8211; Pre Sens senzorski sistem za neinvazivno merenje pH i DO<br \/>\n&#8211; Samostalni softver<\/p>\n<h6>Aplikacije<\/h6>\n<p>&#8211; Aerobno i anaerobno gajenje bakterija, kvasca i gljivica<br \/>\n&#8211; Procena adekvatnih proizvodnih sojeva (razvoj soja)<br \/>\n&#8211; Proverite i optimizujte medije<br \/>\n&#8211; Optimizacija dizajna procesa (ru\u010dni ili automatizovani dizajn serije ili serije sa pipetirajuc\u0301im rotorima)<br \/>\n&#8211; Eksperimenti za rast c\u0301elija<br \/>\n&#8211; Studije ekspresije gena i proteina<br \/>\n&#8211; Viabily testovi<br \/>\n&#8211; Eksperimenti inhibicije i toksi\u010dnosti<br \/>\n&#8211; Enzimski testovi<br \/>\n&#8211; Kontrola kvaliteta<br \/>\n&#8211; Tako\u0111e primenljivo za hemijske i enzimske reakcije<\/p>\n<p>&nbsp;<\/p>\n<p>&nbsp;<\/p>\n<p>&nbsp;<\/p>\n<p>&nbsp;<\/p>\n<p>&nbsp;<\/p>\n<p>&nbsp;<\/p>\n<p>&nbsp;<\/p>\n<p>&nbsp;<\/p>\n<p>&nbsp;<\/p>","protected":false},"excerpt":{"rendered":"<p>&#8216;- 2mag bio REACTOR je novi razvijeni blok za bioreakciju koji \u0161tedi prostor i prilago\u0111ava korisniku, sa do 48 paralelnih mini reaktora. &#8211; Visoka paralelizacija omoguc\u0301ava laku realizaciju visokopropusnih fermentacija u biotehnolo\u0161kim, hemijskim ili farmaceutskim istra\u017eivanjima. &#8211; Ovo sna\u017eno smanjuje vreme razvoja i tro\u0161kove novih proizvodnih procesa. &#8211; Minijaturizacija u skali od malih mililitara (8-15 [&hellip;]<\/p>\n","protected":false},"featured_media":279,"template":"","meta":{"site-sidebar-layout":"default","site-content-layout":"","ast-site-content-layout":"default","site-content-style":"default","site-sidebar-style":"default","ast-global-header-display":"","ast-banner-title-visibility":"","ast-main-header-display":"","ast-hfb-above-header-display":"","ast-hfb-below-header-display":"","ast-hfb-mobile-header-display":"","site-post-title":"","ast-breadcrumbs-content":"","ast-featured-img":"","footer-sml-layout":"","ast-disable-related-posts":"","theme-transparent-header-meta":"","adv-header-id-meta":"","stick-header-meta":"","header-above-stick-meta":"","header-main-stick-meta":"","header-below-stick-meta":"","astra-migrate-meta-layouts":"default","ast-page-background-enabled":"default","ast-page-background-meta":{"desktop":{"background-color":"var(--ast-global-color-4)","background-image":"","background-repeat":"repeat","background-position":"center center","background-size":"auto","background-attachment":"scroll","background-type":"","background-media":"","overlay-type":"","overlay-color":"","overlay-opacity":"","overlay-gradient":""},"tablet":{"background-color":"","background-image":"","background-repeat":"repeat","background-position":"center center","background-size":"auto","background-attachment":"scroll","background-type":"","background-media":"","overlay-type":"","overlay-color":"","overlay-opacity":"","overlay-gradient":""},"mobile":{"background-color":"","background-image":"","background-repeat":"repeat","background-position":"center center","background-size":"auto","background-attachment":"scroll","background-type":"","background-media":"","overlay-type":"","overlay-color":"","overlay-opacity":"","overlay-gradient":""}},"ast-content-background-meta":{"desktop":{"background-color":"var(--ast-global-color-5)","background-image":"","background-repeat":"repeat","background-position":"center center","background-size":"auto","background-attachment":"scroll","background-type":"","background-media":"","overlay-type":"","overlay-color":"","overlay-opacity":"","overlay-gradient":""},"tablet":{"background-color":"var(--ast-global-color-5)","background-image":"","background-repeat":"repeat","background-position":"center center","background-size":"auto","background-attachment":"scroll","background-type":"","background-media":"","overlay-type":"","overlay-color":"","overlay-opacity":"","overlay-gradient":""},"mobile":{"background-color":"var(--ast-global-color-5)","background-image":"","background-repeat":"repeat","background-position":"center center","background-size":"auto","background-attachment":"scroll","background-type":"","background-media":"","overlay-type":"","overlay-color":"","overlay-opacity":"","overlay-gradient":""}}},"product_brand":[],"product_cat":[290,116,27],"product_tag":[],"class_list":{"0":"post-202","1":"product","2":"type-product","3":"status-publish","4":"has-post-thumbnail","6":"product_cat-2mag-svi-proizvodi","7":"product_cat-bio-reactor","8":"product_cat-mag","9":"desktop-align-left","10":"tablet-align-left","11":"mobile-align-left","13":"first","14":"instock","15":"shipping-taxable","16":"product-type-simple"},"_links":{"self":[{"href":"https:\/\/sr.cadicap.rs\/sr\/wp-json\/wp\/v2\/product\/202","targetHints":{"allow":["GET"]}}],"collection":[{"href":"https:\/\/sr.cadicap.rs\/sr\/wp-json\/wp\/v2\/product"}],"about":[{"href":"https:\/\/sr.cadicap.rs\/sr\/wp-json\/wp\/v2\/types\/product"}],"version-history":[{"count":0,"href":"https:\/\/sr.cadicap.rs\/sr\/wp-json\/wp\/v2\/product\/202\/revisions"}],"wp:featuredmedia":[{"embeddable":true,"href":"https:\/\/sr.cadicap.rs\/sr\/wp-json\/wp\/v2\/media\/279"}],"wp:attachment":[{"href":"https:\/\/sr.cadicap.rs\/sr\/wp-json\/wp\/v2\/media?parent=202"}],"wp:term":[{"taxonomy":"product_brand","embeddable":true,"href":"https:\/\/sr.cadicap.rs\/sr\/wp-json\/wp\/v2\/product_brand?post=202"},{"taxonomy":"product_cat","embeddable":true,"href":"https:\/\/sr.cadicap.rs\/sr\/wp-json\/wp\/v2\/product_cat?post=202"},{"taxonomy":"product_tag","embeddable":true,"href":"https:\/\/sr.cadicap.rs\/sr\/wp-json\/wp\/v2\/product_tag?post=202"}],"curies":[{"name":"wp","href":"https:\/\/api.w.org\/{rel}","templated":true}]}}