{"id":2051,"date":"2023-09-20T09:06:40","date_gmt":"2023-09-20T09:06:40","guid":{"rendered":"http:\/\/https\/\/cadicap.rs\/?post_type=product&#038;p=2051"},"modified":"2025-10-16T10:24:52","modified_gmt":"2025-10-16T10:24:52","slug":"sonopuls-hd-4400-ultrazvucni-homogenizatori","status":"publish","type":"product","link":"https:\/\/sr.cadicap.rs\/sr\/proizvod\/sonopuls-hd-4400-ultrazvucni-homogenizatori\/","title":{"rendered":"SONOPULS HD 4400 &#8211; ultrazvu\u010dni homogenizator"},"content":{"rendered":"<p>&#8211; Homogenizacija, deaglomeracija, emulgovanje, suspendovanje, ubrzavanje hemijskih reakcija ili ometanje c\u0301elija, bakterija, gljivica ili bu\u0111i su glavne oblasti primene.<\/p>\n<p>&#8211; Znatno skrac\u0301eno vreme procesa i brzo dostupni, ponovljivi rezultati \u010dine ultrazvu\u010dne homogenizatore SONOPULS nezamenljivim za savremene procese i analitiku.<\/p>\n<p><strong>Ultrazvu\u010dni homogenizatori za raznovrsne primene<\/strong><\/p>\n<p>&#8211; Odre\u0111ene supstance se mogu ciljano uni\u0161titi, dugotrajne procedure se mogu ubrzati, a ishod mnogih reakcija mo\u017ee biti pobolj\u0161an.<\/p>\n<p>&#8211; U uzorku koji se obra\u0111uje ultrazvukom, veli\u010dine \u010destica se mogu postic\u0301i ne samo u opsegu \u00a0\u03bcm , vec\u0301 u opsegu nm.<\/p>\n<p>&#8211; SONOPULS homogenizatori sa kontrolom amplitude 10\u2013100% i prikazom stvarne vrednosti, pulsiranje, AMPLICHRON\u00ae kolo (garantuje konstantnu amplitudu bez obzira<\/p>\n<p>na promenljive <span style=\"font-size: 16px;\">uslove), integrisani tajmer, daljinsko upravljanje.<\/span><\/p>\n<p>&#8211; Ultrazvu\u010dni homogenizator za zapremine od 100 \u2013 3000 ml<\/p>\n<p>Osnovna oprema spremna za upotrebu za zapremine od 500 ml do 2000 ml koja se sastoji od:<\/p>\n<p>\u2013 Ultrazvu\u010dni generator GM 4400<\/p>\n<p>\u2013 Ultrazvu\u010dni pretvara\u010d UV 400<\/p>\n<p>\u2013 Korak rog SH 400 G<\/p>\n<p>\u2013 Titanijumska sonotroda TS 425, \u00d8 25 mm<\/p>\n<p>&#8211; SONOPULS homogenizatori sa kontrolom amplitude 10 do 100% i prikazom stvarne vrednosti, pulsiranje, AMPLICHRON\u00ae kolo (garantuje konstantnu amplitudu bez obzira na<\/p>\n<p>promenljive uslove), integrisani tajmer, daljinsko upravljanje.<\/p>\n<p><strong>Primena<\/strong><\/p>\n<p>\u2013 Dezintegracija c\u0301elija, bakterija, virusa, tkiva (poremec\u0301aj c\u0301elija)<\/p>\n<p>\u2013 Proizvodnja najfinijih emulzija<\/p>\n<p>\u2013 Homogenizirati supstance<\/p>\n<p>\u2013 Degazacija te\u010dnosti<\/p>\n<p>\u2013 Priprema uzorka za analizu veli\u010dine zrna<\/p>\n<p>\u2013 Ubrzanje hemijskih reakcija<\/p>\n<p>&nbsp;<\/p>\n<p>Vi\u0161e tehni\u010dkih detalja mo\u017eete pogledati na:<\/p>\n<blockquote class=\"wp-embedded-content\" data-secret=\"2BiXMA6zU4\"><p><a href=\"https:\/\/bandelin.com\/shop\/sonopuls-ultraschall-homogenisatoren\/sonopuls-hd-4000-ultraschall-homogenisatoren\/sonopuls-hd-4400\/\">SONOPULS HD 4400<\/a><\/p><\/blockquote>\n<p><iframe class=\"wp-embedded-content\" sandbox=\"allow-scripts\" security=\"restricted\" style=\"position: absolute; visibility: hidden;\" title=\"&#8222;SONOPULS HD 4400&#8220; &#8212; BANDELIN electronic GmbH &amp; Co. KG\" src=\"https:\/\/bandelin.com\/shop\/sonopuls-ultraschall-homogenisatoren\/sonopuls-hd-4000-ultraschall-homogenisatoren\/sonopuls-hd-4400\/embed\/#?secret=EwwGqHbUme#?secret=2BiXMA6zU4\" data-secret=\"2BiXMA6zU4\" width=\"500\" height=\"282\" frameborder=\"0\" marginwidth=\"0\" marginheight=\"0\" scrolling=\"no\"><\/iframe><\/p>\n<p>&nbsp;<\/p>","protected":false},"excerpt":{"rendered":"<p>&#8211; Homogenizacija, deaglomeracija, emulgovanje, suspendovanje, ubrzavanje hemijskih reakcija ili ometanje c\u0301elija, bakterija, gljivica ili bu\u0111i su glavne oblasti primene. &#8211; Znatno skrac\u0301eno vreme procesa i brzo dostupni, ponovljivi rezultati \u010dine ultrazvu\u010dne homogenizatore SONOPULS nezamenljivim za savremene procese i analitiku. Ultrazvu\u010dni homogenizatori za raznovrsne primene &#8211; Odre\u0111ene supstance se mogu ciljano uni\u0161titi, dugotrajne procedure se mogu [&hellip;]<\/p>\n","protected":false},"featured_media":2058,"template":"","meta":{"site-sidebar-layout":"default","site-content-layout":"","ast-site-content-layout":"normal-width-container","site-content-style":"unboxed","site-sidebar-style":"default","ast-global-header-display":"","ast-banner-title-visibility":"","ast-main-header-display":"","ast-hfb-above-header-display":"","ast-hfb-below-header-display":"","ast-hfb-mobile-header-display":"","site-post-title":"","ast-breadcrumbs-content":"","ast-featured-img":"","footer-sml-layout":"","ast-disable-related-posts":"","theme-transparent-header-meta":"default","adv-header-id-meta":"","stick-header-meta":"","header-above-stick-meta":"","header-main-stick-meta":"","header-below-stick-meta":"","astra-migrate-meta-layouts":"set","ast-page-background-enabled":"default","ast-page-background-meta":{"desktop":{"background-color":"var(--ast-global-color-4)","background-image":"","background-repeat":"repeat","background-position":"center center","background-size":"auto","background-attachment":"scroll","background-type":"","background-media":"","overlay-type":"","overlay-color":"","overlay-opacity":"","overlay-gradient":""},"tablet":{"background-color":"","background-image":"","background-repeat":"repeat","background-position":"center center","background-size":"auto","background-attachment":"scroll","background-type":"","background-media":"","overlay-type":"","overlay-color":"","overlay-opacity":"","overlay-gradient":""},"mobile":{"background-color":"","background-image":"","background-repeat":"repeat","background-position":"center center","background-size":"auto","background-attachment":"scroll","background-type":"","background-media":"","overlay-type":"","overlay-color":"","overlay-opacity":"","overlay-gradient":""}},"ast-content-background-meta":{"desktop":{"background-color":"var(--ast-global-color-5)","background-image":"","background-repeat":"repeat","background-position":"center center","background-size":"auto","background-attachment":"scroll","background-type":"","background-media":"","overlay-type":"","overlay-color":"","overlay-opacity":"","overlay-gradient":""},"tablet":{"background-color":"var(--ast-global-color-5)","background-image":"","background-repeat":"repeat","background-position":"center center","background-size":"auto","background-attachment":"scroll","background-type":"","background-media":"","overlay-type":"","overlay-color":"","overlay-opacity":"","overlay-gradient":""},"mobile":{"background-color":"var(--ast-global-color-5)","background-image":"","background-repeat":"repeat","background-position":"center center","background-size":"auto","background-attachment":"scroll","background-type":"","background-media":"","overlay-type":"","overlay-color":"","overlay-opacity":"","overlay-gradient":""}}},"product_brand":[],"product_cat":[17,289,21,279],"product_tag":[],"class_list":{"0":"post-2051","1":"product","2":"type-product","3":"status-publish","4":"has-post-thumbnail","6":"product_cat-bandelin","7":"product_cat-bandelin-svi-proizvodi","8":"product_cat-cadicap","9":"product_cat-ultrazvucni-homogenizatori","10":"desktop-align-left","11":"tablet-align-left","12":"mobile-align-left","14":"first","15":"instock","16":"shipping-taxable","17":"product-type-simple"},"_links":{"self":[{"href":"https:\/\/sr.cadicap.rs\/sr\/wp-json\/wp\/v2\/product\/2051","targetHints":{"allow":["GET"]}}],"collection":[{"href":"https:\/\/sr.cadicap.rs\/sr\/wp-json\/wp\/v2\/product"}],"about":[{"href":"https:\/\/sr.cadicap.rs\/sr\/wp-json\/wp\/v2\/types\/product"}],"version-history":[{"count":0,"href":"https:\/\/sr.cadicap.rs\/sr\/wp-json\/wp\/v2\/product\/2051\/revisions"}],"wp:featuredmedia":[{"embeddable":true,"href":"https:\/\/sr.cadicap.rs\/sr\/wp-json\/wp\/v2\/media\/2058"}],"wp:attachment":[{"href":"https:\/\/sr.cadicap.rs\/sr\/wp-json\/wp\/v2\/media?parent=2051"}],"wp:term":[{"taxonomy":"product_brand","embeddable":true,"href":"https:\/\/sr.cadicap.rs\/sr\/wp-json\/wp\/v2\/product_brand?post=2051"},{"taxonomy":"product_cat","embeddable":true,"href":"https:\/\/sr.cadicap.rs\/sr\/wp-json\/wp\/v2\/product_cat?post=2051"},{"taxonomy":"product_tag","embeddable":true,"href":"https:\/\/sr.cadicap.rs\/sr\/wp-json\/wp\/v2\/product_tag?post=2051"}],"curies":[{"name":"wp","href":"https:\/\/api.w.org\/{rel}","templated":true}]}}