{"id":2075,"date":"2023-09-20T12:30:31","date_gmt":"2023-09-20T12:30:31","guid":{"rendered":"http:\/\/https\/\/cadicap.rs\/?post_type=product&#038;p=2075"},"modified":"2024-03-15T11:44:54","modified_gmt":"2024-03-15T11:44:54","slug":"trison-ultrazvucna-kupatila-za-ciscenje-robotskih-instrumenta","status":"publish","type":"product","link":"https:\/\/sr.cadicap.rs\/sr\/proizvod\/trison-ultrazvucna-kupatila-za-ciscenje-robotskih-instrumenta\/","title":{"rendered":"TRISON &#8211; ultrazvu\u010dna kupatila za \u010di\u0161\u0107enje robotskih instrumenta"},"content":{"rendered":"<p>&#8211; Dokazano je da efikasan proces \u010di\u0161c\u0301enja robotskih instrumenata nastaje kada se radni alat i kablovi stalno pomeraju instrumenta mo\u017ee se optimalno postic\u0301i ultrazvukom.<\/p>\n<p>&#8211; TRISON je inovativna, modularna ultrazvu\u010dna kupka za intenzivno prethodno \u010di\u0161c\u0301enje visokokvalitetnih medicinskih instrumenata sa posebnim fokusom na robotske instrumente.<\/p>\n<p>&#8211; Dizajn prilago\u0111en robotskim instrumentima<\/p>\n<p>&#8211; Jednostavno povezivanje instrumenta<\/p>\n<p>&#8211; Fleksibilan raspored na radnom mestu koji \u0161tedi prostor zahvaljujuc\u0301i razli\u010ditim moguc\u0301nostima monta\u017ee<\/p>\n<p>&#8211; Pobolj\u0161ano \u010di\u0161c\u0301enje kombinovanjem ultrazvuka, navodnjavanja i me\u0161anja za robotske instrumente<\/p>\n<p>&#8211; Dokumentacija kroz \u0161tampanje protokola<\/p>\n<p>&#8211; Individualno ispiranje i ispitivanje instrumenata<\/p>\n<p>&#8211; Mo\u017ee se koristiti za robotske instrumente, ali i za MIC koji se mo\u017ee ispirati i standardne instrumente<\/p>\n<p><strong>Ultrazvu\u010dna kupatila posebno za robotske instrumente<\/strong><\/p>\n<p>&#8211; Dimenzije TRISON ultrazvu\u010dnog oscilacionog rezervoara su posebno dizajnirane za veoma duga\u010dke robotske instrumente.<\/p>\n<p>&#8211; Zahvaljujuc\u0301i sna\u017enim ultrazvu\u010dnim vibracionim sistemima raspore\u0111enim na dnu i sa strane, ultrazvuk optimalno dosega adaptere za pogon, osovine instrumenata i radni alat na vrhu i<\/p>\n<p>izbegavaju se moguc\u0301e akusti\u010dne senke.<\/p>\n<p>&#8211; TRISON ultrazvu\u010dni generator je opremljen sveep da bi se minimizirali stajac\u0301i talasi i obezbedila najhomogenija moguc\u0301a raspodela ultrazvu\u010dnog intenziteta.<\/p>\n<p><strong>Pojedina\u010dno ispiranje i testiranje instrumenata za jo\u0161 vec\u0301u sigurnost<\/strong><\/p>\n<p>&#8211; Tokom sonikacije, svaki instrument se pojedina\u010dno aktivira za ispiranje i njegov protok se proverava patentiranim sistemom (DE 20 2006 020 523).<\/p>\n<p>&#8211; Instrumenti koji se ne mogu isprati se pouzdano identifikuju i prikazuju na ekranu osetljivom na dodir na kraju procesa.<\/p>\n<p>&#8211; Integrisano prac\u0301enje procesa za odre\u0111ivanje, dodeljivanje i jasno prikazivanje uspe\u0161nog ispiranja svakog pojedina\u010dnog instrumenta pru\u017ea vec\u0301u sigurnost tokom ponovne obrade.<\/p>\n<p><strong><em>\u00a0<\/em>Lako povezivanje instrumenta<\/strong><\/p>\n<p>&#8211; Do \u010detiri robotska instrumenta se fiksiraju na TRISON Tvist pomoc\u0301u jednostavnog klik mehanizma &#8211; dodatna korpa nije potrebna.<\/p>\n<p>&#8211; Veza sa krugom za ispiranje se vr\u0161i preko dvostrukog Luer utika\u010da po instrumentu.<\/p>\n<p>&#8211; Uz pomoc\u0301 TRISON Rack korpe, mo\u017ee se povezati do osam MIC instrumenata za ispiranje pomoc\u0301u proverenih SONOMIC adaptera.<\/p>\n<p>&#8211; Povezivanje sa kontrolnom jedinicom TRISON Base se brzo i lako me\u0161a preko dve spojnice sa vi\u0161e creva.<\/p>\n<p>&#8211; Ergonomski dizajniran korisni\u010dki interfejs, higijenski rad sa ekranom osetljivim na dodir<\/p>\n<p>&#8211; Prilikom dizajniranja TRISON-a, poseban akcenat je stavljen na ergonomiju i upotrebljivost u predvi\u0111enom radnom okru\u017eenju CSSD \/ AEMP.<\/p>\n<p>&#8211; Ure\u0111ajem se upravlja preko ekrana osetljivog na dodir koji se lako odr\u017eava.<\/p>\n<p>&#8211; Operativni softver prilago\u0111en korisniku sadr\u017ei mnogo slika koje su same po sebi razumljive i ne sadr\u017ei komplikovane radne tekstove.<\/p>\n<p><strong>Nadzor temperature sa funkcijom upozorenja<\/strong><\/p>\n<p>&#8211; U programima za \u010di\u0161c\u0301enje MIS i robotskih instrumenata, unutra\u0161nji temperaturni senzor proverava da li je temperatura te\u010dnosti u kupatilu u dozvoljenom opsegu.<\/p>\n<p>&#8211; Prilikom \u010di\u0161c\u0301enja standardnih instrumenata u standardnoj korpi potreban je poseban temperaturni senzor.<\/p>\n<p>&#8211; U zavisnosti od proizvoda za \u010di\u0161c\u0301enje koji se koristi, korisnik mo\u017ee definisati temperaturne granice kako bi osigurao optimalan proces \u010di\u0161c\u0301enja.<\/p>\n<p>&nbsp;<\/p>\n<p>Vi\u0161e tehni\u010dkih detalja mo\u017eete pogledati na :<\/p>\n<blockquote class=\"wp-embedded-content\" data-secret=\"wgNknPLUJJ\"><p><a href=\"https:\/\/bandelin.com\/produkte\/medizin\/trison\/\">TRISON<\/a><\/p><\/blockquote>\n<p><iframe class=\"wp-embedded-content\" sandbox=\"allow-scripts\" security=\"restricted\" style=\"position: absolute; clip: rect(1px, 1px, 1px, 1px);\" title=\"&#8222;TRISON&#8220; &#8212; BANDELIN electronic GmbH &amp; Co. KG\" src=\"https:\/\/bandelin.com\/produkte\/medizin\/trison\/embed\/#?secret=Y6MC7DFGX2#?secret=wgNknPLUJJ\" data-secret=\"wgNknPLUJJ\" width=\"500\" height=\"282\" frameborder=\"0\" marginwidth=\"0\" marginheight=\"0\" scrolling=\"no\"><\/iframe><\/p>\n<p>&nbsp;<\/p>","protected":false},"excerpt":{"rendered":"<p>&#8211; Dokazano je da efikasan proces \u010di\u0161c\u0301enja robotskih instrumenata nastaje kada se radni alat i kablovi stalno pomeraju instrumenta mo\u017ee se optimalno postic\u0301i ultrazvukom. &#8211; TRISON je inovativna, modularna ultrazvu\u010dna kupka za intenzivno prethodno \u010di\u0161c\u0301enje visokokvalitetnih medicinskih instrumenata sa posebnim fokusom na robotske instrumente. &#8211; Dizajn prilago\u0111en robotskim instrumentima &#8211; Jednostavno povezivanje instrumenta &#8211; Fleksibilan [&hellip;]<\/p>\n","protected":false},"featured_media":2076,"template":"","meta":{"site-sidebar-layout":"default","site-content-layout":"","ast-site-content-layout":"default","site-content-style":"default","site-sidebar-style":"default","ast-global-header-display":"","ast-banner-title-visibility":"","ast-main-header-display":"","ast-hfb-above-header-display":"","ast-hfb-below-header-display":"","ast-hfb-mobile-header-display":"","site-post-title":"","ast-breadcrumbs-content":"","ast-featured-img":"","footer-sml-layout":"","ast-disable-related-posts":"","theme-transparent-header-meta":"default","adv-header-id-meta":"","stick-header-meta":"","header-above-stick-meta":"","header-main-stick-meta":"","header-below-stick-meta":"","astra-migrate-meta-layouts":"set","ast-page-background-enabled":"default","ast-page-background-meta":{"desktop":{"background-color":"var(--ast-global-color-4)","background-image":"","background-repeat":"repeat","background-position":"center center","background-size":"auto","background-attachment":"scroll","background-type":"","background-media":"","overlay-type":"","overlay-color":"","overlay-opacity":"","overlay-gradient":""},"tablet":{"background-color":"","background-image":"","background-repeat":"repeat","background-position":"center center","background-size":"auto","background-attachment":"scroll","background-type":"","background-media":"","overlay-type":"","overlay-color":"","overlay-opacity":"","overlay-gradient":""},"mobile":{"background-color":"","background-image":"","background-repeat":"repeat","background-position":"center center","background-size":"auto","background-attachment":"scroll","background-type":"","background-media":"","overlay-type":"","overlay-color":"","overlay-opacity":"","overlay-gradient":""}},"ast-content-background-meta":{"desktop":{"background-color":"var(--ast-global-color-5)","background-image":"","background-repeat":"repeat","background-position":"center center","background-size":"auto","background-attachment":"scroll","background-type":"","background-media":"","overlay-type":"","overlay-color":"","overlay-opacity":"","overlay-gradient":""},"tablet":{"background-color":"var(--ast-global-color-5)","background-image":"","background-repeat":"repeat","background-position":"center center","background-size":"auto","background-attachment":"scroll","background-type":"","background-media":"","overlay-type":"","overlay-color":"","overlay-opacity":"","overlay-gradient":""},"mobile":{"background-color":"var(--ast-global-color-5)","background-image":"","background-repeat":"repeat","background-position":"center center","background-size":"auto","background-attachment":"scroll","background-type":"","background-media":"","overlay-type":"","overlay-color":"","overlay-opacity":"","overlay-gradient":""}}},"product_brand":[],"product_cat":[17,289,21,280],"product_tag":[],"class_list":{"0":"post-2075","1":"product","2":"type-product","3":"status-publish","4":"has-post-thumbnail","6":"product_cat-bandelin","7":"product_cat-bandelin-svi-proizvodi","8":"product_cat-cadicap","9":"product_cat-ultrazvucna-kupatila-za-robotske-instrumente","10":"desktop-align-left","11":"tablet-align-left","12":"mobile-align-left","14":"first","15":"instock","16":"shipping-taxable","17":"product-type-simple"},"_links":{"self":[{"href":"https:\/\/sr.cadicap.rs\/sr\/wp-json\/wp\/v2\/product\/2075","targetHints":{"allow":["GET"]}}],"collection":[{"href":"https:\/\/sr.cadicap.rs\/sr\/wp-json\/wp\/v2\/product"}],"about":[{"href":"https:\/\/sr.cadicap.rs\/sr\/wp-json\/wp\/v2\/types\/product"}],"version-history":[{"count":0,"href":"https:\/\/sr.cadicap.rs\/sr\/wp-json\/wp\/v2\/product\/2075\/revisions"}],"wp:featuredmedia":[{"embeddable":true,"href":"https:\/\/sr.cadicap.rs\/sr\/wp-json\/wp\/v2\/media\/2076"}],"wp:attachment":[{"href":"https:\/\/sr.cadicap.rs\/sr\/wp-json\/wp\/v2\/media?parent=2075"}],"wp:term":[{"taxonomy":"product_brand","embeddable":true,"href":"https:\/\/sr.cadicap.rs\/sr\/wp-json\/wp\/v2\/product_brand?post=2075"},{"taxonomy":"product_cat","embeddable":true,"href":"https:\/\/sr.cadicap.rs\/sr\/wp-json\/wp\/v2\/product_cat?post=2075"},{"taxonomy":"product_tag","embeddable":true,"href":"https:\/\/sr.cadicap.rs\/sr\/wp-json\/wp\/v2\/product_tag?post=2075"}],"curies":[{"name":"wp","href":"https:\/\/api.w.org\/{rel}","templated":true}]}}