{"id":25,"date":"2023-08-12T19:07:44","date_gmt":"2023-08-12T19:07:44","guid":{"rendered":"http:\/\/https\/\/cadicap.rs\/?post_type=product&#038;p=25"},"modified":"2025-04-23T10:33:34","modified_gmt":"2025-04-23T10:33:34","slug":"laboratorijski-inkubator-sejker-is-os20","status":"publish","type":"product","link":"https:\/\/sr.cadicap.rs\/sr\/proizvod\/laboratorijski-inkubator-sejker-is-os20\/","title":{"rendered":"Laboratorijski inkubator\/\u0161ejker IS-OS 20"},"content":{"rendered":"<p class=\"x11i5rnm xat24cr x1mh8g0r x1vvkbs xdj266r x126k92a\">&#8211; Novi laboratorijski inkubator za \u0161ejkovanje IS-OS 20 kombinuje dve tipi\u010dne laboratorijske operacije u jednom instrumentu: muc\u0301kanje i inkubaciju uzoraka.<\/p>\n<p>&#8211; Idealan je za c\u0301elijsku kulturu, studije rastvorljivosti, procedure ekstrakcije i mnoge druge laboratorijske primene.<\/p>\n<p>&#8211; Ugra\u0111eni ventilator garantuje ujedna\u010denu raspodelu temperature.<\/p>\n<p dir=\"auto\">&#8211; Laboratorijski inkubator IS-OS20 c\u0301e biti isporu\u010den sa standardnom platformom opremljenom fleksibilnim oprugama koje mogu da prime razne vrste laboratorijskih tikvica, bo\u010dica i epruveta razli\u010ditih veli\u010dina.<\/p>\n<h6><span style=\"font-size: 16px;\">Tehni\u010dke informacije<\/span><\/h6>\n<p>&nbsp;<\/p>\n<p>&#8211; Tip \u0161ejkera: Laboratorijski inkubator \/ \u0161ejker<\/p>\n<p><span style=\"font-size: 16px;\">&#8211; Max. opseg brzine \u0161ejkera: 300 o\/min<\/span><\/p>\n<div class=\"x11i5rnm xat24cr x1mh8g0r x1vvkbs xtlvy1s x126k92a\">\n<div dir=\"auto\">&#8211; Te\u017eina proizvoda: 40 kg<\/div>\n<div dir=\"auto\">&#8211; Opseg temperature \/ Rezolucija (\u00b0C) RT +5 do 60 \/ 0.1<\/div>\n<div dir=\"auto\">&#8211; Temperaturna disperzija (na 37 \u00b0C) + 0,5<\/div>\n<div dir=\"auto\">&#8211; Ta\u010dnost temperature (\u00b0C) + 0,1<\/div>\n<div dir=\"auto\">&#8211; Operacija 99:59 i Kontinuirano<\/div>\n<div dir=\"auto\">&#8211; Prisilna cirkulacija vazduha<\/div>\n<div dir=\"auto\">&#8211; Brzina (o\/min) 40 do 300<\/div>\n<div dir=\"auto\">&#8211; Amplituda kretanja (mm) 20<\/div>\n<div dir=\"auto\">&#8211; Kapacitet: 7 * 500 ml Erlenmajer boca\u00a0 ,\u00a0 4 * 1000 ml Erlenmajer boca<\/div>\n<div dir=\"auto\">&#8211; Dimenzije platforme \u0161*d (mm) 320*320<\/div>\n<div dir=\"auto\">&#8211; Snaga (W): 500<\/div>\n<div dir=\"auto\">&#8211; Dimenzije \u0161*d*v (mm): 500*610*470<\/div>\n<div dir=\"auto\">&#8211; Materijal haube \/ Debljina (mm) Pleksiglas \/ 8<\/div>\n<div dir=\"auto\">&#8211; Te\u017eina (kg): 40<\/div>\n<div dir=\"auto\">&#8211; Podesiva sigurnosna temperatura: da<\/div>\n<div dir=\"auto\">&#8211; Sigurnosna kontrola &#8221;otvaranje vrata: da<\/div>\n<\/div>","protected":false},"excerpt":{"rendered":"<p>&#8211; Novi laboratorijski inkubator za \u0161ejkovanje IS-OS 20 kombinuje dve tipi\u010dne laboratorijske operacije u jednom instrumentu: muc\u0301kanje i inkubaciju uzoraka. &#8211; Idealan je za c\u0301elijsku kulturu, studije rastvorljivosti, procedure ekstrakcije i mnoge druge laboratorijske primene. &#8211; Ugra\u0111eni ventilator garantuje ujedna\u010denu raspodelu temperature. &#8211; Laboratorijski inkubator IS-OS20 c\u0301e biti isporu\u010den sa standardnom platformom opremljenom fleksibilnim oprugama [&hellip;]<\/p>\n","protected":false},"featured_media":2874,"template":"","meta":{"site-sidebar-layout":"default","site-content-layout":"","ast-site-content-layout":"default","site-content-style":"default","site-sidebar-style":"default","ast-global-header-display":"","ast-banner-title-visibility":"","ast-main-header-display":"","ast-hfb-above-header-display":"","ast-hfb-below-header-display":"","ast-hfb-mobile-header-display":"","site-post-title":"","ast-breadcrumbs-content":"","ast-featured-img":"","footer-sml-layout":"","ast-disable-related-posts":"","theme-transparent-header-meta":"default","adv-header-id-meta":"","stick-header-meta":"","header-above-stick-meta":"","header-main-stick-meta":"","header-below-stick-meta":"","astra-migrate-meta-layouts":"set","ast-page-background-enabled":"default","ast-page-background-meta":{"desktop":{"background-color":"var(--ast-global-color-4)","background-image":"","background-repeat":"repeat","background-position":"center center","background-size":"auto","background-attachment":"scroll","background-type":"","background-media":"","overlay-type":"","overlay-color":"","overlay-opacity":"","overlay-gradient":""},"tablet":{"background-color":"","background-image":"","background-repeat":"repeat","background-position":"center center","background-size":"auto","background-attachment":"scroll","background-type":"","background-media":"","overlay-type":"","overlay-color":"","overlay-opacity":"","overlay-gradient":""},"mobile":{"background-color":"","background-image":"","background-repeat":"repeat","background-position":"center center","background-size":"auto","background-attachment":"scroll","background-type":"","background-media":"","overlay-type":"","overlay-color":"","overlay-opacity":"","overlay-gradient":""}},"ast-content-background-meta":{"desktop":{"background-color":"var(--ast-global-color-5)","background-image":"","background-repeat":"repeat","background-position":"center center","background-size":"auto","background-attachment":"scroll","background-type":"","background-media":"","overlay-type":"","overlay-color":"","overlay-opacity":"","overlay-gradient":""},"tablet":{"background-color":"var(--ast-global-color-5)","background-image":"","background-repeat":"repeat","background-position":"center center","background-size":"auto","background-attachment":"scroll","background-type":"","background-media":"","overlay-type":"","overlay-color":"","overlay-opacity":"","overlay-gradient":""},"mobile":{"background-color":"var(--ast-global-color-5)","background-image":"","background-repeat":"repeat","background-position":"center center","background-size":"auto","background-attachment":"scroll","background-type":"","background-media":"","overlay-type":"","overlay-color":"","overlay-opacity":"","overlay-gradient":""}}},"product_brand":[],"product_cat":[295,257,292,22],"product_tag":[],"class_list":{"0":"post-25","1":"product","2":"type-product","3":"status-publish","4":"has-post-thumbnail","6":"product_cat-akcija-cadicap-laboratorijska-oprema","7":"product_cat-laboratorijski-inkubator-sejker","8":"product_cat-phoenix-svi-proizvodi","9":"product_cat-proizvodi-phoenix","10":"desktop-align-left","11":"tablet-align-left","12":"mobile-align-left","14":"first","15":"instock","16":"shipping-taxable","17":"purchasable","18":"product-type-simple"},"_links":{"self":[{"href":"https:\/\/sr.cadicap.rs\/sr\/wp-json\/wp\/v2\/product\/25","targetHints":{"allow":["GET"]}}],"collection":[{"href":"https:\/\/sr.cadicap.rs\/sr\/wp-json\/wp\/v2\/product"}],"about":[{"href":"https:\/\/sr.cadicap.rs\/sr\/wp-json\/wp\/v2\/types\/product"}],"version-history":[{"count":0,"href":"https:\/\/sr.cadicap.rs\/sr\/wp-json\/wp\/v2\/product\/25\/revisions"}],"wp:featuredmedia":[{"embeddable":true,"href":"https:\/\/sr.cadicap.rs\/sr\/wp-json\/wp\/v2\/media\/2874"}],"wp:attachment":[{"href":"https:\/\/sr.cadicap.rs\/sr\/wp-json\/wp\/v2\/media?parent=25"}],"wp:term":[{"taxonomy":"product_brand","embeddable":true,"href":"https:\/\/sr.cadicap.rs\/sr\/wp-json\/wp\/v2\/product_brand?post=25"},{"taxonomy":"product_cat","embeddable":true,"href":"https:\/\/sr.cadicap.rs\/sr\/wp-json\/wp\/v2\/product_cat?post=25"},{"taxonomy":"product_tag","embeddable":true,"href":"https:\/\/sr.cadicap.rs\/sr\/wp-json\/wp\/v2\/product_tag?post=25"}],"curies":[{"name":"wp","href":"https:\/\/api.w.org\/{rel}","templated":true}]}}