{"id":258,"date":"2023-08-12T19:09:22","date_gmt":"2023-08-12T19:09:22","guid":{"rendered":"https\/\/cadicap.rs\/?post_type=product&#038;p=258"},"modified":"2023-10-06T21:47:28","modified_gmt":"2023-10-06T21:47:28","slug":"steri-mix-control","status":"publish","type":"product","link":"https:\/\/sr.cadicap.rs\/sr\/proizvod\/steri-mix-control\/","title":{"rendered":"Steri MIX control"},"content":{"rendered":"<p>&#8216;- Moc\u0301na upravlja\u010dka jedinica sa snagom me\u0161anja od 20 W i mix WATCH nadgledanjem me\u0161alice (bez smanjenja brzine me\u0161anja).<\/p>\n<p>&#8211; Soft Start-funkcija za pouzdano hvatanje \/ centriranje i sigurno ubrzavanje poluge za me\u0161anje pri razli\u010ditim zapreminama i viskozitetima, podesivim intervalima za automatsko ponovno pokretanje me\u0161alice nakon max. 240 sek.<\/p>\n<p>&#8211; Digitalni displej za pode\u0161avanje brzine i intervala, Quick Set za brzo pode\u0161avanje startne i maksimalne brzine, Quick Stop funkcija protiv naknadnog pokretanja i loma stakla, \u010duvanje statusa poslednje funkcije prilikom isklju\u010divanja.<\/p>\n<p>&#8211; Interfejsi (0-10 volti, 4-20 mA, RS232, USB, Ethernet, OPC UA, LADS orijentisani, druga kuc\u0301i\u0161ta (npr. Za ugradnju DINrail-a) i prilago\u0111en softver na zahtev kupca.<\/p>\n<p><strong>2mag mix WATCH<\/strong><\/p>\n<p>&#8211; Nadgledanje me\u0161alice sa potpuno automatskim pode\u0161avanjem maksimalno dostupne brzine za pouzdan i bez nadzora rad me\u0161alice.<\/p>\n<p>&#8211; Apsolutna inovacija je integrisani miks za upravljanje me\u0161alicom WATCH.<\/p>\n<p>&#8211; U slu\u010daju da je magnetna spojnica odvojena izme\u0111u magnetne me\u0161alice i me\u0161alice tokom faze ubrzanja, npr. uzrokovane velikom pode\u0161enom brzinom ili promenom viskoznosti, magnetna me\u0161alica c\u0301e se zaustaviti, \u0161ipka za me\u0161anje centrirati i ponovo pokrenuti.<\/p>\n<p>&#8211; mix WATCH osigurava vrlo visoku sigurnost procesa, npr. uz upotrebu zatvorenih posuda od stakla ili u nenadgledanom radu preko noc\u0301i.<\/p>\n<p>&#8211; Steri MIX drive sa steri MIX control je standardno opremljen sa mix WATCH.<\/p>\n<h6><\/h6>\n<h6>Tehni\u010dki podaci<\/h6>\n<p><strong>Steri MIX control<\/strong><\/p>\n<p>&#8211; Raspon brzine: 100 &#8211; 1200 o\/min<br \/>\n&#8211; Snaga me\u0161anja (max.): 20 W<br \/>\n&#8211; Pode\u0161avanje snage &#8211;<br \/>\n&#8211; Promenljiva brzina: 20\/30\/60\/120 s<br \/>\n&#8211; Intervalna promenljiva: 0 &#8211; 240 s<br \/>\n&#8211; Materijal kuc\u0301i\u0161ta: Ner\u0111ajuc\u0301i \u010delik<br \/>\n&#8211; Dozvoljeni radni uslovi: 0 \u00b0C do +40 \u00b0C (pri 80% vla\u017enosti)<br \/>\n&#8211; Elektri\u010dni podaci: 100-240 V \/ 50-60 Hz \/ 1,5 A<br \/>\n&#8211; Dimenzije (\u0160*D*V): 200*155*38 mm<br \/>\n&#8211; Za\u0161titna kategorija: IP 20<br \/>\n&#8211; Te\u017eina (bruto): pribli\u017eno 1,9 kg<br \/>\n&#8211; Narud\u017ebina br.: 95200<\/p>\n<h6>\n&#8211; Kontrolne jedinice<\/h6>\n<p><strong>Steri MIX drive<\/strong><\/p>\n<p>&#8211; Otporan na temperaturu do + 150 \u00b0C, do 40 litara.<\/p>\n<p>&nbsp;<\/p>\n<p>&nbsp;<\/p>\n<p>&nbsp;<\/p>\n<p>&nbsp;<\/p>\n<p>&nbsp;<\/p>\n<p>&nbsp;<\/p>\n<p>&nbsp;<\/p>\n<p>&nbsp;<\/p>\n<p>&nbsp;<\/p>\n<p>&nbsp;<\/p>\n<p>&nbsp;<\/p>","protected":false},"excerpt":{"rendered":"<p>&#8216;- Moc\u0301na upravlja\u010dka jedinica sa snagom me\u0161anja od 20 W i mix WATCH nadgledanjem me\u0161alice (bez smanjenja brzine me\u0161anja). &#8211; Soft Start-funkcija za pouzdano hvatanje \/ centriranje i sigurno ubrzavanje poluge za me\u0161anje pri razli\u010ditim zapreminama i viskozitetima, podesivim intervalima za automatsko ponovno pokretanje me\u0161alice nakon max. 240 sek. &#8211; Digitalni displej za pode\u0161avanje brzine [&hellip;]<\/p>\n","protected":false},"featured_media":289,"template":"","meta":{"site-sidebar-layout":"default","site-content-layout":"","ast-site-content-layout":"default","site-content-style":"default","site-sidebar-style":"default","ast-global-header-display":"","ast-banner-title-visibility":"","ast-main-header-display":"","ast-hfb-above-header-display":"","ast-hfb-below-header-display":"","ast-hfb-mobile-header-display":"","site-post-title":"","ast-breadcrumbs-content":"","ast-featured-img":"","footer-sml-layout":"","ast-disable-related-posts":"","theme-transparent-header-meta":"","adv-header-id-meta":"","stick-header-meta":"","header-above-stick-meta":"","header-main-stick-meta":"","header-below-stick-meta":"","astra-migrate-meta-layouts":"default","ast-page-background-enabled":"default","ast-page-background-meta":{"desktop":{"background-color":"var(--ast-global-color-4)","background-image":"","background-repeat":"repeat","background-position":"center center","background-size":"auto","background-attachment":"scroll","background-type":"","background-media":"","overlay-type":"","overlay-color":"","overlay-opacity":"","overlay-gradient":""},"tablet":{"background-color":"","background-image":"","background-repeat":"repeat","background-position":"center center","background-size":"auto","background-attachment":"scroll","background-type":"","background-media":"","overlay-type":"","overlay-color":"","overlay-opacity":"","overlay-gradient":""},"mobile":{"background-color":"","background-image":"","background-repeat":"repeat","background-position":"center center","background-size":"auto","background-attachment":"scroll","background-type":"","background-media":"","overlay-type":"","overlay-color":"","overlay-opacity":"","overlay-gradient":""}},"ast-content-background-meta":{"desktop":{"background-color":"var(--ast-global-color-5)","background-image":"","background-repeat":"repeat","background-position":"center center","background-size":"auto","background-attachment":"scroll","background-type":"","background-media":"","overlay-type":"","overlay-color":"","overlay-opacity":"","overlay-gradient":""},"tablet":{"background-color":"var(--ast-global-color-5)","background-image":"","background-repeat":"repeat","background-position":"center center","background-size":"auto","background-attachment":"scroll","background-type":"","background-media":"","overlay-type":"","overlay-color":"","overlay-opacity":"","overlay-gradient":""},"mobile":{"background-color":"var(--ast-global-color-5)","background-image":"","background-repeat":"repeat","background-position":"center center","background-size":"auto","background-attachment":"scroll","background-type":"","background-media":"","overlay-type":"","overlay-color":"","overlay-opacity":"","overlay-gradient":""}}},"product_brand":[],"product_cat":[290,121,27],"product_tag":[],"class_list":{"0":"post-258","1":"product","2":"type-product","3":"status-publish","4":"has-post-thumbnail","6":"product_cat-2mag-svi-proizvodi","7":"product_cat-kontrolne-jedinice","8":"product_cat-mag","9":"desktop-align-left","10":"tablet-align-left","11":"mobile-align-left","13":"first","14":"instock","15":"shipping-taxable","16":"product-type-simple"},"_links":{"self":[{"href":"https:\/\/sr.cadicap.rs\/sr\/wp-json\/wp\/v2\/product\/258","targetHints":{"allow":["GET"]}}],"collection":[{"href":"https:\/\/sr.cadicap.rs\/sr\/wp-json\/wp\/v2\/product"}],"about":[{"href":"https:\/\/sr.cadicap.rs\/sr\/wp-json\/wp\/v2\/types\/product"}],"version-history":[{"count":0,"href":"https:\/\/sr.cadicap.rs\/sr\/wp-json\/wp\/v2\/product\/258\/revisions"}],"wp:featuredmedia":[{"embeddable":true,"href":"https:\/\/sr.cadicap.rs\/sr\/wp-json\/wp\/v2\/media\/289"}],"wp:attachment":[{"href":"https:\/\/sr.cadicap.rs\/sr\/wp-json\/wp\/v2\/media?parent=258"}],"wp:term":[{"taxonomy":"product_brand","embeddable":true,"href":"https:\/\/sr.cadicap.rs\/sr\/wp-json\/wp\/v2\/product_brand?post=258"},{"taxonomy":"product_cat","embeddable":true,"href":"https:\/\/sr.cadicap.rs\/sr\/wp-json\/wp\/v2\/product_cat?post=258"},{"taxonomy":"product_tag","embeddable":true,"href":"https:\/\/sr.cadicap.rs\/sr\/wp-json\/wp\/v2\/product_tag?post=258"}],"curies":[{"name":"wp","href":"https:\/\/api.w.org\/{rel}","templated":true}]}}