{"id":262,"date":"2023-08-12T19:09:23","date_gmt":"2023-08-12T19:09:23","guid":{"rendered":"https\/\/cadicap.rs\/?post_type=product&#038;p=262"},"modified":"2023-10-25T08:24:11","modified_gmt":"2023-10-25T08:24:11","slug":"fab-control-2","status":"publish","type":"product","link":"https:\/\/sr.cadicap.rs\/sr\/proizvod\/fab-control-2\/","title":{"rendered":"Kontrolna jedinica &#8211; FAB control"},"content":{"rendered":"<p>&#8216;- Kontrolna jedinica za povezivanje magnetnih me\u0161alica FAB drive, sna\u017ene snage me\u0161anja od 100 vati, velikog opsega brzina od 80 do 990 o\/min.<\/p>\n<p>&#8211; Varijabilna Soft Start funkcija za pouzdano hvatanje \/ centriranje i sigurno ubrzavanje poluge za pitanje pri razli\u010ditim zapreminama i viskozitetima.<\/p>\n<p>&#8211; Digitalni displej za pode\u0161avanje brzina i Soft Start (promenljiva, 20-99 sekundi) i brzine u\u017eivo, Quick Set za brzo pode\u0161avanje po\u010detnih i maksimalnih brzina, Quick Stop funkcija protiv naknadnog pokretanja i lomljenja stakla.<\/p>\n<p>&#8211; Zvu\u010dni signal pri padu ispod pode\u0161enih brzina, \u010duvanje statusa poslednje funkcije prilikom isklju\u010divanja, \u010dvrsto kuc\u0301i\u0161te od ner\u0111ajuc\u0301eg \u010delika, lako se \u010disti.<\/p>\n<p>&#8211; Interfejsi (0-10 volti, 4-20 mA, RS 232, USB, Ethernet, OPC UA, LADS orijentisani), druga kuc\u0301i\u0161ta (npr. Za ugradnju DIN rail-a), prilago\u0111en softver na zahtev kupca.<\/p>\n<h6>Tehni\u010dki podaci<\/h6>\n<p><strong>TIP\u00a0 FAB control<\/strong><\/p>\n<p>&#8211; Raspon brzine: 80 &#8211; 990 o\/min<br \/>\n&#8211; Snaga me\u0161anja (max.): 100 W<br \/>\n&#8211; Pode\u0161avanje snage &#8211;<br \/>\n&#8211; Promenljiva brzina: 20-99 s<br \/>\n&#8211; Zujalica, promenljiva tolerancije: , 5-50 o\/min<br \/>\n&#8211; Materijal kuc\u0301i\u0161ta: Ner\u0111ajuc\u0301i \u010delik<br \/>\n&#8211; Dozvoljeni radni uslovi: 0 do +40 \u00b0 C (pri 80% vla\u017enosti)<br \/>\n&#8211; Elektri\u010dni podaci 100-240 V \/ 50-60 Hz \/ 4,2 A<br \/>\n&#8211; Dimenzije (\u0160*D*V): 200*175*51 mm<br \/>\n&#8211; Za\u0161titna kategorija: IP 20<br \/>\n&#8211; Te\u017eina (bruto): pribli\u017eno 2,0 kg<br \/>\n&#8211; Narud\u017ebina br.: 94402<\/p>\n<h6>Kontrolne jedinice<\/h6>\n<p><strong>FAB drive<\/strong><\/p>\n<p>&#8211; do 1000 litara zapremine me\u0161anja, tako\u0111e pogodno za visoko viskozne medije.<\/p>\n<h6>Pribor<\/h6>\n<p>&#8211; Produ\u017eni kabl za MAX drive \/ FAB drive<\/p>\n<p>&#8211; Produ\u017eni kabl za MAX drive i FAB drive, du\u017eine 3m.<\/p>\n<p>&nbsp;<\/p>\n<p>&nbsp;<\/p>\n<p>&nbsp;<\/p>\n<p>&nbsp;<\/p>\n<p>&nbsp;<\/p>","protected":false},"excerpt":{"rendered":"<p>&#8216;- Kontrolna jedinica za povezivanje magnetnih me\u0161alica FAB drive, sna\u017ene snage me\u0161anja od 100 vati, velikog opsega brzina od 80 do 990 o\/min. &#8211; Varijabilna Soft Start funkcija za pouzdano hvatanje \/ centriranje i sigurno ubrzavanje poluge za pitanje pri razli\u010ditim zapreminama i viskozitetima. &#8211; Digitalni displej za pode\u0161avanje brzina i Soft Start (promenljiva, 20-99 [&hellip;]<\/p>\n","protected":false},"featured_media":293,"template":"","meta":{"site-sidebar-layout":"default","site-content-layout":"","ast-site-content-layout":"default","site-content-style":"default","site-sidebar-style":"default","ast-global-header-display":"","ast-banner-title-visibility":"","ast-main-header-display":"","ast-hfb-above-header-display":"","ast-hfb-below-header-display":"","ast-hfb-mobile-header-display":"","site-post-title":"","ast-breadcrumbs-content":"","ast-featured-img":"","footer-sml-layout":"","ast-disable-related-posts":"","theme-transparent-header-meta":"","adv-header-id-meta":"","stick-header-meta":"","header-above-stick-meta":"","header-main-stick-meta":"","header-below-stick-meta":"","astra-migrate-meta-layouts":"default","ast-page-background-enabled":"default","ast-page-background-meta":{"desktop":{"background-color":"var(--ast-global-color-4)","background-image":"","background-repeat":"repeat","background-position":"center center","background-size":"auto","background-attachment":"scroll","background-type":"","background-media":"","overlay-type":"","overlay-color":"","overlay-opacity":"","overlay-gradient":""},"tablet":{"background-color":"","background-image":"","background-repeat":"repeat","background-position":"center center","background-size":"auto","background-attachment":"scroll","background-type":"","background-media":"","overlay-type":"","overlay-color":"","overlay-opacity":"","overlay-gradient":""},"mobile":{"background-color":"","background-image":"","background-repeat":"repeat","background-position":"center center","background-size":"auto","background-attachment":"scroll","background-type":"","background-media":"","overlay-type":"","overlay-color":"","overlay-opacity":"","overlay-gradient":""}},"ast-content-background-meta":{"desktop":{"background-color":"var(--ast-global-color-5)","background-image":"","background-repeat":"repeat","background-position":"center center","background-size":"auto","background-attachment":"scroll","background-type":"","background-media":"","overlay-type":"","overlay-color":"","overlay-opacity":"","overlay-gradient":""},"tablet":{"background-color":"var(--ast-global-color-5)","background-image":"","background-repeat":"repeat","background-position":"center center","background-size":"auto","background-attachment":"scroll","background-type":"","background-media":"","overlay-type":"","overlay-color":"","overlay-opacity":"","overlay-gradient":""},"mobile":{"background-color":"var(--ast-global-color-5)","background-image":"","background-repeat":"repeat","background-position":"center center","background-size":"auto","background-attachment":"scroll","background-type":"","background-media":"","overlay-type":"","overlay-color":"","overlay-opacity":"","overlay-gradient":""}}},"product_brand":[],"product_cat":[290,121,27],"product_tag":[],"class_list":{"0":"post-262","1":"product","2":"type-product","3":"status-publish","4":"has-post-thumbnail","6":"product_cat-2mag-svi-proizvodi","7":"product_cat-kontrolne-jedinice","8":"product_cat-mag","9":"desktop-align-left","10":"tablet-align-left","11":"mobile-align-left","13":"first","14":"instock","15":"shipping-taxable","16":"product-type-simple"},"_links":{"self":[{"href":"https:\/\/sr.cadicap.rs\/sr\/wp-json\/wp\/v2\/product\/262","targetHints":{"allow":["GET"]}}],"collection":[{"href":"https:\/\/sr.cadicap.rs\/sr\/wp-json\/wp\/v2\/product"}],"about":[{"href":"https:\/\/sr.cadicap.rs\/sr\/wp-json\/wp\/v2\/types\/product"}],"version-history":[{"count":0,"href":"https:\/\/sr.cadicap.rs\/sr\/wp-json\/wp\/v2\/product\/262\/revisions"}],"wp:featuredmedia":[{"embeddable":true,"href":"https:\/\/sr.cadicap.rs\/sr\/wp-json\/wp\/v2\/media\/293"}],"wp:attachment":[{"href":"https:\/\/sr.cadicap.rs\/sr\/wp-json\/wp\/v2\/media?parent=262"}],"wp:term":[{"taxonomy":"product_brand","embeddable":true,"href":"https:\/\/sr.cadicap.rs\/sr\/wp-json\/wp\/v2\/product_brand?post=262"},{"taxonomy":"product_cat","embeddable":true,"href":"https:\/\/sr.cadicap.rs\/sr\/wp-json\/wp\/v2\/product_cat?post=262"},{"taxonomy":"product_tag","embeddable":true,"href":"https:\/\/sr.cadicap.rs\/sr\/wp-json\/wp\/v2\/product_tag?post=262"}],"curies":[{"name":"wp","href":"https:\/\/api.w.org\/{rel}","templated":true}]}}