{"id":27,"date":"2023-08-12T19:07:45","date_gmt":"2023-08-12T19:07:45","guid":{"rendered":"http:\/\/https\/\/cadicap.rs\/?post_type=product&#038;p=27"},"modified":"2025-04-23T10:32:08","modified_gmt":"2025-04-23T10:32:08","slug":"digitalni-dry-bath-hb-100","status":"publish","type":"product","link":"https:\/\/sr.cadicap.rs\/sr\/proizvod\/digitalni-dry-bath-hb-100\/","title":{"rendered":"Digitalni Dry bath HB-100"},"content":{"rendered":"<p class=\"tw-data-text tw-text-small tw-ta\" dir=\"ltr\"><span class=\"Y2IQFc\">&#8211; Digitalna suva kupka HB 100 sa razli\u010ditim izmenjivim grejnim blokovima je idealna za molekularnu biologiju, histologiju, klini\u010dke, ekolo\u0161ke i industrijske laboratorije. <\/span><\/p>\n<p class=\"tw-data-text tw-text-small tw-ta\" dir=\"ltr\"><span class=\"Y2IQFc\">&#8211; Uklju\u010dujuc\u0301i odre\u0111ivanje ta\u010dke topljenja i klju\u010danja, enzimske reakcije, inkubaciju i aktivaciju kultura, imunotestove, denaturaciju DNK, testove medija za kulturu, testove koagulacije, <\/span><\/p>\n<p class=\"tw-data-text tw-text-small tw-ta\" dir=\"ltr\"><span class=\"Y2IQFc\">\u00a0 odre\u0111ivanje azota u krvi i uree i hibridizacije na licu mesta.<\/span><\/p>\n<p class=\"tw-data-text tw-text-small tw-ta\" dir=\"ltr\"><span class=\"Y2IQFc\">&#8211; \u0160irok temperaturni opseg do 120\u00b0C, za razne primene <\/span><\/p>\n<p class=\"tw-data-text tw-text-small tw-ta\" dir=\"ltr\"><span class=\"Y2IQFc\">&#8211; Kontinuirani i vremenski ograni\u010deni rad <\/span><\/p>\n<p class=\"tw-data-text tw-text-small tw-ta\" dir=\"ltr\"><span class=\"Y2IQFc\">&#8211; Razli\u010dite vrste opcionih blokova su dostupni <\/span><\/p>\n<p class=\"tw-data-text tw-text-small tw-ta\" dir=\"ltr\"><span class=\"Y2IQFc\">&#8211; Za\u0161tita od previsoke temperature <\/span><\/p>\n<p class=\"tw-data-text tw-text-small tw-ta\" dir=\"ltr\"><span class=\"Y2IQFc\">&#8211; Digitalna suva kupka HB100 sa razli\u010ditim izmenjivim grejnim blokovima je idealna za molekularnu biologiju, histologiju, klini\u010dke, ekolo\u0161ke i industrijske laboratorije. <\/span><\/p>\n<p class=\"tw-data-text tw-text-small tw-ta\" dir=\"ltr\"><span class=\"Y2IQFc\">&#8211; Uklju\u010dujuc\u0301i odre\u0111ivanje ta\u010dke topljenja i klju\u010danja, enzimske reakcije, inkubaciju i aktivaciju kultura, imunotestove, denaturaciju DNK, testove medija za kulturu, testove koagulacije, <\/span><\/p>\n<p class=\"tw-data-text tw-text-small tw-ta\" dir=\"ltr\"><span class=\"Y2IQFc\">\u00a0 odre\u0111ivanje azota u krvi i uree i hibridizacije na licu mesta.<\/span><\/p>","protected":false},"excerpt":{"rendered":"<p>&#8211; Digitalna suva kupka HB 100 sa razli\u010ditim izmenjivim grejnim blokovima je idealna za molekularnu biologiju, histologiju, klini\u010dke, ekolo\u0161ke i industrijske laboratorije. &#8211; Uklju\u010dujuc\u0301i odre\u0111ivanje ta\u010dke topljenja i klju\u010danja, enzimske reakcije, inkubaciju i aktivaciju kultura, imunotestove, denaturaciju DNK, testove medija za kulturu, testove koagulacije, \u00a0 odre\u0111ivanje azota u krvi i uree i hibridizacije na licu [&hellip;]<\/p>\n","protected":false},"featured_media":58,"template":"","meta":{"site-sidebar-layout":"default","site-content-layout":"","ast-site-content-layout":"default","site-content-style":"default","site-sidebar-style":"default","ast-global-header-display":"","ast-banner-title-visibility":"","ast-main-header-display":"","ast-hfb-above-header-display":"","ast-hfb-below-header-display":"","ast-hfb-mobile-header-display":"","site-post-title":"","ast-breadcrumbs-content":"","ast-featured-img":"","footer-sml-layout":"","ast-disable-related-posts":"","theme-transparent-header-meta":"default","adv-header-id-meta":"","stick-header-meta":"","header-above-stick-meta":"","header-main-stick-meta":"","header-below-stick-meta":"","astra-migrate-meta-layouts":"set","ast-page-background-enabled":"default","ast-page-background-meta":{"desktop":{"background-color":"var(--ast-global-color-4)","background-image":"","background-repeat":"repeat","background-position":"center center","background-size":"auto","background-attachment":"scroll","background-type":"","background-media":"","overlay-type":"","overlay-color":"","overlay-opacity":"","overlay-gradient":""},"tablet":{"background-color":"","background-image":"","background-repeat":"repeat","background-position":"center center","background-size":"auto","background-attachment":"scroll","background-type":"","background-media":"","overlay-type":"","overlay-color":"","overlay-opacity":"","overlay-gradient":""},"mobile":{"background-color":"","background-image":"","background-repeat":"repeat","background-position":"center center","background-size":"auto","background-attachment":"scroll","background-type":"","background-media":"","overlay-type":"","overlay-color":"","overlay-opacity":"","overlay-gradient":""}},"ast-content-background-meta":{"desktop":{"background-color":"var(--ast-global-color-5)","background-image":"","background-repeat":"repeat","background-position":"center center","background-size":"auto","background-attachment":"scroll","background-type":"","background-media":"","overlay-type":"","overlay-color":"","overlay-opacity":"","overlay-gradient":""},"tablet":{"background-color":"var(--ast-global-color-5)","background-image":"","background-repeat":"repeat","background-position":"center center","background-size":"auto","background-attachment":"scroll","background-type":"","background-media":"","overlay-type":"","overlay-color":"","overlay-opacity":"","overlay-gradient":""},"mobile":{"background-color":"var(--ast-global-color-5)","background-image":"","background-repeat":"repeat","background-position":"center center","background-size":"auto","background-attachment":"scroll","background-type":"","background-media":"","overlay-type":"","overlay-color":"","overlay-opacity":"","overlay-gradient":""}}},"product_brand":[],"product_cat":[295,24,292,22],"product_tag":[],"class_list":{"0":"post-27","1":"product","2":"type-product","3":"status-publish","4":"has-post-thumbnail","6":"product_cat-akcija-cadicap-laboratorijska-oprema","7":"product_cat-laboratorijski-inkubatori","8":"product_cat-phoenix-svi-proizvodi","9":"product_cat-proizvodi-phoenix","10":"desktop-align-left","11":"tablet-align-left","12":"mobile-align-left","14":"first","15":"instock","16":"shipping-taxable","17":"purchasable","18":"product-type-simple"},"_links":{"self":[{"href":"https:\/\/sr.cadicap.rs\/sr\/wp-json\/wp\/v2\/product\/27","targetHints":{"allow":["GET"]}}],"collection":[{"href":"https:\/\/sr.cadicap.rs\/sr\/wp-json\/wp\/v2\/product"}],"about":[{"href":"https:\/\/sr.cadicap.rs\/sr\/wp-json\/wp\/v2\/types\/product"}],"version-history":[{"count":0,"href":"https:\/\/sr.cadicap.rs\/sr\/wp-json\/wp\/v2\/product\/27\/revisions"}],"wp:featuredmedia":[{"embeddable":true,"href":"https:\/\/sr.cadicap.rs\/sr\/wp-json\/wp\/v2\/media\/58"}],"wp:attachment":[{"href":"https:\/\/sr.cadicap.rs\/sr\/wp-json\/wp\/v2\/media?parent=27"}],"wp:term":[{"taxonomy":"product_brand","embeddable":true,"href":"https:\/\/sr.cadicap.rs\/sr\/wp-json\/wp\/v2\/product_brand?post=27"},{"taxonomy":"product_cat","embeddable":true,"href":"https:\/\/sr.cadicap.rs\/sr\/wp-json\/wp\/v2\/product_cat?post=27"},{"taxonomy":"product_tag","embeddable":true,"href":"https:\/\/sr.cadicap.rs\/sr\/wp-json\/wp\/v2\/product_tag?post=27"}],"curies":[{"name":"wp","href":"https:\/\/api.w.org\/{rel}","templated":true}]}}