{"id":2995,"date":"2024-04-17T11:42:45","date_gmt":"2024-04-17T11:42:45","guid":{"rendered":"https:\/\/sr.cadicap.rs\/?post_type=product&#038;p=2995"},"modified":"2025-04-23T10:26:16","modified_gmt":"2025-04-23T10:26:16","slug":"generator-ozona-oz-30","status":"publish","type":"product","link":"https:\/\/sr.cadicap.rs\/sr\/proizvod\/generator-ozona-oz-30\/","title":{"rendered":"Generator ozona OZ-30"},"content":{"rendered":"<p id=\"tw-target-rmn\" class=\"tw-data-text tw-text-small tw-ta\" dir=\"ltr\"><span class=\"Y2IQFc\">Ozon (O3) je veoma sna\u017eno oksidirajuc\u0301i molekul koji se sastoji od 3 atoma kiseonika. <\/span><\/p>\n<p class=\"tw-data-text tw-text-small tw-ta\" dir=\"ltr\"><span class=\"Y2IQFc\">Postoji kao gas i vrlo brzo se razla\u017ee do normalnog kiseonika (O2) u normalnim uslovima u vazduhu. <\/span><\/p>\n<p class=\"tw-data-text tw-text-small tw-ta\" dir=\"ltr\"><span class=\"Y2IQFc\">Zbog visokog oksidativnog dejstva, jedan je od najja\u010dih dezinfekcionih sredstava. <\/span><\/p>\n<p class=\"tw-data-text tw-text-small tw-ta\" dir=\"ltr\"><span class=\"Y2IQFc\">Ako se ve\u0161ta\u010dki generi\u0161e u generatoru ozona, mo\u017ee se veoma efikasno koristiti u borbi protiv bakterija, virusa, gljivica i budji.<\/span><\/p>\n<p class=\"tw-data-text tw-text-small tw-ta\" dir=\"ltr\"><span class=\"Y2IQFc\">Na ovaj na\u010din se cele prostorije mogu brzo i efikasno dezinfikovati bez upotrebe skupih hemikalija i bez vec\u0301eg obima posla. <\/span><\/p>\n<p class=\"tw-data-text tw-text-small tw-ta\" dir=\"ltr\"><span class=\"Y2IQFc\">Ozonizacija se vr\u0161i u neradno vreme, npr. noc\u0301u. Ugra\u0111eni tajmer automatski uklju\u010duje i isklju\u010duje generator ozona u \u017eeljeno vreme. <\/span><\/p>\n<p class=\"tw-data-text tw-text-small tw-ta\" dir=\"ltr\"><span class=\"Y2IQFc\">Sledec\u0301eg jutra, vi\u0161ak ozona se vec\u0301 raspr\u0161io i u prostoriju se mo\u017ee ponovo uc\u0301i. Sada je prostorija provetrena i mo\u017ee se normalno koristiti. <\/span><\/p>\n<p class=\"tw-data-text tw-text-small tw-ta\" dir=\"ltr\"><span class=\"Y2IQFc\">Dostupan je brzi test proteina za proveru uspeha le\u010denja. Efikasan protiv bakterija, virusa i klica.<\/span><\/p>\n<p class=\"tw-data-text tw-text-small tw-ta\" dir=\"ltr\"><span class=\"Y2IQFc\">Efikasan \u010dak i na te\u0161ko dostupnim mestima.<\/span><\/p>\n<p class=\"tw-data-text tw-text-small tw-ta\" dir=\"ltr\"><span class=\"Y2IQFc\">Brza, \u010dak i neplanirana implementacija.<\/span><\/p>\n<p class=\"tw-data-text tw-text-small tw-ta\" dir=\"ltr\"><span class=\"Y2IQFc\">Bez tro\u0161kova osoblja i hemikalija.<\/span><\/p>\n<p class=\"tw-data-text tw-text-small tw-ta\" dir=\"ltr\"><span class=\"Y2IQFc\">Mo\u017ee se koristiti fleksibilno <\/span><\/p>\n<p class=\"tw-data-text tw-text-small tw-ta\" dir=\"ltr\"><span class=\"Y2IQFc\">Niski zahtevi za ulaganje.<\/span><\/p>\n<p>&nbsp;<\/p>\n<table class=\"table table-striped\">\n<tbody>\n<tr>\n<td>Generator ozona<\/td>\n<td><strong>OZ-10<\/strong><\/td>\n<td><strong>OZ-30<\/strong><\/td>\n<\/tr>\n<tr>\n<td>Izlaz ozona<\/td>\n<td>10 g\/h<\/td>\n<td>30 g\/h<\/td>\n<\/tr>\n<tr>\n<td>\n<p id=\"tw-target-rmn\" class=\"tw-data-text tw-text-small tw-ta\" dir=\"ltr\"><span class=\"Y2IQFc\">Ambijentalni uslovi<\/span><\/p>\n<\/td>\n<td>0 to 40 \u00b0C<\/td>\n<td>0 to 40 \u00b0C<\/td>\n<\/tr>\n<tr>\n<td>Maksimalna vla\u017enost<\/td>\n<td>70%<\/td>\n<td>70%<\/td>\n<\/tr>\n<tr>\n<td>Zapremina protoka<\/td>\n<td>150<sup>m3\/h<\/sup><\/td>\n<td>230<sup>m3\/h<\/sup><\/td>\n<\/tr>\n<tr>\n<td>Zapremina prostorije<\/td>\n<td>100<sup>m3<\/sup><\/td>\n<td>320<sup>m3<\/sup><\/td>\n<\/tr>\n<tr>\n<td>\n<p id=\"tw-target-rmn\" class=\"tw-data-text tw-text-small tw-ta\" dir=\"ltr\"><span class=\"Y2IQFc\">Povr\u0161ina na 2,8 m visine prostorije<\/span><\/p>\n<\/td>\n<td>36<sup>m2<\/sup><\/td>\n<td>82<sup>m2<\/sup><\/td>\n<\/tr>\n<tr>\n<td>Snaga<\/td>\n<td>130 W<\/td>\n<td>250 W<\/td>\n<\/tr>\n<tr>\n<td>Napon<\/td>\n<td>220-240 V \/ 50 Hz<\/td>\n<td>220-240 V \/ 50 Hz<\/td>\n<\/tr>\n<tr>\n<td>Te\u017eina<\/td>\n<td>4 kg<\/td>\n<td>6 kg<\/td>\n<\/tr>\n<tr>\n<td>Dimenzije<\/td>\n<td>170 x 380 x 260 cm<\/td>\n<td>220 x 440 x 305 cm<\/td>\n<\/tr>\n<\/tbody>\n<\/table>","protected":false},"excerpt":{"rendered":"<p>Ozon (O3) je veoma sna\u017eno oksidirajuc\u0301i molekul koji se sastoji od 3 atoma kiseonika. Postoji kao gas i vrlo brzo se razla\u017ee do normalnog kiseonika (O2) u normalnim uslovima u vazduhu. Zbog visokog oksidativnog dejstva, jedan je od najja\u010dih dezinfekcionih sredstava. Ako se ve\u0161ta\u010dki generi\u0161e u generatoru ozona, mo\u017ee se veoma efikasno koristiti u borbi [&hellip;]<\/p>\n","protected":false},"featured_media":2996,"template":"","meta":{"site-sidebar-layout":"default","site-content-layout":"","ast-site-content-layout":"default","site-content-style":"default","site-sidebar-style":"default","ast-global-header-display":"","ast-banner-title-visibility":"","ast-main-header-display":"","ast-hfb-above-header-display":"","ast-hfb-below-header-display":"","ast-hfb-mobile-header-display":"","site-post-title":"","ast-breadcrumbs-content":"","ast-featured-img":"","footer-sml-layout":"","ast-disable-related-posts":"","theme-transparent-header-meta":"default","adv-header-id-meta":"","stick-header-meta":"","header-above-stick-meta":"","header-main-stick-meta":"","header-below-stick-meta":"","astra-migrate-meta-layouts":"set","ast-page-background-enabled":"default","ast-page-background-meta":{"desktop":{"background-color":"var(--ast-global-color-4)","background-image":"","background-repeat":"repeat","background-position":"center center","background-size":"auto","background-attachment":"scroll","background-type":"","background-media":"","overlay-type":"","overlay-color":"","overlay-opacity":"","overlay-gradient":""},"tablet":{"background-color":"","background-image":"","background-repeat":"repeat","background-position":"center center","background-size":"auto","background-attachment":"scroll","background-type":"","background-media":"","overlay-type":"","overlay-color":"","overlay-opacity":"","overlay-gradient":""},"mobile":{"background-color":"","background-image":"","background-repeat":"repeat","background-position":"center center","background-size":"auto","background-attachment":"scroll","background-type":"","background-media":"","overlay-type":"","overlay-color":"","overlay-opacity":"","overlay-gradient":""}},"ast-content-background-meta":{"desktop":{"background-color":"var(--ast-global-color-5)","background-image":"","background-repeat":"repeat","background-position":"center center","background-size":"auto","background-attachment":"scroll","background-type":"","background-media":"","overlay-type":"","overlay-color":"","overlay-opacity":"","overlay-gradient":""},"tablet":{"background-color":"var(--ast-global-color-5)","background-image":"","background-repeat":"repeat","background-position":"center center","background-size":"auto","background-attachment":"scroll","background-type":"","background-media":"","overlay-type":"","overlay-color":"","overlay-opacity":"","overlay-gradient":""},"mobile":{"background-color":"var(--ast-global-color-5)","background-image":"","background-repeat":"repeat","background-position":"center center","background-size":"auto","background-attachment":"scroll","background-type":"","background-media":"","overlay-type":"","overlay-color":"","overlay-opacity":"","overlay-gradient":""}}},"product_brand":[],"product_cat":[21,258,22,16],"product_tag":[],"class_list":{"0":"post-2995","1":"product","2":"type-product","3":"status-publish","4":"has-post-thumbnail","6":"product_cat-cadicap","7":"product_cat-generator-ozona","8":"product_cat-proizvodi-phoenix","9":"product_cat-uncategorized","10":"desktop-align-left","11":"tablet-align-left","12":"mobile-align-left","14":"first","15":"instock","16":"shipping-taxable","17":"purchasable","18":"product-type-simple"},"_links":{"self":[{"href":"https:\/\/sr.cadicap.rs\/sr\/wp-json\/wp\/v2\/product\/2995","targetHints":{"allow":["GET"]}}],"collection":[{"href":"https:\/\/sr.cadicap.rs\/sr\/wp-json\/wp\/v2\/product"}],"about":[{"href":"https:\/\/sr.cadicap.rs\/sr\/wp-json\/wp\/v2\/types\/product"}],"version-history":[{"count":0,"href":"https:\/\/sr.cadicap.rs\/sr\/wp-json\/wp\/v2\/product\/2995\/revisions"}],"wp:featuredmedia":[{"embeddable":true,"href":"https:\/\/sr.cadicap.rs\/sr\/wp-json\/wp\/v2\/media\/2996"}],"wp:attachment":[{"href":"https:\/\/sr.cadicap.rs\/sr\/wp-json\/wp\/v2\/media?parent=2995"}],"wp:term":[{"taxonomy":"product_brand","embeddable":true,"href":"https:\/\/sr.cadicap.rs\/sr\/wp-json\/wp\/v2\/product_brand?post=2995"},{"taxonomy":"product_cat","embeddable":true,"href":"https:\/\/sr.cadicap.rs\/sr\/wp-json\/wp\/v2\/product_cat?post=2995"},{"taxonomy":"product_tag","embeddable":true,"href":"https:\/\/sr.cadicap.rs\/sr\/wp-json\/wp\/v2\/product_tag?post=2995"}],"curies":[{"name":"wp","href":"https:\/\/api.w.org\/{rel}","templated":true}]}}