{"id":306,"date":"2023-08-12T19:09:46","date_gmt":"2023-08-12T19:09:46","guid":{"rendered":"https\/\/cadicap.rs\/?post_type=product&#038;p=306"},"modified":"2023-10-24T12:01:12","modified_gmt":"2023-10-24T12:01:12","slug":"drybath-15-250","status":"publish","type":"product","link":"https:\/\/sr.cadicap.rs\/sr\/proizvod\/drybath-15-250\/","title":{"rendered":"Blokovi za me\u0161anje i zagrevanje DRYBATH 15-250"},"content":{"rendered":"<p>&#8211; Kombinacija blokova za me\u0161anje i zagrevanje sa 15 polo\u017eaja za me\u0161anje, 15 rupa za boce, \u00f8 71,5 mm, dubinu 78 mm, rastojanje 84 mm, pogodna za laboratorijske bo\u010dice od 250 ml (npr. Schott) i za \u010da\u0161e<\/p>\n<p>sa \u010da\u0161ama od 400 ml (visoka forma).<\/p>\n<p><strong>Me\u0161anje<\/strong><\/p>\n<p>&#8211; Koncept induktivnog magnetskog pogona 2mag-Magnetic, bez odr\u017eavanja i bez habanja, izuzetno \u0161irok opseg brzina od 100 do 2000 o\/min, 100% sinhronizovana brzina, me\u0161anje bez vibracija \u010dak i pri malim brzinama<\/p>\n<p>&#8211; Pode\u0161avanja snage me\u0161alice u 10 koraka, pode\u0161avanje velike snage za viskozne te\u010dnosti i pode\u0161avanje smanjene snage za dugotrajni rad bez ikakvih efekata grejanja izazvanih me\u0161alicom, jasan digitalni displej za pode\u0161avanja brzine me\u0161alice, snage me\u0161a\u010da i temperature integrisanog greja\u010da,<\/p>\n<p>&#8211; Soft Start postupak za pouzdano hvatanje \/ centriranje i sigurno ubrzanje poluge za me\u0161anje.<\/p>\n<p><strong>Grejanje<\/strong><\/p>\n<p>&#8211; Masivni grejni blok izra\u0111en od otporne legure aluminijuma, presvu\u010den PTFE-om za povec\u0301anu hemijsku otpornost i lak\u0161e \u010di\u0161c\u0301enje, najni\u017ei moguc\u0301i gradijent temperature unutar posuda za me\u0161anje, integrisani elektri\u010dni greja\u010d, maksimalna temperatura grejanja +200 \u00b0C.<\/p>\n<p>&#8211; Power Detect za automatsku kompenzaciju fizi\u010dki utvr\u0111enih gubitak snage me\u0161anja koji mo\u017ee dosec\u0301i i do 40% na visokim temperaturama, specijalno izra\u0111eni izolovani okvir od ner\u0111ajuc\u0301eg \u010delika za u\u0161tedu energije i vremena, dodatno za homogenu raspodelu temperature i za\u0161titu od slu\u010dajnih dodira, nezavisna za\u0161tita od previsoke temperature unutar plo\u010de.<\/p>\n<p>&#8211; Uklju\u010dena odvojena upravlja\u010dka jedinica za rad magnetne me\u0161alice i integrisani greja\u010d, za dugotrajnu za\u0161titu elektronike od agresivnih te\u010dnosti i gasova, kao i od termi\u010dkih uticaja, kuc\u0301i\u0161te od ner\u0111ajuc\u0301eg \u010delika.<\/p>\n<p><strong>Tehni\u010dki podaci<\/strong><\/p>\n<p><strong>DRYBATH 15-250<\/strong><\/p>\n<p>&#8211; Me\u0161ajuc\u0301i polo\u017eaji: 15<br \/>\n&#8211; Rastojanje me\u0161anja: 84 mm<br \/>\n&#8211; Otvori: \u00d8 \/ T : \u00d8 71,5 \/ 78 mm<br \/>\n&#8211; Zapremina me\u0161anja \/ ta\u010dka me\u0161anja: 1-400 ml<br \/>\n&#8211; Snaga me\u0161anja (maks.): 40 W<br \/>\n&#8211; Pode\u0161avanje snage: 10 &#8211; 100% (10 koraka)<br \/>\n&#8211; Raspon temperature: +40 \u00b0C do +200 \u00b0C<br \/>\n&#8211; Raspon brzine: 100 &#8211; 2000 o\/min<br \/>\n&#8211; Radni napon: 230 V<br \/>\n&#8211; Snaga grejanja (max.) (pri 230 V): 1150 W<br \/>\n&#8211; Dimenzije (\u0160*D*V): 335*515*150 mm<br \/>\n&#8211; Za\u0161titna kategorija: IP 20<br \/>\n&#8211; Te\u017eina (bruto) pribli\u017eno 35 kg<br \/>\n&#8211; Narud\u017ebina br.: 63250<\/p>\n<p><strong>Sadr\u017eaj isporuke<\/strong><\/p>\n<p><strong>\u00a0DRYBATH 15-250<\/strong><\/p>\n<p>&#8211; Upravlja\u010dka jedinica heat MIX control<\/p>\n<p><strong>Kompaktibilne kontrolne jedinice<\/strong><\/p>\n<p>&#8211; Heat MIX control &#8211; rezervni deo<\/p>\n<p>&#8211; Odvojena upravlja\u010dka jedinica heat MIX control za rad<\/p>\n<p><strong>Pribor<\/strong><\/p>\n<p><strong>ASTEROID 25<\/strong><\/p>\n<p>&#8211; Novo razvijena, visoko efikasna \u0161ipka za me\u0161anje za male koli\u010dine.<\/p>\n<p><strong>Odstranjiva\u010d za me\u0161anje PTFE<\/strong><\/p>\n<p>&#8211; Fleksibilni odstranjiva\u010d \u0161ipke za me\u0161anje sa PTFE oblogom.<\/p>\n<p><strong>Spolja\u0161ni senzor &#8211; sonde Pt 100<\/strong><\/p>\n<p>&#8211; Spoljni senzor &#8211; sonde Pt 100 za upravlja\u010dku jedinicu.<\/p>\n<p><strong>Reduktor<\/strong><\/p>\n<p>&#8211; Ulo\u0161ci koji se sastoje od legure aluminijuma za smanjenje pre\u010dnika rupe STIRRING DRYBATH.<\/p>\n<p><strong>Stalak za heat MIX control<\/strong><\/p>\n<p>&#8211; Stalak za vertikalno pozicioniranje upravlja\u010dke jedinice.<\/p>\n<p><strong>Prednosti<\/strong><\/p>\n<p>&#8211; Brzo zagrevanje<\/p>\n<p>&#8211; U\u0161teda energije<\/p>\n<p>&#8211; Izolovani okvir<\/p>\n<p>&#8211; Izdr\u017eljiv i kvalitetan<\/p>\n<p>&#8211; 3 godine garancije<\/p>\n<p>&#8211; Razvijeno i napravljeno u Nema\u010dkoj<\/p>\n<p>&nbsp;<\/p>\n<p>&nbsp;<\/p>\n<p>&nbsp;<\/p>\n<p>&nbsp;<\/p>","protected":false},"excerpt":{"rendered":"<p>&#8211; Kombinacija blokova za me\u0161anje i zagrevanje sa 15 polo\u017eaja za me\u0161anje, 15 rupa za boce, \u00f8 71,5 mm, dubinu 78 mm, rastojanje 84 mm, pogodna za laboratorijske bo\u010dice od 250 ml (npr. Schott) i za \u010da\u0161e sa \u010da\u0161ama od 400 ml (visoka forma). Me\u0161anje &#8211; Koncept induktivnog magnetskog pogona 2mag-Magnetic, bez odr\u017eavanja i bez [&hellip;]<\/p>\n","protected":false},"featured_media":348,"template":"","meta":{"site-sidebar-layout":"default","site-content-layout":"","ast-site-content-layout":"default","site-content-style":"default","site-sidebar-style":"default","ast-global-header-display":"","ast-banner-title-visibility":"","ast-main-header-display":"","ast-hfb-above-header-display":"","ast-hfb-below-header-display":"","ast-hfb-mobile-header-display":"","site-post-title":"","ast-breadcrumbs-content":"","ast-featured-img":"","footer-sml-layout":"","ast-disable-related-posts":"","theme-transparent-header-meta":"default","adv-header-id-meta":"","stick-header-meta":"","header-above-stick-meta":"","header-main-stick-meta":"","header-below-stick-meta":"","astra-migrate-meta-layouts":"set","ast-page-background-enabled":"default","ast-page-background-meta":{"desktop":{"background-color":"var(--ast-global-color-4)","background-image":"","background-repeat":"repeat","background-position":"center center","background-size":"auto","background-attachment":"scroll","background-type":"","background-media":"","overlay-type":"","overlay-color":"","overlay-opacity":"","overlay-gradient":""},"tablet":{"background-color":"","background-image":"","background-repeat":"repeat","background-position":"center center","background-size":"auto","background-attachment":"scroll","background-type":"","background-media":"","overlay-type":"","overlay-color":"","overlay-opacity":"","overlay-gradient":""},"mobile":{"background-color":"","background-image":"","background-repeat":"repeat","background-position":"center center","background-size":"auto","background-attachment":"scroll","background-type":"","background-media":"","overlay-type":"","overlay-color":"","overlay-opacity":"","overlay-gradient":""}},"ast-content-background-meta":{"desktop":{"background-color":"var(--ast-global-color-5)","background-image":"","background-repeat":"repeat","background-position":"center center","background-size":"auto","background-attachment":"scroll","background-type":"","background-media":"","overlay-type":"","overlay-color":"","overlay-opacity":"","overlay-gradient":""},"tablet":{"background-color":"var(--ast-global-color-5)","background-image":"","background-repeat":"repeat","background-position":"center center","background-size":"auto","background-attachment":"scroll","background-type":"","background-media":"","overlay-type":"","overlay-color":"","overlay-opacity":"","overlay-gradient":""},"mobile":{"background-color":"var(--ast-global-color-5)","background-image":"","background-repeat":"repeat","background-position":"center center","background-size":"auto","background-attachment":"scroll","background-type":"","background-media":"","overlay-type":"","overlay-color":"","overlay-opacity":"","overlay-gradient":""}}},"product_brand":[],"product_cat":[290,27,136],"product_tag":[],"class_list":{"0":"post-306","1":"product","2":"type-product","3":"status-publish","4":"has-post-thumbnail","6":"product_cat-2mag-svi-proizvodi","7":"product_cat-mag","8":"product_cat-magnetni-mesaci-mesanje-i-zagrevanje","9":"desktop-align-left","10":"tablet-align-left","11":"mobile-align-left","13":"first","14":"instock","15":"shipping-taxable","16":"product-type-simple"},"_links":{"self":[{"href":"https:\/\/sr.cadicap.rs\/sr\/wp-json\/wp\/v2\/product\/306","targetHints":{"allow":["GET"]}}],"collection":[{"href":"https:\/\/sr.cadicap.rs\/sr\/wp-json\/wp\/v2\/product"}],"about":[{"href":"https:\/\/sr.cadicap.rs\/sr\/wp-json\/wp\/v2\/types\/product"}],"version-history":[{"count":0,"href":"https:\/\/sr.cadicap.rs\/sr\/wp-json\/wp\/v2\/product\/306\/revisions"}],"wp:featuredmedia":[{"embeddable":true,"href":"https:\/\/sr.cadicap.rs\/sr\/wp-json\/wp\/v2\/media\/348"}],"wp:attachment":[{"href":"https:\/\/sr.cadicap.rs\/sr\/wp-json\/wp\/v2\/media?parent=306"}],"wp:term":[{"taxonomy":"product_brand","embeddable":true,"href":"https:\/\/sr.cadicap.rs\/sr\/wp-json\/wp\/v2\/product_brand?post=306"},{"taxonomy":"product_cat","embeddable":true,"href":"https:\/\/sr.cadicap.rs\/sr\/wp-json\/wp\/v2\/product_cat?post=306"},{"taxonomy":"product_tag","embeddable":true,"href":"https:\/\/sr.cadicap.rs\/sr\/wp-json\/wp\/v2\/product_tag?post=306"}],"curies":[{"name":"wp","href":"https:\/\/api.w.org\/{rel}","templated":true}]}}