{"id":3121,"date":"2025-02-27T13:28:28","date_gmt":"2025-02-27T13:28:28","guid":{"rendered":"https:\/\/sr.cadicap.rs\/?post_type=product&#038;p=3121"},"modified":"2025-04-23T10:25:56","modified_gmt":"2025-04-23T10:25:56","slug":"termo-sejker-rs-ts-10","status":"publish","type":"product","link":"https:\/\/sr.cadicap.rs\/sr\/proizvod\/termo-sejker-rs-ts-10\/","title":{"rendered":"Termo \u0161ejker RS-TS 10"},"content":{"rendered":"<p>Grejanje,hladjenje i me\u0161anje<\/p>\n<p>Karakteristike<\/p>\n<p>&#8211; Brza zamena blokova zahvaljujuc\u0301i magnetnom dr\u017ea\u010du<br \/>\n&#8211; Automatsko prepoznavanje bloka<br \/>\n&#8211; 9 programa efikasno me\u0161anje<br \/>\n&#8211; Precizna kontrola temperature<br \/>\n&#8211; Funkcija grejanja i hla\u0111enja (u zavisnosti od modela)<br \/>\n&#8211; Raznovrstan izbor blokova kalibrirajuc\u0301e<\/p>\n<p>&nbsp;<\/p>\n<table class=\"table table-striped\">\n<tbody>\n<tr class=\"attr-characteristic\">\n<td class=\"attr-label\">\n<p id=\"tw-target-rmn\" class=\"tw-data-text tw-text-small tw-ta\" dir=\"ltr\"><span class=\"Y2IQFc\">Spolja\u0161nje dimenzije (\u0161*d*v) (termo \u0161ejker):<\/span><\/p>\n<\/td>\n<td class=\"attr-value\"><span class=\"value\">200 * 235 * 120 mm<\/span><\/td>\n<\/tr>\n<tr class=\"attr-characteristic\">\n<td class=\"attr-label\">\n<p id=\"tw-target-rmn\" class=\"tw-data-text tw-text-small tw-ta\" dir=\"ltr\"><span class=\"Y2IQFc\">Displej (termo \u0161ejker):<\/span><\/p>\n<\/td>\n<td class=\"attr-value\"><span class=\"value\">TFT<\/span><\/td>\n<\/tr>\n<tr class=\"attr-characteristic\">\n<td class=\"attr-label\"><span class=\"Y2IQFc\">Elektri\u010dno napajanje:<\/span><\/td>\n<td class=\"attr-value\"><span class=\"value\">230 V, 50-60 Hz<\/span><\/td>\n<\/tr>\n<tr class=\"attr-characteristic\">\n<td class=\"attr-label\"><span class=\"Y2IQFc\">Te\u017eina (bez bloka\/blokova):<\/span><\/td>\n<td class=\"attr-value\"><span class=\"value\">7,3 kg<\/span><\/td>\n<\/tr>\n<tr class=\"attr-characteristic\">\n<td class=\"attr-label\"><span class=\"Y2IQFc\">Brzina grejanja max.:<\/span><\/td>\n<td class=\"attr-value\"><span class=\"value\">5,5 \u00b0C\/min<\/span><\/td>\n<\/tr>\n<tr class=\"attr-characteristic\">\n<td class=\"attr-label\"><span class=\"Y2IQFc\">Funkcija hla\u0111enja:<\/span><\/td>\n<td class=\"attr-value\">sa<\/td>\n<\/tr>\n<tr class=\"attr-characteristic\">\n<td class=\"attr-label\"><span class=\"Y2IQFc\">Brzina hla\u0111enja:<\/span><\/td>\n<td class=\"attr-value\"><span class=\"value\">5 \u00b0C\/min<\/span><\/td>\n<\/tr>\n<tr class=\"attr-characteristic\">\n<td class=\"attr-label\"><span class=\"Y2IQFc\">Snaga (termo \u0161ejker):<\/span><\/td>\n<td class=\"attr-value\"><span class=\"value\">200 W<\/span><\/td>\n<\/tr>\n<tr class=\"attr-characteristic\">\n<td class=\"attr-label\"><span class=\"Y2IQFc\">Pokret tre\u0161enja:<\/span><\/td>\n<td class=\"attr-value\"><span class=\"value\">orbitalni<\/span><\/td>\n<\/tr>\n<tr class=\"attr-characteristic\">\n<td class=\"attr-label\"><span class=\"Y2IQFc\">Frekvencija tre\u0161enja:<\/span><\/td>\n<td class=\"attr-value\"><span class=\"value\">200 &#8211; 1.500 rpm<\/span><\/td>\n<\/tr>\n<tr class=\"attr-characteristic\">\n<td class=\"attr-label\"><span class=\"Y2IQFc\">Maksimalna frekvencija tresenja:<\/span><\/td>\n<td class=\"attr-value\"><span class=\"value\">1500 rpm<\/span><\/td>\n<\/tr>\n<tr class=\"attr-characteristic\">\n<td class=\"attr-label\">Orbita koja se trese:<\/td>\n<td class=\"attr-value\"><span class=\"value\">4 mm<\/span><\/td>\n<\/tr>\n<tr class=\"attr-characteristic\">\n<td class=\"attr-label\">\n<p id=\"tw-target-rmn\" class=\"tw-data-text tw-text-small tw-ta\" dir=\"ltr\"><span class=\"Y2IQFc\">Priklju\u010dak za napajanje:<\/span><\/p>\n<\/td>\n<td class=\"attr-value\"><span class=\"value\">200-240 V<\/span><\/td>\n<\/tr>\n<tr class=\"attr-characteristic\">\n<td class=\"attr-label\">\n<p id=\"tw-target-rmn\" class=\"tw-data-text tw-text-small tw-ta\" dir=\"ltr\"><span class=\"Y2IQFc\">Temperatura max.<\/span><\/p>\n<\/td>\n<td class=\"attr-value\"><span class=\"value\">99,9 \u00b0C<\/span><\/td>\n<\/tr>\n<tr class=\"attr-characteristic\">\n<td class=\"attr-label\"><span class=\"Y2IQFc\">Radni opseg temperature:<\/span><\/td>\n<td class=\"attr-value\"><span class=\"value\"><span class=\"Y2IQFc\">Sobna temperatura<\/span>\u00a0+5\u00b0C to +99.9\u00b0C<\/span><\/td>\n<\/tr>\n<tr class=\"attr-characteristic\">\n<td class=\"attr-label\"><span class=\"Y2IQFc\">Preciznost temperature na +37\u00b0C<\/span><\/td>\n<td class=\"attr-value\"><span class=\"value\">\u00b10.5\u00b0C\u00a0<\/span><\/td>\n<\/tr>\n<tr class=\"attr-characteristic\">\n<td class=\"attr-label\"><span class=\"Y2IQFc\">Temperaturni opseg:<\/span><\/td>\n<td class=\"attr-value\"><span class=\"value\">RT +5\u00b0C&#8230;+99,9\u00b0C<\/span><\/td>\n<\/tr>\n<tr class=\"attr-weight\">\n<td class=\"attr-label\"><span class=\"Y2IQFc\">Te\u017eina isporuke<\/span><\/td>\n<td class=\"attr-value weight-unit\">9,30 Kg<\/td>\n<\/tr>\n<tr class=\"attr-weight\">\n<td class=\"attr-label\"><span class=\"Y2IQFc\">Te\u017eina proizvoda:<\/span><\/td>\n<td class=\"attr-value weight-unit\">7,30 Kg<\/td>\n<\/tr>\n<\/tbody>\n<\/table>\n<p>&nbsp;<\/p>\n<table class=\"table table-striped\">\n<tbody>\n<tr>\n<td><strong>Termo \u0161ejkeri<\/strong><\/td>\n<td><strong>RS-TS 5<\/strong><\/td>\n<td><strong>RS-TS 10<\/strong><\/td>\n<\/tr>\n<tr>\n<td>Treperenje pokreta<\/td>\n<td>orbitalni<\/td>\n<td>orbitalni<\/td>\n<\/tr>\n<tr>\n<td>Potresni udar<\/td>\n<td>4 mm<\/td>\n<td>4 mm<\/td>\n<\/tr>\n<tr>\n<td>Temperaturni opseg<\/td>\n<td>Sobna temparatura +5 to 99.9 \u00b0C<\/td>\n<td>15 \u00b0C ispod sobne temperature &#8211; 99.5 \u00b0C<\/td>\n<\/tr>\n<tr>\n<td>Ta\u010dnost temperature<\/td>\n<td>0,5 \u00b0C<\/td>\n<td>0,5 \u00b0C<\/td>\n<\/tr>\n<tr>\n<td>\n<p id=\"tw-target-rmn\" class=\"tw-data-text tw-text-small tw-ta\" dir=\"ltr\"><span class=\"Y2IQFc\">Maksimalna brzina zagrevanja (\u00b0C\/min)<\/span><\/p>\n<\/td>\n<td>5.5 \u00b0C\/min<\/td>\n<td>5.5 \u00b0C\/min<\/td>\n<\/tr>\n<tr>\n<td>\n<p id=\"tw-target-rmn\" class=\"tw-data-text tw-text-small tw-ta\" dir=\"ltr\"><span class=\"Y2IQFc\">Maksimalna brzina hla\u0111enja 100 \u00b0C-RT<\/span><\/p>\n<\/td>\n<td>5 \u00b0C\/min<\/td>\n<td>5 \u00b0C\/min<\/td>\n<\/tr>\n<tr>\n<td>Maksimalna brzina hladjenja ispod RT<\/td>\n<td>0.5 \u00b0C\/min<\/td>\n<td>0.5 \u00b0C\/min<\/td>\n<\/tr>\n<tr>\n<td>Maksimalna brzina<\/td>\n<td>200 &#8211; 1 500<\/td>\n<td>200 &#8211; 1 500<\/td>\n<\/tr>\n<tr>\n<td>Motor<\/td>\n<td>DC, bez \u010detkica<\/td>\n<td>DC, bez \u010detkica<\/td>\n<\/tr>\n<tr>\n<td>Programi<\/td>\n<td>9<\/td>\n<td>9<\/td>\n<\/tr>\n<tr>\n<td>Displej<\/td>\n<td>TFT<\/td>\n<td>TFT<\/td>\n<\/tr>\n<tr>\n<td>Pode\u0161avanje brzina\/vreme<\/td>\n<td>digitalno<\/td>\n<td>digitalno<\/td>\n<\/tr>\n<tr>\n<td>Ulazna snaga<\/td>\n<td>200 W<\/td>\n<td>200 W<\/td>\n<\/tr>\n<tr>\n<td>Dimenzije ( \u0161 x d x v)<\/td>\n<td>200 x 235 x 120 mm<\/td>\n<td>200 x 235 x 120 mm<\/td>\n<\/tr>\n<tr>\n<td>Te\u017eina<\/td>\n<td>7.3 kg<\/td>\n<td>7.3 kg<\/td>\n<\/tr>\n<tr>\n<td>Napon\/frekvencija<\/td>\n<td>200 &#8211; 240 V \/ 50\/60 Hz<\/td>\n<td>200 &#8211; 240 V \/ 50\/60 Hz<\/td>\n<\/tr>\n<\/tbody>\n<\/table>\n<p>&nbsp;<\/p>","protected":false},"excerpt":{"rendered":"<p>Grejanje,hladjenje i me\u0161anje Karakteristike &#8211; Brza zamena blokova zahvaljujuc\u0301i magnetnom dr\u017ea\u010du &#8211; Automatsko prepoznavanje bloka &#8211; 9 programa efikasno me\u0161anje &#8211; Precizna kontrola temperature &#8211; Funkcija grejanja i hla\u0111enja (u zavisnosti od modela) &#8211; Raznovrstan izbor blokova kalibrirajuc\u0301e &nbsp; Spolja\u0161nje dimenzije (\u0161*d*v) (termo \u0161ejker): 200 * 235 * 120 mm Displej (termo \u0161ejker): TFT Elektri\u010dno [&hellip;]<\/p>\n","protected":false},"featured_media":3119,"template":"","meta":{"site-sidebar-layout":"default","site-content-layout":"","ast-site-content-layout":"default","site-content-style":"default","site-sidebar-style":"default","ast-global-header-display":"","ast-banner-title-visibility":"","ast-main-header-display":"","ast-hfb-above-header-display":"","ast-hfb-below-header-display":"","ast-hfb-mobile-header-display":"","site-post-title":"","ast-breadcrumbs-content":"","ast-featured-img":"","footer-sml-layout":"","ast-disable-related-posts":"","theme-transparent-header-meta":"default","adv-header-id-meta":"","stick-header-meta":"","header-above-stick-meta":"","header-main-stick-meta":"","header-below-stick-meta":"","astra-migrate-meta-layouts":"set","ast-page-background-enabled":"default","ast-page-background-meta":{"desktop":{"background-color":"var(--ast-global-color-4)","background-image":"","background-repeat":"repeat","background-position":"center center","background-size":"auto","background-attachment":"scroll","background-type":"","background-media":"","overlay-type":"","overlay-color":"","overlay-opacity":"","overlay-gradient":""},"tablet":{"background-color":"","background-image":"","background-repeat":"repeat","background-position":"center center","background-size":"auto","background-attachment":"scroll","background-type":"","background-media":"","overlay-type":"","overlay-color":"","overlay-opacity":"","overlay-gradient":""},"mobile":{"background-color":"","background-image":"","background-repeat":"repeat","background-position":"center center","background-size":"auto","background-attachment":"scroll","background-type":"","background-media":"","overlay-type":"","overlay-color":"","overlay-opacity":"","overlay-gradient":""}},"ast-content-background-meta":{"desktop":{"background-color":"var(--ast-global-color-5)","background-image":"","background-repeat":"repeat","background-position":"center center","background-size":"auto","background-attachment":"scroll","background-type":"","background-media":"","overlay-type":"","overlay-color":"","overlay-opacity":"","overlay-gradient":""},"tablet":{"background-color":"var(--ast-global-color-5)","background-image":"","background-repeat":"repeat","background-position":"center center","background-size":"auto","background-attachment":"scroll","background-type":"","background-media":"","overlay-type":"","overlay-color":"","overlay-opacity":"","overlay-gradient":""},"mobile":{"background-color":"var(--ast-global-color-5)","background-image":"","background-repeat":"repeat","background-position":"center center","background-size":"auto","background-attachment":"scroll","background-type":"","background-media":"","overlay-type":"","overlay-color":"","overlay-opacity":"","overlay-gradient":""}}},"product_brand":[],"product_cat":[16],"product_tag":[],"class_list":{"0":"post-3121","1":"product","2":"type-product","3":"status-publish","4":"has-post-thumbnail","6":"product_cat-uncategorized","7":"desktop-align-left","8":"tablet-align-left","9":"mobile-align-left","11":"first","12":"instock","13":"shipping-taxable","14":"purchasable","15":"product-type-simple"},"_links":{"self":[{"href":"https:\/\/sr.cadicap.rs\/sr\/wp-json\/wp\/v2\/product\/3121","targetHints":{"allow":["GET"]}}],"collection":[{"href":"https:\/\/sr.cadicap.rs\/sr\/wp-json\/wp\/v2\/product"}],"about":[{"href":"https:\/\/sr.cadicap.rs\/sr\/wp-json\/wp\/v2\/types\/product"}],"version-history":[{"count":0,"href":"https:\/\/sr.cadicap.rs\/sr\/wp-json\/wp\/v2\/product\/3121\/revisions"}],"wp:featuredmedia":[{"embeddable":true,"href":"https:\/\/sr.cadicap.rs\/sr\/wp-json\/wp\/v2\/media\/3119"}],"wp:attachment":[{"href":"https:\/\/sr.cadicap.rs\/sr\/wp-json\/wp\/v2\/media?parent=3121"}],"wp:term":[{"taxonomy":"product_brand","embeddable":true,"href":"https:\/\/sr.cadicap.rs\/sr\/wp-json\/wp\/v2\/product_brand?post=3121"},{"taxonomy":"product_cat","embeddable":true,"href":"https:\/\/sr.cadicap.rs\/sr\/wp-json\/wp\/v2\/product_cat?post=3121"},{"taxonomy":"product_tag","embeddable":true,"href":"https:\/\/sr.cadicap.rs\/sr\/wp-json\/wp\/v2\/product_tag?post=3121"}],"curies":[{"name":"wp","href":"https:\/\/api.w.org\/{rel}","templated":true}]}}