{"id":3196,"date":"2025-10-02T10:24:19","date_gmt":"2025-10-02T10:24:19","guid":{"rendered":"https:\/\/sr.cadicap.rs\/?post_type=product&#038;p=3196"},"modified":"2025-10-02T11:57:50","modified_gmt":"2025-10-02T11:57:50","slug":"stubni-mesac-rso-40-a","status":"publish","type":"product","link":"https:\/\/sr.cadicap.rs\/sr\/proizvod\/stubni-mesac-rso-40-a\/","title":{"rendered":"Stubni me\u0161a\u010d RSO-40A"},"content":{"rendered":"<p>\u2013 Nova linija me\u0161a\u010da RSO-40 A odlikuje izvanrednim karakteristikama, \u010dvrstom konstrukcijom i sjajnim odnosom cena \/ performance<br \/>\n\u2013 Sna\u017eni me\u0161a\u010d sa velikim obrtnim momentom omoguc\u0301ava me\u0161anje uzoraka sa maksimalnoj viskoznost od 50 000 mPas<br \/>\n\u2013 Sigurnost garantuje efikasna za\u0161tita od preopterec\u0301enja<\/p>\n<p>\u2013 Brzina kojom upravlja mikroprocesor<br \/>\n\u2013 Postupak glatkog pokretanja<br \/>\n\u2013 Prikaz brzina \/ obrtni momenat<br \/>\n\u2013 RS 232 interfejs<br \/>\n\u2013 2 godine garancije<br \/>\n\u2013 Za\u0161tita od preopterec\u0301enja<\/p>\n<p>Tehni\u010dke informacije RSO-40A<\/p>\n<p>\u2013 Maksimalna koli\u010dina kretanja: 40 l H20<br \/>\n\u2013 Ulazna snaga motora: 130 W<br \/>\n\u2013 Izlazna snaga motora: 100 W<br \/>\n\u2013 Brzina: 50-2200 obr\/min<br \/>\n\u2013 Ta\u010dnost brzine: \u00b1 3<br \/>\n\u2013 Prikaz brzine: LED<br \/>\n\u2013 Maksimalna viskoznost: 50 000 mPas<br \/>\n\u2013 Maksimalni obrtni momenat: 60 Ncm<br \/>\n\u2013 Pre\u010dnik dometa stezne glave \u00f8 : 0,5-10 mm<br \/>\n\u2013 Progurati kroz osovinu: Da<br \/>\n\u2013 Pri\u010dvr\u0161c\u0301ivanje na postolju: Produ\u017eetak 16 mm<br \/>\n\u2013 Prikaz obrtnog momenta: Da<br \/>\n\u2013 Dimenzije: 82 * 220 * 186 mm<br \/>\n\u2013 Te\u017eina: 3,5 kg<br \/>\n\u2013 Klasa za\u0161tite: IP 42<br \/>\n\u2013 RS-232 : Da<br \/>\n\u2013 Napon: 100-240 V<br \/>\n\u2013 Frekvencija: 50\/60 Hz<\/p>","protected":false},"excerpt":{"rendered":"<p>\u2013 Nova linija me\u0161a\u010da RSO-40 A odlikuje izvanrednim karakteristikama, \u010dvrstom konstrukcijom i sjajnim odnosom cena \/ performance \u2013 Sna\u017eni me\u0161a\u010d sa velikim obrtnim momentom omoguc\u0301ava me\u0161anje uzoraka sa maksimalnoj viskoznost od 50 000 mPas \u2013 Sigurnost garantuje efikasna za\u0161tita od preopterec\u0301enja \u2013 Brzina kojom upravlja mikroprocesor \u2013 Postupak glatkog pokretanja \u2013 Prikaz brzina \/ obrtni [&hellip;]<\/p>\n","protected":false},"featured_media":3197,"template":"","meta":{"site-sidebar-layout":"default","site-content-layout":"","ast-site-content-layout":"default","site-content-style":"default","site-sidebar-style":"default","ast-global-header-display":"","ast-banner-title-visibility":"","ast-main-header-display":"","ast-hfb-above-header-display":"","ast-hfb-below-header-display":"","ast-hfb-mobile-header-display":"","site-post-title":"","ast-breadcrumbs-content":"","ast-featured-img":"","footer-sml-layout":"","ast-disable-related-posts":"","theme-transparent-header-meta":"default","adv-header-id-meta":"","stick-header-meta":"","header-above-stick-meta":"","header-main-stick-meta":"","header-below-stick-meta":"","astra-migrate-meta-layouts":"set","ast-page-background-enabled":"default","ast-page-background-meta":{"desktop":{"background-color":"var(--ast-global-color-4)","background-image":"","background-repeat":"repeat","background-position":"center center","background-size":"auto","background-attachment":"scroll","background-type":"","background-media":"","overlay-type":"","overlay-color":"","overlay-opacity":"","overlay-gradient":""},"tablet":{"background-color":"","background-image":"","background-repeat":"repeat","background-position":"center center","background-size":"auto","background-attachment":"scroll","background-type":"","background-media":"","overlay-type":"","overlay-color":"","overlay-opacity":"","overlay-gradient":""},"mobile":{"background-color":"","background-image":"","background-repeat":"repeat","background-position":"center center","background-size":"auto","background-attachment":"scroll","background-type":"","background-media":"","overlay-type":"","overlay-color":"","overlay-opacity":"","overlay-gradient":""}},"ast-content-background-meta":{"desktop":{"background-color":"var(--ast-global-color-5)","background-image":"","background-repeat":"repeat","background-position":"center center","background-size":"auto","background-attachment":"scroll","background-type":"","background-media":"","overlay-type":"","overlay-color":"","overlay-opacity":"","overlay-gradient":""},"tablet":{"background-color":"var(--ast-global-color-5)","background-image":"","background-repeat":"repeat","background-position":"center center","background-size":"auto","background-attachment":"scroll","background-type":"","background-media":"","overlay-type":"","overlay-color":"","overlay-opacity":"","overlay-gradient":""},"mobile":{"background-color":"var(--ast-global-color-5)","background-image":"","background-repeat":"repeat","background-position":"center center","background-size":"auto","background-attachment":"scroll","background-type":"","background-media":"","overlay-type":"","overlay-color":"","overlay-opacity":"","overlay-gradient":""}}},"product_brand":[],"product_cat":[276,345],"product_tag":[],"class_list":{"0":"post-3196","1":"product","2":"type-product","3":"status-publish","4":"has-post-thumbnail","6":"product_cat-magnetni-mesaci","7":"product_cat-stubni-mesaci","8":"desktop-align-left","9":"tablet-align-left","10":"mobile-align-left","12":"first","13":"instock","14":"shipping-taxable","15":"purchasable","16":"product-type-simple"},"_links":{"self":[{"href":"https:\/\/sr.cadicap.rs\/sr\/wp-json\/wp\/v2\/product\/3196","targetHints":{"allow":["GET"]}}],"collection":[{"href":"https:\/\/sr.cadicap.rs\/sr\/wp-json\/wp\/v2\/product"}],"about":[{"href":"https:\/\/sr.cadicap.rs\/sr\/wp-json\/wp\/v2\/types\/product"}],"version-history":[{"count":0,"href":"https:\/\/sr.cadicap.rs\/sr\/wp-json\/wp\/v2\/product\/3196\/revisions"}],"wp:featuredmedia":[{"embeddable":true,"href":"https:\/\/sr.cadicap.rs\/sr\/wp-json\/wp\/v2\/media\/3197"}],"wp:attachment":[{"href":"https:\/\/sr.cadicap.rs\/sr\/wp-json\/wp\/v2\/media?parent=3196"}],"wp:term":[{"taxonomy":"product_brand","embeddable":true,"href":"https:\/\/sr.cadicap.rs\/sr\/wp-json\/wp\/v2\/product_brand?post=3196"},{"taxonomy":"product_cat","embeddable":true,"href":"https:\/\/sr.cadicap.rs\/sr\/wp-json\/wp\/v2\/product_cat?post=3196"},{"taxonomy":"product_tag","embeddable":true,"href":"https:\/\/sr.cadicap.rs\/sr\/wp-json\/wp\/v2\/product_tag?post=3196"}],"curies":[{"name":"wp","href":"https:\/\/api.w.org\/{rel}","templated":true}]}}