{"id":399,"date":"2023-08-12T19:10:38","date_gmt":"2023-08-12T19:10:38","guid":{"rendered":"http:\/\/https\/\/cadicap.rs\/?post_type=product&#038;p=399"},"modified":"2025-04-23T10:45:22","modified_gmt":"2025-04-23T10:45:22","slug":"merac-provodljivosti-cond-ec-21-ec-26","status":"publish","type":"product","link":"https:\/\/sr.cadicap.rs\/sr\/proizvod\/merac-provodljivosti-cond-ec-21-ec-26\/","title":{"rendered":"Mera\u010d provodljivosti EC-21 \/ EC-26 cond"},"content":{"rendered":"<p>&#8211; Ekran u boji visoke rezolucije, podesiva osvetljenost<br \/>\n&#8211; DHS funkcija, automatsko prepoznavanje, DHS i analogni senzori<br \/>\n&#8211; Prikaz provodljivosti \/ TDS I vrednosti temperature<br \/>\n&#8211; Automatska kalibracija provodljivosti do vrednosti 5<br \/>\n&#8211; Parametar stabilnosti koji se mo\u017ee odabrati (nisko srednje i visoko)<br \/>\n&#8211; Automatska i ru\u010dna promena temperatura<br \/>\n&#8211; Klasa za\u0161tite IP 57<br \/>\n&#8211; Isporu\u010duje se u veliku kutiju i futrolom sa svim dodacima<\/p>\n<p>&#8211; GLP funkcije<br \/>\n&#8211; Registrator podataka (automatski ili ru\u010dni) 1000 zapisa podataka<br \/>\n&#8211; Povezivanje sa ra\u010dunarom putem mikro-USB-a<br \/>\n&#8211; Besplatna DATA LINK +<br \/>\n&#8211; Automatsko pode\u0161avanje osvetljenosti<\/p>\n<p><strong>Prenosni mera\u010d EC-21 cond i EC-26 cond<\/strong><\/p>\n<p>&#8211; U razvoju nove serije EC-21 \/ EC-26, poseban naglasak je stavljen na lako rukovanje tokom svakodnevne upotrebe<\/p>\n<p>&#8211; Ekran u boji visoke rezolucije vodi korisnika intuitivno kroz sve procese merenja i kalibracije<\/p>\n<p><strong>Tehni\u010dki podaci EC-21 cond<\/strong><\/p>\n<p>&#8211; Opseg merenja (cond-mS): od 0 do 200<br \/>\n&#8211; Ta\u010dnost merenja (cond): od 0,1\/1 \u00b5S do 0,01 \/ 0,1 ms<br \/>\n&#8211; Kalibracione ta\u010dke: od 1 do 5<br \/>\n&#8211; Izborna konstanta c\u0301elije: 0,1-1-10<br \/>\n&#8211; Opseg merenja temperature: od 0 do 100<br \/>\n&#8211; Rezolucija (mV): 1<br \/>\n&#8211; Opseg merenja (\u00b0 C): 0,1 \u00b0C \/ \u00b1 0,5<br \/>\n&#8211; TDS opseg merenja: od 0,1 mg\/l do 200 g\/l<br \/>\n&#8211; GLP: Ne<br \/>\n&#8211; Kalibracioni alarm: Ne<br \/>\n&#8211; Memorija: Ne<br \/>\n&#8211; Pristup: Ne<br \/>\n&#8211; IP klasa: IP 57<br \/>\n&#8211; Dimenzije: 184*85*45 mm<br \/>\n&#8211; Te\u017eina: 400 g<br \/>\n&#8211; Garancija: 3 godine<\/p>\n<p><strong>Tehni\u010dki podaci EC-26 cond<\/strong><\/p>\n<p>&#8211; Opseg merenja (cond-mS): od 0 do 200<br \/>\n&#8211; Ta\u010dnost merenja (cond): od 0,1\/1 \u00b5S do 0,01 \/0,1 ms<br \/>\n&#8211; Kalibracione ta\u010dke: od 1 do 5<br \/>\n&#8211; Izborna konstanta c\u0301elije: 0,1-1-10<br \/>\n&#8211; Opseg merenja temperature: od -10 do 100<br \/>\n&#8211; Rezolucija (mV): 0,1\/1<br \/>\n&#8211; Opseg merenja (\u00b0 C): 0,1 \u00b0C \/ \u00b1 0,5<br \/>\n&#8211; TDS opseg merenja: od 0,1 mg\/l do 200 g\/l<br \/>\n&#8211; GLP: Da<br \/>\n&#8211; Kalibracioni alarm: Da<br \/>\n&#8211; Memorija: 1000 data<br \/>\n&#8211; Pristup: Micro USB<br \/>\n&#8211; IP klasa: IP 57<br \/>\n&#8211; Dimenzije: 184*85*45 mm<br \/>\n&#8211; Te\u017eina: 400 g<br \/>\n&#8211; Garancija: 3 godine<\/p>\n<h6><\/h6>\n<p><strong>Dostupni su razni setovi<\/strong><\/p>\n<p><strong>EC-21, cond 0<\/strong><\/p>\n<p>&#8211; Komplet bez c\u0301elije, sa standardnim re\u0161enjima za kalibraciju, ta\u0161nom i priborom<\/p>\n<p><strong>EC-21, cond 1<\/strong><\/p>\n<p>&#8211; Komplet uklju\u010duje merenje cond<\/p>\n<p>&#8211; C\u0301elija 2301 T sa ATC, du\u017einom kabla 1m i BNC utika\u010dem, standardnim re\u0161enjima za kalibraciju, ta\u0161nom i priborom<\/p>\n<p><strong>EC-26, cond 0<\/strong><\/p>\n<p>&#8211; Komplet bez c\u0301elije, sa standardnim re\u0161enjima za kalibraciju, napajanjem, softverom PC-Link, USB kablom, ta\u0161nom sa priborom<\/p>\n<p><strong>EC-26, cond 1<\/strong><br \/>\n&#8211; Komplet uklju\u010duje merenje cond<\/p>\n<p>&#8211; C\u0301elija 2301 T sa ATC, du\u017einom kabla 1m i BNC utika\u010dem, standardna re\u0161enja za kalibraciju, napajanje, softver PC-Link za preuzimanje podataka, USB kabl, ta\u0161na sa dodatkom<\/p>\n<p>&nbsp;<\/p>\n<p>&nbsp;<\/p>","protected":false},"excerpt":{"rendered":"<p>&#8211; Ekran u boji visoke rezolucije, podesiva osvetljenost &#8211; DHS funkcija, automatsko prepoznavanje, DHS i analogni senzori &#8211; Prikaz provodljivosti \/ TDS I vrednosti temperature &#8211; Automatska kalibracija provodljivosti do vrednosti 5 &#8211; Parametar stabilnosti koji se mo\u017ee odabrati (nisko srednje i visoko) &#8211; Automatska i ru\u010dna promena temperatura &#8211; Klasa za\u0161tite IP 57 &#8211; [&hellip;]<\/p>\n","protected":false},"featured_media":467,"template":"","meta":{"site-sidebar-layout":"default","site-content-layout":"","ast-site-content-layout":"default","site-content-style":"default","site-sidebar-style":"default","ast-global-header-display":"","ast-banner-title-visibility":"","ast-main-header-display":"","ast-hfb-above-header-display":"","ast-hfb-below-header-display":"","ast-hfb-mobile-header-display":"","site-post-title":"","ast-breadcrumbs-content":"","ast-featured-img":"","footer-sml-layout":"","ast-disable-related-posts":"","theme-transparent-header-meta":"default","adv-header-id-meta":"","stick-header-meta":"","header-above-stick-meta":"","header-main-stick-meta":"","header-below-stick-meta":"","astra-migrate-meta-layouts":"set","ast-page-background-enabled":"default","ast-page-background-meta":{"desktop":{"background-color":"var(--ast-global-color-4)","background-image":"","background-repeat":"repeat","background-position":"center center","background-size":"auto","background-attachment":"scroll","background-type":"","background-media":"","overlay-type":"","overlay-color":"","overlay-opacity":"","overlay-gradient":""},"tablet":{"background-color":"","background-image":"","background-repeat":"repeat","background-position":"center center","background-size":"auto","background-attachment":"scroll","background-type":"","background-media":"","overlay-type":"","overlay-color":"","overlay-opacity":"","overlay-gradient":""},"mobile":{"background-color":"","background-image":"","background-repeat":"repeat","background-position":"center center","background-size":"auto","background-attachment":"scroll","background-type":"","background-media":"","overlay-type":"","overlay-color":"","overlay-opacity":"","overlay-gradient":""}},"ast-content-background-meta":{"desktop":{"background-color":"var(--ast-global-color-5)","background-image":"","background-repeat":"repeat","background-position":"center center","background-size":"auto","background-attachment":"scroll","background-type":"","background-media":"","overlay-type":"","overlay-color":"","overlay-opacity":"","overlay-gradient":""},"tablet":{"background-color":"var(--ast-global-color-5)","background-image":"","background-repeat":"repeat","background-position":"center center","background-size":"auto","background-attachment":"scroll","background-type":"","background-media":"","overlay-type":"","overlay-color":"","overlay-opacity":"","overlay-gradient":""},"mobile":{"background-color":"var(--ast-global-color-5)","background-image":"","background-repeat":"repeat","background-position":"center center","background-size":"auto","background-attachment":"scroll","background-type":"","background-media":"","overlay-type":"","overlay-color":"","overlay-opacity":"","overlay-gradient":""}}},"product_brand":[],"product_cat":[206,292,22],"product_tag":[],"class_list":{"0":"post-399","1":"product","2":"type-product","3":"status-publish","4":"has-post-thumbnail","6":"product_cat-meraci-provodljivosti","7":"product_cat-phoenix-svi-proizvodi","8":"product_cat-proizvodi-phoenix","9":"desktop-align-left","10":"tablet-align-left","11":"mobile-align-left","13":"first","14":"instock","15":"shipping-taxable","16":"purchasable","17":"product-type-simple"},"_links":{"self":[{"href":"https:\/\/sr.cadicap.rs\/sr\/wp-json\/wp\/v2\/product\/399","targetHints":{"allow":["GET"]}}],"collection":[{"href":"https:\/\/sr.cadicap.rs\/sr\/wp-json\/wp\/v2\/product"}],"about":[{"href":"https:\/\/sr.cadicap.rs\/sr\/wp-json\/wp\/v2\/types\/product"}],"version-history":[{"count":0,"href":"https:\/\/sr.cadicap.rs\/sr\/wp-json\/wp\/v2\/product\/399\/revisions"}],"wp:featuredmedia":[{"embeddable":true,"href":"https:\/\/sr.cadicap.rs\/sr\/wp-json\/wp\/v2\/media\/467"}],"wp:attachment":[{"href":"https:\/\/sr.cadicap.rs\/sr\/wp-json\/wp\/v2\/media?parent=399"}],"wp:term":[{"taxonomy":"product_brand","embeddable":true,"href":"https:\/\/sr.cadicap.rs\/sr\/wp-json\/wp\/v2\/product_brand?post=399"},{"taxonomy":"product_cat","embeddable":true,"href":"https:\/\/sr.cadicap.rs\/sr\/wp-json\/wp\/v2\/product_cat?post=399"},{"taxonomy":"product_tag","embeddable":true,"href":"https:\/\/sr.cadicap.rs\/sr\/wp-json\/wp\/v2\/product_tag?post=399"}],"curies":[{"name":"wp","href":"https:\/\/api.w.org\/{rel}","templated":true}]}}