{"id":403,"date":"2023-08-12T19:10:39","date_gmt":"2023-08-12T19:10:39","guid":{"rendered":"http:\/\/https\/\/cadicap.rs\/?post_type=product&#038;p=403"},"modified":"2025-04-23T10:44:46","modified_gmt":"2025-04-23T10:44:46","slug":"profesionalni-multimetar-ec-45-multi","status":"publish","type":"product","link":"https:\/\/sr.cadicap.rs\/sr\/proizvod\/profesionalni-multimetar-ec-45-multi\/","title":{"rendered":"Profesionalni multimetar EC-45 multi"},"content":{"rendered":"<p>&#8211; Prikaz pH \/ mV, COND \/ TDS, i temperatura istovremeno<br \/>\n&#8211; Rezolucija: 0,1-0,001 pH<br \/>\n&#8211; Automatski opseg za cond<br \/>\n&#8211; GLP-usagla\u0161en<br \/>\n&#8211; Izbor konstante c\u0301elije omoguc\u0301ava upotreba sa 2 plo\u010daste c\u0301elije<br \/>\n&#8211; Veliki grafi\u010dki prikaz u boji sa indikacijom kalibracije<br \/>\n&#8211; Indikacija stabilnosti<br \/>\n&#8211; Memorija sa zadnjim ponovljenim prikazom,datum i vreme kalibracije i informacije o \u017eivotu elektrode<br \/>\n&#8211; Set frekvencije kalibracije, za visok kvalitet merenja<br \/>\n&#8211; Parametar stabilnosti (nisko-srednje-visoko) za merenje visoke ta\u010dnosti<br \/>\n&#8211; Stalna memorija se zadr\u017eava do 1000 ta\u010daka podataka, sa datumom i automatskim vremenom (Data logger) ili priru\u010dnikom<br \/>\n&#8211; 2* USB porta za prenos podataka na ra\u010dunaru ili \u0161tampa\u010du i za tastaturu<br \/>\n&#8211; Softver PC-Link za preuzimanje podaci (uklju\u010deni)<br \/>\n&#8211; Spoljna tastatura<br \/>\n&#8211; Intrument se mo\u017ee isporu\u010diti sa magnetnim me\u0161a\u010dem<br \/>\n&#8211; IP54 klasa za\u0161tite<br \/>\n&#8211; 3 godine garancije na instrument<\/p>\n<p><strong>Profesionalni stoni multiparametar EC-45 multi<\/strong><\/p>\n<p>&#8211; Veliki grafi\u010dki prikaz u boji prikazuje sve potrebne informacije o merenju, kalibraciji, standardima, stanju c\u0301elije, GLP<br \/>\n&#8211; Svako mo\u017ee lako da koristi ovaj mera\u010d pomoc\u0301u menija koji je dostupan na 5 jezika<br \/>\n&#8211; Nova DHS-tehnologija omoguc\u0301ava upotrebu digitalnih kao i analognih elektroda.<br \/>\n&#8211; PH kalibracija do ta\u010dke 5 i do ta\u010dke 4 Conductivti kalibracija sa automatskim prepoznavanjem svih standard<br \/>\n&#8211; Podr\u0161ka ikona za sve funkcije kalibracije i naprednu dijagnostiku elektroda<br \/>\n&#8211; Svim funkcijama se mo\u017ee upravljati na intuitivan i lak na\u010din.<br \/>\n&#8211; Instrument se mo\u017ee isporu\u010diti sa magnetnim me\u0161a\u010dem<\/p>\n<p><strong>Tehni\u010dki podaci<\/strong><\/p>\n<p>&#8211; Opseg merenja (pH): od -2 do 20<br \/>\n&#8211; Rezolucija (pH): 0,1 \/ 0,01 \/ 0,001<br \/>\n&#8211; Pufer: od 1 do 5\/ USA,NIST,DIN, korisni\u010dki<br \/>\n&#8211; Kalibracione ta\u010dke: od 1 do 5<br \/>\n&#8211; Prepoznavanje pufera: Da<br \/>\n&#8211; Opseg merenja (mV): \u00b1 2000 &#8211; Rezolucija: 0,1 \/ 1<br \/>\n&#8211; DHS elektrode: Da<br \/>\n&#8211; Izbor konstante c\u0301elije (cm-1): 0,1-1-10<br \/>\n&#8211; Kompenzacija temperature (% \/ \u00b0 C) 0,00\u202610,00<br \/>\n&#8211; Regerenca temperature (\u00b0 C) 15\u202630<br \/>\n&#8211; DHS elektrode: Da<br \/>\n&#8211; Opseg merenja (cond):<br \/>\n0,00-20,00-200,0-2000 \u00b5S<br \/>\n2,00-20,00-200,0-1000 \u00b5S<\/p>\n<p>&#8211; Rezolucija (cond): Automatska skala<br \/>\n&#8211; Kalibracioni standardi: 84,1413 \u00b5S, 12.88, 111.8, korisni\u010dki<br \/>\n&#8211; Izbor konstante c\u0301elije (cm-1): 0,1 &#8211; 1 &#8211; 10<br \/>\n&#8211; Referentna temperature: od 15 do 30<br \/>\n&#8211; TDS opseg merenja (g\/l) : od 0 do 500<br \/>\n&#8211; TDS faktor: od 0,40 do 1<br \/>\n&#8211; Kompenzacija temperature (% \/ \u00b0 C): od 0 do 10<br \/>\n&#8211; Opseg merenja (\u00b0 C) : od -20 do 120<br \/>\n&#8211; Otpornost (M\u03a9): od 0 do 20<br \/>\n&#8211; Salinitet (ppt): od 0,001 do 100<br \/>\n&#8211; Memorija: 1000 data<br \/>\n&#8211; Tajmer: Da<br \/>\n&#8211; GLP: Da<br \/>\n&#8211; Pristup: 2*USB,RS-232 interfejs<br \/>\n&#8211; Prikaz: Grafi\u010dki prikaz u boji<br \/>\n&#8211; IP klasa: IP 54<br \/>\n&#8211; Snadbevanje energije: Adapter 12 V DC<br \/>\n&#8211; Dimenzija (D*\u0160*V): 165*195*68 mm bez me\u0161a\u010da<br \/>\n&#8211; Te\u017eina: 1050 g, bez me\u0161a\u010da<\/p>\n<p><strong>Dostupni su razli\u010diti kompleti<\/strong><\/p>\n<p><strong>EC-45-multi-2<\/strong><\/p>\n<p>&#8211; Komplet bez pH elektrode i c\u0301elije, sa kablom S7 \/ BNC, temp. sonda NT55, pH puferski rastvor pH 7 i pH 4, rastvor provodljivosti 1413 mS i 12,88 mS, DHS funkcija, tastatura i dodaci, sa magnetnim me\u0161a\u010de<\/p>\n<p><strong>EC-45-multi-3<\/strong><\/p>\n<p>&#8211; Komplet uklju\u010duje pH elektrodu KSS STANDARD S7, 1 mt kabl S7 \/ BNC, stakleno staklo VPT 80\/1 sa ATC, DHS-funkciju, pH puferski rastvor pH 7 i pH 4, standardni provodni rastvor 1413 mS i 12,88mS, tastaturu i dodatke , sa magnetnim me\u0161a\u010dem<\/p>\n<p><strong>EC-45-multi-5<\/strong><\/p>\n<p>&#8211; U kompletu je bila pH elektroda KSS STANDARD-DHS S7, 1 mt kabl S7 \/ BNC, stakleno staklo VPT 80\/1 sa ATC, DHS-funkcija, pH puferski rastvor pH 7 i pH 4, standardni provodni rastvor 1413 mS i 12,88mS, tastatura i dodaci, sa magnetnim me\u0161a\u010dem<\/p>\n<p>&nbsp;<\/p>","protected":false},"excerpt":{"rendered":"<p>&#8211; Prikaz pH \/ mV, COND \/ TDS, i temperatura istovremeno &#8211; Rezolucija: 0,1-0,001 pH &#8211; Automatski opseg za cond &#8211; GLP-usagla\u0161en &#8211; Izbor konstante c\u0301elije omoguc\u0301ava upotreba sa 2 plo\u010daste c\u0301elije &#8211; Veliki grafi\u010dki prikaz u boji sa indikacijom kalibracije &#8211; Indikacija stabilnosti &#8211; Memorija sa zadnjim ponovljenim prikazom,datum i vreme kalibracije i informacije [&hellip;]<\/p>\n","protected":false},"featured_media":2184,"template":"","meta":{"site-sidebar-layout":"default","site-content-layout":"","ast-site-content-layout":"default","site-content-style":"default","site-sidebar-style":"default","ast-global-header-display":"","ast-banner-title-visibility":"","ast-main-header-display":"","ast-hfb-above-header-display":"","ast-hfb-below-header-display":"","ast-hfb-mobile-header-display":"","site-post-title":"","ast-breadcrumbs-content":"","ast-featured-img":"","footer-sml-layout":"","ast-disable-related-posts":"","theme-transparent-header-meta":"default","adv-header-id-meta":"","stick-header-meta":"","header-above-stick-meta":"","header-main-stick-meta":"","header-below-stick-meta":"","astra-migrate-meta-layouts":"set","ast-page-background-enabled":"default","ast-page-background-meta":{"desktop":{"background-color":"var(--ast-global-color-4)","background-image":"","background-repeat":"repeat","background-position":"center center","background-size":"auto","background-attachment":"scroll","background-type":"","background-media":"","overlay-type":"","overlay-color":"","overlay-opacity":"","overlay-gradient":""},"tablet":{"background-color":"","background-image":"","background-repeat":"repeat","background-position":"center center","background-size":"auto","background-attachment":"scroll","background-type":"","background-media":"","overlay-type":"","overlay-color":"","overlay-opacity":"","overlay-gradient":""},"mobile":{"background-color":"","background-image":"","background-repeat":"repeat","background-position":"center center","background-size":"auto","background-attachment":"scroll","background-type":"","background-media":"","overlay-type":"","overlay-color":"","overlay-opacity":"","overlay-gradient":""}},"ast-content-background-meta":{"desktop":{"background-color":"var(--ast-global-color-5)","background-image":"","background-repeat":"repeat","background-position":"center center","background-size":"auto","background-attachment":"scroll","background-type":"","background-media":"","overlay-type":"","overlay-color":"","overlay-opacity":"","overlay-gradient":""},"tablet":{"background-color":"var(--ast-global-color-5)","background-image":"","background-repeat":"repeat","background-position":"center center","background-size":"auto","background-attachment":"scroll","background-type":"","background-media":"","overlay-type":"","overlay-color":"","overlay-opacity":"","overlay-gradient":""},"mobile":{"background-color":"var(--ast-global-color-5)","background-image":"","background-repeat":"repeat","background-position":"center center","background-size":"auto","background-attachment":"scroll","background-type":"","background-media":"","overlay-type":"","overlay-color":"","overlay-opacity":"","overlay-gradient":""}}},"product_brand":[],"product_cat":[294,206,292,22],"product_tag":[],"class_list":{"0":"post-403","1":"product","2":"type-product","3":"status-publish","4":"has-post-thumbnail","6":"product_cat-akcija-phoenix","7":"product_cat-meraci-provodljivosti","8":"product_cat-phoenix-svi-proizvodi","9":"product_cat-proizvodi-phoenix","10":"desktop-align-left","11":"tablet-align-left","12":"mobile-align-left","14":"first","15":"instock","16":"shipping-taxable","17":"purchasable","18":"product-type-simple"},"_links":{"self":[{"href":"https:\/\/sr.cadicap.rs\/sr\/wp-json\/wp\/v2\/product\/403","targetHints":{"allow":["GET"]}}],"collection":[{"href":"https:\/\/sr.cadicap.rs\/sr\/wp-json\/wp\/v2\/product"}],"about":[{"href":"https:\/\/sr.cadicap.rs\/sr\/wp-json\/wp\/v2\/types\/product"}],"version-history":[{"count":0,"href":"https:\/\/sr.cadicap.rs\/sr\/wp-json\/wp\/v2\/product\/403\/revisions"}],"wp:featuredmedia":[{"embeddable":true,"href":"https:\/\/sr.cadicap.rs\/sr\/wp-json\/wp\/v2\/media\/2184"}],"wp:attachment":[{"href":"https:\/\/sr.cadicap.rs\/sr\/wp-json\/wp\/v2\/media?parent=403"}],"wp:term":[{"taxonomy":"product_brand","embeddable":true,"href":"https:\/\/sr.cadicap.rs\/sr\/wp-json\/wp\/v2\/product_brand?post=403"},{"taxonomy":"product_cat","embeddable":true,"href":"https:\/\/sr.cadicap.rs\/sr\/wp-json\/wp\/v2\/product_cat?post=403"},{"taxonomy":"product_tag","embeddable":true,"href":"https:\/\/sr.cadicap.rs\/sr\/wp-json\/wp\/v2\/product_tag?post=403"}],"curies":[{"name":"wp","href":"https:\/\/api.w.org\/{rel}","templated":true}]}}