{"id":432,"date":"2023-08-12T19:11:02","date_gmt":"2023-08-12T19:11:02","guid":{"rendered":"http:\/\/https\/\/cadicap.rs\/?post_type=product&#038;p=432"},"modified":"2025-04-23T10:44:25","modified_gmt":"2025-04-23T10:44:25","slug":"laboratorijski-inkubator-ic-150-r","status":"publish","type":"product","link":"https:\/\/sr.cadicap.rs\/sr\/proizvod\/laboratorijski-inkubator-ic-150-r\/","title":{"rendered":"Laboratorijski inkubator IC-150 R"},"content":{"rendered":"<p>&#8211; Idealan je za svaku primenu u mikrobiolo\u0161kom polju<\/p>\n<p>&#8211; \u0160irok opseg temperature omoguc\u0301ava rast mikroorganizama u svakoj situaciji u okru\u017eenju<\/p>\n<p>&#8211; Uklonjive police i zaobljeni uglovi komore od ner\u0111ajuc\u0301eg \u010delika olak\u0161avaju procese sonifikacije<\/p>\n<p>&#8211; PID regulator garantuje izvrsnu kontrolu mikroprocesora, a ograni\u010deni broj tastera za pode\u0161avanje osigurava izuzetno jednostavnu i intuitivnu operativnost<\/p>\n<p>&#8211; Instrument je standardno opremljen,sa bo\u010dnim pre\u010dnikom otvora od 25 mm,tako da postoji prostor da bi se ugradio jedan ili vi\u0161e temperaturnih senzora unutar komore<\/p>\n<p>&#8211; Unutra\u0161nja lampa za posmatranje uzoraka se standardno isporu\u010duje<\/p>\n<p><strong>Tehni\u010dke informacije<\/strong><\/p>\n<p>Korisna zapremina:\u00a0 \u00a0 150 litara<\/p>\n<p>Opseg temperature :\u00a0 \u00a0 od 10 do &#8211; 60 \u00b0C<\/p>\n<p>Rezolucija temperature:\u00a0 \u00a0 0,1 \u00b0C<\/p>\n<p>Homogenost temperature na 25 \u00b0C:\u00a0 \u00a0 \u00a0\u00b1 0,5 \u00b0C<\/p>\n<p>Varijacija temperature na 25 \u00b0C:\u00a0 \u00a0 \u00b1 0,1 \u00b0C<\/p>\n<p>Vreme povratka na 25 \u00b0C:\u00a0 \u00a04 minuta<\/p>\n<p>Tajmer:\u00a0 \u00a0 99:59 min. i kontinualni re\u017eim<\/p>\n<p>Klasa bezbednosti:\u00a0 \u00a0 \u00a03.1<\/p>\n<p>Napon\/snaga:\u00a0 \u00a0 230V \/ 700 W<\/p>\n<p>Unutra\u0161nje dimenzije:\u00a0 500*800*360mm<\/p>\n<p>Broj polica (standardno\/max.):\u00a0 \u00a03\/9<\/p>\n<p>Minimalni razmak izme\u0111u polica:\u00a0 50 mm<\/p>\n<p>Maksimalni teret:\u00a0 \u00a0 10 kg<\/p>\n<p>Spoljne dimenzije (\u0160*V*D) u mm:\u00a0 \u00a0 650*1350*620<\/p>\n<p>Te\u017eina (kg):\u00a0 \u00a0 \u00a0100<\/p>\n<p>&nbsp;<\/p>\n<p>&nbsp;<\/p>\n<p>&nbsp;<\/p>\n<p>&nbsp;<\/p>","protected":false},"excerpt":{"rendered":"<p>&#8211; Idealan je za svaku primenu u mikrobiolo\u0161kom polju &#8211; \u0160irok opseg temperature omoguc\u0301ava rast mikroorganizama u svakoj situaciji u okru\u017eenju &#8211; Uklonjive police i zaobljeni uglovi komore od ner\u0111ajuc\u0301eg \u010delika olak\u0161avaju procese sonifikacije &#8211; PID regulator garantuje izvrsnu kontrolu mikroprocesora, a ograni\u010deni broj tastera za pode\u0161avanje osigurava izuzetno jednostavnu i intuitivnu operativnost &#8211; Instrument [&hellip;]<\/p>\n","protected":false},"featured_media":2599,"template":"","meta":{"site-sidebar-layout":"default","site-content-layout":"","ast-site-content-layout":"default","site-content-style":"default","site-sidebar-style":"default","ast-global-header-display":"","ast-banner-title-visibility":"","ast-main-header-display":"","ast-hfb-above-header-display":"","ast-hfb-below-header-display":"","ast-hfb-mobile-header-display":"","site-post-title":"","ast-breadcrumbs-content":"","ast-featured-img":"","footer-sml-layout":"","ast-disable-related-posts":"","theme-transparent-header-meta":"default","adv-header-id-meta":"","stick-header-meta":"","header-above-stick-meta":"","header-main-stick-meta":"","header-below-stick-meta":"","astra-migrate-meta-layouts":"set","ast-page-background-enabled":"default","ast-page-background-meta":{"desktop":{"background-color":"var(--ast-global-color-4)","background-image":"","background-repeat":"repeat","background-position":"center center","background-size":"auto","background-attachment":"scroll","background-type":"","background-media":"","overlay-type":"","overlay-color":"","overlay-opacity":"","overlay-gradient":""},"tablet":{"background-color":"","background-image":"","background-repeat":"repeat","background-position":"center center","background-size":"auto","background-attachment":"scroll","background-type":"","background-media":"","overlay-type":"","overlay-color":"","overlay-opacity":"","overlay-gradient":""},"mobile":{"background-color":"","background-image":"","background-repeat":"repeat","background-position":"center center","background-size":"auto","background-attachment":"scroll","background-type":"","background-media":"","overlay-type":"","overlay-color":"","overlay-opacity":"","overlay-gradient":""}},"ast-content-background-meta":{"desktop":{"background-color":"var(--ast-global-color-5)","background-image":"","background-repeat":"repeat","background-position":"center center","background-size":"auto","background-attachment":"scroll","background-type":"","background-media":"","overlay-type":"","overlay-color":"","overlay-opacity":"","overlay-gradient":""},"tablet":{"background-color":"var(--ast-global-color-5)","background-image":"","background-repeat":"repeat","background-position":"center center","background-size":"auto","background-attachment":"scroll","background-type":"","background-media":"","overlay-type":"","overlay-color":"","overlay-opacity":"","overlay-gradient":""},"mobile":{"background-color":"var(--ast-global-color-5)","background-image":"","background-repeat":"repeat","background-position":"center center","background-size":"auto","background-attachment":"scroll","background-type":"","background-media":"","overlay-type":"","overlay-color":"","overlay-opacity":"","overlay-gradient":""}}},"product_brand":[],"product_cat":[24,292,22],"product_tag":[],"class_list":{"0":"post-432","1":"product","2":"type-product","3":"status-publish","4":"has-post-thumbnail","6":"product_cat-laboratorijski-inkubatori","7":"product_cat-phoenix-svi-proizvodi","8":"product_cat-proizvodi-phoenix","9":"desktop-align-left","10":"tablet-align-left","11":"mobile-align-left","13":"first","14":"instock","15":"shipping-taxable","16":"purchasable","17":"product-type-simple"},"_links":{"self":[{"href":"https:\/\/sr.cadicap.rs\/sr\/wp-json\/wp\/v2\/product\/432","targetHints":{"allow":["GET"]}}],"collection":[{"href":"https:\/\/sr.cadicap.rs\/sr\/wp-json\/wp\/v2\/product"}],"about":[{"href":"https:\/\/sr.cadicap.rs\/sr\/wp-json\/wp\/v2\/types\/product"}],"version-history":[{"count":0,"href":"https:\/\/sr.cadicap.rs\/sr\/wp-json\/wp\/v2\/product\/432\/revisions"}],"wp:featuredmedia":[{"embeddable":true,"href":"https:\/\/sr.cadicap.rs\/sr\/wp-json\/wp\/v2\/media\/2599"}],"wp:attachment":[{"href":"https:\/\/sr.cadicap.rs\/sr\/wp-json\/wp\/v2\/media?parent=432"}],"wp:term":[{"taxonomy":"product_brand","embeddable":true,"href":"https:\/\/sr.cadicap.rs\/sr\/wp-json\/wp\/v2\/product_brand?post=432"},{"taxonomy":"product_cat","embeddable":true,"href":"https:\/\/sr.cadicap.rs\/sr\/wp-json\/wp\/v2\/product_cat?post=432"},{"taxonomy":"product_tag","embeddable":true,"href":"https:\/\/sr.cadicap.rs\/sr\/wp-json\/wp\/v2\/product_tag?post=432"}],"curies":[{"name":"wp","href":"https:\/\/api.w.org\/{rel}","templated":true}]}}