{"id":433,"date":"2023-08-12T19:11:02","date_gmt":"2023-08-12T19:11:02","guid":{"rendered":"http:\/\/https\/\/cadicap.rs\/?post_type=product&#038;p=433"},"modified":"2025-04-23T10:44:19","modified_gmt":"2025-04-23T10:44:19","slug":"klimatske-komore-ch-150-ch-250","status":"publish","type":"product","link":"https:\/\/sr.cadicap.rs\/sr\/proizvod\/klimatske-komore-ch-150-ch-250\/","title":{"rendered":"Klimatske komore CH-150 \/ CH-250"},"content":{"rendered":"<p>&#8211; Klimatske komore idealan su instrument za testiranje stabilnosti i starenja na materijalima, simulaciju uslova okoline i stres test u nekoliko oblasti kao \u0161to su: industrija, hrana, tekstil, ambala\u017ea, guma \/ plastika itd.<\/p>\n<p>&#8211; Zahvaljujuc\u0301i PID digitalnoj kontroli regulator temperature i procenta vla\u017enosti moguc\u0301e je simulirati mnoge okolinske situacije i upotrebu materijala, a osim toga testirati efekte prisilnog starenja<\/p>\n<p>&#8211; Spoljna \u010deli\u010dna vrata su opremljena \u0161irokim staklenim prozorom koji omoguc\u0301ava posmatranje materijala tokom ispitivanja<\/p>\n<p>&#8211; Komora od ner\u0111ajuc\u0301eg \u010delika sa zaobljenim uglovima, police i njihov sistem pri\u010dvr\u0161c\u0301ivanja koji se u potpunosti mogu ukloniti \u010dine komoru savr\u0161eno \u010di\u0161toc\u0301om<\/p>\n<p>&#8211; Uklju\u010dena je LED unutra\u0161nja lampa za posmatranje uzorak<\/p>\n<p>&#8211; Standardni bo\u010dni prolazni otvor sa pre\u010dnikom od 25 mm omoguc\u0301ava ugradnju sondi unutar komore<\/p>\n<p>&#8211; Digitalni alfanumeri\u010dki LCD ekran sa pozadinskim osvetljenjem<\/p>\n<p>&#8211; Digitalni tajmer, sat i datum za GLP funkcije<\/p>\n<p>&#8211; Standardni mini \u0161tampa\u010d za rad i pode\u0161avanje parametara izlaza<\/p>\n<p>&#8211; Sigurnosna klasa 3.1 sa dvostrukim digitalnim grani\u010dnikom temperature i dodatnim grani\u010dnikom \u0161irenja fluida<\/p>\n<p>&nbsp;<\/p>\n<p><strong>Tehni\u010dke informacije CH-150<\/strong><\/p>\n<p>Korisna zapremina:\u00a0 \u00a0 150 litara<\/p>\n<p>Opseg temperature:<\/p>\n<p>od -10 do &#8211; 85\u00b0C (bez vla\u017enosti)<\/p>\n<p>od +10 do &#8211; 70\u00b0C (sa vla\u017eno\u0161c\u0301u)<\/p>\n<p>Rezolucija temperature:\u00a0 0,1 \u00b0 C<\/p>\n<p>Homogenost temperature u komori:<\/p>\n<p>\u00b1 0,5\u00b0C (bez vlage)<\/p>\n<p>\u00b1 1,5\u00b0C (10 \u00f7 70\u00b0C\/45 \u00f7 95% RH)<\/p>\n<p>Varijacija temperature na ta\u010dki:<\/p>\n<p>\u00b1 0,2 \u00b0C (bez vla\u017enosti)<\/p>\n<p>\u00b1 0,5\u00b0C (10 \u00f770\u00b0C\/45 \u00f7 95% RH<\/p>\n<p>Opseg vla\u017enosti:\u00a0 \u00a0 45% &#8211; 95%<\/p>\n<p>Varijacija vla\u017enosti na ta\u010dki:\u00a0 \u00a0 \u00a0\u2264 2% RH(10 \u00f7 70\u00b0C\/45\u00f795% RH<\/p>\n<p>Tajmer\/programi:\u00a0 \u00a0 \u00a0Kontinuirani re\u017eim\/Programi 1-100 koraka<\/p>\n<p>Klasa bezbednosti\u00a0 \u00a0 \u00a03.1<\/p>\n<p>Napon\/snaga:\u00a0 \u00a0230V \/ 2200W<\/p>\n<p>Unutra\u0161nje dimenzije:\u00a0 \u00a0550*670*405mm<\/p>\n<p>Broj polica (standardno\/max.):\u00a0 \u00a03\/10<\/p>\n<p>Korisno min. razmak izme\u0111u polica:\u00a0 \u00a045 mm<\/p>\n<p>Maksimalna nosivost:\u00a0 \u00a010 kg<\/p>\n<p>Spoljne dimenzije (\u0160*V*D) u mm:\u00a0 690*1520*790<\/p>\n<p>Spolja\u0161ne dimenzije rezervoara<\/p>\n<p>za vodu (\u0160*V*D) :\u00a0 370*340*560 mm<\/p>\n<p>Te\u017eina :\u00a0 \u00a0145 kg<\/p>\n<p>&nbsp;<\/p>\n<p><strong>Tehni\u010dke informacije\u00a0 CH-250<\/strong><\/p>\n<p>Korisna zapremina:\u00a0 \u00a0250 litara<\/p>\n<p>Opseg temperature:<\/p>\n<p>od -10 do &#8211; 85\u00b0C (bez vla\u017enosti)<\/p>\n<p>od +10 do &#8211; 70\u00b0C (sa vla\u017eno\u0161c\u0301u)<\/p>\n<p>Rezolucija temperature:\u00a0 \u00a00,1 \u00b0 C<\/p>\n<p>Homogenost temperature u komori:<\/p>\n<p>\u00b1 0,5\u00b0C (bez vla\u017enosti)<\/p>\n<p>\u00b11,5\u00b0C (10 \u00f7 70\u00b0C\/45\u00f795% RH)<\/p>\n<p>Varijacija temperature na ta\u010dki:<\/p>\n<p>\u00b1 0,2 \u00b0C (bez vla\u017enosti)<\/p>\n<p>\u00b1 0,5 \u00b0 C (10 \u00f7 70\u00b0 C\/45 \u00f7 95% RH)<\/p>\n<p>Opseg vla\u017enosti:\u00a0 \u00a0 \u00a045% &#8211; 95%<\/p>\n<p>Varijacija vla\u017enosti na ta\u010dki:\u00a0 \u00a0 \u00a0 \u00a0\u2264 2% RH)(10 \u00f7 70\u00b0C\/45\u00f795%RH)<\/p>\n<p>Tajmer \/ programi:\u00a0 \u00a0 \u00a0 \u00a0 \u00a0 \u00a0 \u00a0 Kontinuirani re\u017eim\/Programi 1-100 koraka<\/p>\n<p>Klasa bezbednosti:\u00a0 \u00a0 3.1<\/p>\n<p>Napon \/ snaga:\u00a0 \u00a0 230V \/ 2200W<\/p>\n<p>Unutra\u0161nje dimenzije:\u00a0 \u00a0600*830*500mm<\/p>\n<p>Broj polica (standardno\/max.):\u00a0 \u00a0 3\/12<\/p>\n<p>Minimalni razmak izme\u0111u polica:\u00a0 \u00a0 45 mm<\/p>\n<p>Maksimalna nosivost:\u00a0 \u00a010 kg<\/p>\n<p>Spoljne dimenzije (\u0160*V*D) u mm:\u00a0 740*1680*885<\/p>\n<p>Spolja\u0161ne dimenzije rezervoara:<\/p>\n<p>za vodu (\u0160*V*D):\u00a0 \u00a0370*340*560 mm<\/p>\n<p>Te\u017eina:\u00a0 \u00a0185 kg<\/p>\n<p><strong>Pribor<\/strong><\/p>\n<p>&#8211; CH-1001462 Polica od \u010deli\u010dne \u017eice za klimatsku komoru CH 150<br \/>\n&#8211; CH-1001472 Polica od \u010deli\u010dne \u017eice za klimatsku komoru CH 250<br \/>\n&#8211; CH-1000152 Rupa \u00d8 25 mm sa zatvara\u010dima za klimatske komore CH 150 \/ CH 250<br \/>\n&#8211; CH-1000142 Rupa \u00d8 50 mm sa zatvara\u010dima za klimatske komore CH 150 \/ CH 250<br \/>\n&#8211; CH-1009002 Priru\u010dnik za papir IK \/ OK<\/p>\n<p>&nbsp;<\/p>\n<p>&nbsp;<\/p>\n<p>&nbsp;<\/p>\n<h5><\/h5>\n<h5><\/h5>\n<h5><\/h5>\n<h5><\/h5>\n<h5><\/h5>\n<h5><\/h5>\n<p>&nbsp;<\/p>","protected":false},"excerpt":{"rendered":"<p>&nbsp;<\/p>\n<p>&nbsp;<\/p>","protected":false},"featured_media":2602,"template":"","meta":{"site-sidebar-layout":"default","site-content-layout":"","ast-site-content-layout":"default","site-content-style":"default","site-sidebar-style":"default","ast-global-header-display":"","ast-banner-title-visibility":"","ast-main-header-display":"","ast-hfb-above-header-display":"","ast-hfb-below-header-display":"","ast-hfb-mobile-header-display":"","site-post-title":"","ast-breadcrumbs-content":"","ast-featured-img":"","footer-sml-layout":"","ast-disable-related-posts":"","theme-transparent-header-meta":"default","adv-header-id-meta":"","stick-header-meta":"","header-above-stick-meta":"","header-main-stick-meta":"","header-below-stick-meta":"","astra-migrate-meta-layouts":"set","ast-page-background-enabled":"default","ast-page-background-meta":{"desktop":{"background-color":"var(--ast-global-color-4)","background-image":"","background-repeat":"repeat","background-position":"center center","background-size":"auto","background-attachment":"scroll","background-type":"","background-media":"","overlay-type":"","overlay-color":"","overlay-opacity":"","overlay-gradient":""},"tablet":{"background-color":"","background-image":"","background-repeat":"repeat","background-position":"center center","background-size":"auto","background-attachment":"scroll","background-type":"","background-media":"","overlay-type":"","overlay-color":"","overlay-opacity":"","overlay-gradient":""},"mobile":{"background-color":"","background-image":"","background-repeat":"repeat","background-position":"center center","background-size":"auto","background-attachment":"scroll","background-type":"","background-media":"","overlay-type":"","overlay-color":"","overlay-opacity":"","overlay-gradient":""}},"ast-content-background-meta":{"desktop":{"background-color":"var(--ast-global-color-5)","background-image":"","background-repeat":"repeat","background-position":"center center","background-size":"auto","background-attachment":"scroll","background-type":"","background-media":"","overlay-type":"","overlay-color":"","overlay-opacity":"","overlay-gradient":""},"tablet":{"background-color":"var(--ast-global-color-5)","background-image":"","background-repeat":"repeat","background-position":"center center","background-size":"auto","background-attachment":"scroll","background-type":"","background-media":"","overlay-type":"","overlay-color":"","overlay-opacity":"","overlay-gradient":""},"mobile":{"background-color":"var(--ast-global-color-5)","background-image":"","background-repeat":"repeat","background-position":"center center","background-size":"auto","background-attachment":"scroll","background-type":"","background-media":"","overlay-type":"","overlay-color":"","overlay-opacity":"","overlay-gradient":""}}},"product_brand":[],"product_cat":[24,292,22],"product_tag":[],"class_list":{"0":"post-433","1":"product","2":"type-product","3":"status-publish","4":"has-post-thumbnail","6":"product_cat-laboratorijski-inkubatori","7":"product_cat-phoenix-svi-proizvodi","8":"product_cat-proizvodi-phoenix","9":"desktop-align-left","10":"tablet-align-left","11":"mobile-align-left","13":"first","14":"instock","15":"shipping-taxable","16":"purchasable","17":"product-type-simple"},"_links":{"self":[{"href":"https:\/\/sr.cadicap.rs\/sr\/wp-json\/wp\/v2\/product\/433","targetHints":{"allow":["GET"]}}],"collection":[{"href":"https:\/\/sr.cadicap.rs\/sr\/wp-json\/wp\/v2\/product"}],"about":[{"href":"https:\/\/sr.cadicap.rs\/sr\/wp-json\/wp\/v2\/types\/product"}],"version-history":[{"count":0,"href":"https:\/\/sr.cadicap.rs\/sr\/wp-json\/wp\/v2\/product\/433\/revisions"}],"wp:featuredmedia":[{"embeddable":true,"href":"https:\/\/sr.cadicap.rs\/sr\/wp-json\/wp\/v2\/media\/2602"}],"wp:attachment":[{"href":"https:\/\/sr.cadicap.rs\/sr\/wp-json\/wp\/v2\/media?parent=433"}],"wp:term":[{"taxonomy":"product_brand","embeddable":true,"href":"https:\/\/sr.cadicap.rs\/sr\/wp-json\/wp\/v2\/product_brand?post=433"},{"taxonomy":"product_cat","embeddable":true,"href":"https:\/\/sr.cadicap.rs\/sr\/wp-json\/wp\/v2\/product_cat?post=433"},{"taxonomy":"product_tag","embeddable":true,"href":"https:\/\/sr.cadicap.rs\/sr\/wp-json\/wp\/v2\/product_tag?post=433"}],"curies":[{"name":"wp","href":"https:\/\/api.w.org\/{rel}","templated":true}]}}