{"id":435,"date":"2023-08-12T19:11:02","date_gmt":"2023-08-12T19:11:02","guid":{"rendered":"http:\/\/https\/\/cadicap.rs\/?post_type=product&#038;p=435"},"modified":"2025-10-03T10:17:35","modified_gmt":"2025-10-03T10:17:35","slug":"vodeno-kupatilo-sb-35","status":"publish","type":"product","link":"https:\/\/sr.cadicap.rs\/sr\/proizvod\/vodeno-kupatilo-sb-35\/","title":{"rendered":"Vodeno kupatilo SB-35"},"content":{"rendered":"<p><strong>Vodeno kupatilo sa linearnom funkcijom muc\u0301kanja<\/strong><\/p>\n<p>&#8211; Zahvaljujuc\u0301i fleksibilnosti univerzalnog opru\u017enog nosa\u010da, moguc\u0301e je ubaciti razli\u010dite tikvice, \u010da\u0161e, balone ili druge boce razli\u010ditih kapaciteta i oblika<\/p>\n<p>&#8211; Elektronska regulacija temperature sa PID kontrolom i pode\u0161avanje brzine muc\u0301kanja dugmetom<\/p>\n<p>&#8211; Kupatilo, poklopac, opru\u017ena korpa i nosec\u0301a povr\u0161ina za uzorke su u potpunosti izra\u0111eni od ner\u0111ajuc\u0301eg \u010delika<\/p>\n<p>&#8211; Instrument dolazi sa prakti\u010dnom cevkom za pra\u017enjenje i ventilom za brzo postavljanje za periodi\u010dnu zamenu te\u010dnosti u rezervoaru<\/p>\n<p>&#8211; Prakti\u010dni sistem za pri\u010dvr\u0161c\u0301ivanje korpi omoguc\u0301ava lako \u010di\u0161c\u0301enje i odr\u017eavanje kupatila<\/p>\n<p><strong>\u00a0 SB-35<\/strong><\/p>\n<p>Zapremina rezervoara:\u00a0 \u00a0 \u00a0 \u00a0 \u00a0 \u00a0 \u00a0 \u00a0 \u00a0 \u00a0 \u00a0 \u00a0 \u00a0 \u00a0 \u00a0 \u00a0 \u00a0 \u00a0 \u00a0 \u00a035 litara<br \/>\nMax. temperatura \/ Rezolucija:\u00a0 \u00a0 \u00a0 \u00a0 \u00a0 \u00a0 \u00a0 \u00a0 \u00a0 + 100 \/ 0,1 \u00b0 C<br \/>\nHomogenost temperature na 37 \u00b0C:\u00a0 \u00a0 \u00a0 \u00a0 \u00a0 \u00a0 \u00a0 \u00a0 \u00a0\u00b1 1,0 \u00b0 C<br \/>\nVarijacija temperature na 37 \u00b0 C:\u00a0 \u00a0 \u00a0 \u00a0 \u00a0 \u00a0 \u00a0 \u00a0 \u00a0 \u00a0 \u00a0 \u00b1 0,5 \u00b0 C<br \/>\nTajmer (min):\u00a0 \u00a0 \u00a0 \u00a0 \u00a0 \u00a0 \u00a0 \u00a0 \u00a0 \u00a0 \u00a0 \u00a0 \u00a0 \u00a0 \u00a0 \u00a0 \u00a0 \u00a0 \u00a0 \u00a0 \u00a099: 59 \/ neprekidni rad<br \/>\nBrzina muc\u0301kanja (o\/min):\u00a0 \u00a0 \u00a0 \u00a0 \u00a0 \u00a0 \u00a0 \u00a0 \u00a0 \u00a0 \u00a0 \u00a0 \u00a0 \u00a0 \u00a0 od 0 do 150<br \/>\nAmplituda kretanja platforme:\u00a0 \u00a0 \u00a0 \u00a0 \u00a0 \u00a0 \u00a0 \u00a0 \u00a0 \u00a0 \u00a0 \u00a0 \u00a0 30 mm<br \/>\nZa\u0161tita od pregrevanja:\u00a0 \u00a0 \u00a0 \u00a0 \u00a0 \u00a0 \u00a0 \u00a0 \u00a0 \u00a0 \u00a0 \u00a0 \u00a0 \u00a0 \u00a0 \u00a0 \u00a0 \u00a0 \u00a0 \u00a0 \u00a0 \u00a0Da<br \/>\nDimenzije opru\u017ene korpe (\u0160*V*D):\u00a0 \u00a0 \u00a0 \u00a0 320* 115*200 mm<br \/>\nMinimalna visina sa zatvorenim poklopcem: 150mm<br \/>\nNapon\/snaga:\u00a0 \u00a0 \u00a0 \u00a0 \u00a0 \u00a0 \u00a0 \u00a0 \u00a0 \u00a0 \u00a0 \u00a0 \u00a0 \u00a0 \u00a0 \u00a0 \u00a0 \u00a0 \u00a0 \u00a0 \u00a0 \u00a0 \u00a0 \u00a0 \u00a0 230V \/ 1250V<br \/>\nSpoljne dimenzije (\u0161*v*d) mm:\u00a0 \u00a0 \u00a0 \u00a0 \u00a0 \u00a0 \u00a0 \u00a0 \u00a0 \u00a0645*350*355<br \/>\nTe\u017eina (kg):\u00a0 \u00a0 \u00a0 \u00a0 \u00a0 \u00a0 \u00a0 \u00a0 \u00a0 \u00a0 \u00a0 \u00a0 \u00a0 \u00a0 \u00a0 \u00a0 \u00a0 \u00a0 \u00a0 \u00a0 \u00a0 \u00a0 \u00a0 \u00a0 \u00a0 \u00a0 \u00a0 \u00a0 \u00a0 \u00a0 \u00a0 \u00a028<br \/>\nKlasa bezbednosti:\u00a0 \u00a0 \u00a0 \u00a0 \u00a0 \u00a0 \u00a0 \u00a0 \u00a0 \u00a0 \u00a0 \u00a0 \u00a0 \u00a0 \u00a0 \u00a0 \u00a0 \u00a0 \u00a0 \u00a0 \u00a0 \u00a0 \u00a0 \u00a0 \u00a0 \u00a0 2<\/p>\n<p>&nbsp;<\/p>\n<p>&nbsp;<\/p>\n<p>&nbsp;<\/p>\n<p>&nbsp;<\/p>\n<h5><\/h5>\n<p>&nbsp;<\/p>","protected":false},"excerpt":{"rendered":"<p>Vodeno kupatilo sa linearnom funkcijom muc\u0301kanja &#8211; Zahvaljujuc\u0301i fleksibilnosti univerzalnog opru\u017enog nosa\u010da, moguc\u0301e je ubaciti razli\u010dite tikvice, \u010da\u0161e, balone ili druge boce razli\u010ditih kapaciteta i oblika &#8211; Elektronska regulacija temperature sa PID kontrolom i pode\u0161avanje brzine muc\u0301kanja dugmetom &#8211; Kupatilo, poklopac, opru\u017ena korpa i nosec\u0301a povr\u0161ina za uzorke su u potpunosti izra\u0111eni od ner\u0111ajuc\u0301eg \u010delika [&hellip;]<\/p>\n","protected":false},"featured_media":3017,"template":"","meta":{"site-sidebar-layout":"default","site-content-layout":"","ast-site-content-layout":"default","site-content-style":"default","site-sidebar-style":"default","ast-global-header-display":"","ast-banner-title-visibility":"","ast-main-header-display":"","ast-hfb-above-header-display":"","ast-hfb-below-header-display":"","ast-hfb-mobile-header-display":"","site-post-title":"","ast-breadcrumbs-content":"","ast-featured-img":"","footer-sml-layout":"","ast-disable-related-posts":"","theme-transparent-header-meta":"default","adv-header-id-meta":"","stick-header-meta":"","header-above-stick-meta":"","header-main-stick-meta":"","header-below-stick-meta":"","astra-migrate-meta-layouts":"set","ast-page-background-enabled":"default","ast-page-background-meta":{"desktop":{"background-color":"var(--ast-global-color-4)","background-image":"","background-repeat":"repeat","background-position":"center center","background-size":"auto","background-attachment":"scroll","background-type":"","background-media":"","overlay-type":"","overlay-color":"","overlay-opacity":"","overlay-gradient":""},"tablet":{"background-color":"","background-image":"","background-repeat":"repeat","background-position":"center center","background-size":"auto","background-attachment":"scroll","background-type":"","background-media":"","overlay-type":"","overlay-color":"","overlay-opacity":"","overlay-gradient":""},"mobile":{"background-color":"","background-image":"","background-repeat":"repeat","background-position":"center center","background-size":"auto","background-attachment":"scroll","background-type":"","background-media":"","overlay-type":"","overlay-color":"","overlay-opacity":"","overlay-gradient":""}},"ast-content-background-meta":{"desktop":{"background-color":"var(--ast-global-color-5)","background-image":"","background-repeat":"repeat","background-position":"center center","background-size":"auto","background-attachment":"scroll","background-type":"","background-media":"","overlay-type":"","overlay-color":"","overlay-opacity":"","overlay-gradient":""},"tablet":{"background-color":"var(--ast-global-color-5)","background-image":"","background-repeat":"repeat","background-position":"center center","background-size":"auto","background-attachment":"scroll","background-type":"","background-media":"","overlay-type":"","overlay-color":"","overlay-opacity":"","overlay-gradient":""},"mobile":{"background-color":"var(--ast-global-color-5)","background-image":"","background-repeat":"repeat","background-position":"center center","background-size":"auto","background-attachment":"scroll","background-type":"","background-media":"","overlay-type":"","overlay-color":"","overlay-opacity":"","overlay-gradient":""}}},"product_brand":[],"product_cat":[295,292,22,211],"product_tag":[],"class_list":{"0":"post-435","1":"product","2":"type-product","3":"status-publish","4":"has-post-thumbnail","6":"product_cat-akcija-cadicap-laboratorijska-oprema","7":"product_cat-phoenix-svi-proizvodi","8":"product_cat-proizvodi-phoenix","9":"product_cat-vodena-kupatila-proizvodi-phoenix","10":"desktop-align-left","11":"tablet-align-left","12":"mobile-align-left","14":"first","15":"instock","16":"shipping-taxable","17":"purchasable","18":"product-type-simple"},"_links":{"self":[{"href":"https:\/\/sr.cadicap.rs\/sr\/wp-json\/wp\/v2\/product\/435","targetHints":{"allow":["GET"]}}],"collection":[{"href":"https:\/\/sr.cadicap.rs\/sr\/wp-json\/wp\/v2\/product"}],"about":[{"href":"https:\/\/sr.cadicap.rs\/sr\/wp-json\/wp\/v2\/types\/product"}],"version-history":[{"count":0,"href":"https:\/\/sr.cadicap.rs\/sr\/wp-json\/wp\/v2\/product\/435\/revisions"}],"wp:featuredmedia":[{"embeddable":true,"href":"https:\/\/sr.cadicap.rs\/sr\/wp-json\/wp\/v2\/media\/3017"}],"wp:attachment":[{"href":"https:\/\/sr.cadicap.rs\/sr\/wp-json\/wp\/v2\/media?parent=435"}],"wp:term":[{"taxonomy":"product_brand","embeddable":true,"href":"https:\/\/sr.cadicap.rs\/sr\/wp-json\/wp\/v2\/product_brand?post=435"},{"taxonomy":"product_cat","embeddable":true,"href":"https:\/\/sr.cadicap.rs\/sr\/wp-json\/wp\/v2\/product_cat?post=435"},{"taxonomy":"product_tag","embeddable":true,"href":"https:\/\/sr.cadicap.rs\/sr\/wp-json\/wp\/v2\/product_tag?post=435"}],"curies":[{"name":"wp","href":"https:\/\/api.w.org\/{rel}","templated":true}]}}