{"id":481,"date":"2023-08-12T19:11:26","date_gmt":"2023-08-12T19:11:26","guid":{"rendered":"http:\/\/https\/\/cadicap.rs\/?post_type=product&#038;p=481"},"modified":"2025-10-03T08:26:23","modified_gmt":"2025-10-03T08:26:23","slug":"rotacioni-isparivac-re-100-d","status":"publish","type":"product","link":"https:\/\/sr.cadicap.rs\/sr\/proizvod\/rotacioni-isparivac-re-100-d\/","title":{"rendered":"Rotacioni ispariva\u010d RE-100 D"},"content":{"rendered":"<p>&#8211; Novi rotacioni ispariva\u010d RE-100D nudi punu funkcionalnost za svakodnevni laboratorijski rad<br \/>\n&#8211; Veliki osvetljeni ekran pru\u017ea sve potrebne informacije u jednom pogledu, a pobolj\u0161ani kondenzator sa 1 500 cm2 rashladne povr\u0161ine garantuje dobru kondenzaciju<br \/>\n&#8211; Jo\u0161 neke funkcije poput motorizovanog lifta, grejnog kupatila od 5 l i kontrolne table poma\u017eu da ovaj instrument postane veoma dobar i koristan asistent u laboratoriji<\/p>\n<p><strong>Karakteristike<\/strong><\/p>\n<p>&#8211; Veliki pregledni LCD ekran, prikazuje temperaturu, brzinu i vreme<br \/>\n&#8211; Raspon brzine od 20 do 280 o\/min<br \/>\n&#8211; Veliko grejno kupatilo od 5 litara sa vodom i uljem sa opsegom temperature grejanja od RT do 180 \u00b0C<br \/>\n&#8211; Grejno kupatilo sa preciznom kontrolom temperature i podesivim termostatom<br \/>\n&#8211; Patentirani kondenzator \uff08povr\u0161ina hla\u0111enja 1 500 cm\u00b2) sa odli\u010dnim efektom hla\u0111enja<br \/>\n&#8211; Motorizovani lift sa brzim dejstvom, automatsko otpu\u0161tanje isparavanjem boca u gornji polo\u017eaj u slu\u010daju nestanka struje<br \/>\n&#8211; Podesivo prepoznavanje kona\u010dnog polo\u017eaja za za\u0161titu rukovaoca i uzorak protiv loma<br \/>\n&#8211; Ispariva\u010d sa ejektorom, pogodan za uklanjanje<br \/>\n&#8211; Dostupan sa funkcijom tajmera za preciznu kontrolu obrade<br \/>\n&#8211; Intervall operacija levo \/ desno<br \/>\n&#8211; PC mo\u017ee kontrolisati i dokumentovati sve parametre putem USB interfejsa<\/p>\n<p><strong>Tehni\u010dki podaci<\/strong><\/p>\n<p>&#8211; Napon (V): 100-240<br \/>\n&#8211; Frekvencija (Hz): 50\/60<br \/>\n&#8211; Snaga (W): 1400<br \/>\n&#8211; Motor: DC bez \u010detkica<br \/>\n&#8211; Brzina (o\/min): 20-280<br \/>\n&#8211; LCD sa prikazom brzine:<br \/>\n&#8211; Temperatura (\u00b0 C): RT-180<br \/>\n&#8211; Ta\u010dnost zagrevanja (\u00b0 C): \u00b1 1<br \/>\n&#8211; Snaga grejanja (W):1300<br \/>\n&#8211; Displej temperature: LCD<br \/>\n&#8211; Lift: Motor<br \/>\n&#8211; Hod (mm): 150<br \/>\n&#8211; Kontrola tajmera: Da<br \/>\n&#8211; Prikaz vremena: LCD<br \/>\n&#8211; Vreme rada (min): 1-999<br \/>\n&#8211; Dimenzije (mm): 600*450*820<br \/>\n&#8211; Te\u017eina (kg): 19<br \/>\n&#8211; Temperatura okoline: (\u00b0 C): 5 &#8211; 40<br \/>\n&#8211; Relativna vla\u017enost: 80%<br \/>\n&#8211; Klasa za\u0161tite: IP20<br \/>\n&#8211; USB-interfejs: Da<\/p>\n<p>Dodaci<\/p>\n<p><strong>&#8211; RE-P 100<\/strong> &#8211; Vakuum membranska pumpa, krajnji vakuum 8 mbar<\/p>\n<p><strong>&#8211; RE-P 110<\/strong> &#8211; Vakuumski dozirni blok sa manometrom<\/p>\n<p>&#8211; <strong>RE-P 200<\/strong> &#8211; Vakuumski sistem pod pritiskom, krajnji vakuum 2 mbar<\/p>\n<p>&#8211;<strong> RE-S 100<\/strong> &#8211; Parna cev<\/p>\n<p><strong>&#8211; RE-S 110<\/strong> &#8211; Zaptivka RE-S 200 vertikalni Glasset<\/p>\n<p><strong>&#8211; RE-S 250<\/strong> &#8211; Vertikalni Glasset<\/p>\n<p><strong>&#8211; RE-S 300<\/strong> &#8211; Posuda za isparavanje 500 ml, NS29 \/ 32<\/p>\n<p><strong>&#8211; RE-S 310<\/strong> &#8211; Posuda za isparavanje 1000 ml, NS29 \/ 32<\/p>\n<p><strong>&#8211; RE-S 320<\/strong> &#8211; Posuda za isparavanje 2000 ml, NS29 \/ 32<\/p>\n<p><strong>&#8211; RE-S 350<\/strong> &#8211; Posuda za isparavanje 500 ml, NS29 \/ 32, oblo\u017eena<\/p>\n<p><strong>&#8211; RE-S 360<\/strong> &#8211; Posuda za isparavanje 1000 ml, NS29 \/ 32, oblo\u017eena<\/p>\n<p><strong>&#8211; RE-S 370<\/strong> &#8211; Posuda za isparavanje 2000 ml, NS29 \/ 32, oblo\u017eena<\/p>\n<p><strong>&#8211; RE-S 400<\/strong> &#8211; Prijemna boca 500 ml, KS35 \/ 20<\/p>\n<p><strong>&#8211; RE-S 410<\/strong> &#8211; Prijemna boca 1000 ml, KS35 \/ 20<\/p>\n<p><strong>&#8211; RE-S 420<\/strong> &#8211; Prijemna boca 2000 ml, KS35 \/ 20<\/p>\n<p><strong>&#8211; RE-S 450<\/strong> &#8211; Prijemna boca 500 ml, KS35 \/ 20, oblo\u017eena<\/p>\n<p><strong>&#8211; RE-S 460<\/strong> &#8211; Prijemna boca 1000 ml, KS35 \/ 20, oblo\u017eena<\/p>\n<p><strong>&#8211; RE-S 470<\/strong> &#8211; Prijemna boca 2000 ml, KS35 \/ 20, oblo\u017eena<\/p>\n<p><strong>&#8211; RE-S 600<\/strong> &#8211; Penasta ko\u010dnica<\/p>\n<p><strong>&#8211; RE-S 650<\/strong> &#8211; Pauk za destilaciju sa 5 boca (100 ml) Dodatne boce, destilacioni pauci i ostali delovi od stakla dostupni su na zahtev<\/p>\n<p>&nbsp;<\/p>\n<p>&nbsp;<\/p>\n<h4><\/h4>\n<h4><\/h4>\n<h4><\/h4>\n<h4><\/h4>\n<p>&nbsp;<\/p>\n<p>&nbsp;<\/p>","protected":false},"excerpt":{"rendered":"<p>&#8211; Novi rotacioni ispariva\u010d RE-100D nudi punu funkcionalnost za svakodnevni laboratorijski rad &#8211; Veliki osvetljeni ekran pru\u017ea sve potrebne informacije u jednom pogledu, a pobolj\u0161ani kondenzator sa 1 500 cm2 rashladne povr\u0161ine garantuje dobru kondenzaciju &#8211; Jo\u0161 neke funkcije poput motorizovanog lifta, grejnog kupatila od 5 l i kontrolne table poma\u017eu da ovaj instrument postane [&hellip;]<\/p>\n","protected":false},"featured_media":2876,"template":"","meta":{"site-sidebar-layout":"default","site-content-layout":"","ast-site-content-layout":"default","site-content-style":"default","site-sidebar-style":"default","ast-global-header-display":"","ast-banner-title-visibility":"","ast-main-header-display":"","ast-hfb-above-header-display":"","ast-hfb-below-header-display":"","ast-hfb-mobile-header-display":"","site-post-title":"","ast-breadcrumbs-content":"","ast-featured-img":"","footer-sml-layout":"","ast-disable-related-posts":"","theme-transparent-header-meta":"default","adv-header-id-meta":"","stick-header-meta":"","header-above-stick-meta":"","header-main-stick-meta":"","header-below-stick-meta":"","astra-migrate-meta-layouts":"set","ast-page-background-enabled":"default","ast-page-background-meta":{"desktop":{"background-color":"var(--ast-global-color-4)","background-image":"","background-repeat":"repeat","background-position":"center center","background-size":"auto","background-attachment":"scroll","background-type":"","background-media":"","overlay-type":"","overlay-color":"","overlay-opacity":"","overlay-gradient":""},"tablet":{"background-color":"","background-image":"","background-repeat":"repeat","background-position":"center center","background-size":"auto","background-attachment":"scroll","background-type":"","background-media":"","overlay-type":"","overlay-color":"","overlay-opacity":"","overlay-gradient":""},"mobile":{"background-color":"","background-image":"","background-repeat":"repeat","background-position":"center center","background-size":"auto","background-attachment":"scroll","background-type":"","background-media":"","overlay-type":"","overlay-color":"","overlay-opacity":"","overlay-gradient":""}},"ast-content-background-meta":{"desktop":{"background-color":"var(--ast-global-color-5)","background-image":"","background-repeat":"repeat","background-position":"center center","background-size":"auto","background-attachment":"scroll","background-type":"","background-media":"","overlay-type":"","overlay-color":"","overlay-opacity":"","overlay-gradient":""},"tablet":{"background-color":"var(--ast-global-color-5)","background-image":"","background-repeat":"repeat","background-position":"center center","background-size":"auto","background-attachment":"scroll","background-type":"","background-media":"","overlay-type":"","overlay-color":"","overlay-opacity":"","overlay-gradient":""},"mobile":{"background-color":"var(--ast-global-color-5)","background-image":"","background-repeat":"repeat","background-position":"center center","background-size":"auto","background-attachment":"scroll","background-type":"","background-media":"","overlay-type":"","overlay-color":"","overlay-opacity":"","overlay-gradient":""}}},"product_brand":[],"product_cat":[294,292,22,217],"product_tag":[],"class_list":{"0":"post-481","1":"product","2":"type-product","3":"status-publish","4":"has-post-thumbnail","6":"product_cat-akcija-phoenix","7":"product_cat-phoenix-svi-proizvodi","8":"product_cat-proizvodi-phoenix","9":"product_cat-rotacioni-isparivaci","10":"desktop-align-left","11":"tablet-align-left","12":"mobile-align-left","14":"first","15":"instock","16":"shipping-taxable","17":"purchasable","18":"product-type-simple"},"_links":{"self":[{"href":"https:\/\/sr.cadicap.rs\/sr\/wp-json\/wp\/v2\/product\/481","targetHints":{"allow":["GET"]}}],"collection":[{"href":"https:\/\/sr.cadicap.rs\/sr\/wp-json\/wp\/v2\/product"}],"about":[{"href":"https:\/\/sr.cadicap.rs\/sr\/wp-json\/wp\/v2\/types\/product"}],"version-history":[{"count":0,"href":"https:\/\/sr.cadicap.rs\/sr\/wp-json\/wp\/v2\/product\/481\/revisions"}],"wp:featuredmedia":[{"embeddable":true,"href":"https:\/\/sr.cadicap.rs\/sr\/wp-json\/wp\/v2\/media\/2876"}],"wp:attachment":[{"href":"https:\/\/sr.cadicap.rs\/sr\/wp-json\/wp\/v2\/media?parent=481"}],"wp:term":[{"taxonomy":"product_brand","embeddable":true,"href":"https:\/\/sr.cadicap.rs\/sr\/wp-json\/wp\/v2\/product_brand?post=481"},{"taxonomy":"product_cat","embeddable":true,"href":"https:\/\/sr.cadicap.rs\/sr\/wp-json\/wp\/v2\/product_cat?post=481"},{"taxonomy":"product_tag","embeddable":true,"href":"https:\/\/sr.cadicap.rs\/sr\/wp-json\/wp\/v2\/product_tag?post=481"}],"curies":[{"name":"wp","href":"https:\/\/api.w.org\/{rel}","templated":true}]}}