{"id":497,"date":"2023-08-12T19:11:49","date_gmt":"2023-08-12T19:11:49","guid":{"rendered":"http:\/\/https\/\/cadicap.rs\/?post_type=product&#038;p=497"},"modified":"2025-04-23T10:45:57","modified_gmt":"2025-04-23T10:45:57","slug":"klinicka-centrifuga-cd-0412-50","status":"publish","type":"product","link":"https:\/\/sr.cadicap.rs\/sr\/proizvod\/klinicka-centrifuga-cd-0412-50\/","title":{"rendered":"Klini\u010dka centrifuga CD 0412-50"},"content":{"rendered":"<p><strong>Klini\u010dka centrifuga CD-0412<\/strong><\/p>\n<p>&#8211; Klini\u010dka centrifuga idealna je za odvajanje uzoraka seruma, plazme, uree, krvi i drugih rutinskih primena u bolni\u010dkim i istra\u017eiva\u010dkim laboratorijama sa opsegom brzine od 300-4500 o\/min<br \/>\n&#8211; Jednostavno rukovanje i kontrola zagarantovani su sa osvetljenim LCD ekranom i preglednom radnom plo\u010dom.<br \/>\n&#8211; Iz sigurnosnih razloga centrifuge su opremljene dvostrukim zaklju\u010davanjem vrata, samokontrolom brzine i temperature.<br \/>\n&#8211; Rotor je biolo\u0161ki ispitan i siguran, a centrifuge su proizvedene u skladu sa svim me\u0111unarodnim standardima i propisima, plus posebni zahtevi za in vitro dijagnosti\u010dku (IVD)\u00a0 medicinsku opremu.<\/p>\n<p><strong>Karakteristike<\/strong><\/p>\n<p>&#8211; Samodijagnostika, kontrola brzine i temperature<br \/>\n&#8211; Veliki LCD ekran prilago\u0111en korisniku prikazuje potrebne informacije<br \/>\n&#8211; Mogu se podesiti i prikazati RPM ili G-sila<br \/>\n&#8211; Parametri se mogu menjati nakon dostizanja zadate brzine<br \/>\n&#8211; Koristi se funkcija kratkog okretanja,za brza okretanja pritiskom i dr\u017eec\u0301i taster PULS<br \/>\n&#8211; Garancija 2 godine<\/p>\n<p><strong>Tehni\u010dke informacije CD-0412<\/strong><\/p>\n<p>&#8211; Brzina: 300-4500 obr\/min u 100 obr\/min koracima<br \/>\n&#8211; Max. RCF: 2490 g<br \/>\n&#8211; Vreme: 0,5-99 min. kontinuirano<br \/>\n&#8211; Dimenzije: 26*25*14 cm<br \/>\n&#8211; Te\u017eina: 6 kg<br \/>\n&#8211; Maksimalni kapacitet: 6*15 ml, 12*10 ml, 7,5 ml<br \/>\n&#8211; Nivo buke: &lt; 56 db<\/p>","protected":false},"excerpt":{"rendered":"<p>Klini\u010dka centrifuga CD-0412 &#8211; Klini\u010dka centrifuga idealna je za odvajanje uzoraka seruma, plazme, uree, krvi i drugih rutinskih primena u bolni\u010dkim i istra\u017eiva\u010dkim laboratorijama sa opsegom brzine od 300-4500 o\/min &#8211; Jednostavno rukovanje i kontrola zagarantovani su sa osvetljenim LCD ekranom i preglednom radnom plo\u010dom. &#8211; Iz sigurnosnih razloga centrifuge su opremljene dvostrukim zaklju\u010davanjem vrata, [&hellip;]<\/p>\n","protected":false},"featured_media":2152,"template":"","meta":{"site-sidebar-layout":"default","site-content-layout":"","ast-site-content-layout":"default","site-content-style":"default","site-sidebar-style":"default","ast-global-header-display":"","ast-banner-title-visibility":"","ast-main-header-display":"","ast-hfb-above-header-display":"","ast-hfb-below-header-display":"","ast-hfb-mobile-header-display":"","site-post-title":"","ast-breadcrumbs-content":"","ast-featured-img":"","footer-sml-layout":"","ast-disable-related-posts":"","theme-transparent-header-meta":"default","adv-header-id-meta":"","stick-header-meta":"","header-above-stick-meta":"","header-main-stick-meta":"","header-below-stick-meta":"","astra-migrate-meta-layouts":"set","ast-page-background-enabled":"default","ast-page-background-meta":{"desktop":{"background-color":"var(--ast-global-color-4)","background-image":"","background-repeat":"repeat","background-position":"center center","background-size":"auto","background-attachment":"scroll","background-type":"","background-media":"","overlay-type":"","overlay-color":"","overlay-opacity":"","overlay-gradient":""},"tablet":{"background-color":"","background-image":"","background-repeat":"repeat","background-position":"center center","background-size":"auto","background-attachment":"scroll","background-type":"","background-media":"","overlay-type":"","overlay-color":"","overlay-opacity":"","overlay-gradient":""},"mobile":{"background-color":"","background-image":"","background-repeat":"repeat","background-position":"center center","background-size":"auto","background-attachment":"scroll","background-type":"","background-media":"","overlay-type":"","overlay-color":"","overlay-opacity":"","overlay-gradient":""}},"ast-content-background-meta":{"desktop":{"background-color":"var(--ast-global-color-5)","background-image":"","background-repeat":"repeat","background-position":"center center","background-size":"auto","background-attachment":"scroll","background-type":"","background-media":"","overlay-type":"","overlay-color":"","overlay-opacity":"","overlay-gradient":""},"tablet":{"background-color":"var(--ast-global-color-5)","background-image":"","background-repeat":"repeat","background-position":"center center","background-size":"auto","background-attachment":"scroll","background-type":"","background-media":"","overlay-type":"","overlay-color":"","overlay-opacity":"","overlay-gradient":""},"mobile":{"background-color":"var(--ast-global-color-5)","background-image":"","background-repeat":"repeat","background-position":"center center","background-size":"auto","background-attachment":"scroll","background-type":"","background-media":"","overlay-type":"","overlay-color":"","overlay-opacity":"","overlay-gradient":""}}},"product_brand":[],"product_cat":[295,31,292,22],"product_tag":[],"class_list":{"0":"post-497","1":"product","2":"type-product","3":"status-publish","4":"has-post-thumbnail","6":"product_cat-akcija-cadicap-laboratorijska-oprema","7":"product_cat-centrifuge","8":"product_cat-phoenix-svi-proizvodi","9":"product_cat-proizvodi-phoenix","10":"desktop-align-left","11":"tablet-align-left","12":"mobile-align-left","14":"first","15":"instock","16":"shipping-taxable","17":"purchasable","18":"product-type-simple"},"_links":{"self":[{"href":"https:\/\/sr.cadicap.rs\/sr\/wp-json\/wp\/v2\/product\/497","targetHints":{"allow":["GET"]}}],"collection":[{"href":"https:\/\/sr.cadicap.rs\/sr\/wp-json\/wp\/v2\/product"}],"about":[{"href":"https:\/\/sr.cadicap.rs\/sr\/wp-json\/wp\/v2\/types\/product"}],"version-history":[{"count":0,"href":"https:\/\/sr.cadicap.rs\/sr\/wp-json\/wp\/v2\/product\/497\/revisions"}],"wp:featuredmedia":[{"embeddable":true,"href":"https:\/\/sr.cadicap.rs\/sr\/wp-json\/wp\/v2\/media\/2152"}],"wp:attachment":[{"href":"https:\/\/sr.cadicap.rs\/sr\/wp-json\/wp\/v2\/media?parent=497"}],"wp:term":[{"taxonomy":"product_brand","embeddable":true,"href":"https:\/\/sr.cadicap.rs\/sr\/wp-json\/wp\/v2\/product_brand?post=497"},{"taxonomy":"product_cat","embeddable":true,"href":"https:\/\/sr.cadicap.rs\/sr\/wp-json\/wp\/v2\/product_cat?post=497"},{"taxonomy":"product_tag","embeddable":true,"href":"https:\/\/sr.cadicap.rs\/sr\/wp-json\/wp\/v2\/product_tag?post=497"}],"curies":[{"name":"wp","href":"https:\/\/api.w.org\/{rel}","templated":true}]}}