{"id":505,"date":"2023-08-12T19:11:50","date_gmt":"2023-08-12T19:11:50","guid":{"rendered":"http:\/\/https\/\/cadicap.rs\/?post_type=product&#038;p=505"},"modified":"2024-05-21T09:55:28","modified_gmt":"2024-05-21T09:55:28","slug":"laboratorijska-vaga-ca-serija","status":"publish","type":"product","link":"https:\/\/sr.cadicap.rs\/sr\/proizvod\/laboratorijska-vaga-ca-serija\/","title":{"rendered":"Laboratorijske vage CA-Serija"},"content":{"rendered":"<p>&#8211; Razvijene, dizajnirane i proizvedene da budu pouzdani i brzi instrument u razli\u010ditim radnim uslovima<\/p>\n<p><strong>CA-Serija<\/strong><\/p>\n<p>&#8211; Kalibracija pritiskom na taster CAL sa spoljnom kalibracionom te\u017einom<br \/>\n&#8211; Elegantne i \u010dvrste, ABS kuc\u0301i\u0161te<br \/>\n&#8211; Posuda od ner\u0111ajuc\u0301eg \u010delika<br \/>\n&#8211; Vrlo efikasna za\u0161tita od preopterec\u0301enja<br \/>\n&#8211; Razni aplikacioni programi<br \/>\n&#8211; Dvosmerni RS232 interfejs<br \/>\n&#8211; 2 godine garancije<br \/>\n&#8211; Mogu raditi i sa baterijama<\/p>\n<p><strong>Tehni\u010dke informacije<\/strong><\/p>\n<p>Model\u00a0 \u00a0 \u00a0 \u00a0 \u00a0 \u00a0 \u00a0 \u00a0 \u00a0 \u00a0 \u00a0 CA-103\u00a0 \u00a0 \u00a0 \u00a0 \u00a0 CA-802\u00a0 \u00a0 \u00a0 \u00a0 \u00a0 \u00a0 CA-402<\/p>\n<p>Ta\u010dnost\u00a0 \u00a0 \u00a0 \u00a0 \u00a0 \u00a0 \u00a0 \u00a0 \u00a0 \u00a00,001 g\u00a0 \u00a0 \u00a0 \u00a0 \u00a0 \u00a0 0,01 g\u00a0 \u00a0 \u00a0 \u00a0 \u00a0 \u00a0 \u00a0 0,01 g<\/p>\n<p>Kapacitet\u00a0 \u00a0 \u00a0 \u00a0 \u00a0 \u00a0 \u00a0 \u00a0 \u00a0 \u00a0100 g\u00a0 \u00a0 \u00a0 \u00a0 \u00a0 \u00a0 800 g\u00a0 \u00a0 \u00a0 \u00a0 \u00a0 \u00a0 \u00a0 \u00a0400 g<\/p>\n<p>Veli\u010dina panela\u00a0 \u00a0 \u00a0 110 mm\u00a0 \u00a0 \u00a0 \u00a0 \u00a0 110 mm\u00a0 \u00a0 \u00a0 \u00a0 \u00a0 160 mm<\/p>\n<p>Kalibracija\u00a0 \u00a0 \u00a0 \u00a0 \u00a0 \u00a0 \u00a0 \u00a0 Externa\u00a0 \u00a0 \u00a0 \u00a0 \u00a0 Externa\u00a0 \u00a0 \u00a0 \u00a0 \u00a0 \u00a0Externa<\/p>\n<p>Vreme merenja\u00a0 \u00a0 \u00a0 \u00a0 \u00a0 \u00a0 3 s\u00a0 \u00a0 \u00a0 \u00a0 \u00a0 \u00a0 \u00a0 \u00a0 \u00a0 3 s\u00a0 \u00a0 \u00a0 \u00a0 \u00a0 \u00a0 \u00a0 \u00a0 \u00a0 \u00a0 \u00a03 s<\/p>\n<p>EU verifikacija\u00a0 \u00a0 \u00a0 \u00a0 \u00a0 \u00a0 \u00a0Ne\u00a0 \u00a0 \u00a0 \u00a0 \u00a0 \u00a0 \u00a0 \u00a0 \u00a0 Ne\u00a0 \u00a0 \u00a0 \u00a0 \u00a0 \u00a0 \u00a0 \u00a0 \u00a0 \u00a0 \u00a0Ne<\/p>\n<p>&nbsp;<\/p>\n<p>Model\u00a0 \u00a0 \u00a0 \u00a0 \u00a0 \u00a0 \u00a0 \u00a0 \u00a0 \u00a0 CA-202\u00a0 \u00a0 \u00a0 \u00a0 \u00a0 \u00a0CA-4001\u00a0\u00a0 \u00a0 \u00a0 \u00a0CA-2001\u00a0 \u00a0 \u00a0 \u00a0 \u00a0 \u00a0 CA-6000<\/p>\n<p>Ta\u010dnost\u00a0 \u00a0 \u00a0 \u00a0 \u00a0 \u00a0 \u00a0 \u00a0 \u00a0 \u00a00,01 g\u00a0 \u00a0 \u00a0 \u00a0 \u00a0 \u00a0 \u00a0 \u00a0 0,1 g\u00a0 \u00a0 \u00a0 \u00a0 \u00a0 \u00a0 \u00a0 0,1 g\u00a0 \u00a0 \u00a0 \u00a0 \u00a0 \u00a0 \u00a0 \u00a0 \u00a0 \u00a01 g<\/p>\n<p>Kapacitet\u00a0 \u00a0 \u00a0 \u00a0 \u00a0 \u00a0 \u00a0 \u00a0 \u00a0200 g\u00a0 \u00a0 \u00a0 \u00a0 \u00a0 \u00a0 \u00a0 4000 g\u00a0 \u00a0 \u00a0 \u00a0 \u00a0 \u00a02000 g\u00a0 \u00a0 \u00a0 \u00a0 \u00a0 \u00a0 \u00a06000 g<\/p>\n<p>Veli\u010dina panela\u00a0 \u00a0 \u00a0110 mm\u00a0 \u00a0 \u00a0 \u00a0 \u00a0 \u00a0160 mm\u00a0 \u00a0 \u00a0 \u00a0 \u00a0 160 mm\u00a0 \u00a0 \u00a0 \u00a0 \u00a0 \u00a0 160 mm<\/p>\n<p>Kalibracija\u00a0 \u00a0 \u00a0 \u00a0 \u00a0 \u00a0 \u00a0 Externa\u00a0 \u00a0 \u00a0 \u00a0 \u00a0 \u00a0Externa\u00a0 \u00a0 \u00a0 \u00a0 \u00a0 \u00a0 Externa\u00a0 \u00a0 \u00a0 \u00a0 \u00a0 \u00a0 Externa<\/p>\n<p>Vreme merenja\u00a0 \u00a0 \u00a0 \u00a0 \u00a03 s\u00a0 \u00a0 \u00a0 \u00a0 \u00a0 \u00a0 \u00a0 \u00a0 \u00a0 \u00a0 \u00a03 s\u00a0 \u00a0 \u00a0 \u00a0 \u00a0 \u00a0 \u00a0 \u00a0 \u00a0 \u00a03 s\u00a0 \u00a0 \u00a0 \u00a0 \u00a0 \u00a0 \u00a0 \u00a0 \u00a0 \u00a03 s<\/p>\n<p>EU verifikacija\u00a0 \u00a0 \u00a0 \u00a0 \u00a0 \u00a0Ne\u00a0 \u00a0 \u00a0 \u00a0 \u00a0 \u00a0 \u00a0 \u00a0 \u00a0 \u00a0 \u00a0 \u00a0Ne\u00a0 \u00a0 \u00a0 \u00a0 \u00a0 \u00a0 \u00a0 \u00a0 \u00a0 \u00a0Ne\u00a0 \u00a0 \u00a0 \u00a0 \u00a0 \u00a0 \u00a0 \u00a0 \u00a0 \u00a0 \u00a0 Ne<\/p>\n<p>&nbsp;<\/p>\n<p>&nbsp;<\/p>\n<h4><\/h4>\n<h4><\/h4>","protected":false},"excerpt":{"rendered":"<p>&#8211; Razvijene, dizajnirane i proizvedene da budu pouzdani i brzi instrument u razli\u010ditim radnim uslovima CA-Serija &#8211; Kalibracija pritiskom na taster CAL sa spoljnom kalibracionom te\u017einom &#8211; Elegantne i \u010dvrste, ABS kuc\u0301i\u0161te &#8211; Posuda od ner\u0111ajuc\u0301eg \u010delika &#8211; Vrlo efikasna za\u0161tita od preopterec\u0301enja &#8211; Razni aplikacioni programi &#8211; Dvosmerni RS232 interfejs &#8211; 2 godine garancije [&hellip;]<\/p>\n","protected":false},"featured_media":581,"template":"","meta":{"site-sidebar-layout":"default","site-content-layout":"","ast-site-content-layout":"default","site-content-style":"default","site-sidebar-style":"default","ast-global-header-display":"","ast-banner-title-visibility":"","ast-main-header-display":"","ast-hfb-above-header-display":"","ast-hfb-below-header-display":"","ast-hfb-mobile-header-display":"","site-post-title":"","ast-breadcrumbs-content":"","ast-featured-img":"","footer-sml-layout":"","ast-disable-related-posts":"","theme-transparent-header-meta":"default","adv-header-id-meta":"","stick-header-meta":"","header-above-stick-meta":"","header-main-stick-meta":"","header-below-stick-meta":"","astra-migrate-meta-layouts":"set","ast-page-background-enabled":"default","ast-page-background-meta":{"desktop":{"background-color":"var(--ast-global-color-4)","background-image":"","background-repeat":"repeat","background-position":"center center","background-size":"auto","background-attachment":"scroll","background-type":"","background-media":"","overlay-type":"","overlay-color":"","overlay-opacity":"","overlay-gradient":""},"tablet":{"background-color":"","background-image":"","background-repeat":"repeat","background-position":"center center","background-size":"auto","background-attachment":"scroll","background-type":"","background-media":"","overlay-type":"","overlay-color":"","overlay-opacity":"","overlay-gradient":""},"mobile":{"background-color":"","background-image":"","background-repeat":"repeat","background-position":"center center","background-size":"auto","background-attachment":"scroll","background-type":"","background-media":"","overlay-type":"","overlay-color":"","overlay-opacity":"","overlay-gradient":""}},"ast-content-background-meta":{"desktop":{"background-color":"var(--ast-global-color-5)","background-image":"","background-repeat":"repeat","background-position":"center center","background-size":"auto","background-attachment":"scroll","background-type":"","background-media":"","overlay-type":"","overlay-color":"","overlay-opacity":"","overlay-gradient":""},"tablet":{"background-color":"var(--ast-global-color-5)","background-image":"","background-repeat":"repeat","background-position":"center center","background-size":"auto","background-attachment":"scroll","background-type":"","background-media":"","overlay-type":"","overlay-color":"","overlay-opacity":"","overlay-gradient":""},"mobile":{"background-color":"var(--ast-global-color-5)","background-image":"","background-repeat":"repeat","background-position":"center center","background-size":"auto","background-attachment":"scroll","background-type":"","background-media":"","overlay-type":"","overlay-color":"","overlay-opacity":"","overlay-gradient":""}}},"product_brand":[],"product_cat":[221,292,22],"product_tag":[],"class_list":{"0":"post-505","1":"product","2":"type-product","3":"status-publish","4":"has-post-thumbnail","6":"product_cat-laboratorijske-vage","7":"product_cat-phoenix-svi-proizvodi","8":"product_cat-proizvodi-phoenix","9":"desktop-align-left","10":"tablet-align-left","11":"mobile-align-left","13":"first","14":"instock","15":"sale","16":"shipping-taxable","17":"purchasable","18":"product-type-simple"},"_links":{"self":[{"href":"https:\/\/sr.cadicap.rs\/sr\/wp-json\/wp\/v2\/product\/505","targetHints":{"allow":["GET"]}}],"collection":[{"href":"https:\/\/sr.cadicap.rs\/sr\/wp-json\/wp\/v2\/product"}],"about":[{"href":"https:\/\/sr.cadicap.rs\/sr\/wp-json\/wp\/v2\/types\/product"}],"version-history":[{"count":0,"href":"https:\/\/sr.cadicap.rs\/sr\/wp-json\/wp\/v2\/product\/505\/revisions"}],"wp:featuredmedia":[{"embeddable":true,"href":"https:\/\/sr.cadicap.rs\/sr\/wp-json\/wp\/v2\/media\/581"}],"wp:attachment":[{"href":"https:\/\/sr.cadicap.rs\/sr\/wp-json\/wp\/v2\/media?parent=505"}],"wp:term":[{"taxonomy":"product_brand","embeddable":true,"href":"https:\/\/sr.cadicap.rs\/sr\/wp-json\/wp\/v2\/product_brand?post=505"},{"taxonomy":"product_cat","embeddable":true,"href":"https:\/\/sr.cadicap.rs\/sr\/wp-json\/wp\/v2\/product_cat?post=505"},{"taxonomy":"product_tag","embeddable":true,"href":"https:\/\/sr.cadicap.rs\/sr\/wp-json\/wp\/v2\/product_tag?post=505"}],"curies":[{"name":"wp","href":"https:\/\/api.w.org\/{rel}","templated":true}]}}