{"id":529,"date":"2023-08-12T19:12:14","date_gmt":"2023-08-12T19:12:14","guid":{"rendered":"http:\/\/https\/\/cadicap.rs\/?post_type=product&#038;p=529"},"modified":"2025-04-23T10:46:42","modified_gmt":"2025-04-23T10:46:42","slug":"analiticke-vage-btc-serija","status":"publish","type":"product","link":"https:\/\/sr.cadicap.rs\/sr\/proizvod\/analiticke-vage-btc-serija\/","title":{"rendered":"Analiti\u010dke vage &#8211; BTC Serija"},"content":{"rendered":"<p>&#8211; Potpuno nova BTC serija postavlja nove standarde sa revolucionarnim sistemom za merenje UniBloC i vrhunskim dizajnom<\/p>\n<p><strong>Karakteristike<\/strong><\/p>\n<p>&#8211; Ugra\u0111ena kalibraciona te\u017eina<br \/>\n&#8211; Odvojena indikacija stabilnosti<br \/>\n&#8211; Ogromna komora za merenje sa staklom, standardna za\u0161tita<br \/>\n&#8211; Brzo i lako rukovanje pomoc\u0301u novog operativnog tastera sa menijem<br \/>\n&#8211; Direktan prenos podataka u Windows, Windows aplikacija sa Direct funkcijom<\/p>\n<p>&#8211; RS 232 interfejs<br \/>\n&#8211; Razni aplikacioni programi,pro\u0161irena funkcija brojanja<br \/>\n-Novi,pregledniji ekran sa pozadinskim osvetljenjem<br \/>\n&#8211; 5 godina garancije<br \/>\n&#8211; EU verifikovan na zahtev<br \/>\n&#8211; Standardni za\u0161titni poklopac<br \/>\n&#8211; Mo\u017ee raditi i sa baterijama<\/p>\n<p><strong>Model\u00a0 \u00a0 \u00a0 \u00a0 \u00a0 \u00a0 \u00a0 \u00a0 \u00a0BTC-223<\/strong><\/p>\n<p>Ta\u010dnost\u00a0 \u00a0 \u00a0 \u00a0 \u00a0 \u00a0 \u00a0 \u00a00,001 g<br \/>\nKapacitet\u00a0 \u00a0 \u00a0 \u00a0 \u00a0 \u00a0 \u00a0 220 g<br \/>\nVeli\u010dina panela\u00a0 110 mm<br \/>\nKalibracija\u00a0 \u00a0 \u00a0 \u00a0 \u00a0 Interna<br \/>\nVreme merenja\u00a0 \u00a0 \u00a0 2 s<br \/>\nEU verifikacija\u00a0 \u00a0 \u00a0 \u00a0Ne<\/p>\n<h6><\/h6>\n<p><strong>Model\u00a0 \u00a0 \u00a0 \u00a0 \u00a0 \u00a0 \u00a0 \u00a0 \u00a0BTC-323<\/strong><\/p>\n<p>Ta\u010dnost\u00a0 \u00a0 \u00a0 \u00a0 \u00a0 \u00a0 \u00a0 \u00a00,001 g<br \/>\nKapacitet\u00a0 \u00a0 \u00a0 \u00a0 \u00a0 \u00a0 \u00a0 320 g<br \/>\nVeli\u010dina panela\u00a0 110 mm<br \/>\nKalibracija\u00a0 \u00a0 \u00a0 \u00a0 \u00a0 Interna<br \/>\nVreme merenja\u00a0 \u00a0 \u00a0 2 s<br \/>\nEU verifikacija\u00a0 \u00a0 \u00a0 \u00a0Ne<\/p>\n<h6><\/h6>\n<p><strong>Model\u00a0 \u00a0 \u00a0 \u00a0 \u00a0 \u00a0 \u00a0 \u00a0BTC-423<\/strong><\/p>\n<p>Ta\u010dnost\u00a0 \u00a0 \u00a0 \u00a0 \u00a0 \u00a0 \u00a0 0,001 g<br \/>\nKapacitet\u00a0 \u00a0 \u00a0 \u00a0 \u00a0 \u00a0 \u00a0420 g<br \/>\nVeli\u010dina panela\u00a0 110 mm<br \/>\nKalibracija\u00a0 \u00a0 \u00a0 \u00a0 \u00a0Interna<br \/>\nVreme merenja\u00a0 \u00a0 \u00a02 s<br \/>\nEU verifikacija\u00a0 \u00a0 \u00a0 Ne<\/p>\n<p>&nbsp;<\/p>\n<h6><\/h6>\n<h6><\/h6>\n<h6><\/h6>","protected":false},"excerpt":{"rendered":"<p>&#8211; Potpuno nova BTC serija postavlja nove standarde sa revolucionarnim sistemom za merenje UniBloC i vrhunskim dizajnom Karakteristike &#8211; Ugra\u0111ena kalibraciona te\u017eina &#8211; Odvojena indikacija stabilnosti &#8211; Ogromna komora za merenje sa staklom, standardna za\u0161tita &#8211; Brzo i lako rukovanje pomoc\u0301u novog operativnog tastera sa menijem &#8211; Direktan prenos podataka u Windows, Windows aplikacija sa [&hellip;]<\/p>\n","protected":false},"featured_media":2828,"template":"","meta":{"site-sidebar-layout":"default","site-content-layout":"","ast-site-content-layout":"default","site-content-style":"default","site-sidebar-style":"default","ast-global-header-display":"","ast-banner-title-visibility":"","ast-main-header-display":"","ast-hfb-above-header-display":"","ast-hfb-below-header-display":"","ast-hfb-mobile-header-display":"","site-post-title":"","ast-breadcrumbs-content":"","ast-featured-img":"","footer-sml-layout":"","ast-disable-related-posts":"","theme-transparent-header-meta":"default","adv-header-id-meta":"","stick-header-meta":"","header-above-stick-meta":"","header-main-stick-meta":"","header-below-stick-meta":"","astra-migrate-meta-layouts":"set","ast-page-background-enabled":"default","ast-page-background-meta":{"desktop":{"background-color":"var(--ast-global-color-4)","background-image":"","background-repeat":"repeat","background-position":"center center","background-size":"auto","background-attachment":"scroll","background-type":"","background-media":"","overlay-type":"","overlay-color":"","overlay-opacity":"","overlay-gradient":""},"tablet":{"background-color":"","background-image":"","background-repeat":"repeat","background-position":"center center","background-size":"auto","background-attachment":"scroll","background-type":"","background-media":"","overlay-type":"","overlay-color":"","overlay-opacity":"","overlay-gradient":""},"mobile":{"background-color":"","background-image":"","background-repeat":"repeat","background-position":"center center","background-size":"auto","background-attachment":"scroll","background-type":"","background-media":"","overlay-type":"","overlay-color":"","overlay-opacity":"","overlay-gradient":""}},"ast-content-background-meta":{"desktop":{"background-color":"var(--ast-global-color-5)","background-image":"","background-repeat":"repeat","background-position":"center center","background-size":"auto","background-attachment":"scroll","background-type":"","background-media":"","overlay-type":"","overlay-color":"","overlay-opacity":"","overlay-gradient":""},"tablet":{"background-color":"var(--ast-global-color-5)","background-image":"","background-repeat":"repeat","background-position":"center center","background-size":"auto","background-attachment":"scroll","background-type":"","background-media":"","overlay-type":"","overlay-color":"","overlay-opacity":"","overlay-gradient":""},"mobile":{"background-color":"var(--ast-global-color-5)","background-image":"","background-repeat":"repeat","background-position":"center center","background-size":"auto","background-attachment":"scroll","background-type":"","background-media":"","overlay-type":"","overlay-color":"","overlay-opacity":"","overlay-gradient":""}}},"product_brand":[],"product_cat":[221,292,22],"product_tag":[],"class_list":{"0":"post-529","1":"product","2":"type-product","3":"status-publish","4":"has-post-thumbnail","6":"product_cat-laboratorijske-vage","7":"product_cat-phoenix-svi-proizvodi","8":"product_cat-proizvodi-phoenix","9":"desktop-align-left","10":"tablet-align-left","11":"mobile-align-left","13":"first","14":"instock","15":"shipping-taxable","16":"purchasable","17":"product-type-simple"},"_links":{"self":[{"href":"https:\/\/sr.cadicap.rs\/sr\/wp-json\/wp\/v2\/product\/529","targetHints":{"allow":["GET"]}}],"collection":[{"href":"https:\/\/sr.cadicap.rs\/sr\/wp-json\/wp\/v2\/product"}],"about":[{"href":"https:\/\/sr.cadicap.rs\/sr\/wp-json\/wp\/v2\/types\/product"}],"version-history":[{"count":0,"href":"https:\/\/sr.cadicap.rs\/sr\/wp-json\/wp\/v2\/product\/529\/revisions"}],"wp:featuredmedia":[{"embeddable":true,"href":"https:\/\/sr.cadicap.rs\/sr\/wp-json\/wp\/v2\/media\/2828"}],"wp:attachment":[{"href":"https:\/\/sr.cadicap.rs\/sr\/wp-json\/wp\/v2\/media?parent=529"}],"wp:term":[{"taxonomy":"product_brand","embeddable":true,"href":"https:\/\/sr.cadicap.rs\/sr\/wp-json\/wp\/v2\/product_brand?post=529"},{"taxonomy":"product_cat","embeddable":true,"href":"https:\/\/sr.cadicap.rs\/sr\/wp-json\/wp\/v2\/product_cat?post=529"},{"taxonomy":"product_tag","embeddable":true,"href":"https:\/\/sr.cadicap.rs\/sr\/wp-json\/wp\/v2\/product_tag?post=529"}],"curies":[{"name":"wp","href":"https:\/\/api.w.org\/{rel}","templated":true}]}}