{"id":562,"date":"2023-08-12T19:12:37","date_gmt":"2023-08-12T19:12:37","guid":{"rendered":"http:\/\/https\/\/cadicap.rs\/?post_type=product&#038;p=562"},"modified":"2025-10-16T10:45:38","modified_gmt":"2025-10-16T10:45:38","slug":"vortex-mixer-rs-vf-10","status":"publish","type":"product","link":"https:\/\/sr.cadicap.rs\/sr\/proizvod\/vortex-mixer-rs-vf-10\/","title":{"rendered":"Vorteks me\u0161a\u010d RS-VF 10"},"content":{"rendered":"<p><strong>RS-VF 10<\/strong><\/p>\n<p>&#8211; Kompaktna, univerzalna mala mikroplo\u010da za me\u0161anje, pogodna za male posude i 96 mikrotitarskih plo\u010da.<\/p>\n<p>&#8211; Brzina 0-2500 o\/min<br \/>\n&#8211; No\u017eice protiv klizanja<br \/>\n&#8211; \u010cvrsto kuc\u0301i\u0161te od livenog gvo\u017e\u0111a<br \/>\n&#8211; 2 godine garancije<\/p>\n<p><strong>Tehni\u010dke informacije RS-VF 10<\/strong><\/p>\n<p>&#8211; Napon: 220-240 V<br \/>\n&#8211; Snaga: 60 W<br \/>\n&#8211; Me\u0161anje: Orbitalno<br \/>\n&#8211; Pre\u010dnik: 4 mm<br \/>\n&#8211; Brzina: 2500 obr\/min<br \/>\n&#8211; Dimenzije: 127*160*130 mm<br \/>\n&#8211; Klasa za\u0161tite: IP 21<br \/>\n&#8211; Te\u017eina: 3,5 kg<\/p>","protected":false},"excerpt":{"rendered":"<p>RS-VF 10 &#8211; Kompaktna, univerzalna mala mikroplo\u010da za me\u0161anje, pogodna za male posude i 96 mikrotitarskih plo\u010da. &#8211; Brzina 0-2500 o\/min &#8211; No\u017eice protiv klizanja &#8211; \u010cvrsto kuc\u0301i\u0161te od livenog gvo\u017e\u0111a &#8211; 2 godine garancije Tehni\u010dke informacije RS-VF 10 &#8211; Napon: 220-240 V &#8211; Snaga: 60 W &#8211; Me\u0161anje: Orbitalno &#8211; Pre\u010dnik: 4 mm &#8211; [&hellip;]<\/p>\n","protected":false},"featured_media":2171,"template":"","meta":{"site-sidebar-layout":"default","site-content-layout":"","ast-site-content-layout":"default","site-content-style":"default","site-sidebar-style":"default","ast-global-header-display":"","ast-banner-title-visibility":"","ast-main-header-display":"","ast-hfb-above-header-display":"","ast-hfb-below-header-display":"","ast-hfb-mobile-header-display":"","site-post-title":"","ast-breadcrumbs-content":"","ast-featured-img":"","footer-sml-layout":"","ast-disable-related-posts":"","theme-transparent-header-meta":"default","adv-header-id-meta":"","stick-header-meta":"","header-above-stick-meta":"","header-main-stick-meta":"","header-below-stick-meta":"","astra-migrate-meta-layouts":"set","ast-page-background-enabled":"default","ast-page-background-meta":{"desktop":{"background-color":"var(--ast-global-color-4)","background-image":"","background-repeat":"repeat","background-position":"center center","background-size":"auto","background-attachment":"scroll","background-type":"","background-media":"","overlay-type":"","overlay-color":"","overlay-opacity":"","overlay-gradient":""},"tablet":{"background-color":"","background-image":"","background-repeat":"repeat","background-position":"center center","background-size":"auto","background-attachment":"scroll","background-type":"","background-media":"","overlay-type":"","overlay-color":"","overlay-opacity":"","overlay-gradient":""},"mobile":{"background-color":"","background-image":"","background-repeat":"repeat","background-position":"center center","background-size":"auto","background-attachment":"scroll","background-type":"","background-media":"","overlay-type":"","overlay-color":"","overlay-opacity":"","overlay-gradient":""}},"ast-content-background-meta":{"desktop":{"background-color":"var(--ast-global-color-5)","background-image":"","background-repeat":"repeat","background-position":"center center","background-size":"auto","background-attachment":"scroll","background-type":"","background-media":"","overlay-type":"","overlay-color":"","overlay-opacity":"","overlay-gradient":""},"tablet":{"background-color":"var(--ast-global-color-5)","background-image":"","background-repeat":"repeat","background-position":"center center","background-size":"auto","background-attachment":"scroll","background-type":"","background-media":"","overlay-type":"","overlay-color":"","overlay-opacity":"","overlay-gradient":""},"mobile":{"background-color":"var(--ast-global-color-5)","background-image":"","background-repeat":"repeat","background-position":"center center","background-size":"auto","background-attachment":"scroll","background-type":"","background-media":"","overlay-type":"","overlay-color":"","overlay-opacity":"","overlay-gradient":""}}},"product_brand":[],"product_cat":[25,292,22,256],"product_tag":[],"class_list":{"0":"post-562","1":"product","2":"type-product","3":"status-publish","4":"has-post-thumbnail","6":"product_cat-mesaci-i-sejkeri","7":"product_cat-phoenix-svi-proizvodi","8":"product_cat-proizvodi-phoenix","9":"product_cat-vortex-mesaci","10":"desktop-align-left","11":"tablet-align-left","12":"mobile-align-left","14":"first","15":"instock","16":"shipping-taxable","17":"purchasable","18":"product-type-simple"},"_links":{"self":[{"href":"https:\/\/sr.cadicap.rs\/sr\/wp-json\/wp\/v2\/product\/562","targetHints":{"allow":["GET"]}}],"collection":[{"href":"https:\/\/sr.cadicap.rs\/sr\/wp-json\/wp\/v2\/product"}],"about":[{"href":"https:\/\/sr.cadicap.rs\/sr\/wp-json\/wp\/v2\/types\/product"}],"version-history":[{"count":0,"href":"https:\/\/sr.cadicap.rs\/sr\/wp-json\/wp\/v2\/product\/562\/revisions"}],"wp:featuredmedia":[{"embeddable":true,"href":"https:\/\/sr.cadicap.rs\/sr\/wp-json\/wp\/v2\/media\/2171"}],"wp:attachment":[{"href":"https:\/\/sr.cadicap.rs\/sr\/wp-json\/wp\/v2\/media?parent=562"}],"wp:term":[{"taxonomy":"product_brand","embeddable":true,"href":"https:\/\/sr.cadicap.rs\/sr\/wp-json\/wp\/v2\/product_brand?post=562"},{"taxonomy":"product_cat","embeddable":true,"href":"https:\/\/sr.cadicap.rs\/sr\/wp-json\/wp\/v2\/product_cat?post=562"},{"taxonomy":"product_tag","embeddable":true,"href":"https:\/\/sr.cadicap.rs\/sr\/wp-json\/wp\/v2\/product_tag?post=562"}],"curies":[{"name":"wp","href":"https:\/\/api.w.org\/{rel}","templated":true}]}}