{"id":587,"date":"2023-08-12T19:13:01","date_gmt":"2023-08-12T19:13:01","guid":{"rendered":"http:\/\/https\/\/cadicap.rs\/?post_type=product&#038;p=587"},"modified":"2025-04-23T10:29:25","modified_gmt":"2025-04-23T10:29:25","slug":"digitalni-orbitalni-i-linearni-sejkeri-rs-os-rs-ls","status":"publish","type":"product","link":"https:\/\/sr.cadicap.rs\/sr\/proizvod\/digitalni-orbitalni-i-linearni-sejkeri-rs-os-rs-ls\/","title":{"rendered":"Digitalni orbitalni i linearni \u0161ejkeri RS-OS \/ RS-LS"},"content":{"rendered":"<p><strong>Digitalni orbitalni i linearni \u0161ejkeri<\/strong><\/p>\n<p>\u2013 Orbitalni i linearni \u0161ejkeri RS-OS \/ LS nude odgovarajuc\u0301i instrument za va\u0161e svakodnevnu laboratorijsku upotrebu.<br \/>\n\u2013 Mo\u017eete birati izme\u0111u linearnog i orbitalnog \u0161ejkera sa maksimalnim kapacitetom me\u0161anja od 2,5 kg ili 7,5 kg<\/p>\n<p><strong>Karakteristike<\/strong><\/p>\n<p>\u2013 Kompaktni \u0161ejkeri kapaciteta od 2,5\/7,5 kg<br \/>\n\u2013 Osvetljeni displej,lako pode\u0161avanje vremena i brzine<br \/>\n\u2013 Fiksirano postolje nogicama protiv klizanja<br \/>\n\u2013 Podesiva brzina<br \/>\n\u2013 RS 232 interfejs<br \/>\n\u2013 Sveobuhvatan asortiman dodatne opreme<br \/>\n\u2013 2 godine garancije<\/p>\n<p><strong>Tehni\u010dke informacije RS-OS 10<\/strong><\/p>\n<p>\u2013 Napon: 100-240 V<br \/>\n\u2013 Snaga: 30 W<br \/>\n\u2013 Vibracioni pokret: Orbitalni<br \/>\n\u2013 Pre\u010dnik: 4 mm<br \/>\n\u2013 Maksimalni kapacitet me\u0161anja: 2,5<br \/>\n\u2013 Brzina: 100-800 obr\/min<br \/>\n\u2013 Funkcija tajmera: Da<br \/>\n\u2013 Operacija: Tajmer \/ kontiurano<br \/>\n\u2013 Prikaz: LCD\/LCD<br \/>\n\u2013 Brzina \/ vreme pode\u0161avanja: Digitalna \/ Digitalno<br \/>\n\u2013 RS-232: Da<br \/>\n\u2013 Dimenzije: 340*300*100 mm<br \/>\n\u2013 Veli\u010dina platforme: 240*240 mm<br \/>\n\u2013 Klasa za\u0161tite: IP 21<br \/>\n\u2013 Te\u017eina: 8,1 kg<\/p>\n<p><strong>Tehni\u010dke informacije RS-OS 20<\/strong><\/p>\n<p>\u2013 Napon: 100-240 V<br \/>\n\u2013 Snaga: 30 W<br \/>\n\u2013 Vibracioni pokret: Orbitalni<br \/>\n&#8211; Pre\u010dnika: 10 mm<br \/>\n&#8211; Maksimalni kapacitet me\u0161anja: 7,5<br \/>\n\u2013 Brzina: 100-500 obr\/min<br \/>\n\u2013 Funkcija tajmera: Da<br \/>\n\u2013 Operacija: Tajmer \/ kontiurano<br \/>\n\u2013 Prikaz: LCD\/LCD<br \/>\n\u2013 Brzina \/ vreme pode\u0161avanja: Digitalna \/ Digitalno<br \/>\n\u2013 RS-232: Da<br \/>\n\u2013 Dimenzije: 420 * 370 * 100 mm<br \/>\n\u2013 Veli\u010dina platforme: 240 * 240 mm<br \/>\n\u2013 Klasa za\u0161tite: IP 21<br \/>\n\u2013 Te\u017eina: 13,5 kg<\/p>\n<p><strong>Tehni\u010dke informacije RS-LS 10<\/strong><\/p>\n<p>\u2013 Napon: 100-240 V<br \/>\n\u2013 Snaga: 30 W<br \/>\n\u2013 Vibracioni pokret: Linearni<br \/>\n&#8211; Pre\u010dnika: 4 mm<br \/>\n&#8211; Maksimalni kapacitet me\u0161anja: 2,5<br \/>\n\u2013 Brzina: 100-350 obr\/min<br \/>\n\u2013 Funkcija tajmera: Da<br \/>\n\u2013 Operacija: Tajmer \/ kontiurano<br \/>\n\u2013 Prikaz: LCD\/LCD<br \/>\n\u2013 Brzina \/ vreme pode\u0161avanja: Digitalna \/ Digitalno<br \/>\n\u2013 RS-232: Da<br \/>\n\u2013 Dimenzije: 340 * 300 * 100 mm<br \/>\n\u2013 Veli\u010dina platforme: 240 * 240 mm<br \/>\n\u2013 Klasa za\u0161tite: IP 21<br \/>\n\u2013 Te\u017eina: 8,1 kg<\/p>\n<p><strong>Tehni\u010dke informacije RS-LS 20<\/strong><\/p>\n<p>\u2013 Napon: 100-240 V<br \/>\n\u2013 Snaga: 30 W<br \/>\n\u2013 Vibracioni pokret: Linearni<br \/>\n&#8211; Pre\u010dnika: 10 mm<br \/>\n&#8211; Maksimalni kapacitet me\u0161anja: 7,5<br \/>\n\u2013 Brzina: 100-350 obr\/min<br \/>\n\u2013 Funkcija tajmera: Da<br \/>\n\u2013 Operacija: Tajmer \/ kontiurano<br \/>\n\u2013 Prikaz: LCD\/LCD<br \/>\n\u2013 Brzina \/ vreme pode\u0161avanja: Digitalna \/ Digitalno<br \/>\n\u2013 RS-232: Da<br \/>\n\u2013 Dimenzije: 420 * 370 * 100 mm<br \/>\n\u2013 Veli\u010dina platforme: 320 * 320 mm<br \/>\n\u2013 Klasa za\u0161tite: IP 21<br \/>\n\u2013 Te\u017eina: 13,5 kg<\/p>\n<p><strong>Pribor<\/strong><\/p>\n<p><strong>RSS-E 100<\/strong><br \/>\nUniverzalni dodatak uklj. stezne rolne za OS \/ LS 10<\/p>\n<p><strong>RSS-E 105<\/strong><br \/>\nOsnovna plo\u010da za OS \/ LS 10 koja se koristi sa pri\u010dvrsnim kop\u010dama za erlenmajerske bo\u010dice<\/p>\n<p><strong>RSS-E 110<\/strong><br \/>\nUniverzalni dodatak sa vertikalno podesivim steznim valjcima za OS \/ LS 10<\/p>\n<p><strong>RSS-E 115<\/strong><\/p>\n<p>Prilog za posu\u0111e<br \/>\nza OS \/ LS 10<\/p>\n<p><strong>RSS-E 200<\/strong><br \/>\nUniverzalni dodatak uklj. stezne rolne za OS \/ LS 20<\/p>\n<p><strong>RSS-E 205<\/strong><br \/>\nOsnovna plo\u010da za OS \/ LS 20 za upotrebu sa pri\u010dvrsnim kop\u010dama za Erlenmajerske bo\u010dice<\/p>\n<p><strong>RSS-E 210<\/strong><br \/>\nUniverzalni dodatak sa vertikalno podesivim steznim valjcima za OS \/ LS 20<\/p>\n<p><strong>RSS-E 220<\/strong><br \/>\nPrilog sa kai\u0161em za pri\u010dvr\u0161c\u0301ivanje<\/p>\n<p><strong>RSS-E 120<\/strong><br \/>\nPri\u010dvrsna kop\u010da za Erlenmajerovu bo\u010dicu od 25 ml<\/p>\n<p><strong>RSS-E 125<\/strong><br \/>\nPri\u010dvrsna kop\u010da za Erlenmeierovu bo\u010dicu od 50 ml<\/p>\n<p><strong>RSS-E 130<\/strong><br \/>\nPri\u010dvrsna kop\u010da za erlenmajersku bo\u010dicu od 100 ml<\/p>\n<p><strong>RSS-E 135<\/strong><br \/>\nPri\u010dvrsna kop\u010da za Erlenmeierovu bo\u010dicu od 200\/250 ml<\/p>\n<p><strong>RSS-E 140<\/strong><br \/>\nPri\u010dvrsna kop\u010da za Erlenmajersku bo\u010dicu od 500 ml<\/p>\n<p><strong>RSS-E 145<\/strong><br \/>\nStezna rola za univerzalni dodatak OS \/ LS 10<\/p>\n<p><strong>RSS-E 245<\/strong><br \/>\nStezna rola za univerzalni dodatak OS \/ LS 20<\/p>","protected":false},"excerpt":{"rendered":"<p>Digitalni orbitalni i linearni \u0161ejkeri \u2013 Orbitalni i linearni \u0161ejkeri RS-OS \/ LS nude odgovarajuc\u0301i instrument za va\u0161e svakodnevnu laboratorijsku upotrebu. \u2013 Mo\u017eete birati izme\u0111u linearnog i orbitalnog \u0161ejkera sa maksimalnim kapacitetom me\u0161anja od 2,5 kg ili 7,5 kg Karakteristike \u2013 Kompaktni \u0161ejkeri kapaciteta od 2,5\/7,5 kg \u2013 Osvetljeni displej,lako pode\u0161avanje vremena i brzine \u2013 [&hellip;]<\/p>\n","protected":false},"featured_media":647,"template":"","meta":{"site-sidebar-layout":"default","site-content-layout":"","ast-site-content-layout":"default","site-content-style":"default","site-sidebar-style":"default","ast-global-header-display":"","ast-banner-title-visibility":"","ast-main-header-display":"","ast-hfb-above-header-display":"","ast-hfb-below-header-display":"","ast-hfb-mobile-header-display":"","site-post-title":"","ast-breadcrumbs-content":"","ast-featured-img":"","footer-sml-layout":"","ast-disable-related-posts":"","theme-transparent-header-meta":"default","adv-header-id-meta":"","stick-header-meta":"","header-above-stick-meta":"","header-main-stick-meta":"","header-below-stick-meta":"","astra-migrate-meta-layouts":"set","ast-page-background-enabled":"default","ast-page-background-meta":{"desktop":{"background-color":"var(--ast-global-color-4)","background-image":"","background-repeat":"repeat","background-position":"center center","background-size":"auto","background-attachment":"scroll","background-type":"","background-media":"","overlay-type":"","overlay-color":"","overlay-opacity":"","overlay-gradient":""},"tablet":{"background-color":"","background-image":"","background-repeat":"repeat","background-position":"center center","background-size":"auto","background-attachment":"scroll","background-type":"","background-media":"","overlay-type":"","overlay-color":"","overlay-opacity":"","overlay-gradient":""},"mobile":{"background-color":"","background-image":"","background-repeat":"repeat","background-position":"center center","background-size":"auto","background-attachment":"scroll","background-type":"","background-media":"","overlay-type":"","overlay-color":"","overlay-opacity":"","overlay-gradient":""}},"ast-content-background-meta":{"desktop":{"background-color":"var(--ast-global-color-5)","background-image":"","background-repeat":"repeat","background-position":"center center","background-size":"auto","background-attachment":"scroll","background-type":"","background-media":"","overlay-type":"","overlay-color":"","overlay-opacity":"","overlay-gradient":""},"tablet":{"background-color":"var(--ast-global-color-5)","background-image":"","background-repeat":"repeat","background-position":"center center","background-size":"auto","background-attachment":"scroll","background-type":"","background-media":"","overlay-type":"","overlay-color":"","overlay-opacity":"","overlay-gradient":""},"mobile":{"background-color":"var(--ast-global-color-5)","background-image":"","background-repeat":"repeat","background-position":"center center","background-size":"auto","background-attachment":"scroll","background-type":"","background-media":"","overlay-type":"","overlay-color":"","overlay-opacity":"","overlay-gradient":""}}},"product_brand":[],"product_cat":[294,25,292,22],"product_tag":[],"class_list":{"0":"post-587","1":"product","2":"type-product","3":"status-publish","4":"has-post-thumbnail","6":"product_cat-akcija-phoenix","7":"product_cat-mesaci-i-sejkeri","8":"product_cat-phoenix-svi-proizvodi","9":"product_cat-proizvodi-phoenix","10":"desktop-align-left","11":"tablet-align-left","12":"mobile-align-left","14":"first","15":"instock","16":"shipping-taxable","17":"purchasable","18":"product-type-simple"},"_links":{"self":[{"href":"https:\/\/sr.cadicap.rs\/sr\/wp-json\/wp\/v2\/product\/587","targetHints":{"allow":["GET"]}}],"collection":[{"href":"https:\/\/sr.cadicap.rs\/sr\/wp-json\/wp\/v2\/product"}],"about":[{"href":"https:\/\/sr.cadicap.rs\/sr\/wp-json\/wp\/v2\/types\/product"}],"version-history":[{"count":0,"href":"https:\/\/sr.cadicap.rs\/sr\/wp-json\/wp\/v2\/product\/587\/revisions"}],"wp:featuredmedia":[{"embeddable":true,"href":"https:\/\/sr.cadicap.rs\/sr\/wp-json\/wp\/v2\/media\/647"}],"wp:attachment":[{"href":"https:\/\/sr.cadicap.rs\/sr\/wp-json\/wp\/v2\/media?parent=587"}],"wp:term":[{"taxonomy":"product_brand","embeddable":true,"href":"https:\/\/sr.cadicap.rs\/sr\/wp-json\/wp\/v2\/product_brand?post=587"},{"taxonomy":"product_cat","embeddable":true,"href":"https:\/\/sr.cadicap.rs\/sr\/wp-json\/wp\/v2\/product_cat?post=587"},{"taxonomy":"product_tag","embeddable":true,"href":"https:\/\/sr.cadicap.rs\/sr\/wp-json\/wp\/v2\/product_tag?post=587"}],"curies":[{"name":"wp","href":"https:\/\/api.w.org\/{rel}","templated":true}]}}