{"id":592,"date":"2023-08-12T19:13:02","date_gmt":"2023-08-12T19:13:02","guid":{"rendered":"http:\/\/https\/\/cadicap.rs\/?post_type=product&#038;p=592"},"modified":"2025-02-27T12:07:14","modified_gmt":"2025-02-27T12:07:14","slug":"magnetni-mesac-rsm-10a","status":"publish","type":"product","link":"https:\/\/sr.cadicap.rs\/sr\/proizvod\/magnetni-mesac-rsm-10a\/","title":{"rendered":"Magnetni me\u0161a\u010d RSM-10A"},"content":{"rendered":"<p>&#8211; Modeli linije RSM-10 su novi i jedinstveni magnetni me\u0161a\u010di<br \/>\n&#8211; Mnogo va\u017enih karakteristika standardnog instrumenta, kao \u0161to je kontrola parametara putem LED displeja, integrisana kontrola temperature i za\u0161tita konstrukcija (IP42) deo su standardne opreme<\/p>\n<p>ove veoma zanimljive linije<br \/>\n&#8211; Integrisana kontrola temperature omoguc\u0301ava ta\u010dnu regulaciju uzorka kada je povezan temperaturni senzor PT-1000 i sve to po vrlo atraktivnim i pristupa\u010dnim cenama<\/p>\n<p><strong>Karakteristike<\/strong><\/p>\n<p>&#8211; Kompaktna konstrukcija<br \/>\n&#8211; Zatvoreno kuc\u0301i\u0161te (IP42)<br \/>\n&#8211; 2 godine garancije<br \/>\n&#8211; Konektor za postolje<\/p>\n<p><strong>Tehni\u010dke informacije<\/strong><\/p>\n<p>&#8211; Napon: 200-240 V<br \/>\n&#8211; Snaga: 10 W<br \/>\n&#8211; Maksimalna koli\u010dina za me\u0161anje: 3 l H2O<br \/>\n&#8211; Me\u0161alica max.: 50 mm<br \/>\n&#8211; Mesta za me\u0161anje: 1<br \/>\n&#8211; Dimenzije plo\u010de \u00f8 : 135 mm<br \/>\n&#8211; Materijal plo\u010de: ABS<br \/>\n&#8211; Brzina: 0-1500<br \/>\n&#8211; Raspon temperature: &#8211;<br \/>\n&#8211; Prilago\u0111avanje temperature: &#8211;<br \/>\n&#8211; Kontrola brzine: Analogna<br \/>\n&#8211; RS-232-Interfejs: Da<br \/>\n&#8211; Dimenzije: 155 * 215 * 75 mm<br \/>\n&#8211; Klasa za\u0161tite: IP 41<br \/>\n&#8211; Te\u017eina: 0,9 kg<\/p>","protected":false},"excerpt":{"rendered":"<p>&#8211; Modeli linije RSM-10 su novi i jedinstveni magnetni me\u0161a\u010di &#8211; Mnogo va\u017enih karakteristika standardnog instrumenta, kao \u0161to je kontrola parametara putem LED displeja, integrisana kontrola temperature i za\u0161tita konstrukcija (IP42) deo su standardne opreme ove veoma zanimljive linije &#8211; Integrisana kontrola temperature omoguc\u0301ava ta\u010dnu regulaciju uzorka kada je povezan temperaturni senzor PT-1000 i sve [&hellip;]<\/p>\n","protected":false},"featured_media":670,"template":"","meta":{"site-sidebar-layout":"default","site-content-layout":"","ast-site-content-layout":"default","site-content-style":"default","site-sidebar-style":"default","ast-global-header-display":"","ast-banner-title-visibility":"","ast-main-header-display":"","ast-hfb-above-header-display":"","ast-hfb-below-header-display":"","ast-hfb-mobile-header-display":"","site-post-title":"","ast-breadcrumbs-content":"","ast-featured-img":"","footer-sml-layout":"","ast-disable-related-posts":"","theme-transparent-header-meta":"default","adv-header-id-meta":"","stick-header-meta":"","header-above-stick-meta":"","header-main-stick-meta":"","header-below-stick-meta":"","astra-migrate-meta-layouts":"set","ast-page-background-enabled":"default","ast-page-background-meta":{"desktop":{"background-color":"var(--ast-global-color-4)","background-image":"","background-repeat":"repeat","background-position":"center center","background-size":"auto","background-attachment":"scroll","background-type":"","background-media":"","overlay-type":"","overlay-color":"","overlay-opacity":"","overlay-gradient":""},"tablet":{"background-color":"","background-image":"","background-repeat":"repeat","background-position":"center center","background-size":"auto","background-attachment":"scroll","background-type":"","background-media":"","overlay-type":"","overlay-color":"","overlay-opacity":"","overlay-gradient":""},"mobile":{"background-color":"","background-image":"","background-repeat":"repeat","background-position":"center center","background-size":"auto","background-attachment":"scroll","background-type":"","background-media":"","overlay-type":"","overlay-color":"","overlay-opacity":"","overlay-gradient":""}},"ast-content-background-meta":{"desktop":{"background-color":"var(--ast-global-color-5)","background-image":"","background-repeat":"repeat","background-position":"center center","background-size":"auto","background-attachment":"scroll","background-type":"","background-media":"","overlay-type":"","overlay-color":"","overlay-opacity":"","overlay-gradient":""},"tablet":{"background-color":"var(--ast-global-color-5)","background-image":"","background-repeat":"repeat","background-position":"center center","background-size":"auto","background-attachment":"scroll","background-type":"","background-media":"","overlay-type":"","overlay-color":"","overlay-opacity":"","overlay-gradient":""},"mobile":{"background-color":"var(--ast-global-color-5)","background-image":"","background-repeat":"repeat","background-position":"center center","background-size":"auto","background-attachment":"scroll","background-type":"","background-media":"","overlay-type":"","overlay-color":"","overlay-opacity":"","overlay-gradient":""}}},"product_brand":[],"product_cat":[25,292,22],"product_tag":[],"class_list":{"0":"post-592","1":"product","2":"type-product","3":"status-publish","4":"has-post-thumbnail","6":"product_cat-mesaci-i-sejkeri","7":"product_cat-phoenix-svi-proizvodi","8":"product_cat-proizvodi-phoenix","9":"desktop-align-left","10":"tablet-align-left","11":"mobile-align-left","13":"first","14":"instock","15":"shipping-taxable","16":"purchasable","17":"product-type-simple"},"_links":{"self":[{"href":"https:\/\/sr.cadicap.rs\/sr\/wp-json\/wp\/v2\/product\/592","targetHints":{"allow":["GET"]}}],"collection":[{"href":"https:\/\/sr.cadicap.rs\/sr\/wp-json\/wp\/v2\/product"}],"about":[{"href":"https:\/\/sr.cadicap.rs\/sr\/wp-json\/wp\/v2\/types\/product"}],"version-history":[{"count":0,"href":"https:\/\/sr.cadicap.rs\/sr\/wp-json\/wp\/v2\/product\/592\/revisions"}],"wp:featuredmedia":[{"embeddable":true,"href":"https:\/\/sr.cadicap.rs\/sr\/wp-json\/wp\/v2\/media\/670"}],"wp:attachment":[{"href":"https:\/\/sr.cadicap.rs\/sr\/wp-json\/wp\/v2\/media?parent=592"}],"wp:term":[{"taxonomy":"product_brand","embeddable":true,"href":"https:\/\/sr.cadicap.rs\/sr\/wp-json\/wp\/v2\/product_brand?post=592"},{"taxonomy":"product_cat","embeddable":true,"href":"https:\/\/sr.cadicap.rs\/sr\/wp-json\/wp\/v2\/product_cat?post=592"},{"taxonomy":"product_tag","embeddable":true,"href":"https:\/\/sr.cadicap.rs\/sr\/wp-json\/wp\/v2\/product_tag?post=592"}],"curies":[{"name":"wp","href":"https:\/\/api.w.org\/{rel}","templated":true}]}}