{"id":621,"date":"2023-08-12T19:13:23","date_gmt":"2023-08-12T19:13:23","guid":{"rendered":"http:\/\/https\/\/cadicap.rs\/?post_type=product&#038;p=621"},"modified":"2025-10-03T09:56:29","modified_gmt":"2025-10-03T09:56:29","slug":"magnetni-mesac-rsm-01hs-rsm-01hp","status":"publish","type":"product","link":"https:\/\/sr.cadicap.rs\/sr\/proizvod\/magnetni-mesac-rsm-01hs-rsm-01hp\/","title":{"rendered":"Magnetni me\u0161a\u010d RSM-01HS"},"content":{"rendered":"<p>&#8211; Tipi\u010dni magnetni me\u0161a\u010d sa funkcijom grejanja<br \/>\n&#8211; Plo\u010da za kuvanje sa ner\u0111ajuc\u0301im \u010delikom ili porcelanskom povr\u0161inom<br \/>\n&#8211; \u010cvrsto metalno kuc\u0301i\u0161te, IP 42-za\u0161tita<br \/>\n&#8211; Velika snaga me\u0161anja<br \/>\n&#8211; 2 godine garancije<\/p>\n<p>&#8211; Magnetni me\u0161a\u010d RSM-linije kompanije Phoenix Instrument nudi idealne proizvode za svakodnevnu laboratorijsku upotrebu<br \/>\n&#8211; Korisnik mo\u017ee da bira izme\u0111u digitalne i analogne verzije<br \/>\n&#8211; Naravno, obe verzije su dostupne sa ringlom, bilo sa povr\u0161inom od ner\u0111ajuc\u0301eg \u010delika ili sa porcelanskom emajlom<br \/>\n&#8211; Funkcijom grejanja mo\u017ee se ta\u010dno kontrolisati funkcija unutra\u0161nje kontrole kada je povezan opcioni temperaturni senzor PT-1000<br \/>\n&#8211; Sveobuhvatna lista dodatne opreme uklju\u010duje sve \u0161to vam je potrebno od postolja preko temperaturnog senzora i za\u0161titnih poklopaca do razli\u010ditih gornjih okvira za reaktorske posude<\/p>\n<p><strong>Tehni\u010dke informacije RSM-01 HS<\/strong><\/p>\n<p>&#8211; Napon: 200-240 V<br \/>\n&#8211; Snaga: 530 W<br \/>\n&#8211; Maksimalna koli\u010dina za me\u0161anje: 20 l H2O<br \/>\n&#8211; Me\u0161alica max.: 80 mm<br \/>\n&#8211; Mesta za me\u0161anje: 1<br \/>\n&#8211; Dimenzije plo\u010de: 135 mm \u00f8<br \/>\n&#8211; Materijal plo\u010de: Ner\u0111aju\u0107i \u010delik<br \/>\n&#8211; Brzina: 0-1500<br \/>\n&#8211; Kontrola brzine: Analogna<br \/>\n&#8211; RT-340-Interfejs: Ne<br \/>\n&#8211; Dimenzije: 280 * 160 * 85 mm<br \/>\n&#8211; Klasa za\u0161tite: IP 42<br \/>\n&#8211; Te\u017eina: 2,8 kg<\/p>\n<p><strong>Tehni\u010dke informacije RSM-01 HP<\/strong><\/p>\n<p>&#8211; Napon: 200-240 V<br \/>\n&#8211; Snaga: 530 W<br \/>\n&#8211; Maksimalna koli\u010dina za me\u0161anje: 20 l H2O<br \/>\n&#8211; Me\u0161alica max.: 80 mm<br \/>\n&#8211; Metsa za me\u0161anje: 1<br \/>\n&#8211; Dimenzije plo\u010de \u00f8 : 135 mm<br \/>\n&#8211; Materijal plo\u010de: Ner\u0111aju\u0107i \u010delik sa porcelanskom povr\u0161inom<br \/>\n&#8211; Brzina: 0-1500<br \/>\n&#8211; Kontrola brzine: Analogna<br \/>\n&#8211; RT-340-Interfejs: Ne<br \/>\n&#8211; Dimenzije: 280 * 160 * 85 mm<br \/>\n&#8211; Klasa za\u0161tite: IP 42<br \/>\n&#8211; Te\u017eina: 2,8 kg<\/p>\n<p>&nbsp;<\/p>","protected":false},"excerpt":{"rendered":"<p>&#8211; Tipi\u010dni magnetni me\u0161a\u010d sa funkcijom grejanja &#8211; Plo\u010da za kuvanje sa ner\u0111ajuc\u0301im \u010delikom ili porcelanskom povr\u0161inom &#8211; \u010cvrsto metalno kuc\u0301i\u0161te, IP 42-za\u0161tita &#8211; Velika snaga me\u0161anja &#8211; 2 godine garancije &#8211; Magnetni me\u0161a\u010d RSM-linije kompanije Phoenix Instrument nudi idealne proizvode za svakodnevnu laboratorijsku upotrebu &#8211; Korisnik mo\u017ee da bira izme\u0111u digitalne i analogne verzije [&hellip;]<\/p>\n","protected":false},"featured_media":676,"template":"","meta":{"site-sidebar-layout":"default","site-content-layout":"","ast-site-content-layout":"default","site-content-style":"default","site-sidebar-style":"default","ast-global-header-display":"","ast-banner-title-visibility":"","ast-main-header-display":"","ast-hfb-above-header-display":"","ast-hfb-below-header-display":"","ast-hfb-mobile-header-display":"","site-post-title":"","ast-breadcrumbs-content":"","ast-featured-img":"","footer-sml-layout":"","ast-disable-related-posts":"","theme-transparent-header-meta":"default","adv-header-id-meta":"","stick-header-meta":"","header-above-stick-meta":"","header-main-stick-meta":"","header-below-stick-meta":"","astra-migrate-meta-layouts":"set","ast-page-background-enabled":"default","ast-page-background-meta":{"desktop":{"background-color":"var(--ast-global-color-4)","background-image":"","background-repeat":"repeat","background-position":"center center","background-size":"auto","background-attachment":"scroll","background-type":"","background-media":"","overlay-type":"","overlay-color":"","overlay-opacity":"","overlay-gradient":""},"tablet":{"background-color":"","background-image":"","background-repeat":"repeat","background-position":"center center","background-size":"auto","background-attachment":"scroll","background-type":"","background-media":"","overlay-type":"","overlay-color":"","overlay-opacity":"","overlay-gradient":""},"mobile":{"background-color":"","background-image":"","background-repeat":"repeat","background-position":"center center","background-size":"auto","background-attachment":"scroll","background-type":"","background-media":"","overlay-type":"","overlay-color":"","overlay-opacity":"","overlay-gradient":""}},"ast-content-background-meta":{"desktop":{"background-color":"var(--ast-global-color-5)","background-image":"","background-repeat":"repeat","background-position":"center center","background-size":"auto","background-attachment":"scroll","background-type":"","background-media":"","overlay-type":"","overlay-color":"","overlay-opacity":"","overlay-gradient":""},"tablet":{"background-color":"var(--ast-global-color-5)","background-image":"","background-repeat":"repeat","background-position":"center center","background-size":"auto","background-attachment":"scroll","background-type":"","background-media":"","overlay-type":"","overlay-color":"","overlay-opacity":"","overlay-gradient":""},"mobile":{"background-color":"var(--ast-global-color-5)","background-image":"","background-repeat":"repeat","background-position":"center center","background-size":"auto","background-attachment":"scroll","background-type":"","background-media":"","overlay-type":"","overlay-color":"","overlay-opacity":"","overlay-gradient":""}}},"product_brand":[],"product_cat":[25,292,22],"product_tag":[],"class_list":{"0":"post-621","1":"product","2":"type-product","3":"status-publish","4":"has-post-thumbnail","6":"product_cat-mesaci-i-sejkeri","7":"product_cat-phoenix-svi-proizvodi","8":"product_cat-proizvodi-phoenix","9":"desktop-align-left","10":"tablet-align-left","11":"mobile-align-left","13":"first","14":"instock","15":"shipping-taxable","16":"purchasable","17":"product-type-simple"},"_links":{"self":[{"href":"https:\/\/sr.cadicap.rs\/sr\/wp-json\/wp\/v2\/product\/621","targetHints":{"allow":["GET"]}}],"collection":[{"href":"https:\/\/sr.cadicap.rs\/sr\/wp-json\/wp\/v2\/product"}],"about":[{"href":"https:\/\/sr.cadicap.rs\/sr\/wp-json\/wp\/v2\/types\/product"}],"version-history":[{"count":0,"href":"https:\/\/sr.cadicap.rs\/sr\/wp-json\/wp\/v2\/product\/621\/revisions"}],"wp:featuredmedia":[{"embeddable":true,"href":"https:\/\/sr.cadicap.rs\/sr\/wp-json\/wp\/v2\/media\/676"}],"wp:attachment":[{"href":"https:\/\/sr.cadicap.rs\/sr\/wp-json\/wp\/v2\/media?parent=621"}],"wp:term":[{"taxonomy":"product_brand","embeddable":true,"href":"https:\/\/sr.cadicap.rs\/sr\/wp-json\/wp\/v2\/product_brand?post=621"},{"taxonomy":"product_cat","embeddable":true,"href":"https:\/\/sr.cadicap.rs\/sr\/wp-json\/wp\/v2\/product_cat?post=621"},{"taxonomy":"product_tag","embeddable":true,"href":"https:\/\/sr.cadicap.rs\/sr\/wp-json\/wp\/v2\/product_tag?post=621"}],"curies":[{"name":"wp","href":"https:\/\/api.w.org\/{rel}","templated":true}]}}