{"id":623,"date":"2023-08-12T19:13:24","date_gmt":"2023-08-12T19:13:24","guid":{"rendered":"http:\/\/https\/\/cadicap.rs\/?post_type=product&#038;p=623"},"modified":"2025-04-22T10:37:48","modified_gmt":"2025-04-22T10:37:48","slug":"homogenizator-polytron-pt-1200-e","status":"publish","type":"product","link":"https:\/\/sr.cadicap.rs\/sr\/proizvod\/homogenizator-polytron-pt-1200-e\/","title":{"rendered":"Homogenizator POLYTRON PT 1200 E"},"content":{"rendered":"<p><strong><span style=\"color: #000000;\">POLYTRON &#8211; Oprema za raspr\u0161ivanje i homogenizaciju za obradu u laboratorijama, pilot postrojenjima i proizvodnji<\/span><\/strong><\/p>\n<p><span style=\"color: #000000;\">&#8211; Ru\u010dni homogenizator (Ecoline), ure\u0111aji za raspr\u0161ivanje i homogenizaciju u\u00a0 laboratorijama sa EU napajanjem kabla i stonog napajanja (1,8 m) (230 V)<\/span><br \/>\n<span style=\"color: #000000;\">&#8211; Ovaj ergonomski ru\u010dni homogenizator je lagan i stoga idealan za brzo me\u0161anje manjih koli\u010dina uzoraka<\/span><br \/>\n<span style=\"color: #000000;\">&#8211; Opse\u017ean raspon agregata ure\u0111aja pokriva \u0161irok spektar primena za pripremu uzoraka<\/span><\/p>\n<p><span style=\"color: #000000;\"><strong>Prednosti<\/strong><\/span><\/p>\n<p><span style=\"color: #000000;\">&#8211; Jednostavan rad prekida\u010dem za isklju\u010divanje i kontrolom brzine<\/span><br \/>\n<span style=\"color: #000000;\">&#8211; Pouzdana varijabilna kontrola brzine za dug radni vek opreme<\/span><br \/>\n<span style=\"color: #000000;\">&#8211; Nizak nivo buke<\/span><br \/>\n<span style=\"color: #000000;\">&#8211; Postolje podesivo po visini (dostupno kao opcija)<\/span><br \/>\n<span style=\"color: #000000;\">&#8211; Brzo prebacite agregat pomoc\u0301u Click &amp; Go spojnice<\/span><br \/>\n<span style=\"color: #000000;\">&#8211; Lako \u010di\u0161c\u0301enje agregata sa Easy Clean dizajnom<\/span><\/p>\n<p><span style=\"color: #000000;\"><strong>Karakteristike <\/strong><\/span><\/p>\n<p><span style=\"color: #000000;\">&#8211; Najmanje veli\u010dine \/ kapljica: zato \u0161to precizna analiza zahteva homogene uzorke<\/span><br \/>\n<span style=\"color: #000000;\">&#8211; Efikasna priprema uzoraka: zato \u0161to brza disperzija \u0161tedi vreme<\/span><br \/>\n<span style=\"color: #000000;\">&#8211; Standardni ili prilago\u0111eni agregati: usavr\u0161eni za korisnike i u saradnji s njima<\/span><br \/>\n<span style=\"color: #000000;\">&#8211; \u010ci\u0161c\u0301enje i demonta\u017ea: Easy Clean dizajn \u010dini ga vrlo jednostavnim<\/span><br \/>\n<span style=\"color: #000000;\">&#8211; Brzo spajanje agregata: kori\u0161c\u0301enjem Click &amp; Go<\/span><\/p>\n<p><span style=\"color: #000000;\"><strong>Tehni\u010dke informacije<\/strong><\/span><\/p>\n<p><span style=\"color: #000000;\">&#8211; Mininamalna zapremina (ml): 0,05<\/span><br \/>\n<span style=\"color: #000000;\">&#8211; Maksimalna zapremina (ml): 250<\/span><br \/>\n<span style=\"color: #000000;\">&#8211; Snaga (W): 100<\/span><br \/>\n<span style=\"color: #000000;\">&#8211; Brzina saveta: od 14\u00a0 m\/s\u00a0\u00a0\u00a0 do \u00a021 m\/s (X-agregat)<\/span><br \/>\n<span style=\"color: #000000;\">&#8211; Primenljivi agregati:\u00a0 \u00f8 3, 5, 7, 12 mm \/ \u00f8 20 mm X-dizajn<\/span><br \/>\n<span style=\"color: #000000;\">&#8211; Raspon brzine:\u00a0 0 &#8211; 25 000 o\/min<\/span><br \/>\n<span style=\"color: #000000;\">&#8211; Spojnica pogona:\u00a0 Agregati sa E spojnicom<\/span><br \/>\n<span style=\"color: #000000;\">&#8211; Nivo buke (pogon bez agregata): <\/span><span style=\"color: #000000;\">\u2264 65 dB (A) pri 20 000 o \/ min \/ \u2264 76 dB (A) pri 25 000 o \/ min<\/span><br \/>\n<span style=\"color: #000000;\">&#8211; Motor: Univerzalne sa karbonskim \u010detkicama<\/span><br \/>\n<span style=\"color: #000000;\">&#8211; Napon veze:\u00a0 90 &#8211; 230 V \u00b1 10%, 50 Hz \/ 60 Hz<\/span><br \/>\n<span style=\"color: #000000;\">&#8211; Relativna vlaga (max.): 80% tokom skladi\u0161tenja \/ 80% tokom rada<\/span><br \/>\n<span style=\"color: #000000;\">&#8211; Radna temperature:\u00a0 0 &#8211; 40 \u00b0 C<\/span><br \/>\n<span style=\"color: #000000;\">&#8211; Klasa za\u0161tite prema prema DIN:\u00a0 IP 20<\/span><br \/>\n<span style=\"color: #000000;\">&#8211; Dimenzije: Pogon: 220*44*55 mm &#8211; Napajanje: 132*58*30 mm<\/span><br \/>\n<span style=\"color: #000000;\">&#8211; Te\u017eina:\u00a0 Pogon: 440 g &#8211; Napajanje: 310 g<\/span><br \/>\n<span style=\"color: #000000;\">&#8211; EMC standardi:\u00a0 IEC \/ EN 61000-6-2 \/ EN 61000-6-3<\/span><\/p>\n<p><span style=\"color: #000000;\"><strong>Primena<\/strong><\/span><\/p>\n<p><span style=\"color: #000000;\">\u2013 Op\u0161te primene za homogenizaciju<\/span><br \/>\n<span style=\"color: #000000;\">\u2013 Disperzije, suspenzije i emulzije<\/span><br \/>\n<span style=\"color: #000000;\">\u2013 Disperzija uzoraka biljnih, \u017eivotinjskih i ljudskih tkiva u raznim te\u010dnostima i zapreminama<\/span><br \/>\n<span style=\"color: #000000;\">\u2013 Ekstrakcija aktivnih farmaceutskih sastojaka (API)u tabletama i tabletama<\/span><br \/>\n<span style=\"color: #000000;\">\u2013 Priprema uzoraka za medicinsku dijagnostiku i RNA\/DNK analiza<\/span><br \/>\n<span style=\"color: #000000;\">\u2013 Razgradnja \u017eivotinjskih i biljnih c\u0301elija<\/span><br \/>\n<span style=\"color: #000000;\">\u2013 Emulzije i suspenzije u malim koli\u010dinama<\/span><br \/>\n<span style=\"color: #000000;\">\u2013 Raspad c\u0301elija za studije enzima<\/span><br \/>\n<span style=\"color: #000000;\">\u2013 Priprema uzoraka za genetske studije<\/span><br \/>\n<span style=\"color: #000000;\">\u2013 Deaglomeracija c\u0301elijskog kompleksa<\/span><\/p>\n<p>&nbsp;<\/p>\n<p>&nbsp;<\/p>\n<h5><\/h5>","protected":false},"excerpt":{"rendered":"<p>POLYTRON &#8211; Oprema za raspr\u0161ivanje i homogenizaciju za obradu u laboratorijama, pilot postrojenjima i proizvodnji &#8211; Ru\u010dni homogenizator (Ecoline), ure\u0111aji za raspr\u0161ivanje i homogenizaciju u\u00a0 laboratorijama sa EU napajanjem kabla i stonog napajanja (1,8 m) (230 V) &#8211; Ovaj ergonomski ru\u010dni homogenizator je lagan i stoga idealan za brzo me\u0161anje manjih koli\u010dina uzoraka &#8211; Opse\u017ean [&hellip;]<\/p>\n","protected":false},"featured_media":2137,"template":"","meta":{"site-sidebar-layout":"default","site-content-layout":"","ast-site-content-layout":"default","site-content-style":"default","site-sidebar-style":"default","ast-global-header-display":"","ast-banner-title-visibility":"","ast-main-header-display":"","ast-hfb-above-header-display":"","ast-hfb-below-header-display":"","ast-hfb-mobile-header-display":"","site-post-title":"","ast-breadcrumbs-content":"","ast-featured-img":"","footer-sml-layout":"","ast-disable-related-posts":"","theme-transparent-header-meta":"default","adv-header-id-meta":"","stick-header-meta":"","header-above-stick-meta":"","header-main-stick-meta":"","header-below-stick-meta":"","astra-migrate-meta-layouts":"set","ast-page-background-enabled":"default","ast-page-background-meta":{"desktop":{"background-color":"var(--ast-global-color-4)","background-image":"","background-repeat":"repeat","background-position":"center center","background-size":"auto","background-attachment":"scroll","background-type":"","background-media":"","overlay-type":"","overlay-color":"","overlay-opacity":"","overlay-gradient":""},"tablet":{"background-color":"","background-image":"","background-repeat":"repeat","background-position":"center center","background-size":"auto","background-attachment":"scroll","background-type":"","background-media":"","overlay-type":"","overlay-color":"","overlay-opacity":"","overlay-gradient":""},"mobile":{"background-color":"","background-image":"","background-repeat":"repeat","background-position":"center center","background-size":"auto","background-attachment":"scroll","background-type":"","background-media":"","overlay-type":"","overlay-color":"","overlay-opacity":"","overlay-gradient":""}},"ast-content-background-meta":{"desktop":{"background-color":"var(--ast-global-color-5)","background-image":"","background-repeat":"repeat","background-position":"center center","background-size":"auto","background-attachment":"scroll","background-type":"","background-media":"","overlay-type":"","overlay-color":"","overlay-opacity":"","overlay-gradient":""},"tablet":{"background-color":"var(--ast-global-color-5)","background-image":"","background-repeat":"repeat","background-position":"center center","background-size":"auto","background-attachment":"scroll","background-type":"","background-media":"","overlay-type":"","overlay-color":"","overlay-opacity":"","overlay-gradient":""},"mobile":{"background-color":"var(--ast-global-color-5)","background-image":"","background-repeat":"repeat","background-position":"center center","background-size":"auto","background-attachment":"scroll","background-type":"","background-media":"","overlay-type":"","overlay-color":"","overlay-opacity":"","overlay-gradient":""}}},"product_brand":[],"product_cat":[233,236,293,219],"product_tag":[],"class_list":{"0":"post-623","1":"product","2":"type-product","3":"status-publish","4":"has-post-thumbnail","6":"product_cat-brendovi-kinematica-ag","7":"product_cat-homogenizatori","8":"product_cat-kinematica-svi-proizvodi","9":"product_cat-popust","10":"desktop-align-left","11":"tablet-align-left","12":"mobile-align-left","14":"first","15":"instock","16":"shipping-taxable","17":"purchasable","18":"product-type-simple"},"_links":{"self":[{"href":"https:\/\/sr.cadicap.rs\/sr\/wp-json\/wp\/v2\/product\/623","targetHints":{"allow":["GET"]}}],"collection":[{"href":"https:\/\/sr.cadicap.rs\/sr\/wp-json\/wp\/v2\/product"}],"about":[{"href":"https:\/\/sr.cadicap.rs\/sr\/wp-json\/wp\/v2\/types\/product"}],"version-history":[{"count":0,"href":"https:\/\/sr.cadicap.rs\/sr\/wp-json\/wp\/v2\/product\/623\/revisions"}],"wp:featuredmedia":[{"embeddable":true,"href":"https:\/\/sr.cadicap.rs\/sr\/wp-json\/wp\/v2\/media\/2137"}],"wp:attachment":[{"href":"https:\/\/sr.cadicap.rs\/sr\/wp-json\/wp\/v2\/media?parent=623"}],"wp:term":[{"taxonomy":"product_brand","embeddable":true,"href":"https:\/\/sr.cadicap.rs\/sr\/wp-json\/wp\/v2\/product_brand?post=623"},{"taxonomy":"product_cat","embeddable":true,"href":"https:\/\/sr.cadicap.rs\/sr\/wp-json\/wp\/v2\/product_cat?post=623"},{"taxonomy":"product_tag","embeddable":true,"href":"https:\/\/sr.cadicap.rs\/sr\/wp-json\/wp\/v2\/product_tag?post=623"}],"curies":[{"name":"wp","href":"https:\/\/api.w.org\/{rel}","templated":true}]}}