{"id":669,"date":"2023-08-12T19:13:50","date_gmt":"2023-08-12T19:13:50","guid":{"rendered":"http:\/\/https\/\/cadicap.rs\/?post_type=product&#038;p=669"},"modified":"2026-03-31T10:28:55","modified_gmt":"2026-03-31T10:28:55","slug":"laboratorijski-mlin-px-mfc-90-d","status":"publish","type":"product","link":"https:\/\/sr.cadicap.rs\/sr\/proizvod\/laboratorijski-mlin-px-mfc-90-d\/","title":{"rendered":"Laboratorijski mlin POLYMIX PX-MFC 90 D (se\u010divo)"},"content":{"rendered":"<p><span style=\"color: #000000;\">Rezanje ceki\u0107em <\/span><\/p>\n<p><span style=\"color: #000000;\">&#8211; Laboratorijski mlin, priprema suvog uzorka sa CH-naponskim kablom, priklju\u010dak za seckanje \u010dekic\u0301em, sito 2.0 mm, set alata, stalak za cevi sa 12 prese\u010dnih cevi (230 V)<\/span><\/p>\n<p><span style=\"color: #000000;\">&#8211; Za analizu ili kontrolu kvaliteta potrebni su fino mleveni uzorci<\/span><\/p>\n<p><span style=\"color: #000000;\">&#8211; Prilozi za mlevenje i sita lako se menjaju pro\u0161iruju opseg svih uzoraka koji se mogu obra\u0111ivati<\/span><\/p>\n<p><span style=\"color: #000000;\">&#8211; Jednostavno rukovanje, visoka sigurnost korisnika i efikasni rezultati bru\u0161enja samo su neke od prednosti ovog mlina<\/span><\/p>\n<p><strong><span style=\"color: #000000;\">Prednost<\/span><\/strong><\/p>\n<p><span style=\"color: #000000;\">&#8211; Ovaj laboratorijski mlin odlikuje se vrlo lepim dizajnom koji koristi \u010dvrste bru\u0161ene delove i o\u010dvrsnute delove koji su dizajnirani za veliko habanje i prona\u0111eni takvim postupcima kao \u0161to su mlevenje kamenja <\/span><\/p>\n<p><span style=\"color: #000000;\">koje mo\u017ee <\/span><span style=\"color: #000000;\">imati tvrdoc\u0301u do 6 po Mohsovoj skali<\/span><\/p>\n<p><strong><span style=\"color: #000000;\">Ergonomija<\/span><\/strong><\/p>\n<p><span style=\"color: #000000;\">&#8211; Glavni sigurnosni prekida\u010d za\u0161tic\u0301en od pra\u0161ine<\/span><br \/>\n<span style=\"color: #000000;\">&#8211; Kontrola brzine<\/span><br \/>\n<span style=\"color: #000000;\">&#8211; Osvetljeni prikaz brzine i statusa<\/span><br \/>\n<span style=\"color: #000000;\">&#8211; Levak sa poklopcem sa \u0161arkama<\/span><br \/>\n<span style=\"color: #000000;\">&#8211; Dopunjavanje tokom rada je moguc\u0301e u zavisnosti od proizvoda<\/span><br \/>\n<span style=\"color: #000000;\">&#8211; Doziranje ili dodavanje uzoraka s turbotiketom<\/span><br \/>\n<span style=\"color: #000000;\">&#8211; \u010cvrsto prianjanje \u0161ipke u brusilici za naknadnu primenu pritiska<\/span><br \/>\n<span style=\"color: #000000;\">&#8211; Kupac mo\u017ee lako da promeni varijante priklju\u010dka za bru\u0161enje<\/span><br \/>\n<span style=\"color: #000000;\">&#8211; Promjena sita bez alata<\/span><br \/>\n<span style=\"color: #000000;\">&#8211; Zaustavljanje motora prilikom otvaranja brusne komore<\/span><br \/>\n<span style=\"color: #000000;\">&#8211; Veoma jednostavan postupak \u010di\u0161c\u0301enja<\/span><br \/>\n<span style=\"color: #000000;\">&#8211; Dr\u0161ka za no\u0161enje<\/span><br \/>\n<span style=\"color: #000000;\">&#8211; Veoma tih motor bez odr\u017eavanja<\/span><br \/>\n<span style=\"color: #000000;\">&#8211; Integrisana za\u0161tita od prekomernog opterec\u0301enja, prekomerne toplote i zastoj<\/span><br \/>\n<span style=\"color: #000000;\">&#8211; Automatski re\u017eim pripravnosti<\/span><\/p>\n<p><strong><span style=\"color: #000000;\">Karakteristike<\/span><\/strong><\/p>\n<p><span style=\"color: #000000;\">&#8211; Dosti\u017ene veli\u010dine \u010destica:<\/span><span style=\"color: #000000;\">&lt;40 \u00b5m (zavisno od proizvoda)<\/span><\/p>\n<p><span style=\"color: #000000;\">&#8211; Veli\u010dine mre\u017eice kernela: <\/span><span style=\"color: #000000;\">1\/5 pre\u010dnika sita je pribli\u017eno dosti\u017ena veli\u010dina zrna, npr. sito 0,2 mm \/ 5 = 0,04 mm (40 \u00b5m)<\/span><\/p>\n<p><span style=\"color: #000000;\">&#8211; Varijante priklju\u010dka za bru\u0161enje:<\/span><br \/>\n<span style=\"color: #000000;\">&#8211; \u010cekanje \/ se\u010denje od kaljenog ner\u0111ajuc\u0301eg \u010delika<\/span><br \/>\n<span style=\"color: #000000;\">&#8211; Pri\u010dvr\u0161c\u0301ivanje \u010dekic\u0301em: krhki uzorci Privitak za rezanje: \u017eilavi, vlaknasti uzorci<\/span><\/p>\n<p><strong><span style=\"color: #000000;\">Tehni\u010dke informacije<\/span><\/strong><\/p>\n<p><span style=\"color: #000000;\">&#8211; Snaga (W): 1 000<\/span><br \/>\n<span style=\"color: #000000;\">&#8211; Zapremina levka: 300 ml<\/span><br \/>\n<span style=\"color: #000000;\">&#8211; Ispu\u0161tanje proizvoda: Za sakuplja\u010dke cevi sa normalnim mlevenjem NS29 <\/span><span style=\"color: #000000;\">sita<\/span><br \/>\n<span style=\"color: #000000;\">&#8211; Veli\u010dina kernela mre\u017eice: od 0,2 do 6 mm<\/span><br \/>\n<span style=\"color: #000000;\">&#8211; Brusilni dodaci (kabriolet): Dodatak za bru\u0161enje \u010dekic\u0301a<\/span><br \/>\n<span style=\"color: #000000;\">&#8211; Motor: Trofazni motor bez tro\u0161enja \/ direktni pogon bez kva\u010dila \/ automatski sigurnosni sistem<\/span><br \/>\n<span style=\"color: #000000;\">&#8211; Raspon brzine: 50 \u2013 6 000 o\/min<\/span><br \/>\n<span style=\"color: #000000;\">&#8211; Nivo zvuka: 70 dB (A) za 6000 o\/min<\/span><br \/>\n<span style=\"color: #000000;\">&#8211; Napon: 100 &#8211; 230 V \u00b1 10%, 50 Hz \/ 60 Hz<\/span><br \/>\n<span style=\"color: #000000;\">&#8211; Relativna vlaga (mak.): 80% u skladi\u0161tu \/ 80% tokom rada<\/span><br \/>\n<span style=\"color: #000000;\">&#8211; Radna temperature: 0 &#8211; 40 \u00b0 C<\/span><br \/>\n<span style=\"color: #000000;\">&#8211; Klasa za\u0161tite prema prema DIN: IP 20<\/span><br \/>\n<span style=\"color: #000000;\">&#8211; Merenja: 325*251*480 mm<\/span><br \/>\n<span style=\"color: #000000;\">&#8211; Te\u017eina: 12 kg<\/span><br \/>\n<span style=\"color: #000000;\">&#8211; EMC standardi: IEC \/ EN 61000-6-2 \/ EN 61000-6-3<\/span><br \/>\n<span style=\"color: #000000;\">&#8211; Standard sigurnosti: IEC \/ EN 61010-2-51<\/span><\/p>","protected":false},"excerpt":{"rendered":"<p>Rezanje ceki\u0107em &#8211; Laboratorijski mlin, priprema suvog uzorka sa CH-naponskim kablom, priklju\u010dak za seckanje \u010dekic\u0301em, sito 2.0 mm, set alata, stalak za cevi sa 12 prese\u010dnih cevi (230 V) &#8211; Za analizu ili kontrolu kvaliteta potrebni su fino mleveni uzorci &#8211; Prilozi za mlevenje i sita lako se menjaju pro\u0161iruju opseg svih uzoraka koji se [&hellip;]<\/p>\n","protected":false},"featured_media":3007,"template":"","meta":{"site-sidebar-layout":"default","site-content-layout":"","ast-site-content-layout":"default","site-content-style":"default","site-sidebar-style":"default","ast-global-header-display":"","ast-banner-title-visibility":"","ast-main-header-display":"","ast-hfb-above-header-display":"","ast-hfb-below-header-display":"","ast-hfb-mobile-header-display":"","site-post-title":"","ast-breadcrumbs-content":"","ast-featured-img":"","footer-sml-layout":"","ast-disable-related-posts":"","theme-transparent-header-meta":"default","adv-header-id-meta":"","stick-header-meta":"","header-above-stick-meta":"","header-main-stick-meta":"","header-below-stick-meta":"","astra-migrate-meta-layouts":"set","ast-page-background-enabled":"default","ast-page-background-meta":{"desktop":{"background-color":"var(--ast-global-color-4)","background-image":"","background-repeat":"repeat","background-position":"center center","background-size":"auto","background-attachment":"scroll","background-type":"","background-media":"","overlay-type":"","overlay-color":"","overlay-opacity":"","overlay-gradient":""},"tablet":{"background-color":"","background-image":"","background-repeat":"repeat","background-position":"center center","background-size":"auto","background-attachment":"scroll","background-type":"","background-media":"","overlay-type":"","overlay-color":"","overlay-opacity":"","overlay-gradient":""},"mobile":{"background-color":"","background-image":"","background-repeat":"repeat","background-position":"center center","background-size":"auto","background-attachment":"scroll","background-type":"","background-media":"","overlay-type":"","overlay-color":"","overlay-opacity":"","overlay-gradient":""}},"ast-content-background-meta":{"desktop":{"background-color":"var(--ast-global-color-5)","background-image":"","background-repeat":"repeat","background-position":"center center","background-size":"auto","background-attachment":"scroll","background-type":"","background-media":"","overlay-type":"","overlay-color":"","overlay-opacity":"","overlay-gradient":""},"tablet":{"background-color":"var(--ast-global-color-5)","background-image":"","background-repeat":"repeat","background-position":"center center","background-size":"auto","background-attachment":"scroll","background-type":"","background-media":"","overlay-type":"","overlay-color":"","overlay-opacity":"","overlay-gradient":""},"mobile":{"background-color":"var(--ast-global-color-5)","background-image":"","background-repeat":"repeat","background-position":"center center","background-size":"auto","background-attachment":"scroll","background-type":"","background-media":"","overlay-type":"","overlay-color":"","overlay-opacity":"","overlay-gradient":""}}},"product_brand":[],"product_cat":[233,293,247,219],"product_tag":[],"class_list":{"0":"post-669","1":"product","2":"type-product","3":"status-publish","4":"has-post-thumbnail","6":"product_cat-brendovi-kinematica-ag","7":"product_cat-kinematica-svi-proizvodi","8":"product_cat-laboratorjski-mlinovi","9":"product_cat-popust","10":"desktop-align-left","11":"tablet-align-left","12":"mobile-align-left","14":"first","15":"instock","16":"shipping-taxable","17":"purchasable","18":"product-type-simple"},"_links":{"self":[{"href":"https:\/\/sr.cadicap.rs\/sr\/wp-json\/wp\/v2\/product\/669","targetHints":{"allow":["GET"]}}],"collection":[{"href":"https:\/\/sr.cadicap.rs\/sr\/wp-json\/wp\/v2\/product"}],"about":[{"href":"https:\/\/sr.cadicap.rs\/sr\/wp-json\/wp\/v2\/types\/product"}],"version-history":[{"count":0,"href":"https:\/\/sr.cadicap.rs\/sr\/wp-json\/wp\/v2\/product\/669\/revisions"}],"wp:featuredmedia":[{"embeddable":true,"href":"https:\/\/sr.cadicap.rs\/sr\/wp-json\/wp\/v2\/media\/3007"}],"wp:attachment":[{"href":"https:\/\/sr.cadicap.rs\/sr\/wp-json\/wp\/v2\/media?parent=669"}],"wp:term":[{"taxonomy":"product_brand","embeddable":true,"href":"https:\/\/sr.cadicap.rs\/sr\/wp-json\/wp\/v2\/product_brand?post=669"},{"taxonomy":"product_cat","embeddable":true,"href":"https:\/\/sr.cadicap.rs\/sr\/wp-json\/wp\/v2\/product_cat?post=669"},{"taxonomy":"product_tag","embeddable":true,"href":"https:\/\/sr.cadicap.rs\/sr\/wp-json\/wp\/v2\/product_tag?post=669"}],"curies":[{"name":"wp","href":"https:\/\/api.w.org\/{rel}","templated":true}]}}