{"id":805,"date":"2023-08-12T19:18:07","date_gmt":"2023-08-12T19:18:07","guid":{"rendered":"https\/\/cadicap.rs\/?post_type=product&#038;p=805"},"modified":"2023-11-01T12:59:43","modified_gmt":"2023-11-01T12:59:43","slug":"mtk-5100-q-e","status":"publish","type":"product","link":"https:\/\/sr.cadicap.rs\/sr\/proizvod\/mtk-5100-q-e\/","title":{"rendered":"Radna komora MTK 5100 Q-E"},"content":{"rendered":"<p><span style=\"color: #000000;\">Radna komora za MT 5100 S2 \/ Standard (sa jastukom za grejanje \/ hla\u0111enje)<\/span><\/p>\n<p>&nbsp;<\/p>\n<p><span style=\"color: #000000;\">&#8211; Sa jednim mehani\u010dkim zaptiva\u010dem, kombinacije materijala KBE (SiC-Carbon smola impregnirana-EPDM), sa spojnicama<\/span><\/p>\n<p><span style=\"color: #000000;\">&#8211; Ulazno \/ izlazni priklju\u010dci: G1 \/ 2 \u201d, O-prsten namo\u010den proizvodom napravljen od EPDM<\/span><\/p>","protected":false},"excerpt":{"rendered":"<p>Radna komora za MT 5100 S2 \/ Standard (sa jastukom za grejanje \/ hla\u0111enje) &nbsp; &#8211; Sa jednim mehani\u010dkim zaptiva\u010dem, kombinacije materijala KBE (SiC-Carbon smola impregnirana-EPDM), sa spojnicama &#8211; Ulazno \/ izlazni priklju\u010dci: G1 \/ 2 \u201d, O-prsten namo\u010den proizvodom napravljen od EPDM<\/p>","protected":false},"featured_media":854,"template":"","meta":{"site-sidebar-layout":"default","site-content-layout":"","ast-site-content-layout":"default","site-content-style":"default","site-sidebar-style":"default","ast-global-header-display":"","ast-banner-title-visibility":"","ast-main-header-display":"","ast-hfb-above-header-display":"","ast-hfb-below-header-display":"","ast-hfb-mobile-header-display":"","site-post-title":"","ast-breadcrumbs-content":"","ast-featured-img":"","footer-sml-layout":"","ast-disable-related-posts":"","theme-transparent-header-meta":"","adv-header-id-meta":"","stick-header-meta":"","header-above-stick-meta":"","header-main-stick-meta":"","header-below-stick-meta":"","astra-migrate-meta-layouts":"default","ast-page-background-enabled":"default","ast-page-background-meta":{"desktop":{"background-color":"var(--ast-global-color-4)","background-image":"","background-repeat":"repeat","background-position":"center center","background-size":"auto","background-attachment":"scroll","background-type":"","background-media":"","overlay-type":"","overlay-color":"","overlay-opacity":"","overlay-gradient":""},"tablet":{"background-color":"","background-image":"","background-repeat":"repeat","background-position":"center center","background-size":"auto","background-attachment":"scroll","background-type":"","background-media":"","overlay-type":"","overlay-color":"","overlay-opacity":"","overlay-gradient":""},"mobile":{"background-color":"","background-image":"","background-repeat":"repeat","background-position":"center center","background-size":"auto","background-attachment":"scroll","background-type":"","background-media":"","overlay-type":"","overlay-color":"","overlay-opacity":"","overlay-gradient":""}},"ast-content-background-meta":{"desktop":{"background-color":"var(--ast-global-color-5)","background-image":"","background-repeat":"repeat","background-position":"center center","background-size":"auto","background-attachment":"scroll","background-type":"","background-media":"","overlay-type":"","overlay-color":"","overlay-opacity":"","overlay-gradient":""},"tablet":{"background-color":"var(--ast-global-color-5)","background-image":"","background-repeat":"repeat","background-position":"center center","background-size":"auto","background-attachment":"scroll","background-type":"","background-media":"","overlay-type":"","overlay-color":"","overlay-opacity":"","overlay-gradient":""},"mobile":{"background-color":"var(--ast-global-color-5)","background-image":"","background-repeat":"repeat","background-position":"center center","background-size":"auto","background-attachment":"scroll","background-type":"","background-media":"","overlay-type":"","overlay-color":"","overlay-opacity":"","overlay-gradient":""}}},"product_brand":[],"product_cat":[233,245,293],"product_tag":[],"class_list":{"0":"post-805","1":"product","2":"type-product","3":"status-publish","4":"has-post-thumbnail","6":"product_cat-brendovi-kinematica-ag","7":"product_cat-inline-homogenizujuce-jedinice","8":"product_cat-kinematica-svi-proizvodi","9":"desktop-align-left","10":"tablet-align-left","11":"mobile-align-left","13":"first","14":"instock","15":"shipping-taxable","16":"product-type-simple"},"_links":{"self":[{"href":"https:\/\/sr.cadicap.rs\/sr\/wp-json\/wp\/v2\/product\/805","targetHints":{"allow":["GET"]}}],"collection":[{"href":"https:\/\/sr.cadicap.rs\/sr\/wp-json\/wp\/v2\/product"}],"about":[{"href":"https:\/\/sr.cadicap.rs\/sr\/wp-json\/wp\/v2\/types\/product"}],"version-history":[{"count":0,"href":"https:\/\/sr.cadicap.rs\/sr\/wp-json\/wp\/v2\/product\/805\/revisions"}],"wp:featuredmedia":[{"embeddable":true,"href":"https:\/\/sr.cadicap.rs\/sr\/wp-json\/wp\/v2\/media\/854"}],"wp:attachment":[{"href":"https:\/\/sr.cadicap.rs\/sr\/wp-json\/wp\/v2\/media?parent=805"}],"wp:term":[{"taxonomy":"product_brand","embeddable":true,"href":"https:\/\/sr.cadicap.rs\/sr\/wp-json\/wp\/v2\/product_brand?post=805"},{"taxonomy":"product_cat","embeddable":true,"href":"https:\/\/sr.cadicap.rs\/sr\/wp-json\/wp\/v2\/product_cat?post=805"},{"taxonomy":"product_tag","embeddable":true,"href":"https:\/\/sr.cadicap.rs\/sr\/wp-json\/wp\/v2\/product_tag?post=805"}],"curies":[{"name":"wp","href":"https:\/\/api.w.org\/{rel}","templated":true}]}}