{"id":933,"date":"2023-08-12T19:20:15","date_gmt":"2023-08-12T19:20:15","guid":{"rendered":"http:\/\/https\/\/cadicap.rs\/?post_type=product&#038;p=933"},"modified":"2025-04-22T10:44:55","modified_gmt":"2025-04-22T10:44:55","slug":"mba-4000-dodatak-za-mesanje","status":"publish","type":"product","link":"https:\/\/sr.cadicap.rs\/sr\/proizvod\/mba-4000-dodatak-za-mesanje\/","title":{"rendered":"MBA 4000 &#8211; Dodatak za me\u0161anje"},"content":{"rendered":"<p><strong>Dodatak za me\u0161anje za MB 800 &#8211; Radne zapremine: 4 000 ml<\/strong><\/p>\n<p>&#8211; Me\u0161anje nastavka izra\u0111enog od ner\u0111ajuc\u0301eg \u010delika omoguc\u0301ava obradu vec\u0301ih koli\u010dina<\/p>\n<p>&#8211; Iz bezbednosnih razloga nije moguc\u0301e je pokrenuti ma\u0161inu kada je poklopac otvoren ili otvoriti ma\u0161inu tokom rada<\/p>\n<p>&#8211; Dodatni materijal za uzorke mo\u017ee se dodavati tokom rada samo preko integrisanog otvora u poklopcu<\/p>\n<p>&#8211; Ovi dodaci za me\u0161anje mogu se koristiti samo sa MB 800<\/p>\n<p><strong>Sklop se\u010diva za se\u010denje<\/strong><\/p>\n<p>&#8211; \u0160est poliranih no\u017eeva vrhunskog \u010delika rotora optimizovano je za intenzivnu i brzu obradu za sve vrste uzoraka<\/p>\n<p>&#8211; Svi delovi koji dodiruju proizvod napravljeni su od ner\u0111ajuc\u0301eg \u010delika i mogu se lako odvojiti i o\u010distiti<\/p>\n<p>&#8211; Integrisani kugli\u010dni le\u017eajevi od ner\u0111ajuc\u0301eg \u010delika obezbe\u0111uju lakoc\u0301u pokreta i savr\u0161eno pravi hod<\/p>\n<p>&#8211; Prenos snage se odvija preko gumene spojnice sa utika\u010dem<\/p>\n<p><strong>Zaptivke<\/strong><\/p>\n<p>&#8211; Standardna zaptiva\u010da su izra\u0111ena od NBR materijala<\/p>\n<p>&#8211; Na zahtev su tako\u0111e dostupna brtvila iz EPDM-a ili vitona<\/p>\n<p><strong>Prednosti<\/strong><\/p>\n<p>Radne zapremine: 4 000 ml<\/p>","protected":false},"excerpt":{"rendered":"<p>Dodatak za me\u0161anje za MB 800 &#8211; Radne zapremine: 4 000 ml &#8211; Me\u0161anje nastavka izra\u0111enog od ner\u0111ajuc\u0301eg \u010delika omoguc\u0301ava obradu vec\u0301ih koli\u010dina &#8211; Iz bezbednosnih razloga nije moguc\u0301e je pokrenuti ma\u0161inu kada je poklopac otvoren ili otvoriti ma\u0161inu tokom rada &#8211; Dodatni materijal za uzorke mo\u017ee se dodavati tokom rada samo preko integrisanog otvora [&hellip;]<\/p>\n","protected":false},"featured_media":984,"template":"","meta":{"site-sidebar-layout":"default","site-content-layout":"","ast-site-content-layout":"default","site-content-style":"default","site-sidebar-style":"default","ast-global-header-display":"","ast-banner-title-visibility":"","ast-main-header-display":"","ast-hfb-above-header-display":"","ast-hfb-below-header-display":"","ast-hfb-mobile-header-display":"","site-post-title":"","ast-breadcrumbs-content":"","ast-featured-img":"","footer-sml-layout":"","ast-disable-related-posts":"","theme-transparent-header-meta":"default","adv-header-id-meta":"","stick-header-meta":"","header-above-stick-meta":"","header-main-stick-meta":"","header-below-stick-meta":"","astra-migrate-meta-layouts":"set","ast-page-background-enabled":"default","ast-page-background-meta":{"desktop":{"background-color":"var(--ast-global-color-4)","background-image":"","background-repeat":"repeat","background-position":"center center","background-size":"auto","background-attachment":"scroll","background-type":"","background-media":"","overlay-type":"","overlay-color":"","overlay-opacity":"","overlay-gradient":""},"tablet":{"background-color":"","background-image":"","background-repeat":"repeat","background-position":"center center","background-size":"auto","background-attachment":"scroll","background-type":"","background-media":"","overlay-type":"","overlay-color":"","overlay-opacity":"","overlay-gradient":""},"mobile":{"background-color":"","background-image":"","background-repeat":"repeat","background-position":"center center","background-size":"auto","background-attachment":"scroll","background-type":"","background-media":"","overlay-type":"","overlay-color":"","overlay-opacity":"","overlay-gradient":""}},"ast-content-background-meta":{"desktop":{"background-color":"var(--ast-global-color-5)","background-image":"","background-repeat":"repeat","background-position":"center center","background-size":"auto","background-attachment":"scroll","background-type":"","background-media":"","overlay-type":"","overlay-color":"","overlay-opacity":"","overlay-gradient":""},"tablet":{"background-color":"var(--ast-global-color-5)","background-image":"","background-repeat":"repeat","background-position":"center center","background-size":"auto","background-attachment":"scroll","background-type":"","background-media":"","overlay-type":"","overlay-color":"","overlay-opacity":"","overlay-gradient":""},"mobile":{"background-color":"var(--ast-global-color-5)","background-image":"","background-repeat":"repeat","background-position":"center center","background-size":"auto","background-attachment":"scroll","background-type":"","background-media":"","overlay-type":"","overlay-color":"","overlay-opacity":"","overlay-gradient":""}}},"product_brand":[],"product_cat":[233,293,248],"product_tag":[],"class_list":{"0":"post-933","1":"product","2":"type-product","3":"status-publish","4":"has-post-thumbnail","6":"product_cat-brendovi-kinematica-ag","7":"product_cat-kinematica-svi-proizvodi","8":"product_cat-laboratorijski-mikseri-blenderi","9":"desktop-align-left","10":"tablet-align-left","11":"mobile-align-left","13":"first","14":"instock","15":"shipping-taxable","16":"purchasable","17":"product-type-simple"},"_links":{"self":[{"href":"https:\/\/sr.cadicap.rs\/sr\/wp-json\/wp\/v2\/product\/933","targetHints":{"allow":["GET"]}}],"collection":[{"href":"https:\/\/sr.cadicap.rs\/sr\/wp-json\/wp\/v2\/product"}],"about":[{"href":"https:\/\/sr.cadicap.rs\/sr\/wp-json\/wp\/v2\/types\/product"}],"version-history":[{"count":0,"href":"https:\/\/sr.cadicap.rs\/sr\/wp-json\/wp\/v2\/product\/933\/revisions"}],"wp:featuredmedia":[{"embeddable":true,"href":"https:\/\/sr.cadicap.rs\/sr\/wp-json\/wp\/v2\/media\/984"}],"wp:attachment":[{"href":"https:\/\/sr.cadicap.rs\/sr\/wp-json\/wp\/v2\/media?parent=933"}],"wp:term":[{"taxonomy":"product_brand","embeddable":true,"href":"https:\/\/sr.cadicap.rs\/sr\/wp-json\/wp\/v2\/product_brand?post=933"},{"taxonomy":"product_cat","embeddable":true,"href":"https:\/\/sr.cadicap.rs\/sr\/wp-json\/wp\/v2\/product_cat?post=933"},{"taxonomy":"product_tag","embeddable":true,"href":"https:\/\/sr.cadicap.rs\/sr\/wp-json\/wp\/v2\/product_tag?post=933"}],"curies":[{"name":"wp","href":"https:\/\/api.w.org\/{rel}","templated":true}]}}