{"id":936,"date":"2023-08-12T19:20:15","date_gmt":"2023-08-12T19:20:15","guid":{"rendered":"http:\/\/https\/\/cadicap.rs\/?post_type=product&#038;p=936"},"modified":"2025-04-22T10:44:39","modified_gmt":"2025-04-22T10:44:39","slug":"mba-125-dodatak-za-mesanje","status":"publish","type":"product","link":"https:\/\/sr.cadicap.rs\/sr\/proizvod\/mba-125-dodatak-za-mesanje\/","title":{"rendered":"MBA 125 &#8211; Dodatak za me\u0161anje"},"content":{"rendered":"<p><strong>Dodatak\u00a0 za me\u0161anje za MB 550 &#8211; Radne zapremine: 125 ml<\/strong><\/p>\n<p>&#8211; Nakon pripreme uzorka, ovaj dodatak za me\u0161anje iz borosilikatnog stakla otpornog na toplotu mo\u017ee se koristiti za dalje laboratorijske zadatke bez potrebe za preno\u0161enjem sadr\u017eaja<\/p>\n<p>&#8211; Posude se jednostavno zavrte na glavu se\u010diva sa staklenim navojem i razvodnim prstenom<\/p>\n<p>&#8211; Ovi dodaci za me\u0161anje mogu se koristiti samo sa MB 550<\/p>\n<p><strong>Sklop se\u010diva za se\u010denje<\/strong><\/p>\n<p>&#8211; \u0160est poliranih no\u017eeva vrhunskog \u010delika rotora optimizovano je za intenzivnu i brzu obradu za sve vrste uzoraka<\/p>\n<p>&#8211; Svi delovi koji dodiruju proizvod napravljeni su od ner\u0111ajuc\u0301eg \u010delika i mogu se lako odvojiti i o\u010distiti<\/p>\n<p>&#8211; Integrisani kugli\u010dni le\u017eajevi od ner\u0111ajuc\u0301eg \u010delika obezbe\u0111uju lakoc\u0301u pokreta i savr\u0161eno pravi hod<\/p>\n<p>&#8211; Prenos snage se odvija preko gumene spojnice sa utika\u010dem<\/p>\n<p><strong>Zaptivke<\/strong><\/p>\n<p>&#8211; Standardni zaptiva\u010di su izra\u0111eni od NBR materijala<\/p>\n<p>&#8211; Na zahtev su tako\u0111e dostupni zaptiva\u010di iz EPDM-a ili vitona<\/p>\n<p><strong>Prednosti<\/strong><\/p>\n<p>&#8211; Radne zapremine: 125 ml<\/p>","protected":false},"excerpt":{"rendered":"<p>Dodatak\u00a0 za me\u0161anje za MB 550 &#8211; Radne zapremine: 125 ml &#8211; Nakon pripreme uzorka, ovaj dodatak za me\u0161anje iz borosilikatnog stakla otpornog na toplotu mo\u017ee se koristiti za dalje laboratorijske zadatke bez potrebe za preno\u0161enjem sadr\u017eaja &#8211; Posude se jednostavno zavrte na glavu se\u010diva sa staklenim navojem i razvodnim prstenom &#8211; Ovi dodaci za [&hellip;]<\/p>\n","protected":false},"featured_media":987,"template":"","meta":{"site-sidebar-layout":"default","site-content-layout":"","ast-site-content-layout":"default","site-content-style":"default","site-sidebar-style":"default","ast-global-header-display":"","ast-banner-title-visibility":"","ast-main-header-display":"","ast-hfb-above-header-display":"","ast-hfb-below-header-display":"","ast-hfb-mobile-header-display":"","site-post-title":"","ast-breadcrumbs-content":"","ast-featured-img":"","footer-sml-layout":"","ast-disable-related-posts":"","theme-transparent-header-meta":"default","adv-header-id-meta":"","stick-header-meta":"","header-above-stick-meta":"","header-main-stick-meta":"","header-below-stick-meta":"","astra-migrate-meta-layouts":"set","ast-page-background-enabled":"default","ast-page-background-meta":{"desktop":{"background-color":"var(--ast-global-color-4)","background-image":"","background-repeat":"repeat","background-position":"center center","background-size":"auto","background-attachment":"scroll","background-type":"","background-media":"","overlay-type":"","overlay-color":"","overlay-opacity":"","overlay-gradient":""},"tablet":{"background-color":"","background-image":"","background-repeat":"repeat","background-position":"center center","background-size":"auto","background-attachment":"scroll","background-type":"","background-media":"","overlay-type":"","overlay-color":"","overlay-opacity":"","overlay-gradient":""},"mobile":{"background-color":"","background-image":"","background-repeat":"repeat","background-position":"center center","background-size":"auto","background-attachment":"scroll","background-type":"","background-media":"","overlay-type":"","overlay-color":"","overlay-opacity":"","overlay-gradient":""}},"ast-content-background-meta":{"desktop":{"background-color":"var(--ast-global-color-5)","background-image":"","background-repeat":"repeat","background-position":"center center","background-size":"auto","background-attachment":"scroll","background-type":"","background-media":"","overlay-type":"","overlay-color":"","overlay-opacity":"","overlay-gradient":""},"tablet":{"background-color":"var(--ast-global-color-5)","background-image":"","background-repeat":"repeat","background-position":"center center","background-size":"auto","background-attachment":"scroll","background-type":"","background-media":"","overlay-type":"","overlay-color":"","overlay-opacity":"","overlay-gradient":""},"mobile":{"background-color":"var(--ast-global-color-5)","background-image":"","background-repeat":"repeat","background-position":"center center","background-size":"auto","background-attachment":"scroll","background-type":"","background-media":"","overlay-type":"","overlay-color":"","overlay-opacity":"","overlay-gradient":""}}},"product_brand":[],"product_cat":[233,293,248],"product_tag":[],"class_list":{"0":"post-936","1":"product","2":"type-product","3":"status-publish","4":"has-post-thumbnail","6":"product_cat-brendovi-kinematica-ag","7":"product_cat-kinematica-svi-proizvodi","8":"product_cat-laboratorijski-mikseri-blenderi","9":"desktop-align-left","10":"tablet-align-left","11":"mobile-align-left","13":"first","14":"instock","15":"shipping-taxable","16":"purchasable","17":"product-type-simple"},"_links":{"self":[{"href":"https:\/\/sr.cadicap.rs\/sr\/wp-json\/wp\/v2\/product\/936","targetHints":{"allow":["GET"]}}],"collection":[{"href":"https:\/\/sr.cadicap.rs\/sr\/wp-json\/wp\/v2\/product"}],"about":[{"href":"https:\/\/sr.cadicap.rs\/sr\/wp-json\/wp\/v2\/types\/product"}],"version-history":[{"count":0,"href":"https:\/\/sr.cadicap.rs\/sr\/wp-json\/wp\/v2\/product\/936\/revisions"}],"wp:featuredmedia":[{"embeddable":true,"href":"https:\/\/sr.cadicap.rs\/sr\/wp-json\/wp\/v2\/media\/987"}],"wp:attachment":[{"href":"https:\/\/sr.cadicap.rs\/sr\/wp-json\/wp\/v2\/media?parent=936"}],"wp:term":[{"taxonomy":"product_brand","embeddable":true,"href":"https:\/\/sr.cadicap.rs\/sr\/wp-json\/wp\/v2\/product_brand?post=936"},{"taxonomy":"product_cat","embeddable":true,"href":"https:\/\/sr.cadicap.rs\/sr\/wp-json\/wp\/v2\/product_cat?post=936"},{"taxonomy":"product_tag","embeddable":true,"href":"https:\/\/sr.cadicap.rs\/sr\/wp-json\/wp\/v2\/product_tag?post=936"}],"curies":[{"name":"wp","href":"https:\/\/api.w.org\/{rel}","templated":true}]}}