{"id":961,"date":"2023-08-12T19:20:38","date_gmt":"2023-08-12T19:20:38","guid":{"rendered":"http:\/\/https\/\/cadicap.rs\/?post_type=product&#038;p=961"},"modified":"2025-04-22T10:48:38","modified_gmt":"2025-04-22T10:48:38","slug":"sito-05","status":"publish","type":"product","link":"https:\/\/sr.cadicap.rs\/sr\/proizvod\/sito-05\/","title":{"rendered":"SITO 0,5"},"content":{"rendered":"<p>Pre\u010dnik rupe 0,5 mm<\/p>\n<p><strong>Prednosti<\/strong><\/p>\n<p>&#8211; U zavisnosti od uzorka, jo\u0161 finiji rezultati mogu se postic\u0301i bru\u0161enjem sa dva ili vi\u0161e sita sa progresivno manjim veli\u010dinama rupa<\/p>\n<p>&#8211; Pre\u010dnik otvora: Zavisno od proizvoda, 1\/5 pre\u010dnika sita je pribli\u017eno dosti\u017ena veli\u010dina \u010destica<\/p>\n<p>&#8211; Primer: sito 0,2 mm \/ 5 = 0,04 mm (40 \u03bcm)<\/p>","protected":false},"excerpt":{"rendered":"<p>Pre\u010dnik rupe 0,5 mm Prednosti &#8211; U zavisnosti od uzorka, jo\u0161 finiji rezultati mogu se postic\u0301i bru\u0161enjem sa dva ili vi\u0161e sita sa progresivno manjim veli\u010dinama rupa &#8211; Pre\u010dnik otvora: Zavisno od proizvoda, 1\/5 pre\u010dnika sita je pribli\u017eno dosti\u017ena veli\u010dina \u010destica &#8211; Primer: sito 0,2 mm \/ 5 = 0,04 mm (40 \u03bcm)<\/p>","protected":false},"featured_media":991,"template":"","meta":{"site-sidebar-layout":"default","site-content-layout":"","ast-site-content-layout":"default","site-content-style":"default","site-sidebar-style":"default","ast-global-header-display":"","ast-banner-title-visibility":"","ast-main-header-display":"","ast-hfb-above-header-display":"","ast-hfb-below-header-display":"","ast-hfb-mobile-header-display":"","site-post-title":"","ast-breadcrumbs-content":"","ast-featured-img":"","footer-sml-layout":"","ast-disable-related-posts":"","theme-transparent-header-meta":"default","adv-header-id-meta":"","stick-header-meta":"","header-above-stick-meta":"","header-main-stick-meta":"","header-below-stick-meta":"","astra-migrate-meta-layouts":"set","ast-page-background-enabled":"default","ast-page-background-meta":{"desktop":{"background-color":"var(--ast-global-color-4)","background-image":"","background-repeat":"repeat","background-position":"center center","background-size":"auto","background-attachment":"scroll","background-type":"","background-media":"","overlay-type":"","overlay-color":"","overlay-opacity":"","overlay-gradient":""},"tablet":{"background-color":"","background-image":"","background-repeat":"repeat","background-position":"center center","background-size":"auto","background-attachment":"scroll","background-type":"","background-media":"","overlay-type":"","overlay-color":"","overlay-opacity":"","overlay-gradient":""},"mobile":{"background-color":"","background-image":"","background-repeat":"repeat","background-position":"center center","background-size":"auto","background-attachment":"scroll","background-type":"","background-media":"","overlay-type":"","overlay-color":"","overlay-opacity":"","overlay-gradient":""}},"ast-content-background-meta":{"desktop":{"background-color":"var(--ast-global-color-5)","background-image":"","background-repeat":"repeat","background-position":"center center","background-size":"auto","background-attachment":"scroll","background-type":"","background-media":"","overlay-type":"","overlay-color":"","overlay-opacity":"","overlay-gradient":""},"tablet":{"background-color":"var(--ast-global-color-5)","background-image":"","background-repeat":"repeat","background-position":"center center","background-size":"auto","background-attachment":"scroll","background-type":"","background-media":"","overlay-type":"","overlay-color":"","overlay-opacity":"","overlay-gradient":""},"mobile":{"background-color":"var(--ast-global-color-5)","background-image":"","background-repeat":"repeat","background-position":"center center","background-size":"auto","background-attachment":"scroll","background-type":"","background-media":"","overlay-type":"","overlay-color":"","overlay-opacity":"","overlay-gradient":""}}},"product_brand":[],"product_cat":[233,293,247],"product_tag":[],"class_list":{"0":"post-961","1":"product","2":"type-product","3":"status-publish","4":"has-post-thumbnail","6":"product_cat-brendovi-kinematica-ag","7":"product_cat-kinematica-svi-proizvodi","8":"product_cat-laboratorjski-mlinovi","9":"desktop-align-left","10":"tablet-align-left","11":"mobile-align-left","13":"first","14":"instock","15":"shipping-taxable","16":"purchasable","17":"product-type-simple"},"_links":{"self":[{"href":"https:\/\/sr.cadicap.rs\/sr\/wp-json\/wp\/v2\/product\/961","targetHints":{"allow":["GET"]}}],"collection":[{"href":"https:\/\/sr.cadicap.rs\/sr\/wp-json\/wp\/v2\/product"}],"about":[{"href":"https:\/\/sr.cadicap.rs\/sr\/wp-json\/wp\/v2\/types\/product"}],"version-history":[{"count":0,"href":"https:\/\/sr.cadicap.rs\/sr\/wp-json\/wp\/v2\/product\/961\/revisions"}],"wp:featuredmedia":[{"embeddable":true,"href":"https:\/\/sr.cadicap.rs\/sr\/wp-json\/wp\/v2\/media\/991"}],"wp:attachment":[{"href":"https:\/\/sr.cadicap.rs\/sr\/wp-json\/wp\/v2\/media?parent=961"}],"wp:term":[{"taxonomy":"product_brand","embeddable":true,"href":"https:\/\/sr.cadicap.rs\/sr\/wp-json\/wp\/v2\/product_brand?post=961"},{"taxonomy":"product_cat","embeddable":true,"href":"https:\/\/sr.cadicap.rs\/sr\/wp-json\/wp\/v2\/product_cat?post=961"},{"taxonomy":"product_tag","embeddable":true,"href":"https:\/\/sr.cadicap.rs\/sr\/wp-json\/wp\/v2\/product_tag?post=961"}],"curies":[{"name":"wp","href":"https:\/\/api.w.org\/{rel}","templated":true}]}}